{"id":4722,"date":"2024-11-28T08:38:27","date_gmt":"2024-11-28T08:38:27","guid":{"rendered":"https:\/\/ebanti.com\/zenstore\/?page_id=4722"},"modified":"2024-12-02T07:57:33","modified_gmt":"2024-12-02T07:57:33","slug":"preguntas-frecuentes","status":"publish","type":"page","link":"https:\/\/ebanti.com\/zenstore\/preguntas-frecuentes\/","title":{"rendered":"Preguntas Frecuentes"},"content":{"rendered":"\t\t<div data-elementor-type=\"wp-page\" data-elementor-id=\"4722\" class=\"elementor elementor-4722\">\n\t\t\t\t\t\t<section class=\"elementor-section elementor-top-section elementor-element elementor-element-9f5181a elementor-section-boxed elementor-section-height-default elementor-section-height-default\" data-id=\"9f5181a\" data-element_type=\"section\">\n\t\t\t\t\t\t<div class=\"elementor-container elementor-column-gap-extended\">\n\t\t\t\t\t<div class=\"elementor-column elementor-col-100 elementor-top-column elementor-element elementor-element-e397ea5\" data-id=\"e397ea5\" data-element_type=\"column\">\n\t\t\t<div class=\"elementor-widget-wrap elementor-element-populated\">\n\t\t\t\t\t\t<section class=\"elementor-section elementor-inner-section elementor-element elementor-element-73b5b0f elementor-section-full_width elementor-section-height-default elementor-section-height-default\" data-id=\"73b5b0f\" data-element_type=\"section\" data-settings=\"{&quot;background_background&quot;:&quot;classic&quot;}\">\n\t\t\t\t\t\t<div class=\"elementor-container elementor-column-gap-wide\">\n\t\t\t\t\t<div class=\"elementor-column elementor-col-50 elementor-inner-column elementor-element elementor-element-a64819d has-sticky-column\" data-id=\"a64819d\" data-element_type=\"column\">\n\t\t\t<div class=\"elementor-widget-wrap elementor-element-populated\">\n\t\t\t\t\t\t<div class=\"elementor-element elementor-element-5029198 elementor-widget elementor-widget-image\" data-id=\"5029198\" data-element_type=\"widget\" data-widget_type=\"image.default\">\n\t\t\t\t<div class=\"elementor-widget-container\">\n\t\t\t<style>\/*! elementor - v3.23.0 - 05-08-2024 *\/\n.elementor-widget-image{text-align:center}.elementor-widget-image a{display:inline-block}.elementor-widget-image a img[src$=\".svg\"]{width:48px}.elementor-widget-image img{vertical-align:middle;display:inline-block}<\/style>\t\t\t\t\t\t\t\t\t\t<img fetchpriority=\"high\" decoding=\"async\" width=\"683\" height=\"1024\" src=\"https:\/\/ebanti.com\/zenstore\/wp-content\/uploads\/2024\/11\/portrait-gorgeous-woman-kitchen-listening-something-showing-thumbs-up-white-shirt-683x1024.jpg\" class=\"attachment-large size-large wp-image-4865\" alt=\"\" srcset=\"https:\/\/ebanti.com\/zenstore\/wp-content\/uploads\/2024\/11\/portrait-gorgeous-woman-kitchen-listening-something-showing-thumbs-up-white-shirt-683x1024.jpg 683w, https:\/\/ebanti.com\/zenstore\/wp-content\/uploads\/2024\/11\/portrait-gorgeous-woman-kitchen-listening-something-showing-thumbs-up-white-shirt-200x300.jpg 200w, https:\/\/ebanti.com\/zenstore\/wp-content\/uploads\/2024\/11\/portrait-gorgeous-woman-kitchen-listening-something-showing-thumbs-up-white-shirt-768x1152.jpg 768w, https:\/\/ebanti.com\/zenstore\/wp-content\/uploads\/2024\/11\/portrait-gorgeous-woman-kitchen-listening-something-showing-thumbs-up-white-shirt-1024x1536.jpg 1024w, https:\/\/ebanti.com\/zenstore\/wp-content\/uploads\/2024\/11\/portrait-gorgeous-woman-kitchen-listening-something-showing-thumbs-up-white-shirt-1365x2048.jpg 1365w, https:\/\/ebanti.com\/zenstore\/wp-content\/uploads\/2024\/11\/portrait-gorgeous-woman-kitchen-listening-something-showing-thumbs-up-white-shirt-scaled.jpg 1707w\" sizes=\"(max-width: 683px) 100vw, 683px\" \/>\t\t\t\t\t\t\t\t\t\t\t\t\t<\/div>\n\t\t\t\t<\/div>\n\t\t\t\t\t<\/div>\n\t\t<\/div>\n\t\t\t\t<div class=\"elementor-column elementor-col-50 elementor-inner-column elementor-element elementor-element-bea6111\" data-id=\"bea6111\" data-element_type=\"column\">\n\t\t\t<div class=\"elementor-widget-wrap elementor-element-populated\">\n\t\t\t\t\t\t<div class=\"elementor-element elementor-element-15aa248 elementor-widget elementor-widget-heading\" data-id=\"15aa248\" data-element_type=\"widget\" data-widget_type=\"heading.default\">\n\t\t\t\t<div class=\"elementor-widget-container\">\n\t\t\t<style>\/*! elementor - v3.23.0 - 05-08-2024 *\/\n.elementor-heading-title{padding:0;margin:0;line-height:1}.elementor-widget-heading .elementor-heading-title[class*=elementor-size-]>a{color:inherit;font-size:inherit;line-height:inherit}.elementor-widget-heading .elementor-heading-title.elementor-size-small{font-size:15px}.elementor-widget-heading .elementor-heading-title.elementor-size-medium{font-size:19px}.elementor-widget-heading .elementor-heading-title.elementor-size-large{font-size:29px}.elementor-widget-heading .elementor-heading-title.elementor-size-xl{font-size:39px}.elementor-widget-heading .elementor-heading-title.elementor-size-xxl{font-size:59px}<\/style><h1 class=\"elementor-heading-title elementor-size-default\">Preguntas Frecuentes<\/h1>\t\t<\/div>\n\t\t\t\t<\/div>\n\t\t\t\t<div class=\"elementor-element elementor-element-13f6518 elementor-widget elementor-widget-shortcode\" data-id=\"13f6518\" data-element_type=\"widget\" data-widget_type=\"shortcode.default\">\n\t\t\t\t<div class=\"elementor-widget-container\">\n\t\t\t\t\t<div class=\"elementor-shortcode\">\n            <div \n                class=\"elfsight-widget-faq elfsight-widget\" \n                data-elfsight-faq-options=\"%7B%22displayCategoriesNames%22%3Afalse%2C%22categories%22%3A%5B%7B%22name%22%3A%22%22%2C%22icon%22%3A%22clock%22%2C%22items%22%3A%5B%7B%22question%22%3A%22%5Cu00bfCu%5Cu00e1l%20es%20la%20diferencia%20entre%20los%20paquetes%3F%22%2C%22answer%22%3A%22La%20principal%20diferencia%20radica%20en%20el%20n%5Cu00famero%20de%20p%5Cu00e1ginas%20o%20secciones%20web%20incluidas%20en%20cada%20paquete.%20Sin%20embargo%2C%20la%20calidad%20del%20dise%5Cu00f1o%20es%20la%20misma.%3Cbr%3E%22%7D%2C%7B%22question%22%3A%22%5Cu00bfCu%5Cu00e1nto%20tiempo%20tardan%20en%20entregar%20el%20proyecto%3F%22%2C%22answer%22%3A%22El%20tiempo%20de%20entrega%20depende%20de%20la%20complejidad%20de%20su%20sitio%20web%20y%20del%20paquete%20seleccionado.%20Generalmente%2C%20el%20plazo%20var%5Cu00eda%20entre%207%20y%2020%20d%5Cu00edas%20h%5Cu00e1biles%2C%20seg%5Cu00fan%20lo%20especificado%20en%20el%20presupuesto%20que%20le%20enviemos.%22%7D%2C%7B%22question%22%3A%22%5Cu00bfCu%5Cu00e1l%20es%20la%20forma%20de%20pago%3F%22%2C%22answer%22%3A%22Una%20vez%20aceptado%20nuestro%20presupuesto%2C%20solicitamos%20un%20anticipo%20del%2050%25%20para%20iniciar%20el%20proyecto.%20El%20resto%20se%20liquida%20al%20finalizar%20el%20trabajo%2C%20contra%20factura.%20Aceptamos%20pagos%20mediante%20tarjetas%20de%20cr%5Cu00e9dito%5C%2Fd%5Cu00e9bito%2C%20transferencias%20bancarias%2C%20Mercado%20Pago%20y%20pagos%20en%20tiendas%20Oxxo.%22%7D%2C%7B%22question%22%3A%22%5Cu00bfC%5Cu00f3mo%20podemos%20iniciar%20con%20mi%20proyecto%20de%20p%5Cu00e1gina%20web%3F%22%2C%22answer%22%3A%22El%20proceso%20comienza%20con%20una%20llamada%20para%20entender%20mejor%20su%20proyecto.%20Tras%20elegir%20un%20paquete%2C%20le%20enviaremos%20un%20formulario%20de%20Google%20para%20recopilar%20informaci%5Cu00f3n%20clave%20sobre%20su%20negocio%2C%20adem%5Cu00e1s%20de%20un%20correo%20donde%20podr%5Cu00e1%20compartirnos%20su%20logotipo%20e%20im%5Cu00e1genes%20relevantes.%20A%20partir%20de%20ah%5Cu00ed%3A%26nbsp%3B%3Cdiv%3E1.-%20Dise%5Cu00f1amos%20y%20le%20enviamos%20avances%20para%20revisi%5Cu00f3n%20y%20ajustes.%3C%5C%2Fdiv%3E%3Cdiv%3E2.-%20Repetimos%20el%20proceso%20hasta%20que%20el%20dise%5Cu00f1o%20sea%20aprobado.%3C%5C%2Fdiv%3E%3Cdiv%3E%3Cdiv%3E3.-%20Procedemos%20con%20el%20desarrollo%20y%20entrega%20del%20sitio%20web.El%20tiempo%20de%20entrega%20depender%5Cu00e1%20del%20paquete%20seleccionado%20%28entre%207%20y%2020%20d%5Cu00edas%29.%26nbsp%3B%3C%5C%2Fdiv%3E%3Cdiv%3E%2A%2APara%20comenzar%2C%20requerimos%20un%20anticipo%20del%2050%25%20del%20costo%20total.%3C%5C%2Fdiv%3E%3C%5C%2Fdiv%3E%22%7D%2C%7B%22question%22%3A%22%5Cu00bfQu%5Cu00e9%20informaci%5Cu00f3n%20necesitan%20para%20empezar%3F%22%2C%22answer%22%3A%22Requerimos%20el%20contenido%20de%20su%20sitio%2C%20como%20el%20texto%20para%20cada%20p%5Cu00e1gina%20o%20secci%5Cu00f3n.%20Puede%20enviarlo%20en%20un%20archivo%20Word%20u%20otro%20procesador%20de%20texto.%22%7D%2C%7B%22question%22%3A%22%5Cu00bfQu%5Cu00e9%20sucede%20al%20cumplirse%20el%20primer%20a%5Cu00f1o%20de%20la%20creaci%5Cu00f3n%20de%20mi%20p%5Cu00e1gina%20web%3F%22%2C%22answer%22%3A%22Al%20finalizar%20el%20primer%20a%5Cu00f1o%2C%20ser%5Cu00e1%20necesario%20realizar%20la%20renovaci%5Cu00f3n%20anual%20del%20sitio.%20Los%20costos%20de%20renovaci%5Cu00f3n%20var%5Cu00edan%20seg%5Cu00fan%20el%20tipo%20de%20plan%3A%3Cdiv%3EPlan%20%5C%22One%20Page%5C%22%3A%20%242%2C220%20MXN.%3C%5C%2Fdiv%3E%3Cdiv%3EPlan%20web%20con%20varias%20secciones%3A%20%243%2C200%20MXN.%3C%5C%2Fdiv%3E%3Cdiv%3ETienda%20en%20l%5Cu00ednea%3A%20%244%2C200%20MXN.%3C%5C%2Fdiv%3E%3Cdiv%3EEste%20pago%20garantiza%20la%20renovaci%5Cu00f3n%20del%20dominio%2C%20hosting%2C%20cuentas%20de%20correo%20electr%5Cu00f3nico%2C%20certificado%20SSL%20y%20soporte%20t%5Cu00e9cnico%20para%20su%20sitio%20web.%3Cbr%3E%3C%5C%2Fdiv%3E%22%7D%2C%7B%22question%22%3A%22%5Cu00bfCu%5Cu00e1l%20es%20el%20proceso%20de%20dise%5Cu00f1o%3F%22%2C%22answer%22%3A%221.%20Recibimos%20el%20contenido%20de%20su%20sitio%20y%20lo%20optimizamos.%3Cdiv%3E2.%20Le%20presentamos%20varias%20propuestas%20de%20dise%5Cu00f1o%20gr%5Cu00e1fico%20basadas%20en%20la%20identidad%20de%20su%20negocio.%3C%5C%2Fdiv%3E%3Cdiv%3E3.%20Una%20vez%20que%20elija%20la%20propuesta%20que%20m%5Cu00e1s%20le%20guste%2C%20le%20compartiremos%20un%20enlace%20para%20revisar%20el%20desarrollo%20del%20sitio%20en%20tiempo%20real.%20Durante%20esta%20etapa%20podr%5Cu00e1%20solicitar%20cambios%20o%20adecuaciones.%3C%5C%2Fdiv%3E%3Cdiv%3E4.Una%20vez%20aprobado%20el%20dise%5Cu00f1o%2C%20publicamos%20el%20sitio%20y%20lo%20registramos%20en%20los%20motores%20de%20b%5Cu00fasqueda%20principales.%3C%5C%2Fdiv%3E%3Cdiv%3ESi%20desea%20m%5Cu00e1s%20detalles%20sobre%20nuestro%20proceso%20de%20dise%5Cu00f1o%2C%20no%20dude%20en%20consultarnos.%3C%5C%2Fdiv%3E%22%7D%5D%7D%5D%2C%22widgetTitle%22%3A%22%22%2C%22layout%22%3A%22accordion%22%2C%22accordionIcon%22%3A%22plus%22%2C%22openFirstQuestionByDefault%22%3Afalse%2C%22multipleActiveQuestions%22%3Afalse%2C%22showSearchBar%22%3Afalse%2C%22template%22%3A%22bg%22%2C%22itemBackgroundColor%22%3A%22rgb%28250%2C%20250%2C%20250%29%22%2C%22questionTextColor%22%3A%22%22%2C%22answerTextColor%22%3A%22rgb%28100%2C%20100%2C%20100%29%22%2C%22categoryTextColor%22%3A%22%22%2C%22widgetId%22%3A%221%22%7D\" \n                data-elfsight-faq-version=\"1.4.1\"\n                data-elfsight-widget-id=\"elfsight-faq-1\">\n            <\/div>\n            <\/div>\n\t\t\t\t<\/div>\n\t\t\t\t<\/div>\n\t\t\t\t<div class=\"elementor-element elementor-element-6068ec2 elementor-widget elementor-widget-text-editor\" data-id=\"6068ec2\" data-element_type=\"widget\" data-widget_type=\"text-editor.default\">\n\t\t\t\t<div class=\"elementor-widget-container\">\n\t\t\t<style>\/*! elementor - v3.23.0 - 05-08-2024 *\/\n.elementor-widget-text-editor.elementor-drop-cap-view-stacked .elementor-drop-cap{background-color:#69727d;color:#fff}.elementor-widget-text-editor.elementor-drop-cap-view-framed .elementor-drop-cap{color:#69727d;border:3px solid;background-color:transparent}.elementor-widget-text-editor:not(.elementor-drop-cap-view-default) .elementor-drop-cap{margin-top:8px}.elementor-widget-text-editor:not(.elementor-drop-cap-view-default) .elementor-drop-cap-letter{width:1em;height:1em}.elementor-widget-text-editor .elementor-drop-cap{float:left;text-align:center;line-height:1;font-size:50px}.elementor-widget-text-editor .elementor-drop-cap-letter{display:inline-block}<\/style>\t\t\t\t<p><strong>Periodicidad de la renovaci\u00f3n:<\/strong><\/p><ul><li>La renovaci\u00f3n de los planes web es anual y debe realizarse antes de la fecha de vencimiento.<\/li><li>La fecha exacta de renovaci\u00f3n ser\u00e1 comunicada en el contrato inicial y recordatorios ser\u00e1n enviados con al menos 15 d\u00edas de antelaci\u00f3n.<\/li><li>Si el cliente decide no renovar, deber\u00e1 notificarlo con al menos 15 d\u00edas de anticipaci\u00f3n a la fecha de vencimiento para evitar cargos adicionales.<\/li><li>Una vez cancelado, no se garantizar\u00e1 la recuperaci\u00f3n del dominio o del contenido del sitio web.<\/li><\/ul>\t\t\t\t\t\t<\/div>\n\t\t\t\t<\/div>\n\t\t\t\t\t<\/div>\n\t\t<\/div>\n\t\t\t\t\t<\/div>\n\t\t<\/section>\n\t\t\t\t<div class=\"elementor-element elementor-element-b458126 elementor-widget elementor-widget-spacer\" data-id=\"b458126\" data-element_type=\"widget\" data-widget_type=\"spacer.default\">\n\t\t\t\t<div class=\"elementor-widget-container\">\n\t\t\t<style>\/*! elementor - v3.23.0 - 05-08-2024 *\/\n.elementor-column .elementor-spacer-inner{height:var(--spacer-size)}.e-con{--container-widget-width:100%}.e-con-inner>.elementor-widget-spacer,.e-con>.elementor-widget-spacer{width:var(--container-widget-width,var(--spacer-size));--align-self:var(--container-widget-align-self,initial);--flex-shrink:0}.e-con-inner>.elementor-widget-spacer>.elementor-widget-container,.e-con>.elementor-widget-spacer>.elementor-widget-container{height:100%;width:100%}.e-con-inner>.elementor-widget-spacer>.elementor-widget-container>.elementor-spacer,.e-con>.elementor-widget-spacer>.elementor-widget-container>.elementor-spacer{height:100%}.e-con-inner>.elementor-widget-spacer>.elementor-widget-container>.elementor-spacer>.elementor-spacer-inner,.e-con>.elementor-widget-spacer>.elementor-widget-container>.elementor-spacer>.elementor-spacer-inner{height:var(--container-widget-height,var(--spacer-size))}.e-con-inner>.elementor-widget-spacer.elementor-widget-empty,.e-con>.elementor-widget-spacer.elementor-widget-empty{position:relative;min-height:22px;min-width:22px}.e-con-inner>.elementor-widget-spacer.elementor-widget-empty .elementor-widget-empty-icon,.e-con>.elementor-widget-spacer.elementor-widget-empty .elementor-widget-empty-icon{position:absolute;top:0;bottom:0;left:0;right:0;margin:auto;padding:0;width:22px;height:22px}<\/style>\t\t<div class=\"elementor-spacer\">\n\t\t\t<div class=\"elementor-spacer-inner\"><\/div>\n\t\t<\/div>\n\t\t\t\t<\/div>\n\t\t\t\t<\/div>\n\t\t\t\t\t<\/div>\n\t\t<\/div>\n\t\t\t\t\t<\/div>\n\t\t<\/section>\n\t\t\t\t<\/div>\n\t\t","protected":false},"excerpt":{"rendered":"<p>Preguntas Frecuentes Periodicidad de la renovaci\u00f3n: La renovaci\u00f3n de los planes web es anual y debe realizarse antes de la fecha de vencimiento. La [&hellip;]<\/p>\n","protected":false},"author":1,"featured_media":0,"parent":0,"menu_order":0,"comment_status":"closed","ping_status":"closed","template":"page-custom.php","meta":{"_acf_changed":false,"inline_featured_image":false,"_joinchat":[],"footnotes":""},"class_list":["post-4722","page","type-page","status-publish","hentry"],"acf":{"full_width":false,"header_transparent":false,"header_white":false},"yoast_head":"<!-- This site is optimized with the Yoast SEO plugin v26.5 - https:\/\/yoast.com\/wordpress\/plugins\/seo\/ -->\n<title>Preguntas Frecuentes - Ebanti.com<\/title>\n<meta name=\"robots\" content=\"index, follow, max-snippet:-1, max-image-preview:large, max-video-preview:-1\" \/>\n<link rel=\"canonical\" href=\"https:\/\/ebanti.com\/zenstore\/preguntas-frecuentes\/\" \/>\n<meta property=\"og:locale\" content=\"es_MX\" \/>\n<meta property=\"og:type\" content=\"article\" \/>\n<meta property=\"og:title\" content=\"Preguntas Frecuentes - Ebanti.com\" \/>\n<meta property=\"og:description\" content=\"Preguntas Frecuentes Periodicidad de la renovaci\u00f3n: La renovaci\u00f3n de los planes web es anual y debe realizarse antes de la fecha de vencimiento. La [&hellip;]\" \/>\n<meta property=\"og:url\" content=\"https:\/\/ebanti.com\/zenstore\/preguntas-frecuentes\/\" \/>\n<meta property=\"og:site_name\" content=\"Ebanti.com\" \/>\n<meta property=\"article:modified_time\" content=\"2024-12-02T07:57:33+00:00\" \/>\n<meta property=\"og:image\" content=\"https:\/\/ebanti.com\/zenstore\/wp-content\/uploads\/2024\/11\/portrait-gorgeous-woman-kitchen-listening-something-showing-thumbs-up-white-shirt-scaled.jpg\" \/>\n\t<meta property=\"og:image:width\" content=\"1707\" \/>\n\t<meta property=\"og:image:height\" content=\"2560\" \/>\n\t<meta property=\"og:image:type\" content=\"image\/jpeg\" \/>\n<meta name=\"twitter:card\" content=\"summary_large_image\" \/>\n<script type=\"application\/ld+json\" class=\"yoast-schema-graph\">{\"@context\":\"https:\/\/schema.org\",\"@graph\":[{\"@type\":\"WebPage\",\"@id\":\"https:\/\/ebanti.com\/zenstore\/preguntas-frecuentes\/\",\"url\":\"https:\/\/ebanti.com\/zenstore\/preguntas-frecuentes\/\",\"name\":\"Preguntas Frecuentes - Ebanti.com\",\"isPartOf\":{\"@id\":\"https:\/\/ebanti.com\/zenstore\/#website\"},\"primaryImageOfPage\":{\"@id\":\"https:\/\/ebanti.com\/zenstore\/preguntas-frecuentes\/#primaryimage\"},\"image\":{\"@id\":\"https:\/\/ebanti.com\/zenstore\/preguntas-frecuentes\/#primaryimage\"},\"thumbnailUrl\":\"https:\/\/ebanti.com\/zenstore\/wp-content\/uploads\/2024\/11\/portrait-gorgeous-woman-kitchen-listening-something-showing-thumbs-up-white-shirt-683x1024.jpg\",\"datePublished\":\"2024-11-28T08:38:27+00:00\",\"dateModified\":\"2024-12-02T07:57:33+00:00\",\"breadcrumb\":{\"@id\":\"https:\/\/ebanti.com\/zenstore\/preguntas-frecuentes\/#breadcrumb\"},\"inLanguage\":\"es\",\"potentialAction\":[{\"@type\":\"ReadAction\",\"target\":[\"https:\/\/ebanti.com\/zenstore\/preguntas-frecuentes\/\"]}]},{\"@type\":\"ImageObject\",\"inLanguage\":\"es\",\"@id\":\"https:\/\/ebanti.com\/zenstore\/preguntas-frecuentes\/#primaryimage\",\"url\":\"https:\/\/ebanti.com\/zenstore\/wp-content\/uploads\/2024\/11\/portrait-gorgeous-woman-kitchen-listening-something-showing-thumbs-up-white-shirt-scaled.jpg\",\"contentUrl\":\"https:\/\/ebanti.com\/zenstore\/wp-content\/uploads\/2024\/11\/portrait-gorgeous-woman-kitchen-listening-something-showing-thumbs-up-white-shirt-scaled.jpg\",\"width\":1707,\"height\":2560,\"caption\":\"Portrait of gorgeous woman at kitchen listening something and showing thumbs up in white shirt\"},{\"@type\":\"BreadcrumbList\",\"@id\":\"https:\/\/ebanti.com\/zenstore\/preguntas-frecuentes\/#breadcrumb\",\"itemListElement\":[{\"@type\":\"ListItem\",\"position\":1,\"name\":\"Home\",\"item\":\"https:\/\/ebanti.com\/zenstore\/\"},{\"@type\":\"ListItem\",\"position\":2,\"name\":\"Preguntas Frecuentes\"}]},{\"@type\":\"WebSite\",\"@id\":\"https:\/\/ebanti.com\/zenstore\/#website\",\"url\":\"https:\/\/ebanti.com\/zenstore\/\",\"name\":\"Ebanti.com\",\"description\":\"Te ayudamos a crear tu p\u00e1gina web o tienda online de manera sencilla y sin complicaciones.\",\"potentialAction\":[{\"@type\":\"SearchAction\",\"target\":{\"@type\":\"EntryPoint\",\"urlTemplate\":\"https:\/\/ebanti.com\/zenstore\/?s={search_term_string}\"},\"query-input\":{\"@type\":\"PropertyValueSpecification\",\"valueRequired\":true,\"valueName\":\"search_term_string\"}}],\"inLanguage\":\"es\"}]}<\/script>\n<!-- \/ Yoast SEO plugin. -->","yoast_head_json":{"title":"Preguntas Frecuentes - Ebanti.com","robots":{"index":"index","follow":"follow","max-snippet":"max-snippet:-1","max-image-preview":"max-image-preview:large","max-video-preview":"max-video-preview:-1"},"canonical":"https:\/\/ebanti.com\/zenstore\/preguntas-frecuentes\/","og_locale":"es_MX","og_type":"article","og_title":"Preguntas Frecuentes - Ebanti.com","og_description":"Preguntas Frecuentes Periodicidad de la renovaci\u00f3n: La renovaci\u00f3n de los planes web es anual y debe realizarse antes de la fecha de vencimiento. La [&hellip;]","og_url":"https:\/\/ebanti.com\/zenstore\/preguntas-frecuentes\/","og_site_name":"Ebanti.com","article_modified_time":"2024-12-02T07:57:33+00:00","og_image":[{"width":1707,"height":2560,"url":"https:\/\/ebanti.com\/zenstore\/wp-content\/uploads\/2024\/11\/portrait-gorgeous-woman-kitchen-listening-something-showing-thumbs-up-white-shirt-scaled.jpg","type":"image\/jpeg"}],"twitter_card":"summary_large_image","schema":{"@context":"https:\/\/schema.org","@graph":[{"@type":"WebPage","@id":"https:\/\/ebanti.com\/zenstore\/preguntas-frecuentes\/","url":"https:\/\/ebanti.com\/zenstore\/preguntas-frecuentes\/","name":"Preguntas Frecuentes - Ebanti.com","isPartOf":{"@id":"https:\/\/ebanti.com\/zenstore\/#website"},"primaryImageOfPage":{"@id":"https:\/\/ebanti.com\/zenstore\/preguntas-frecuentes\/#primaryimage"},"image":{"@id":"https:\/\/ebanti.com\/zenstore\/preguntas-frecuentes\/#primaryimage"},"thumbnailUrl":"https:\/\/ebanti.com\/zenstore\/wp-content\/uploads\/2024\/11\/portrait-gorgeous-woman-kitchen-listening-something-showing-thumbs-up-white-shirt-683x1024.jpg","datePublished":"2024-11-28T08:38:27+00:00","dateModified":"2024-12-02T07:57:33+00:00","breadcrumb":{"@id":"https:\/\/ebanti.com\/zenstore\/preguntas-frecuentes\/#breadcrumb"},"inLanguage":"es","potentialAction":[{"@type":"ReadAction","target":["https:\/\/ebanti.com\/zenstore\/preguntas-frecuentes\/"]}]},{"@type":"ImageObject","inLanguage":"es","@id":"https:\/\/ebanti.com\/zenstore\/preguntas-frecuentes\/#primaryimage","url":"https:\/\/ebanti.com\/zenstore\/wp-content\/uploads\/2024\/11\/portrait-gorgeous-woman-kitchen-listening-something-showing-thumbs-up-white-shirt-scaled.jpg","contentUrl":"https:\/\/ebanti.com\/zenstore\/wp-content\/uploads\/2024\/11\/portrait-gorgeous-woman-kitchen-listening-something-showing-thumbs-up-white-shirt-scaled.jpg","width":1707,"height":2560,"caption":"Portrait of gorgeous woman at kitchen listening something and showing thumbs up in white shirt"},{"@type":"BreadcrumbList","@id":"https:\/\/ebanti.com\/zenstore\/preguntas-frecuentes\/#breadcrumb","itemListElement":[{"@type":"ListItem","position":1,"name":"Home","item":"https:\/\/ebanti.com\/zenstore\/"},{"@type":"ListItem","position":2,"name":"Preguntas Frecuentes"}]},{"@type":"WebSite","@id":"https:\/\/ebanti.com\/zenstore\/#website","url":"https:\/\/ebanti.com\/zenstore\/","name":"Ebanti.com","description":"Te ayudamos a crear tu p\u00e1gina web o tienda online de manera sencilla y sin complicaciones.","potentialAction":[{"@type":"SearchAction","target":{"@type":"EntryPoint","urlTemplate":"https:\/\/ebanti.com\/zenstore\/?s={search_term_string}"},"query-input":{"@type":"PropertyValueSpecification","valueRequired":true,"valueName":"search_term_string"}}],"inLanguage":"es"}]}},"_links":{"self":[{"href":"https:\/\/ebanti.com\/zenstore\/wp-json\/wp\/v2\/pages\/4722","targetHints":{"allow":["GET"]}}],"collection":[{"href":"https:\/\/ebanti.com\/zenstore\/wp-json\/wp\/v2\/pages"}],"about":[{"href":"https:\/\/ebanti.com\/zenstore\/wp-json\/wp\/v2\/types\/page"}],"author":[{"embeddable":true,"href":"https:\/\/ebanti.com\/zenstore\/wp-json\/wp\/v2\/users\/1"}],"replies":[{"embeddable":true,"href":"https:\/\/ebanti.com\/zenstore\/wp-json\/wp\/v2\/comments?post=4722"}],"version-history":[{"count":64,"href":"https:\/\/ebanti.com\/zenstore\/wp-json\/wp\/v2\/pages\/4722\/revisions"}],"predecessor-version":[{"id":5001,"href":"https:\/\/ebanti.com\/zenstore\/wp-json\/wp\/v2\/pages\/4722\/revisions\/5001"}],"wp:attachment":[{"href":"https:\/\/ebanti.com\/zenstore\/wp-json\/wp\/v2\/media?parent=4722"}],"curies":[{"name":"wp","href":"https:\/\/api.w.org\/{rel}","templated":true}]}}