{"id":98,"date":"2016-10-01T12:32:29","date_gmt":"2016-10-01T12:32:29","guid":{"rendered":"http:\/\/192.168.88.250:8080\/outlet\/product\/coffee-press\/"},"modified":"2024-09-05T01:24:50","modified_gmt":"2024-09-05T01:24:50","slug":"bol-prisma-blanco-de-500ml","status":"publish","type":"product","link":"https:\/\/ebanti.com\/zen\/producto\/bol-prisma-blanco-de-500ml\/","title":{"rendered":"Bol blanco de 500ml"},"content":{"rendered":"<p>Este pr\u00e1ctico y estilizado bol blanco, con una capacidad de 500 ml, es perfecto tanto para almacenar como para servir alimentos. Su dise\u00f1o combina madera y pl\u00e1stico de alta calidad, ofreciendo no solo un aspecto sofisticado, sino tambi\u00e9n durabilidad y resistencia.<\/p>\n<p>Fabricado con material de policarbonato de alta gama, es pr\u00e1cticamente irrompible y muy f\u00e1cil de limpiar. Perfecto para quienes buscan funcionalidad y estilo en su cocina.<\/p>\n\n            <div \n                class=\"elfsight-widget-popup elfsight-widget\" \n                data-elfsight-popup-options=\"%7B%22blocks%22%3A%5B%7B%22id%22%3A%221167c121-6561-457c-acf3-331fe3a968a3%22%2C%22type%22%3A%22image%22%2C%22titleText%22%3A%22Sample%20Title%22%2C%22titleColor%22%3A%22rgb%2817%2C%2017%2C%2017%29%22%2C%22titleFontSize%22%3A24%2C%22titleFontWeight%22%3A400%2C%22textText%22%3A%22%22%2C%22textColor%22%3A%22rgb%2817%2C%2017%2C%2017%29%22%2C%22textFontSize%22%3A17%2C%22bannerFile%22%3Anull%2C%22bannerPosition%22%3A%22right%22%2C%22imageFile%22%3A%7B%22type%22%3A%22uploaded%22%2C%22data%22%3A%7B%22name%22%3A%22storex%20%2820%29%22%2C%22url%22%3A%22https%3A%5C%2F%5C%2Febanti.com%5C%2Fzen%5C%2Fwp-content%5C%2Fuploads%5C%2F2016%5C%2F11%5C%2Fstorex-20.jpg%22%2C%22size%22%3A37030%2C%22type%22%3A%22image%22%2C%22extension%22%3A%22jpeg%22%2C%22width%22%3A768%2C%22height%22%3A896%2C%22ext%22%3A%22jpeg%22%7D%7D%2C%22imageScale%22%3A100%2C%22videoUrl%22%3A%22%22%2C%22videoAutoplay%22%3Atrue%2C%22couponCode%22%3A%22COUPON%20CODE%22%2C%22couponClickToCopyText%22%3A%22CLICK%20TO%20COPY%22%2C%22couponCopiedText%22%3A%22COPIED%21%22%2C%22couponColor%22%3A%22rgb%2817%2C%2017%2C%2017%29%22%2C%22couponFontSize%22%3A16%2C%22buttonAction%22%3A%22redirect%22%2C%22buttonUrl%22%3A%22%22%2C%22buttonOpenLinkInNewTab%22%3Atrue%2C%22buttonText%22%3A%22Button%20Text%22%2C%22buttonStyle%22%3A%22filled%22%2C%22buttonColor%22%3A%22rgb%2817%2C%2017%2C%2017%29%22%2C%22buttonFontSize%22%3A16%2C%22linkAction%22%3A%22redirect%22%2C%22linkUrl%22%3A%22%22%2C%22linkText%22%3A%22Sample%20Text%22%2C%22linkColor%22%3A%22rgb%2817%2C%2017%2C%2017%29%22%2C%22linkFontSize%22%3A17%2C%22separatorColor%22%3A%22rgba%2817%2C%2017%2C%2017%2C%20.2%29%22%2C%22separatorMargin%22%3A0%2C%22spacingSize%22%3A16%2C%22iframeUrl%22%3Anull%2C%22iframeWidth%22%3A%22auto%22%2C%22iframeHeight%22%3A300%2C%22htmlCode%22%3A%22%22%2C%22formFields%22%3A%5B%7B%22id%22%3A%22e80f1644-bd32-4789-94f5-4e4063caae5c%22%2C%22type%22%3A%22email%22%2C%22label%22%3A%22Email%22%7D%5D%2C%22formButtonText%22%3A%22Submit%22%2C%22undefined%22%3Anull%2C%22iframeAllowAutoplay%22%3Atrue%2C%22iframeAllowCamera%22%3Afalse%2C%22iframeAllowMicrophone%22%3Afalse%2C%22formSubmitAction%22%3A%22closePopup%22%2C%22formSubmitActionRedirectUrl%22%3A%22%22%2C%22formStyle%22%3A%22filled%22%2C%22formFontSize%22%3A16%2C%22formButtonColor%22%3A%22rgb%2817%2C%2017%2C%2017%29%22%2C%22formInputColor%22%3A%22rgb%28255%2C%20255%2C%20255%29%22%2C%22label%22%3A%22Image%22%7D%2C%7B%22id%22%3A%226689e0da-ab1d-42a0-ac83-457ff13f91dd%22%2C%22type%22%3A%22button%22%2C%22buttonText%22%3A%22CERRAR%20VENTANA%22%2C%22buttonAction%22%3A%22closePopup%22%2C%22buttonStyle%22%3A%22filled%22%2C%22buttonShape%22%3A%22rectangle%22%2C%22buttonColor%22%3A%22rgb%28255%2C%2038%2C%2067%29%22%2C%22buttonFontSize%22%3A16%2C%22label%22%3A%22Button%22%2C%22buttonUrl%22%3A%22%22%2C%22buttonOpenLinkInNewTab%22%3Atrue%7D%5D%2C%22layout%22%3A%22modal%22%2C%22width%22%3A400%2C%22popupBlocksAlignment%22%3A%22center%22%2C%22popupShape%22%3A%22rectangle%22%2C%22popupBackgroundColor%22%3A%22rgb%28255%2C%20255%2C%20255%29%22%2C%22popupBackgroundImage%22%3Anull%2C%22popupBackgroundImageOverlayColor%22%3A%22%22%2C%22overlayVisible%22%3Atrue%2C%22overlayClose%22%3Atrue%2C%22overlayBackgroundColor%22%3A%22rgba%2817%2C%2017%2C%2017%2C%200.2%29%22%2C%22overlayBackgroundImage%22%3Anull%2C%22overlayBackgroundImageOverlayColor%22%3A%22%22%2C%22closeButtonVisible%22%3Atrue%2C%22closeButtonColor%22%3A%22rgba%2817%2C%2017%2C%2017%2C%200.7%29%22%2C%22triggerPageLoadEnabled%22%3Afalse%2C%22triggerTimeOnPageEnabled%22%3Afalse%2C%22triggerTimeOnPageDuration%22%3A10%2C%22triggerScrollEnabled%22%3Afalse%2C%22triggerScrollPosition%22%3A200%2C%22triggerScrollToElementEnabled%22%3Afalse%2C%22triggerScrollToElementId%22%3Anull%2C%22triggerClickEnabled%22%3Afalse%2C%22triggerClickElementId%22%3A%22politica%22%2C%22triggerExitIntentEnabled%22%3Afalse%2C%22displayFrequency%22%3A%22everytime%22%2C%22displayPages%22%3A%22allPages%22%2C%22displayExcludedPages%22%3A%5B%5D%2C%22displaySpecificPages%22%3A%5B%5D%2C%22displayDevices%22%3A%5B%22desktop%22%2C%22tablet%22%2C%22mobile%22%5D%2C%22widgetId%22%3A%224%22%7D\" \n                data-elfsight-popup-version=\"1.1.0\"\n                data-elfsight-widget-id=\"elfsight-popup-4\">\n            <\/div>\n            \n","protected":false},"excerpt":{"rendered":"<p>Elegante bol de almacenamiento con capacidad de 500 ml, fabricado con materiales de madera y pl\u00e1stico de alta calidad. Herm\u00e9tico y resistente, ideal para mantener tus alimentos frescos y evitar derrames.<\/p>\n","protected":false},"featured_media":2847,"comment_status":"open","ping_status":"closed","template":"","meta":{"_joinchat":[]},"product_cat":[128],"product_tag":[],"class_list":{"0":"post-98","1":"product","2":"type-product","3":"status-publish","4":"has-post-thumbnail","6":"product_cat-hogar-y-cocina","8":"first","9":"instock","10":"shipping-taxable","11":"purchasable","12":"product-type-simple"},"_links":{"self":[{"href":"https:\/\/ebanti.com\/zen\/wp-json\/wp\/v2\/product\/98","targetHints":{"allow":["GET"]}}],"collection":[{"href":"https:\/\/ebanti.com\/zen\/wp-json\/wp\/v2\/product"}],"about":[{"href":"https:\/\/ebanti.com\/zen\/wp-json\/wp\/v2\/types\/product"}],"replies":[{"embeddable":true,"href":"https:\/\/ebanti.com\/zen\/wp-json\/wp\/v2\/comments?post=98"}],"wp:featuredmedia":[{"embeddable":true,"href":"https:\/\/ebanti.com\/zen\/wp-json\/wp\/v2\/media\/2847"}],"wp:attachment":[{"href":"https:\/\/ebanti.com\/zen\/wp-json\/wp\/v2\/media?parent=98"}],"wp:term":[{"taxonomy":"product_cat","embeddable":true,"href":"https:\/\/ebanti.com\/zen\/wp-json\/wp\/v2\/product_cat?post=98"},{"taxonomy":"product_tag","embeddable":true,"href":"https:\/\/ebanti.com\/zen\/wp-json\/wp\/v2\/product_tag?post=98"}],"curies":[{"name":"wp","href":"https:\/\/api.w.org\/{rel}","templated":true}]}}