{"id":448,"date":"2016-12-14T11:02:56","date_gmt":"2016-12-14T11:02:56","guid":{"rendered":"http:\/\/victorthemes.com\/themes\/seese\/product\/leather-wash-bag\/"},"modified":"2024-08-23T05:51:10","modified_gmt":"2024-08-23T05:51:10","slug":"cesta-de-bambu","status":"publish","type":"product","link":"https:\/\/ebanti.com\/zen\/es\/product\/cesta-de-bambu\/","title":{"rendered":"Cesta de bamb\u00fa"},"content":{"rendered":"<p>La Cesta de Bamb\u00fa Multiusos combina elegancia y practicidad para mantener tu hogar en orden. Ideal para dormitorios, lavander\u00edas, residencias estudiantiles y otros espacios, es perfecta para guardar juguetes, ropa, art\u00edculos del hogar y utensilios de cocina.<\/p>\n<p>Con un dise\u00f1o sofisticado y tejido de alta calidad, esta cesta no solo es funcional, sino tambi\u00e9n estilosa. Mide 24 cm x 17 cm x 9 cm y est\u00e1 hecha a mano, ofreciendo una mezcla perfecta de durabilidad y atractivo.<\/p>","protected":false},"excerpt":{"rendered":"<p>Con unas dimensiones de 24 cm x 17 cm x 9 cm, esta cesta hecha a mano combina la resistencia de materiales de alta calidad con un dise\u00f1o elegante y funcional.<\/p>","protected":false},"featured_media":2929,"comment_status":"open","ping_status":"closed","template":"","meta":{"_joinchat":[]},"product_cat":[133,129,128,130],"product_tag":[],"class_list":{"0":"post-448","1":"product","2":"type-product","3":"status-publish","4":"has-post-thumbnail","6":"product_cat-accesorios-de-bano","7":"product_cat-decoracion","8":"product_cat-hogar-y-cocina","9":"product_cat-muebles-y-accesorios","11":"first","12":"instock","13":"shipping-taxable","14":"purchasable","15":"product-type-simple"},"_links":{"self":[{"href":"https:\/\/ebanti.com\/zen\/es\/wp-json\/wp\/v2\/product\/448","targetHints":{"allow":["GET"]}}],"collection":[{"href":"https:\/\/ebanti.com\/zen\/es\/wp-json\/wp\/v2\/product"}],"about":[{"href":"https:\/\/ebanti.com\/zen\/es\/wp-json\/wp\/v2\/types\/product"}],"replies":[{"embeddable":true,"href":"https:\/\/ebanti.com\/zen\/es\/wp-json\/wp\/v2\/comments?post=448"}],"wp:featuredmedia":[{"embeddable":true,"href":"https:\/\/ebanti.com\/zen\/es\/wp-json\/wp\/v2\/media\/2929"}],"wp:attachment":[{"href":"https:\/\/ebanti.com\/zen\/es\/wp-json\/wp\/v2\/media?parent=448"}],"wp:term":[{"taxonomy":"product_cat","embeddable":true,"href":"https:\/\/ebanti.com\/zen\/es\/wp-json\/wp\/v2\/product_cat?post=448"},{"taxonomy":"product_tag","embeddable":true,"href":"https:\/\/ebanti.com\/zen\/es\/wp-json\/wp\/v2\/product_tag?post=448"}],"curies":[{"name":"wp","href":"https:\/\/api.w.org\/{rel}","templated":true}]}}