{"id":392,"date":"2016-11-12T18:14:19","date_gmt":"2016-11-12T18:14:19","guid":{"rendered":"http:\/\/victorthemes.com\/themes\/seese\/product\/cast-iron-bird\/"},"modified":"2024-08-24T03:42:45","modified_gmt":"2024-08-24T03:42:45","slug":"mochila-grande-y-espaciosa-attache","status":"publish","type":"product","link":"https:\/\/ebanti.com\/zen\/es\/product\/mochila-grande-y-espaciosa-attache\/","title":{"rendered":"Mochila Grande y Espaciosa Attache"},"content":{"rendered":"<p>La <strong>Mochila Grande y Espaciosa Attache<\/strong> es la opci\u00f3n perfecta para quienes buscan una combinaci\u00f3n de estilo, comodidad y funcionalidad. Con una capacidad de 30 litros, esta mochila ofrece un amplio espacio para llevar todo lo que necesitas, ya sea para el colegio, la oficina o actividades al aire libre.<\/p>\n<p>Dise\u00f1ada con tres compartimentos principales y un peque\u00f1o bolsillo frontal, proporciona organizaci\u00f3n eficiente para tus pertenencias. Las mallas laterales son ideales para guardar botellas o peque\u00f1os accesorios, mientras que las correas ajustables y acolchadas aseguran un ajuste c\u00f3modo y personalizado. Adem\u00e1s, su material impermeable protege tus pertenencias de la humedad y las condiciones clim\u00e1ticas adversas.<\/p>\n<p>Perfecta para chicos y chicas, esta mochila combina durabilidad y un dise\u00f1o moderno que la convierte en una opci\u00f3n destacada para cualquier ocasi\u00f3n. No solo es pr\u00e1ctica, sino que tambi\u00e9n est\u00e1 pensada para adaptarse a tus necesidades diarias con elegancia.<\/p>","protected":false},"excerpt":{"rendered":"<p>Mochila de 30 litros de capacidad, con dise\u00f1o elegante y funcional. Incluye tres compartimentos, un bolsillo frontal y mallas laterales. Fabricada en material impermeable con correas ajustables y acolchadas.<\/p>","protected":false},"featured_media":2901,"comment_status":"open","ping_status":"closed","template":"","meta":{"_joinchat":[]},"product_cat":[131],"product_tag":[],"class_list":{"0":"post-392","1":"product","2":"type-product","3":"status-publish","4":"has-post-thumbnail","6":"product_cat-accesorios-personales","8":"first","9":"instock","10":"shipping-taxable","11":"purchasable","12":"product-type-simple"},"_links":{"self":[{"href":"https:\/\/ebanti.com\/zen\/es\/wp-json\/wp\/v2\/product\/392","targetHints":{"allow":["GET"]}}],"collection":[{"href":"https:\/\/ebanti.com\/zen\/es\/wp-json\/wp\/v2\/product"}],"about":[{"href":"https:\/\/ebanti.com\/zen\/es\/wp-json\/wp\/v2\/types\/product"}],"replies":[{"embeddable":true,"href":"https:\/\/ebanti.com\/zen\/es\/wp-json\/wp\/v2\/comments?post=392"}],"wp:featuredmedia":[{"embeddable":true,"href":"https:\/\/ebanti.com\/zen\/es\/wp-json\/wp\/v2\/media\/2901"}],"wp:attachment":[{"href":"https:\/\/ebanti.com\/zen\/es\/wp-json\/wp\/v2\/media?parent=392"}],"wp:term":[{"taxonomy":"product_cat","embeddable":true,"href":"https:\/\/ebanti.com\/zen\/es\/wp-json\/wp\/v2\/product_cat?post=392"},{"taxonomy":"product_tag","embeddable":true,"href":"https:\/\/ebanti.com\/zen\/es\/wp-json\/wp\/v2\/product_tag?post=392"}],"curies":[{"name":"wp","href":"https:\/\/api.w.org\/{rel}","templated":true}]}}