{"id":2745,"date":"2016-10-28T15:56:55","date_gmt":"2016-10-28T15:56:55","guid":{"rendered":"http:\/\/192.168.88.250:8080\/outlet\/?post_type=product&#038;p=14"},"modified":"2024-08-23T22:59:20","modified_gmt":"2024-08-23T22:59:20","slug":"kit-de-2-tazas-artisticas-de-kess-house","status":"publish","type":"product","link":"https:\/\/ebanti.com\/zen\/es\/product\/kit-de-2-tazas-artisticas-de-kess-house\/","title":{"rendered":"Kit de Tazas de Kess House"},"content":{"rendered":"<p>Elaboradas en cer\u00e1mica de alta calidad, estas tazas no solo destacan por su dise\u00f1o llamativo, sino tambi\u00e9n por su gran funcionalidad. Son aptas para microondas y lavavajillas, lo que asegura que el material de cer\u00e1mica se mantenga impecable con el paso del tiempo.<\/p>\n<p>Ideales para disfrutar de tu caf\u00e9, t\u00e9 o cualquier bebida que te inspire. Convierte cada sorbo en un momento especial y lleno de estilo.<\/p>","protected":false},"excerpt":{"rendered":"<p>Disfruta cada ma\u00f1ana con estilo y arte, gracias a este Kit de Tazas de cer\u00e1mica que har\u00e1n de tus desayunos un momento especial.<\/p>","protected":false},"featured_media":2858,"comment_status":"open","ping_status":"closed","template":"","meta":{"_joinchat":[]},"product_cat":[128],"product_tag":[],"class_list":{"0":"post-2745","1":"product","2":"type-product","3":"status-publish","4":"has-post-thumbnail","6":"product_cat-hogar-y-cocina","8":"first","9":"instock","10":"sale","11":"shipping-taxable","12":"purchasable","13":"product-type-simple"},"_links":{"self":[{"href":"https:\/\/ebanti.com\/zen\/es\/wp-json\/wp\/v2\/product\/2745","targetHints":{"allow":["GET"]}}],"collection":[{"href":"https:\/\/ebanti.com\/zen\/es\/wp-json\/wp\/v2\/product"}],"about":[{"href":"https:\/\/ebanti.com\/zen\/es\/wp-json\/wp\/v2\/types\/product"}],"replies":[{"embeddable":true,"href":"https:\/\/ebanti.com\/zen\/es\/wp-json\/wp\/v2\/comments?post=2745"}],"wp:featuredmedia":[{"embeddable":true,"href":"https:\/\/ebanti.com\/zen\/es\/wp-json\/wp\/v2\/media\/2858"}],"wp:attachment":[{"href":"https:\/\/ebanti.com\/zen\/es\/wp-json\/wp\/v2\/media?parent=2745"}],"wp:term":[{"taxonomy":"product_cat","embeddable":true,"href":"https:\/\/ebanti.com\/zen\/es\/wp-json\/wp\/v2\/product_cat?post=2745"},{"taxonomy":"product_tag","embeddable":true,"href":"https:\/\/ebanti.com\/zen\/es\/wp-json\/wp\/v2\/product_tag?post=2745"}],"curies":[{"name":"wp","href":"https:\/\/api.w.org\/{rel}","templated":true}]}}