{"id":2139,"date":"2017-02-06T06:11:19","date_gmt":"2017-02-06T06:11:19","guid":{"rendered":"http:\/\/victorthemes.com\/themes\/seese\/?post_type=product&#038;p=2139"},"modified":"2024-08-23T23:08:03","modified_gmt":"2024-08-23T23:08:03","slug":"mochila-f-gear-ultra-resistente","status":"publish","type":"product","link":"https:\/\/ebanti.com\/zen\/es\/product\/mochila-f-gear-ultra-resistente\/","title":{"rendered":"Mochila F Gear Ultra Resistente"},"content":{"rendered":"<p>Descubre la mochila F Gear, dise\u00f1ada para combinar estilo y funcionalidad. Con un dise\u00f1o ergon\u00f3mico y una base acolchada de alta resistencia, esta mochila es perfecta para tus necesidades diarias. Su capacidad de 27 litros y un compartimento grande de 12 x 18 pulgadas la hacen ideal para transportar tus pertenencias con comodidad.<\/p>\n<p>Fabricada con material impermeable, esta mochila es ligera, espaciosa y resistente, adecuada para el uso en oficina, escuela, universidad y viajes. \u00a1Haz que cada d\u00eda sea m\u00e1s f\u00e1cil y estilizado con la mochila F Gear!<\/p>","protected":false},"excerpt":{"rendered":"<p>Mochila ergon\u00f3mica con base acolchada, capacidad de 27 L y material impermeable. Ideal para uso diario, oficina, escuela y viajes.<\/p>","protected":false},"featured_media":2949,"comment_status":"open","ping_status":"closed","template":"","meta":{"_joinchat":[]},"product_cat":[131],"product_tag":[],"class_list":{"0":"post-2139","1":"product","2":"type-product","3":"status-publish","4":"has-post-thumbnail","6":"product_cat-accesorios-personales","8":"first","9":"instock","10":"shipping-taxable","11":"purchasable","12":"product-type-simple"},"_links":{"self":[{"href":"https:\/\/ebanti.com\/zen\/es\/wp-json\/wp\/v2\/product\/2139","targetHints":{"allow":["GET"]}}],"collection":[{"href":"https:\/\/ebanti.com\/zen\/es\/wp-json\/wp\/v2\/product"}],"about":[{"href":"https:\/\/ebanti.com\/zen\/es\/wp-json\/wp\/v2\/types\/product"}],"replies":[{"embeddable":true,"href":"https:\/\/ebanti.com\/zen\/es\/wp-json\/wp\/v2\/comments?post=2139"}],"wp:featuredmedia":[{"embeddable":true,"href":"https:\/\/ebanti.com\/zen\/es\/wp-json\/wp\/v2\/media\/2949"}],"wp:attachment":[{"href":"https:\/\/ebanti.com\/zen\/es\/wp-json\/wp\/v2\/media?parent=2139"}],"wp:term":[{"taxonomy":"product_cat","embeddable":true,"href":"https:\/\/ebanti.com\/zen\/es\/wp-json\/wp\/v2\/product_cat?post=2139"},{"taxonomy":"product_tag","embeddable":true,"href":"https:\/\/ebanti.com\/zen\/es\/wp-json\/wp\/v2\/product_tag?post=2139"}],"curies":[{"name":"wp","href":"https:\/\/api.w.org\/{rel}","templated":true}]}}