{"id":57,"date":"2023-09-27T12:27:50","date_gmt":"2023-09-27T12:27:50","guid":{"rendered":"https:\/\/ebanti.com\/tienda\/?post_type=product&#038;p=57"},"modified":"2023-10-08T06:00:33","modified_gmt":"2023-10-08T06:00:33","slug":"doxungoo-mochila-antirrobo","status":"publish","type":"product","link":"https:\/\/ebanti.com\/tienda\/producto\/doxungoo-mochila-antirrobo\/","title":{"rendered":"DOXUNGOO Mochila antirrobo"},"content":{"rendered":"<ul class=\"a-unordered-list a-vertical a-spacing-mini\">\n<li class=\"a-spacing-mini\"><span class=\"a-list-item\">Revestimiento de Poli\u00e9ster<\/span><\/li>\n<li class=\"a-spacing-mini\"><span class=\"a-list-item\">Material externo de mochila negocio 15.6 es Oxford tela y lado interior usando poli\u00e9ster, el uso de telas impermeables, el agua no penetra, las gotas de agua caen de forma autom\u00e1tica, los d\u00edas de lluvia no tienen miedo de mojado. hombro hacia atr\u00e1s con tela de malla de panal de abeja, transpirable, transpiraci\u00f3n, descompresi\u00f3n<\/span><\/li>\n<li class=\"a-spacing-mini\"><span class=\"a-list-item\">Multi dise\u00f1os especiales: bloqueo antirrobo + puerto de carga USB port + auriculares + dise\u00f1o de la tira reflectante; gafas de sol de dise\u00f1o de la correa + puerto de la tarjeta de la correa de hombro; La correa trasera puede arreglar mochila en la caja del equipaje.<\/span><\/li>\n<li class=\"a-spacing-mini\"><span class=\"a-list-item\">Correas acolchadas Curva dos &#8216;S&#8217; con extra-espesor y dise\u00f1o ultra transpirable, ofrece una luz-Carga de peso y de la fuerza de Refuerzo<\/span><\/li>\n<li class=\"a-spacing-mini\"><span class=\"a-list-item\">La mejor protecci\u00f3n: Resistente al agua, la espalda y la parte inferior de la mochila, la parte delantera del compartimento de manguito principal y un ordenador port\u00e1til son EPE amortiguado as\u00ed para proteger su ordenador port\u00e1til y otros art\u00edculos.<\/span><\/li>\n<li class=\"a-spacing-mini\"><span class=\"a-list-item\">Multifunci\u00f3n para cada ocasi\u00f3n, Perfecta para viajes de negocios, escapadas de fin de semana, ir a la universidad, ir de compras y otras actividades al aire libre en la vida diaria\uff0cDeportes (baloncesto, f\u00fatbol, voleibol, gimnasio)&lt;br&gt; Servicio postventa: Garant\u00eda de satisfacci\u00f3n del 100% garantice el retorno incondicional de los problemas de calidad en un plazo de 90 d\u00edas.,Si tiene alguna pregunta sobre el producto, contacte a DOXUNGO.<\/span><\/li>\n<\/ul>\n","protected":false},"excerpt":{"rendered":"<p>DOXUNGOO Mochila antirrobo, Unisex Mochila impermeable con puerto de carga USB Interfaz para auriculares y bloqueo con contrase\u00f1a con la red de baloncesto, Mochila para Port\u00e1til de 12-15.6 (Negro)<\/p>\n","protected":false},"featured_media":58,"comment_status":"open","ping_status":"closed","template":"","meta":{"_uag_custom_page_level_css":"","_joinchat":[]},"product_cat":[23],"product_tag":[],"class_list":["post-57","product","type-product","status-publish","has-post-thumbnail","hentry","product_cat-mochilas"],"uagb_featured_image_src":{"full":["https:\/\/ebanti.com\/tienda\/wp-content\/uploads\/2023\/09\/71A5VZ-hFJL._AC_SX679_.jpg",679,735,false],"thumbnail":["https:\/\/ebanti.com\/tienda\/wp-content\/uploads\/2023\/09\/71A5VZ-hFJL._AC_SX679_-150x150.jpg",150,150,true],"medium":["https:\/\/ebanti.com\/tienda\/wp-content\/uploads\/2023\/09\/71A5VZ-hFJL._AC_SX679_-277x300.jpg",277,300,true],"medium_large":["https:\/\/ebanti.com\/tienda\/wp-content\/uploads\/2023\/09\/71A5VZ-hFJL._AC_SX679_.jpg",679,735,false],"large":["https:\/\/ebanti.com\/tienda\/wp-content\/uploads\/2023\/09\/71A5VZ-hFJL._AC_SX679_.jpg",679,735,false],"1536x1536":["https:\/\/ebanti.com\/tienda\/wp-content\/uploads\/2023\/09\/71A5VZ-hFJL._AC_SX679_.jpg",679,735,false],"2048x2048":["https:\/\/ebanti.com\/tienda\/wp-content\/uploads\/2023\/09\/71A5VZ-hFJL._AC_SX679_.jpg",679,735,false],"the_grid_size1":["https:\/\/ebanti.com\/tienda\/wp-content\/uploads\/2023\/09\/71A5VZ-hFJL._AC_SX679_.jpg",462,500,false],"the_grid_size2":["https:\/\/ebanti.com\/tienda\/wp-content\/uploads\/2023\/09\/71A5VZ-hFJL._AC_SX679_.jpg",500,541,false],"the_grid_size3":["https:\/\/ebanti.com\/tienda\/wp-content\/uploads\/2023\/09\/71A5VZ-hFJL._AC_SX679_.jpg",462,500,false],"the_grid_size4":["https:\/\/ebanti.com\/tienda\/wp-content\/uploads\/2023\/09\/71A5VZ-hFJL._AC_SX679_.jpg",679,735,false],"the_grid_size5":["https:\/\/ebanti.com\/tienda\/wp-content\/uploads\/2023\/09\/71A5VZ-hFJL._AC_SX679_.jpg",500,541,false],"woocommerce_thumbnail":["https:\/\/ebanti.com\/tienda\/wp-content\/uploads\/2023\/09\/71A5VZ-hFJL._AC_SX679_-300x300.jpg",300,300,true],"woocommerce_single":["https:\/\/ebanti.com\/tienda\/wp-content\/uploads\/2023\/09\/71A5VZ-hFJL._AC_SX679_-600x649.jpg",600,649,true],"woocommerce_gallery_thumbnail":["https:\/\/ebanti.com\/tienda\/wp-content\/uploads\/2023\/09\/71A5VZ-hFJL._AC_SX679_-100x100.jpg",100,100,true],"portfolio_item-thumbnail":["https:\/\/ebanti.com\/tienda\/wp-content\/uploads\/2023\/09\/71A5VZ-hFJL._AC_SX679_-600x400.jpg",600,400,true],"portfolio_item-thumbnail@2x":["https:\/\/ebanti.com\/tienda\/wp-content\/uploads\/2023\/09\/71A5VZ-hFJL._AC_SX679_.jpg",679,735,false],"portfolio_item-masonry":["https:\/\/ebanti.com\/tienda\/wp-content\/uploads\/2023\/09\/71A5VZ-hFJL._AC_SX679_-600x649.jpg",600,649,true],"portfolio_item-masonry@2x":["https:\/\/ebanti.com\/tienda\/wp-content\/uploads\/2023\/09\/71A5VZ-hFJL._AC_SX679_.jpg",679,735,false],"portfolio_item-thumbnail_cinema":["https:\/\/ebanti.com\/tienda\/wp-content\/uploads\/2023\/09\/71A5VZ-hFJL._AC_SX679_-679x335.jpg",679,335,true],"portfolio_item-thumbnail_portrait":["https:\/\/ebanti.com\/tienda\/wp-content\/uploads\/2023\/09\/71A5VZ-hFJL._AC_SX679_-600x735.jpg",600,735,true],"portfolio_item-thumbnail_portrait@2x":["https:\/\/ebanti.com\/tienda\/wp-content\/uploads\/2023\/09\/71A5VZ-hFJL._AC_SX679_.jpg",679,735,false],"portfolio_item-thumbnail_square":["https:\/\/ebanti.com\/tienda\/wp-content\/uploads\/2023\/09\/71A5VZ-hFJL._AC_SX679_.jpg",679,735,false]},"uagb_author_info":{"display_name":"soporte@ebanti.com","author_link":"https:\/\/ebanti.com\/tienda\/author\/"},"uagb_comment_info":0,"uagb_excerpt":"DOXUNGOO Mochila antirrobo, Unisex Mochila impermeable con puerto de carga USB Interfaz para auriculares y bloqueo con contrase\u00f1a con la red de baloncesto, Mochila para Port\u00e1til de 12-15.6 (Negro)","featured_media_urls":{"thumbnail":["https:\/\/ebanti.com\/tienda\/wp-content\/uploads\/2023\/09\/71A5VZ-hFJL._AC_SX679_-150x150.jpg",150,150,true],"medium":["https:\/\/ebanti.com\/tienda\/wp-content\/uploads\/2023\/09\/71A5VZ-hFJL._AC_SX679_-277x300.jpg",277,300,true],"medium_large":["https:\/\/ebanti.com\/tienda\/wp-content\/uploads\/2023\/09\/71A5VZ-hFJL._AC_SX679_.jpg",679,735,false],"large":["https:\/\/ebanti.com\/tienda\/wp-content\/uploads\/2023\/09\/71A5VZ-hFJL._AC_SX679_.jpg",679,735,false],"1536x1536":["https:\/\/ebanti.com\/tienda\/wp-content\/uploads\/2023\/09\/71A5VZ-hFJL._AC_SX679_.jpg",679,735,false],"2048x2048":["https:\/\/ebanti.com\/tienda\/wp-content\/uploads\/2023\/09\/71A5VZ-hFJL._AC_SX679_.jpg",679,735,false],"the_grid_size1":["https:\/\/ebanti.com\/tienda\/wp-content\/uploads\/2023\/09\/71A5VZ-hFJL._AC_SX679_.jpg",462,500,false],"the_grid_size2":["https:\/\/ebanti.com\/tienda\/wp-content\/uploads\/2023\/09\/71A5VZ-hFJL._AC_SX679_.jpg",500,541,false],"the_grid_size3":["https:\/\/ebanti.com\/tienda\/wp-content\/uploads\/2023\/09\/71A5VZ-hFJL._AC_SX679_.jpg",462,500,false],"the_grid_size4":["https:\/\/ebanti.com\/tienda\/wp-content\/uploads\/2023\/09\/71A5VZ-hFJL._AC_SX679_.jpg",679,735,false],"the_grid_size5":["https:\/\/ebanti.com\/tienda\/wp-content\/uploads\/2023\/09\/71A5VZ-hFJL._AC_SX679_.jpg",500,541,false],"woocommerce_thumbnail":["https:\/\/ebanti.com\/tienda\/wp-content\/uploads\/2023\/09\/71A5VZ-hFJL._AC_SX679_-300x300.jpg",300,300,true],"woocommerce_single":["https:\/\/ebanti.com\/tienda\/wp-content\/uploads\/2023\/09\/71A5VZ-hFJL._AC_SX679_-600x649.jpg",600,649,true],"woocommerce_gallery_thumbnail":["https:\/\/ebanti.com\/tienda\/wp-content\/uploads\/2023\/09\/71A5VZ-hFJL._AC_SX679_-100x100.jpg",100,100,true],"portfolio_item-thumbnail":["https:\/\/ebanti.com\/tienda\/wp-content\/uploads\/2023\/09\/71A5VZ-hFJL._AC_SX679_-600x400.jpg",600,400,true],"portfolio_item-thumbnail@2x":["https:\/\/ebanti.com\/tienda\/wp-content\/uploads\/2023\/09\/71A5VZ-hFJL._AC_SX679_.jpg",679,735,false],"portfolio_item-masonry":["https:\/\/ebanti.com\/tienda\/wp-content\/uploads\/2023\/09\/71A5VZ-hFJL._AC_SX679_-600x649.jpg",600,649,true],"portfolio_item-masonry@2x":["https:\/\/ebanti.com\/tienda\/wp-content\/uploads\/2023\/09\/71A5VZ-hFJL._AC_SX679_.jpg",679,735,false],"portfolio_item-thumbnail_cinema":["https:\/\/ebanti.com\/tienda\/wp-content\/uploads\/2023\/09\/71A5VZ-hFJL._AC_SX679_-679x335.jpg",679,335,true],"portfolio_item-thumbnail_portrait":["https:\/\/ebanti.com\/tienda\/wp-content\/uploads\/2023\/09\/71A5VZ-hFJL._AC_SX679_-600x735.jpg",600,735,true],"portfolio_item-thumbnail_portrait@2x":["https:\/\/ebanti.com\/tienda\/wp-content\/uploads\/2023\/09\/71A5VZ-hFJL._AC_SX679_.jpg",679,735,false],"portfolio_item-thumbnail_square":["https:\/\/ebanti.com\/tienda\/wp-content\/uploads\/2023\/09\/71A5VZ-hFJL._AC_SX679_.jpg",679,735,false]},"_links":{"self":[{"href":"https:\/\/ebanti.com\/tienda\/wp-json\/wp\/v2\/product\/57","targetHints":{"allow":["GET"]}}],"collection":[{"href":"https:\/\/ebanti.com\/tienda\/wp-json\/wp\/v2\/product"}],"about":[{"href":"https:\/\/ebanti.com\/tienda\/wp-json\/wp\/v2\/types\/product"}],"replies":[{"embeddable":true,"href":"https:\/\/ebanti.com\/tienda\/wp-json\/wp\/v2\/comments?post=57"}],"wp:featuredmedia":[{"embeddable":true,"href":"https:\/\/ebanti.com\/tienda\/wp-json\/wp\/v2\/media\/58"}],"wp:attachment":[{"href":"https:\/\/ebanti.com\/tienda\/wp-json\/wp\/v2\/media?parent=57"}],"wp:term":[{"taxonomy":"product_cat","embeddable":true,"href":"https:\/\/ebanti.com\/tienda\/wp-json\/wp\/v2\/product_cat?post=57"},{"taxonomy":"product_tag","embeddable":true,"href":"https:\/\/ebanti.com\/tienda\/wp-json\/wp\/v2\/product_tag?post=57"}],"curies":[{"name":"wp","href":"https:\/\/api.w.org\/{rel}","templated":true}]}}