{"id":392,"date":"2023-09-29T06:21:37","date_gmt":"2023-09-29T06:21:37","guid":{"rendered":"https:\/\/ebanti.com\/tienda\/?post_type=product&#038;p=392"},"modified":"2023-10-04T07:38:46","modified_gmt":"2023-10-04T07:38:46","slug":"el-guerrero-dragon-una-novela-de-fantasia-epica","status":"publish","type":"product","link":"https:\/\/ebanti.com\/tienda\/producto\/el-guerrero-dragon-una-novela-de-fantasia-epica\/","title":{"rendered":"El guerrero drag\u00f3n: Una novela de fantas\u00eda \u00e9pica"},"content":{"rendered":"<p>Ad\u00e9ntrate en el mundo m\u00e1gico de Argoth con &#8220;El Guerrero Drag\u00f3n: Enfrentando las Tinieblas&#8221;, la emocionante segunda entrega de la serie. La ciudad est\u00e1 en peligro: un despiadado hechicero asesino y un siniestro fantasma acechan sus calles, sembrando el caos. Degoth ek\u2019Degoth, el valiente guerrero drag\u00f3n, se une a la intr\u00e9pida sargento Dina en una b\u00fasqueda desesperada para detener esta oscura amenaza. Con inteligencia, coraje y determinaci\u00f3n, enfrentar\u00e1n criaturas monstruosas, desentra\u00f1ar\u00e1n misterios ancestrales y desafiar\u00e1n a un hechicero de las sombras decidido a destruirlos.<\/p>\n<p>Esta novela de fantas\u00eda \u00e9pica est\u00e1 impregnada de aventura, misterio y acci\u00f3n, llevando a los lectores a trav\u00e9s de un viaje emocionante lleno de giros inesperados. Aunque es el segundo libro de la serie, &#8220;El Guerrero Drag\u00f3n: Enfrentando las Tinieblas&#8221; puede disfrutarse de manera independiente, sumergi\u00e9ndote en un mundo vibrante donde el valor y la determinaci\u00f3n se enfrentan a fuerzas oscuras inimaginables. \u00bfPodr\u00e1n Degoth y Dina salvar Argoth y vencer al hechicero de las tinieblas? Desc\u00fabrelo en esta apasionante historia que te dejar\u00e1 sin aliento.<\/p>\n<p>&nbsp;<\/p>\n","protected":false},"excerpt":{"rendered":"<p><em>Emb\u00e1rcate en una \u00e9pica aventura con &#8220;El Guerrero Drag\u00f3n: Enfrentando las Tinieblas&#8221;. Sigue a Degoth ek\u2019Degoth y la intr\u00e9pida sargento Dina mientras enfrentan a un hechicero oscuro en la ciudad de Argoth. Una historia de coraje, misterio y valent\u00eda que te mantendr\u00e1 en vilo.<\/em><\/p>\n","protected":false},"featured_media":415,"comment_status":"open","ping_status":"closed","template":"","meta":{"_uag_custom_page_level_css":"","_joinchat":[]},"product_cat":[25,27],"product_tag":[],"class_list":["post-392","product","type-product","status-publish","has-post-thumbnail","hentry","product_cat-libros","product_cat-literatura-fantastica"],"uagb_featured_image_src":{"full":["https:\/\/ebanti.com\/tienda\/wp-content\/uploads\/2023\/09\/61Pqy8twp2L._SY342_.jpg",228,342,false],"thumbnail":["https:\/\/ebanti.com\/tienda\/wp-content\/uploads\/2023\/09\/61Pqy8twp2L._SY342_-150x150.jpg",150,150,true],"medium":["https:\/\/ebanti.com\/tienda\/wp-content\/uploads\/2023\/09\/61Pqy8twp2L._SY342_-200x300.jpg",200,300,true],"medium_large":["https:\/\/ebanti.com\/tienda\/wp-content\/uploads\/2023\/09\/61Pqy8twp2L._SY342_.jpg",228,342,false],"large":["https:\/\/ebanti.com\/tienda\/wp-content\/uploads\/2023\/09\/61Pqy8twp2L._SY342_.jpg",228,342,false],"1536x1536":["https:\/\/ebanti.com\/tienda\/wp-content\/uploads\/2023\/09\/61Pqy8twp2L._SY342_.jpg",228,342,false],"2048x2048":["https:\/\/ebanti.com\/tienda\/wp-content\/uploads\/2023\/09\/61Pqy8twp2L._SY342_.jpg",228,342,false],"the_grid_size1":["https:\/\/ebanti.com\/tienda\/wp-content\/uploads\/2023\/09\/61Pqy8twp2L._SY342_.jpg",228,342,false],"the_grid_size2":["https:\/\/ebanti.com\/tienda\/wp-content\/uploads\/2023\/09\/61Pqy8twp2L._SY342_.jpg",228,342,false],"the_grid_size3":["https:\/\/ebanti.com\/tienda\/wp-content\/uploads\/2023\/09\/61Pqy8twp2L._SY342_.jpg",228,342,false],"the_grid_size4":["https:\/\/ebanti.com\/tienda\/wp-content\/uploads\/2023\/09\/61Pqy8twp2L._SY342_.jpg",228,342,false],"the_grid_size5":["https:\/\/ebanti.com\/tienda\/wp-content\/uploads\/2023\/09\/61Pqy8twp2L._SY342_.jpg",228,342,false],"woocommerce_thumbnail":["https:\/\/ebanti.com\/tienda\/wp-content\/uploads\/2023\/09\/61Pqy8twp2L._SY342_-228x300.jpg",228,300,true],"woocommerce_single":["https:\/\/ebanti.com\/tienda\/wp-content\/uploads\/2023\/09\/61Pqy8twp2L._SY342_.jpg",228,342,false],"woocommerce_gallery_thumbnail":["https:\/\/ebanti.com\/tienda\/wp-content\/uploads\/2023\/09\/61Pqy8twp2L._SY342_-100x100.jpg",100,100,true],"portfolio_item-thumbnail":["https:\/\/ebanti.com\/tienda\/wp-content\/uploads\/2023\/09\/61Pqy8twp2L._SY342_.jpg",228,342,false],"portfolio_item-thumbnail@2x":["https:\/\/ebanti.com\/tienda\/wp-content\/uploads\/2023\/09\/61Pqy8twp2L._SY342_.jpg",228,342,false],"portfolio_item-masonry":["https:\/\/ebanti.com\/tienda\/wp-content\/uploads\/2023\/09\/61Pqy8twp2L._SY342_.jpg",228,342,false],"portfolio_item-masonry@2x":["https:\/\/ebanti.com\/tienda\/wp-content\/uploads\/2023\/09\/61Pqy8twp2L._SY342_.jpg",228,342,false],"portfolio_item-thumbnail_cinema":["https:\/\/ebanti.com\/tienda\/wp-content\/uploads\/2023\/09\/61Pqy8twp2L._SY342_-228x335.jpg",228,335,true],"portfolio_item-thumbnail_portrait":["https:\/\/ebanti.com\/tienda\/wp-content\/uploads\/2023\/09\/61Pqy8twp2L._SY342_.jpg",228,342,false],"portfolio_item-thumbnail_portrait@2x":["https:\/\/ebanti.com\/tienda\/wp-content\/uploads\/2023\/09\/61Pqy8twp2L._SY342_.jpg",228,342,false],"portfolio_item-thumbnail_square":["https:\/\/ebanti.com\/tienda\/wp-content\/uploads\/2023\/09\/61Pqy8twp2L._SY342_.jpg",228,342,false]},"uagb_author_info":{"display_name":"soporte@ebanti.com","author_link":"https:\/\/ebanti.com\/tienda\/author\/"},"uagb_comment_info":0,"uagb_excerpt":"Emb\u00e1rcate en una \u00e9pica aventura con \"El Guerrero Drag\u00f3n: Enfrentando las Tinieblas\". Sigue a Degoth ek\u2019Degoth y la intr\u00e9pida sargento Dina mientras enfrentan a un hechicero oscuro en la ciudad de Argoth. Una historia de coraje, misterio y valent\u00eda que te mantendr\u00e1 en vilo.","featured_media_urls":{"thumbnail":["https:\/\/ebanti.com\/tienda\/wp-content\/uploads\/2023\/09\/61Pqy8twp2L._SY342_-150x150.jpg",150,150,true],"medium":["https:\/\/ebanti.com\/tienda\/wp-content\/uploads\/2023\/09\/61Pqy8twp2L._SY342_-200x300.jpg",200,300,true],"medium_large":["https:\/\/ebanti.com\/tienda\/wp-content\/uploads\/2023\/09\/61Pqy8twp2L._SY342_.jpg",228,342,false],"large":["https:\/\/ebanti.com\/tienda\/wp-content\/uploads\/2023\/09\/61Pqy8twp2L._SY342_.jpg",228,342,false],"1536x1536":["https:\/\/ebanti.com\/tienda\/wp-content\/uploads\/2023\/09\/61Pqy8twp2L._SY342_.jpg",228,342,false],"2048x2048":["https:\/\/ebanti.com\/tienda\/wp-content\/uploads\/2023\/09\/61Pqy8twp2L._SY342_.jpg",228,342,false],"the_grid_size1":["https:\/\/ebanti.com\/tienda\/wp-content\/uploads\/2023\/09\/61Pqy8twp2L._SY342_.jpg",228,342,false],"the_grid_size2":["https:\/\/ebanti.com\/tienda\/wp-content\/uploads\/2023\/09\/61Pqy8twp2L._SY342_.jpg",228,342,false],"the_grid_size3":["https:\/\/ebanti.com\/tienda\/wp-content\/uploads\/2023\/09\/61Pqy8twp2L._SY342_.jpg",228,342,false],"the_grid_size4":["https:\/\/ebanti.com\/tienda\/wp-content\/uploads\/2023\/09\/61Pqy8twp2L._SY342_.jpg",228,342,false],"the_grid_size5":["https:\/\/ebanti.com\/tienda\/wp-content\/uploads\/2023\/09\/61Pqy8twp2L._SY342_.jpg",228,342,false],"woocommerce_thumbnail":["https:\/\/ebanti.com\/tienda\/wp-content\/uploads\/2023\/09\/61Pqy8twp2L._SY342_-228x300.jpg",228,300,true],"woocommerce_single":["https:\/\/ebanti.com\/tienda\/wp-content\/uploads\/2023\/09\/61Pqy8twp2L._SY342_.jpg",228,342,false],"woocommerce_gallery_thumbnail":["https:\/\/ebanti.com\/tienda\/wp-content\/uploads\/2023\/09\/61Pqy8twp2L._SY342_-100x100.jpg",100,100,true],"portfolio_item-thumbnail":["https:\/\/ebanti.com\/tienda\/wp-content\/uploads\/2023\/09\/61Pqy8twp2L._SY342_.jpg",228,342,false],"portfolio_item-thumbnail@2x":["https:\/\/ebanti.com\/tienda\/wp-content\/uploads\/2023\/09\/61Pqy8twp2L._SY342_.jpg",228,342,false],"portfolio_item-masonry":["https:\/\/ebanti.com\/tienda\/wp-content\/uploads\/2023\/09\/61Pqy8twp2L._SY342_.jpg",228,342,false],"portfolio_item-masonry@2x":["https:\/\/ebanti.com\/tienda\/wp-content\/uploads\/2023\/09\/61Pqy8twp2L._SY342_.jpg",228,342,false],"portfolio_item-thumbnail_cinema":["https:\/\/ebanti.com\/tienda\/wp-content\/uploads\/2023\/09\/61Pqy8twp2L._SY342_-228x335.jpg",228,335,true],"portfolio_item-thumbnail_portrait":["https:\/\/ebanti.com\/tienda\/wp-content\/uploads\/2023\/09\/61Pqy8twp2L._SY342_.jpg",228,342,false],"portfolio_item-thumbnail_portrait@2x":["https:\/\/ebanti.com\/tienda\/wp-content\/uploads\/2023\/09\/61Pqy8twp2L._SY342_.jpg",228,342,false],"portfolio_item-thumbnail_square":["https:\/\/ebanti.com\/tienda\/wp-content\/uploads\/2023\/09\/61Pqy8twp2L._SY342_.jpg",228,342,false]},"_links":{"self":[{"href":"https:\/\/ebanti.com\/tienda\/wp-json\/wp\/v2\/product\/392","targetHints":{"allow":["GET"]}}],"collection":[{"href":"https:\/\/ebanti.com\/tienda\/wp-json\/wp\/v2\/product"}],"about":[{"href":"https:\/\/ebanti.com\/tienda\/wp-json\/wp\/v2\/types\/product"}],"replies":[{"embeddable":true,"href":"https:\/\/ebanti.com\/tienda\/wp-json\/wp\/v2\/comments?post=392"}],"wp:featuredmedia":[{"embeddable":true,"href":"https:\/\/ebanti.com\/tienda\/wp-json\/wp\/v2\/media\/415"}],"wp:attachment":[{"href":"https:\/\/ebanti.com\/tienda\/wp-json\/wp\/v2\/media?parent=392"}],"wp:term":[{"taxonomy":"product_cat","embeddable":true,"href":"https:\/\/ebanti.com\/tienda\/wp-json\/wp\/v2\/product_cat?post=392"},{"taxonomy":"product_tag","embeddable":true,"href":"https:\/\/ebanti.com\/tienda\/wp-json\/wp\/v2\/product_tag?post=392"}],"curies":[{"name":"wp","href":"https:\/\/api.w.org\/{rel}","templated":true}]}}