{"id":391,"date":"2023-09-29T06:21:37","date_gmt":"2023-09-29T06:21:37","guid":{"rendered":"https:\/\/ebanti.com\/tienda\/?post_type=product&#038;p=391"},"modified":"2023-09-29T07:04:53","modified_gmt":"2023-09-29T07:04:53","slug":"new-product-17","status":"publish","type":"product","link":"https:\/\/ebanti.com\/tienda\/producto\/new-product-17\/","title":{"rendered":"Entre Realidad y Fantas\u00eda. Cuentos cortos. No es todo lo que parece"},"content":{"rendered":"<p>&#8220;Entre realidad y Fantas\u00eda&#8221; es una colecci\u00f3n de cuentos cortos que te llevar\u00e1n a un mundo lleno de fantas\u00eda y misterio. En estas historias, personajes comunes y corrientes se encuentran ante situaciones adversas y extra\u00f1as, enfrentando desaf\u00edos que los llevan a descubrir un universo m\u00e1gico y alterno al nuestro.<\/p>\n<p>Cada cuento te sumerge en una trama \u00fanica y emocionante, donde lo inesperado se vuelve cotidiano y lo m\u00e1gico se convierte en realidad. Las aventuras de los personajes te llevar\u00e1n a lugares que nunca imaginaste.<\/p>\n<p>Con una prosa cuidadosamente elaborada y una creatividad sin l\u00edmites, &#8220;Entre realidad y Fantas\u00eda&#8221; es una obra que encantar\u00e1 a todos los amantes de la fantas\u00eda y la literatura en general. Descubre un mundo lleno de sorpresas y aventuras, donde lo imposible se vuelve posible y la realidad se mezcla con la ficci\u00f3n.<\/p>\n","protected":false},"excerpt":{"rendered":"<p>Historias cortas, algunas m\u00edsticas, otras de amor de familia, entre abuelos y nietos. De esos lazos inquebrantables que llegan a hacer milagros. Otras que salen de la fuerza de nuestro interior. Y otras solo de situaciones extraordinarias de la vida que no tienen explicaci\u00f3n-<\/p>\n","protected":false},"featured_media":414,"comment_status":"open","ping_status":"closed","template":"","meta":{"_uag_custom_page_level_css":"","_joinchat":[]},"product_cat":[25,27],"product_tag":[],"class_list":["post-391","product","type-product","status-publish","has-post-thumbnail","hentry","product_cat-libros","product_cat-literatura-fantastica"],"uagb_featured_image_src":{"full":["https:\/\/ebanti.com\/tienda\/wp-content\/uploads\/2023\/09\/61S6qkxA2rL._SY342_.jpg",214,342,false],"thumbnail":["https:\/\/ebanti.com\/tienda\/wp-content\/uploads\/2023\/09\/61S6qkxA2rL._SY342_-150x150.jpg",150,150,true],"medium":["https:\/\/ebanti.com\/tienda\/wp-content\/uploads\/2023\/09\/61S6qkxA2rL._SY342_-188x300.jpg",188,300,true],"medium_large":["https:\/\/ebanti.com\/tienda\/wp-content\/uploads\/2023\/09\/61S6qkxA2rL._SY342_.jpg",214,342,false],"large":["https:\/\/ebanti.com\/tienda\/wp-content\/uploads\/2023\/09\/61S6qkxA2rL._SY342_.jpg",214,342,false],"1536x1536":["https:\/\/ebanti.com\/tienda\/wp-content\/uploads\/2023\/09\/61S6qkxA2rL._SY342_.jpg",214,342,false],"2048x2048":["https:\/\/ebanti.com\/tienda\/wp-content\/uploads\/2023\/09\/61S6qkxA2rL._SY342_.jpg",214,342,false],"the_grid_size1":["https:\/\/ebanti.com\/tienda\/wp-content\/uploads\/2023\/09\/61S6qkxA2rL._SY342_.jpg",214,342,false],"the_grid_size2":["https:\/\/ebanti.com\/tienda\/wp-content\/uploads\/2023\/09\/61S6qkxA2rL._SY342_.jpg",214,342,false],"the_grid_size3":["https:\/\/ebanti.com\/tienda\/wp-content\/uploads\/2023\/09\/61S6qkxA2rL._SY342_.jpg",214,342,false],"the_grid_size4":["https:\/\/ebanti.com\/tienda\/wp-content\/uploads\/2023\/09\/61S6qkxA2rL._SY342_.jpg",214,342,false],"the_grid_size5":["https:\/\/ebanti.com\/tienda\/wp-content\/uploads\/2023\/09\/61S6qkxA2rL._SY342_.jpg",214,342,false],"woocommerce_thumbnail":["https:\/\/ebanti.com\/tienda\/wp-content\/uploads\/2023\/09\/61S6qkxA2rL._SY342_-214x300.jpg",214,300,true],"woocommerce_single":["https:\/\/ebanti.com\/tienda\/wp-content\/uploads\/2023\/09\/61S6qkxA2rL._SY342_.jpg",214,342,false],"woocommerce_gallery_thumbnail":["https:\/\/ebanti.com\/tienda\/wp-content\/uploads\/2023\/09\/61S6qkxA2rL._SY342_-100x100.jpg",100,100,true],"portfolio_item-thumbnail":["https:\/\/ebanti.com\/tienda\/wp-content\/uploads\/2023\/09\/61S6qkxA2rL._SY342_.jpg",214,342,false],"portfolio_item-thumbnail@2x":["https:\/\/ebanti.com\/tienda\/wp-content\/uploads\/2023\/09\/61S6qkxA2rL._SY342_.jpg",214,342,false],"portfolio_item-masonry":["https:\/\/ebanti.com\/tienda\/wp-content\/uploads\/2023\/09\/61S6qkxA2rL._SY342_.jpg",214,342,false],"portfolio_item-masonry@2x":["https:\/\/ebanti.com\/tienda\/wp-content\/uploads\/2023\/09\/61S6qkxA2rL._SY342_.jpg",214,342,false],"portfolio_item-thumbnail_cinema":["https:\/\/ebanti.com\/tienda\/wp-content\/uploads\/2023\/09\/61S6qkxA2rL._SY342_-214x335.jpg",214,335,true],"portfolio_item-thumbnail_portrait":["https:\/\/ebanti.com\/tienda\/wp-content\/uploads\/2023\/09\/61S6qkxA2rL._SY342_.jpg",214,342,false],"portfolio_item-thumbnail_portrait@2x":["https:\/\/ebanti.com\/tienda\/wp-content\/uploads\/2023\/09\/61S6qkxA2rL._SY342_.jpg",214,342,false],"portfolio_item-thumbnail_square":["https:\/\/ebanti.com\/tienda\/wp-content\/uploads\/2023\/09\/61S6qkxA2rL._SY342_.jpg",214,342,false]},"uagb_author_info":{"display_name":"soporte@ebanti.com","author_link":"https:\/\/ebanti.com\/tienda\/author\/"},"uagb_comment_info":0,"uagb_excerpt":"Historias cortas, algunas m\u00edsticas, otras de amor de familia, entre abuelos y nietos. De esos lazos inquebrantables que llegan a hacer milagros. Otras que salen de la fuerza de nuestro interior. Y otras solo de situaciones extraordinarias de la vida que no tienen explicaci\u00f3n-","featured_media_urls":{"thumbnail":["https:\/\/ebanti.com\/tienda\/wp-content\/uploads\/2023\/09\/61S6qkxA2rL._SY342_-150x150.jpg",150,150,true],"medium":["https:\/\/ebanti.com\/tienda\/wp-content\/uploads\/2023\/09\/61S6qkxA2rL._SY342_-188x300.jpg",188,300,true],"medium_large":["https:\/\/ebanti.com\/tienda\/wp-content\/uploads\/2023\/09\/61S6qkxA2rL._SY342_.jpg",214,342,false],"large":["https:\/\/ebanti.com\/tienda\/wp-content\/uploads\/2023\/09\/61S6qkxA2rL._SY342_.jpg",214,342,false],"1536x1536":["https:\/\/ebanti.com\/tienda\/wp-content\/uploads\/2023\/09\/61S6qkxA2rL._SY342_.jpg",214,342,false],"2048x2048":["https:\/\/ebanti.com\/tienda\/wp-content\/uploads\/2023\/09\/61S6qkxA2rL._SY342_.jpg",214,342,false],"the_grid_size1":["https:\/\/ebanti.com\/tienda\/wp-content\/uploads\/2023\/09\/61S6qkxA2rL._SY342_.jpg",214,342,false],"the_grid_size2":["https:\/\/ebanti.com\/tienda\/wp-content\/uploads\/2023\/09\/61S6qkxA2rL._SY342_.jpg",214,342,false],"the_grid_size3":["https:\/\/ebanti.com\/tienda\/wp-content\/uploads\/2023\/09\/61S6qkxA2rL._SY342_.jpg",214,342,false],"the_grid_size4":["https:\/\/ebanti.com\/tienda\/wp-content\/uploads\/2023\/09\/61S6qkxA2rL._SY342_.jpg",214,342,false],"the_grid_size5":["https:\/\/ebanti.com\/tienda\/wp-content\/uploads\/2023\/09\/61S6qkxA2rL._SY342_.jpg",214,342,false],"woocommerce_thumbnail":["https:\/\/ebanti.com\/tienda\/wp-content\/uploads\/2023\/09\/61S6qkxA2rL._SY342_-214x300.jpg",214,300,true],"woocommerce_single":["https:\/\/ebanti.com\/tienda\/wp-content\/uploads\/2023\/09\/61S6qkxA2rL._SY342_.jpg",214,342,false],"woocommerce_gallery_thumbnail":["https:\/\/ebanti.com\/tienda\/wp-content\/uploads\/2023\/09\/61S6qkxA2rL._SY342_-100x100.jpg",100,100,true],"portfolio_item-thumbnail":["https:\/\/ebanti.com\/tienda\/wp-content\/uploads\/2023\/09\/61S6qkxA2rL._SY342_.jpg",214,342,false],"portfolio_item-thumbnail@2x":["https:\/\/ebanti.com\/tienda\/wp-content\/uploads\/2023\/09\/61S6qkxA2rL._SY342_.jpg",214,342,false],"portfolio_item-masonry":["https:\/\/ebanti.com\/tienda\/wp-content\/uploads\/2023\/09\/61S6qkxA2rL._SY342_.jpg",214,342,false],"portfolio_item-masonry@2x":["https:\/\/ebanti.com\/tienda\/wp-content\/uploads\/2023\/09\/61S6qkxA2rL._SY342_.jpg",214,342,false],"portfolio_item-thumbnail_cinema":["https:\/\/ebanti.com\/tienda\/wp-content\/uploads\/2023\/09\/61S6qkxA2rL._SY342_-214x335.jpg",214,335,true],"portfolio_item-thumbnail_portrait":["https:\/\/ebanti.com\/tienda\/wp-content\/uploads\/2023\/09\/61S6qkxA2rL._SY342_.jpg",214,342,false],"portfolio_item-thumbnail_portrait@2x":["https:\/\/ebanti.com\/tienda\/wp-content\/uploads\/2023\/09\/61S6qkxA2rL._SY342_.jpg",214,342,false],"portfolio_item-thumbnail_square":["https:\/\/ebanti.com\/tienda\/wp-content\/uploads\/2023\/09\/61S6qkxA2rL._SY342_.jpg",214,342,false]},"_links":{"self":[{"href":"https:\/\/ebanti.com\/tienda\/wp-json\/wp\/v2\/product\/391","targetHints":{"allow":["GET"]}}],"collection":[{"href":"https:\/\/ebanti.com\/tienda\/wp-json\/wp\/v2\/product"}],"about":[{"href":"https:\/\/ebanti.com\/tienda\/wp-json\/wp\/v2\/types\/product"}],"replies":[{"embeddable":true,"href":"https:\/\/ebanti.com\/tienda\/wp-json\/wp\/v2\/comments?post=391"}],"wp:featuredmedia":[{"embeddable":true,"href":"https:\/\/ebanti.com\/tienda\/wp-json\/wp\/v2\/media\/414"}],"wp:attachment":[{"href":"https:\/\/ebanti.com\/tienda\/wp-json\/wp\/v2\/media?parent=391"}],"wp:term":[{"taxonomy":"product_cat","embeddable":true,"href":"https:\/\/ebanti.com\/tienda\/wp-json\/wp\/v2\/product_cat?post=391"},{"taxonomy":"product_tag","embeddable":true,"href":"https:\/\/ebanti.com\/tienda\/wp-json\/wp\/v2\/product_tag?post=391"}],"curies":[{"name":"wp","href":"https:\/\/api.w.org\/{rel}","templated":true}]}}