{"id":390,"date":"2023-09-29T06:21:37","date_gmt":"2023-09-29T06:21:37","guid":{"rendered":"https:\/\/ebanti.com\/tienda\/?post_type=product&#038;p=390"},"modified":"2023-09-29T07:04:52","modified_gmt":"2023-09-29T07:04:52","slug":"new-product-16","status":"publish","type":"product","link":"https:\/\/ebanti.com\/tienda\/producto\/new-product-16\/","title":{"rendered":"El Amanecer de los Lobos: Lobos de Mooncrest Falls 1"},"content":{"rendered":"<p>Lady Fay VonDarach sirvi\u00f3 por tanto tiempo que ya no recuerda lo que se siente recibir una palabra amable. Es la heredera de su casa, y sin m\u00e1s, la vender\u00e1n como a una vaca ordinaria; el matrimonio puede significar una oportunidad de huir del yugo de su madrastra abusiva, o caer en las manos de un marido que resulte a\u00fan peor.<\/p>\n<p>Y no puede hacer nada al respecto.<\/p>\n<p>Por lo menos\u2026 no hasta que su prometido desaparece.<\/p>\n<p>Con un tratado comercial en juego, \u00bfQui\u00e9n se atrever\u00e1 a arrodillarse y pronunciar los votos?<\/p>\n<p>Sir Camron de los Ojos Plateados ya tiene suficientes problemas: se acerca el verano y el Valle Hundido es propenso a las inundaciones, debe mejorar las defensas y proteger al pueblo. No tiene tiempo para esposas no planeadas. De hecho, no pensaba buscar pareja, nunca\u2026 \u00e9l no cree que exista la mujer capaz de aceptarle tal como es, a\u00fan con todas sus virtudes.<\/p>\n<p>El destino le demostrar\u00e1 que no todo es tan sombr\u00edo.<\/p>\n","protected":false},"excerpt":{"rendered":"<p>Esta es una historia sobre dos personas no tan comunes marcadas por circunstancias que no pueden controlar, dispuestos a demostrar al otro su verdadero valor. No quieren fallar. No quieren estar solos. No hay vuelta atr\u00e1s.<\/p>\n","protected":false},"featured_media":413,"comment_status":"open","ping_status":"closed","template":"","meta":{"_uag_custom_page_level_css":"","_joinchat":[]},"product_cat":[25,27],"product_tag":[],"class_list":["post-390","product","type-product","status-publish","has-post-thumbnail","hentry","product_cat-libros","product_cat-literatura-fantastica"],"uagb_featured_image_src":{"full":["https:\/\/ebanti.com\/tienda\/wp-content\/uploads\/2023\/09\/61QIz2llmzL._SY342_.jpg",229,342,false],"thumbnail":["https:\/\/ebanti.com\/tienda\/wp-content\/uploads\/2023\/09\/61QIz2llmzL._SY342_-150x150.jpg",150,150,true],"medium":["https:\/\/ebanti.com\/tienda\/wp-content\/uploads\/2023\/09\/61QIz2llmzL._SY342_-201x300.jpg",201,300,true],"medium_large":["https:\/\/ebanti.com\/tienda\/wp-content\/uploads\/2023\/09\/61QIz2llmzL._SY342_.jpg",229,342,false],"large":["https:\/\/ebanti.com\/tienda\/wp-content\/uploads\/2023\/09\/61QIz2llmzL._SY342_.jpg",229,342,false],"1536x1536":["https:\/\/ebanti.com\/tienda\/wp-content\/uploads\/2023\/09\/61QIz2llmzL._SY342_.jpg",229,342,false],"2048x2048":["https:\/\/ebanti.com\/tienda\/wp-content\/uploads\/2023\/09\/61QIz2llmzL._SY342_.jpg",229,342,false],"the_grid_size1":["https:\/\/ebanti.com\/tienda\/wp-content\/uploads\/2023\/09\/61QIz2llmzL._SY342_.jpg",229,342,false],"the_grid_size2":["https:\/\/ebanti.com\/tienda\/wp-content\/uploads\/2023\/09\/61QIz2llmzL._SY342_.jpg",229,342,false],"the_grid_size3":["https:\/\/ebanti.com\/tienda\/wp-content\/uploads\/2023\/09\/61QIz2llmzL._SY342_.jpg",229,342,false],"the_grid_size4":["https:\/\/ebanti.com\/tienda\/wp-content\/uploads\/2023\/09\/61QIz2llmzL._SY342_.jpg",229,342,false],"the_grid_size5":["https:\/\/ebanti.com\/tienda\/wp-content\/uploads\/2023\/09\/61QIz2llmzL._SY342_.jpg",229,342,false],"woocommerce_thumbnail":["https:\/\/ebanti.com\/tienda\/wp-content\/uploads\/2023\/09\/61QIz2llmzL._SY342_-229x300.jpg",229,300,true],"woocommerce_single":["https:\/\/ebanti.com\/tienda\/wp-content\/uploads\/2023\/09\/61QIz2llmzL._SY342_.jpg",229,342,false],"woocommerce_gallery_thumbnail":["https:\/\/ebanti.com\/tienda\/wp-content\/uploads\/2023\/09\/61QIz2llmzL._SY342_-100x100.jpg",100,100,true],"portfolio_item-thumbnail":["https:\/\/ebanti.com\/tienda\/wp-content\/uploads\/2023\/09\/61QIz2llmzL._SY342_.jpg",229,342,false],"portfolio_item-thumbnail@2x":["https:\/\/ebanti.com\/tienda\/wp-content\/uploads\/2023\/09\/61QIz2llmzL._SY342_.jpg",229,342,false],"portfolio_item-masonry":["https:\/\/ebanti.com\/tienda\/wp-content\/uploads\/2023\/09\/61QIz2llmzL._SY342_.jpg",229,342,false],"portfolio_item-masonry@2x":["https:\/\/ebanti.com\/tienda\/wp-content\/uploads\/2023\/09\/61QIz2llmzL._SY342_.jpg",229,342,false],"portfolio_item-thumbnail_cinema":["https:\/\/ebanti.com\/tienda\/wp-content\/uploads\/2023\/09\/61QIz2llmzL._SY342_-229x335.jpg",229,335,true],"portfolio_item-thumbnail_portrait":["https:\/\/ebanti.com\/tienda\/wp-content\/uploads\/2023\/09\/61QIz2llmzL._SY342_.jpg",229,342,false],"portfolio_item-thumbnail_portrait@2x":["https:\/\/ebanti.com\/tienda\/wp-content\/uploads\/2023\/09\/61QIz2llmzL._SY342_.jpg",229,342,false],"portfolio_item-thumbnail_square":["https:\/\/ebanti.com\/tienda\/wp-content\/uploads\/2023\/09\/61QIz2llmzL._SY342_.jpg",229,342,false]},"uagb_author_info":{"display_name":"soporte@ebanti.com","author_link":"https:\/\/ebanti.com\/tienda\/author\/"},"uagb_comment_info":0,"uagb_excerpt":"Esta es una historia sobre dos personas no tan comunes marcadas por circunstancias que no pueden controlar, dispuestos a demostrar al otro su verdadero valor. No quieren fallar. No quieren estar solos. No hay vuelta atr\u00e1s.","featured_media_urls":{"thumbnail":["https:\/\/ebanti.com\/tienda\/wp-content\/uploads\/2023\/09\/61QIz2llmzL._SY342_-150x150.jpg",150,150,true],"medium":["https:\/\/ebanti.com\/tienda\/wp-content\/uploads\/2023\/09\/61QIz2llmzL._SY342_-201x300.jpg",201,300,true],"medium_large":["https:\/\/ebanti.com\/tienda\/wp-content\/uploads\/2023\/09\/61QIz2llmzL._SY342_.jpg",229,342,false],"large":["https:\/\/ebanti.com\/tienda\/wp-content\/uploads\/2023\/09\/61QIz2llmzL._SY342_.jpg",229,342,false],"1536x1536":["https:\/\/ebanti.com\/tienda\/wp-content\/uploads\/2023\/09\/61QIz2llmzL._SY342_.jpg",229,342,false],"2048x2048":["https:\/\/ebanti.com\/tienda\/wp-content\/uploads\/2023\/09\/61QIz2llmzL._SY342_.jpg",229,342,false],"the_grid_size1":["https:\/\/ebanti.com\/tienda\/wp-content\/uploads\/2023\/09\/61QIz2llmzL._SY342_.jpg",229,342,false],"the_grid_size2":["https:\/\/ebanti.com\/tienda\/wp-content\/uploads\/2023\/09\/61QIz2llmzL._SY342_.jpg",229,342,false],"the_grid_size3":["https:\/\/ebanti.com\/tienda\/wp-content\/uploads\/2023\/09\/61QIz2llmzL._SY342_.jpg",229,342,false],"the_grid_size4":["https:\/\/ebanti.com\/tienda\/wp-content\/uploads\/2023\/09\/61QIz2llmzL._SY342_.jpg",229,342,false],"the_grid_size5":["https:\/\/ebanti.com\/tienda\/wp-content\/uploads\/2023\/09\/61QIz2llmzL._SY342_.jpg",229,342,false],"woocommerce_thumbnail":["https:\/\/ebanti.com\/tienda\/wp-content\/uploads\/2023\/09\/61QIz2llmzL._SY342_-229x300.jpg",229,300,true],"woocommerce_single":["https:\/\/ebanti.com\/tienda\/wp-content\/uploads\/2023\/09\/61QIz2llmzL._SY342_.jpg",229,342,false],"woocommerce_gallery_thumbnail":["https:\/\/ebanti.com\/tienda\/wp-content\/uploads\/2023\/09\/61QIz2llmzL._SY342_-100x100.jpg",100,100,true],"portfolio_item-thumbnail":["https:\/\/ebanti.com\/tienda\/wp-content\/uploads\/2023\/09\/61QIz2llmzL._SY342_.jpg",229,342,false],"portfolio_item-thumbnail@2x":["https:\/\/ebanti.com\/tienda\/wp-content\/uploads\/2023\/09\/61QIz2llmzL._SY342_.jpg",229,342,false],"portfolio_item-masonry":["https:\/\/ebanti.com\/tienda\/wp-content\/uploads\/2023\/09\/61QIz2llmzL._SY342_.jpg",229,342,false],"portfolio_item-masonry@2x":["https:\/\/ebanti.com\/tienda\/wp-content\/uploads\/2023\/09\/61QIz2llmzL._SY342_.jpg",229,342,false],"portfolio_item-thumbnail_cinema":["https:\/\/ebanti.com\/tienda\/wp-content\/uploads\/2023\/09\/61QIz2llmzL._SY342_-229x335.jpg",229,335,true],"portfolio_item-thumbnail_portrait":["https:\/\/ebanti.com\/tienda\/wp-content\/uploads\/2023\/09\/61QIz2llmzL._SY342_.jpg",229,342,false],"portfolio_item-thumbnail_portrait@2x":["https:\/\/ebanti.com\/tienda\/wp-content\/uploads\/2023\/09\/61QIz2llmzL._SY342_.jpg",229,342,false],"portfolio_item-thumbnail_square":["https:\/\/ebanti.com\/tienda\/wp-content\/uploads\/2023\/09\/61QIz2llmzL._SY342_.jpg",229,342,false]},"_links":{"self":[{"href":"https:\/\/ebanti.com\/tienda\/wp-json\/wp\/v2\/product\/390","targetHints":{"allow":["GET"]}}],"collection":[{"href":"https:\/\/ebanti.com\/tienda\/wp-json\/wp\/v2\/product"}],"about":[{"href":"https:\/\/ebanti.com\/tienda\/wp-json\/wp\/v2\/types\/product"}],"replies":[{"embeddable":true,"href":"https:\/\/ebanti.com\/tienda\/wp-json\/wp\/v2\/comments?post=390"}],"wp:featuredmedia":[{"embeddable":true,"href":"https:\/\/ebanti.com\/tienda\/wp-json\/wp\/v2\/media\/413"}],"wp:attachment":[{"href":"https:\/\/ebanti.com\/tienda\/wp-json\/wp\/v2\/media?parent=390"}],"wp:term":[{"taxonomy":"product_cat","embeddable":true,"href":"https:\/\/ebanti.com\/tienda\/wp-json\/wp\/v2\/product_cat?post=390"},{"taxonomy":"product_tag","embeddable":true,"href":"https:\/\/ebanti.com\/tienda\/wp-json\/wp\/v2\/product_tag?post=390"}],"curies":[{"name":"wp","href":"https:\/\/api.w.org\/{rel}","templated":true}]}}