{"id":389,"date":"2023-09-29T06:21:37","date_gmt":"2023-09-29T06:21:37","guid":{"rendered":"https:\/\/ebanti.com\/tienda\/?post_type=product&#038;p=389"},"modified":"2023-09-29T07:04:52","modified_gmt":"2023-09-29T07:04:52","slug":"new-product-15","status":"publish","type":"product","link":"https:\/\/ebanti.com\/tienda\/producto\/new-product-15\/","title":{"rendered":"El reflejo de la bruja Pasta bland"},"content":{"rendered":"<p>Lena, la futura suma sacerdotisa y la \u00faltima bruja con la mirada de la estrella, vive atormentada a causa de sus poderes para contactar a los muertos y por la culpa de no haber podido salvar a su hermana, quien qued\u00f3 atrapada en el infierno. Las cosas empeoran cuando todo parece indicar que el portal al reino del caos se cerrar\u00e1 en las siguientes tres lunas y la oportunidad de traerla de vuelta se perder\u00e1 para siempre.<\/p>\n<p>En un intento por enmendar las cosas, Lena busca la ayuda de Caleb, un demonio con sus propios planes y secretos, a quien le propone un pacto: ella intentar\u00e1 liberarlo de su prisi\u00f3n en el espejo y, a cambio, \u00e9l la ayudar\u00e1 a rescatar a su hermana.<\/p>\n<p>\u00bfCu\u00e1les ser\u00e1n las consecuencias de la inesperada y peligrosa uni\u00f3n de sus destinos?<\/p>\n","protected":false},"excerpt":{"rendered":"<p>Lena, la futura suma sacerdotisa y la \u00faltima bruja con la mirada de la estrella, vive atormentada a causa de sus poderes para contactar a los muertos y por la culpa de no haber podido salvar a su hermana, quien qued\u00f3 atrapada en el infierno. <\/p>\n","protected":false},"featured_media":412,"comment_status":"open","ping_status":"closed","template":"","meta":{"_uag_custom_page_level_css":"","_joinchat":[]},"product_cat":[25,27],"product_tag":[],"class_list":["post-389","product","type-product","status-publish","has-post-thumbnail","hentry","product_cat-libros","product_cat-literatura-fantastica"],"uagb_featured_image_src":{"full":["https:\/\/ebanti.com\/tienda\/wp-content\/uploads\/2023\/09\/91qXs0nEstL._SY342_.jpg",244,342,false],"thumbnail":["https:\/\/ebanti.com\/tienda\/wp-content\/uploads\/2023\/09\/91qXs0nEstL._SY342_-150x150.jpg",150,150,true],"medium":["https:\/\/ebanti.com\/tienda\/wp-content\/uploads\/2023\/09\/91qXs0nEstL._SY342_-214x300.jpg",214,300,true],"medium_large":["https:\/\/ebanti.com\/tienda\/wp-content\/uploads\/2023\/09\/91qXs0nEstL._SY342_.jpg",244,342,false],"large":["https:\/\/ebanti.com\/tienda\/wp-content\/uploads\/2023\/09\/91qXs0nEstL._SY342_.jpg",244,342,false],"1536x1536":["https:\/\/ebanti.com\/tienda\/wp-content\/uploads\/2023\/09\/91qXs0nEstL._SY342_.jpg",244,342,false],"2048x2048":["https:\/\/ebanti.com\/tienda\/wp-content\/uploads\/2023\/09\/91qXs0nEstL._SY342_.jpg",244,342,false],"the_grid_size1":["https:\/\/ebanti.com\/tienda\/wp-content\/uploads\/2023\/09\/91qXs0nEstL._SY342_.jpg",244,342,false],"the_grid_size2":["https:\/\/ebanti.com\/tienda\/wp-content\/uploads\/2023\/09\/91qXs0nEstL._SY342_.jpg",244,342,false],"the_grid_size3":["https:\/\/ebanti.com\/tienda\/wp-content\/uploads\/2023\/09\/91qXs0nEstL._SY342_.jpg",244,342,false],"the_grid_size4":["https:\/\/ebanti.com\/tienda\/wp-content\/uploads\/2023\/09\/91qXs0nEstL._SY342_.jpg",244,342,false],"the_grid_size5":["https:\/\/ebanti.com\/tienda\/wp-content\/uploads\/2023\/09\/91qXs0nEstL._SY342_.jpg",244,342,false],"woocommerce_thumbnail":["https:\/\/ebanti.com\/tienda\/wp-content\/uploads\/2023\/09\/91qXs0nEstL._SY342_-244x300.jpg",244,300,true],"woocommerce_single":["https:\/\/ebanti.com\/tienda\/wp-content\/uploads\/2023\/09\/91qXs0nEstL._SY342_.jpg",244,342,false],"woocommerce_gallery_thumbnail":["https:\/\/ebanti.com\/tienda\/wp-content\/uploads\/2023\/09\/91qXs0nEstL._SY342_-100x100.jpg",100,100,true],"portfolio_item-thumbnail":["https:\/\/ebanti.com\/tienda\/wp-content\/uploads\/2023\/09\/91qXs0nEstL._SY342_.jpg",244,342,false],"portfolio_item-thumbnail@2x":["https:\/\/ebanti.com\/tienda\/wp-content\/uploads\/2023\/09\/91qXs0nEstL._SY342_.jpg",244,342,false],"portfolio_item-masonry":["https:\/\/ebanti.com\/tienda\/wp-content\/uploads\/2023\/09\/91qXs0nEstL._SY342_.jpg",244,342,false],"portfolio_item-masonry@2x":["https:\/\/ebanti.com\/tienda\/wp-content\/uploads\/2023\/09\/91qXs0nEstL._SY342_.jpg",244,342,false],"portfolio_item-thumbnail_cinema":["https:\/\/ebanti.com\/tienda\/wp-content\/uploads\/2023\/09\/91qXs0nEstL._SY342_-244x335.jpg",244,335,true],"portfolio_item-thumbnail_portrait":["https:\/\/ebanti.com\/tienda\/wp-content\/uploads\/2023\/09\/91qXs0nEstL._SY342_.jpg",244,342,false],"portfolio_item-thumbnail_portrait@2x":["https:\/\/ebanti.com\/tienda\/wp-content\/uploads\/2023\/09\/91qXs0nEstL._SY342_.jpg",244,342,false],"portfolio_item-thumbnail_square":["https:\/\/ebanti.com\/tienda\/wp-content\/uploads\/2023\/09\/91qXs0nEstL._SY342_.jpg",244,342,false]},"uagb_author_info":{"display_name":"soporte@ebanti.com","author_link":"https:\/\/ebanti.com\/tienda\/author\/"},"uagb_comment_info":0,"uagb_excerpt":"Lena, la futura suma sacerdotisa y la \u00faltima bruja con la mirada de la estrella, vive atormentada a causa de sus poderes para contactar a los muertos y por la culpa de no haber podido salvar a su hermana, quien qued\u00f3 atrapada en el infierno.","featured_media_urls":{"thumbnail":["https:\/\/ebanti.com\/tienda\/wp-content\/uploads\/2023\/09\/91qXs0nEstL._SY342_-150x150.jpg",150,150,true],"medium":["https:\/\/ebanti.com\/tienda\/wp-content\/uploads\/2023\/09\/91qXs0nEstL._SY342_-214x300.jpg",214,300,true],"medium_large":["https:\/\/ebanti.com\/tienda\/wp-content\/uploads\/2023\/09\/91qXs0nEstL._SY342_.jpg",244,342,false],"large":["https:\/\/ebanti.com\/tienda\/wp-content\/uploads\/2023\/09\/91qXs0nEstL._SY342_.jpg",244,342,false],"1536x1536":["https:\/\/ebanti.com\/tienda\/wp-content\/uploads\/2023\/09\/91qXs0nEstL._SY342_.jpg",244,342,false],"2048x2048":["https:\/\/ebanti.com\/tienda\/wp-content\/uploads\/2023\/09\/91qXs0nEstL._SY342_.jpg",244,342,false],"the_grid_size1":["https:\/\/ebanti.com\/tienda\/wp-content\/uploads\/2023\/09\/91qXs0nEstL._SY342_.jpg",244,342,false],"the_grid_size2":["https:\/\/ebanti.com\/tienda\/wp-content\/uploads\/2023\/09\/91qXs0nEstL._SY342_.jpg",244,342,false],"the_grid_size3":["https:\/\/ebanti.com\/tienda\/wp-content\/uploads\/2023\/09\/91qXs0nEstL._SY342_.jpg",244,342,false],"the_grid_size4":["https:\/\/ebanti.com\/tienda\/wp-content\/uploads\/2023\/09\/91qXs0nEstL._SY342_.jpg",244,342,false],"the_grid_size5":["https:\/\/ebanti.com\/tienda\/wp-content\/uploads\/2023\/09\/91qXs0nEstL._SY342_.jpg",244,342,false],"woocommerce_thumbnail":["https:\/\/ebanti.com\/tienda\/wp-content\/uploads\/2023\/09\/91qXs0nEstL._SY342_-244x300.jpg",244,300,true],"woocommerce_single":["https:\/\/ebanti.com\/tienda\/wp-content\/uploads\/2023\/09\/91qXs0nEstL._SY342_.jpg",244,342,false],"woocommerce_gallery_thumbnail":["https:\/\/ebanti.com\/tienda\/wp-content\/uploads\/2023\/09\/91qXs0nEstL._SY342_-100x100.jpg",100,100,true],"portfolio_item-thumbnail":["https:\/\/ebanti.com\/tienda\/wp-content\/uploads\/2023\/09\/91qXs0nEstL._SY342_.jpg",244,342,false],"portfolio_item-thumbnail@2x":["https:\/\/ebanti.com\/tienda\/wp-content\/uploads\/2023\/09\/91qXs0nEstL._SY342_.jpg",244,342,false],"portfolio_item-masonry":["https:\/\/ebanti.com\/tienda\/wp-content\/uploads\/2023\/09\/91qXs0nEstL._SY342_.jpg",244,342,false],"portfolio_item-masonry@2x":["https:\/\/ebanti.com\/tienda\/wp-content\/uploads\/2023\/09\/91qXs0nEstL._SY342_.jpg",244,342,false],"portfolio_item-thumbnail_cinema":["https:\/\/ebanti.com\/tienda\/wp-content\/uploads\/2023\/09\/91qXs0nEstL._SY342_-244x335.jpg",244,335,true],"portfolio_item-thumbnail_portrait":["https:\/\/ebanti.com\/tienda\/wp-content\/uploads\/2023\/09\/91qXs0nEstL._SY342_.jpg",244,342,false],"portfolio_item-thumbnail_portrait@2x":["https:\/\/ebanti.com\/tienda\/wp-content\/uploads\/2023\/09\/91qXs0nEstL._SY342_.jpg",244,342,false],"portfolio_item-thumbnail_square":["https:\/\/ebanti.com\/tienda\/wp-content\/uploads\/2023\/09\/91qXs0nEstL._SY342_.jpg",244,342,false]},"_links":{"self":[{"href":"https:\/\/ebanti.com\/tienda\/wp-json\/wp\/v2\/product\/389","targetHints":{"allow":["GET"]}}],"collection":[{"href":"https:\/\/ebanti.com\/tienda\/wp-json\/wp\/v2\/product"}],"about":[{"href":"https:\/\/ebanti.com\/tienda\/wp-json\/wp\/v2\/types\/product"}],"replies":[{"embeddable":true,"href":"https:\/\/ebanti.com\/tienda\/wp-json\/wp\/v2\/comments?post=389"}],"wp:featuredmedia":[{"embeddable":true,"href":"https:\/\/ebanti.com\/tienda\/wp-json\/wp\/v2\/media\/412"}],"wp:attachment":[{"href":"https:\/\/ebanti.com\/tienda\/wp-json\/wp\/v2\/media?parent=389"}],"wp:term":[{"taxonomy":"product_cat","embeddable":true,"href":"https:\/\/ebanti.com\/tienda\/wp-json\/wp\/v2\/product_cat?post=389"},{"taxonomy":"product_tag","embeddable":true,"href":"https:\/\/ebanti.com\/tienda\/wp-json\/wp\/v2\/product_tag?post=389"}],"curies":[{"name":"wp","href":"https:\/\/api.w.org\/{rel}","templated":true}]}}