{"id":387,"date":"2023-09-29T06:21:37","date_gmt":"2023-09-29T06:21:37","guid":{"rendered":"https:\/\/ebanti.com\/tienda\/?post_type=product&#038;p=387"},"modified":"2023-09-29T07:04:52","modified_gmt":"2023-09-29T07:04:52","slug":"new-product-13","status":"publish","type":"product","link":"https:\/\/ebanti.com\/tienda\/producto\/new-product-13\/","title":{"rendered":"Asesino de brujas 1: La bruja blanca"},"content":{"rendered":"<p>Unidos como uno para amarse, para honrarse o para arder.<\/p>\n<p>Dos a\u00f1os atr\u00e1s, Louise le Blanc huy\u00f3 de su aquelarre y se refugi\u00f3 en la ciudad de Cesarine, donde renunci\u00f3 a la magia para vivir de lo que pudiera robar. All\u00ed, cazan a brujas como Lou. Les temen. Y las queman.<\/p>\n<p>Como cazador de la Iglesia, Reid Diggory ha vivido su vida bajo una regla: \u00abNo permitir\u00e1s que ninguna bruja viva\u00bb. Pero cuando Lou realiza una gran artima\u00f1a, tanto ella como Reid se ven obligados a aceptar una situaci\u00f3n impensada: el matrimonio.<\/p>\n<p>Lou, incapaz de ignorar sus sentimientos que son cada vez m\u00e1s fuertes, pero sin poder cambiar qui\u00e9n es, Lou debe elegir.<\/p>\n","protected":false},"excerpt":{"rendered":"<p>Asesino de brujas: la bruja blanca se desarrolla en un mundo de mujeres empoderadas, magia oscura y donde los romances son fuera de serie. Cuando lo termines de leer, querr\u00e1s m\u00e1s.<\/p>\n","protected":false},"featured_media":409,"comment_status":"open","ping_status":"closed","template":"","meta":{"_uag_custom_page_level_css":"","_joinchat":[]},"product_cat":[25,27],"product_tag":[],"class_list":["post-387","product","type-product","status-publish","has-post-thumbnail","hentry","product_cat-libros","product_cat-literatura-fantastica"],"uagb_featured_image_src":{"full":["https:\/\/ebanti.com\/tienda\/wp-content\/uploads\/2023\/09\/91dmupdIdIL._AC_UY218_.jpg",138,218,false],"thumbnail":["https:\/\/ebanti.com\/tienda\/wp-content\/uploads\/2023\/09\/91dmupdIdIL._AC_UY218_-138x150.jpg",138,150,true],"medium":["https:\/\/ebanti.com\/tienda\/wp-content\/uploads\/2023\/09\/91dmupdIdIL._AC_UY218_.jpg",138,218,false],"medium_large":["https:\/\/ebanti.com\/tienda\/wp-content\/uploads\/2023\/09\/91dmupdIdIL._AC_UY218_.jpg",138,218,false],"large":["https:\/\/ebanti.com\/tienda\/wp-content\/uploads\/2023\/09\/91dmupdIdIL._AC_UY218_.jpg",138,218,false],"1536x1536":["https:\/\/ebanti.com\/tienda\/wp-content\/uploads\/2023\/09\/91dmupdIdIL._AC_UY218_.jpg",138,218,false],"2048x2048":["https:\/\/ebanti.com\/tienda\/wp-content\/uploads\/2023\/09\/91dmupdIdIL._AC_UY218_.jpg",138,218,false],"the_grid_size1":["https:\/\/ebanti.com\/tienda\/wp-content\/uploads\/2023\/09\/91dmupdIdIL._AC_UY218_.jpg",138,218,false],"the_grid_size2":["https:\/\/ebanti.com\/tienda\/wp-content\/uploads\/2023\/09\/91dmupdIdIL._AC_UY218_.jpg",138,218,false],"the_grid_size3":["https:\/\/ebanti.com\/tienda\/wp-content\/uploads\/2023\/09\/91dmupdIdIL._AC_UY218_.jpg",138,218,false],"the_grid_size4":["https:\/\/ebanti.com\/tienda\/wp-content\/uploads\/2023\/09\/91dmupdIdIL._AC_UY218_.jpg",138,218,false],"the_grid_size5":["https:\/\/ebanti.com\/tienda\/wp-content\/uploads\/2023\/09\/91dmupdIdIL._AC_UY218_.jpg",138,218,false],"woocommerce_thumbnail":["https:\/\/ebanti.com\/tienda\/wp-content\/uploads\/2023\/09\/91dmupdIdIL._AC_UY218_.jpg",138,218,false],"woocommerce_single":["https:\/\/ebanti.com\/tienda\/wp-content\/uploads\/2023\/09\/91dmupdIdIL._AC_UY218_.jpg",138,218,false],"woocommerce_gallery_thumbnail":["https:\/\/ebanti.com\/tienda\/wp-content\/uploads\/2023\/09\/91dmupdIdIL._AC_UY218_-100x100.jpg",100,100,true],"portfolio_item-thumbnail":["https:\/\/ebanti.com\/tienda\/wp-content\/uploads\/2023\/09\/91dmupdIdIL._AC_UY218_.jpg",138,218,false],"portfolio_item-thumbnail@2x":["https:\/\/ebanti.com\/tienda\/wp-content\/uploads\/2023\/09\/91dmupdIdIL._AC_UY218_.jpg",138,218,false],"portfolio_item-masonry":["https:\/\/ebanti.com\/tienda\/wp-content\/uploads\/2023\/09\/91dmupdIdIL._AC_UY218_.jpg",138,218,false],"portfolio_item-masonry@2x":["https:\/\/ebanti.com\/tienda\/wp-content\/uploads\/2023\/09\/91dmupdIdIL._AC_UY218_.jpg",138,218,false],"portfolio_item-thumbnail_cinema":["https:\/\/ebanti.com\/tienda\/wp-content\/uploads\/2023\/09\/91dmupdIdIL._AC_UY218_.jpg",138,218,false],"portfolio_item-thumbnail_portrait":["https:\/\/ebanti.com\/tienda\/wp-content\/uploads\/2023\/09\/91dmupdIdIL._AC_UY218_.jpg",138,218,false],"portfolio_item-thumbnail_portrait@2x":["https:\/\/ebanti.com\/tienda\/wp-content\/uploads\/2023\/09\/91dmupdIdIL._AC_UY218_.jpg",138,218,false],"portfolio_item-thumbnail_square":["https:\/\/ebanti.com\/tienda\/wp-content\/uploads\/2023\/09\/91dmupdIdIL._AC_UY218_.jpg",138,218,false]},"uagb_author_info":{"display_name":"soporte@ebanti.com","author_link":"https:\/\/ebanti.com\/tienda\/author\/"},"uagb_comment_info":0,"uagb_excerpt":"Asesino de brujas: la bruja blanca se desarrolla en un mundo de mujeres empoderadas, magia oscura y donde los romances son fuera de serie. Cuando lo termines de leer, querr\u00e1s m\u00e1s.","featured_media_urls":{"thumbnail":["https:\/\/ebanti.com\/tienda\/wp-content\/uploads\/2023\/09\/91dmupdIdIL._AC_UY218_-138x150.jpg",138,150,true],"medium":["https:\/\/ebanti.com\/tienda\/wp-content\/uploads\/2023\/09\/91dmupdIdIL._AC_UY218_.jpg",138,218,false],"medium_large":["https:\/\/ebanti.com\/tienda\/wp-content\/uploads\/2023\/09\/91dmupdIdIL._AC_UY218_.jpg",138,218,false],"large":["https:\/\/ebanti.com\/tienda\/wp-content\/uploads\/2023\/09\/91dmupdIdIL._AC_UY218_.jpg",138,218,false],"1536x1536":["https:\/\/ebanti.com\/tienda\/wp-content\/uploads\/2023\/09\/91dmupdIdIL._AC_UY218_.jpg",138,218,false],"2048x2048":["https:\/\/ebanti.com\/tienda\/wp-content\/uploads\/2023\/09\/91dmupdIdIL._AC_UY218_.jpg",138,218,false],"the_grid_size1":["https:\/\/ebanti.com\/tienda\/wp-content\/uploads\/2023\/09\/91dmupdIdIL._AC_UY218_.jpg",138,218,false],"the_grid_size2":["https:\/\/ebanti.com\/tienda\/wp-content\/uploads\/2023\/09\/91dmupdIdIL._AC_UY218_.jpg",138,218,false],"the_grid_size3":["https:\/\/ebanti.com\/tienda\/wp-content\/uploads\/2023\/09\/91dmupdIdIL._AC_UY218_.jpg",138,218,false],"the_grid_size4":["https:\/\/ebanti.com\/tienda\/wp-content\/uploads\/2023\/09\/91dmupdIdIL._AC_UY218_.jpg",138,218,false],"the_grid_size5":["https:\/\/ebanti.com\/tienda\/wp-content\/uploads\/2023\/09\/91dmupdIdIL._AC_UY218_.jpg",138,218,false],"woocommerce_thumbnail":["https:\/\/ebanti.com\/tienda\/wp-content\/uploads\/2023\/09\/91dmupdIdIL._AC_UY218_.jpg",138,218,false],"woocommerce_single":["https:\/\/ebanti.com\/tienda\/wp-content\/uploads\/2023\/09\/91dmupdIdIL._AC_UY218_.jpg",138,218,false],"woocommerce_gallery_thumbnail":["https:\/\/ebanti.com\/tienda\/wp-content\/uploads\/2023\/09\/91dmupdIdIL._AC_UY218_-100x100.jpg",100,100,true],"portfolio_item-thumbnail":["https:\/\/ebanti.com\/tienda\/wp-content\/uploads\/2023\/09\/91dmupdIdIL._AC_UY218_.jpg",138,218,false],"portfolio_item-thumbnail@2x":["https:\/\/ebanti.com\/tienda\/wp-content\/uploads\/2023\/09\/91dmupdIdIL._AC_UY218_.jpg",138,218,false],"portfolio_item-masonry":["https:\/\/ebanti.com\/tienda\/wp-content\/uploads\/2023\/09\/91dmupdIdIL._AC_UY218_.jpg",138,218,false],"portfolio_item-masonry@2x":["https:\/\/ebanti.com\/tienda\/wp-content\/uploads\/2023\/09\/91dmupdIdIL._AC_UY218_.jpg",138,218,false],"portfolio_item-thumbnail_cinema":["https:\/\/ebanti.com\/tienda\/wp-content\/uploads\/2023\/09\/91dmupdIdIL._AC_UY218_.jpg",138,218,false],"portfolio_item-thumbnail_portrait":["https:\/\/ebanti.com\/tienda\/wp-content\/uploads\/2023\/09\/91dmupdIdIL._AC_UY218_.jpg",138,218,false],"portfolio_item-thumbnail_portrait@2x":["https:\/\/ebanti.com\/tienda\/wp-content\/uploads\/2023\/09\/91dmupdIdIL._AC_UY218_.jpg",138,218,false],"portfolio_item-thumbnail_square":["https:\/\/ebanti.com\/tienda\/wp-content\/uploads\/2023\/09\/91dmupdIdIL._AC_UY218_.jpg",138,218,false]},"_links":{"self":[{"href":"https:\/\/ebanti.com\/tienda\/wp-json\/wp\/v2\/product\/387","targetHints":{"allow":["GET"]}}],"collection":[{"href":"https:\/\/ebanti.com\/tienda\/wp-json\/wp\/v2\/product"}],"about":[{"href":"https:\/\/ebanti.com\/tienda\/wp-json\/wp\/v2\/types\/product"}],"replies":[{"embeddable":true,"href":"https:\/\/ebanti.com\/tienda\/wp-json\/wp\/v2\/comments?post=387"}],"wp:featuredmedia":[{"embeddable":true,"href":"https:\/\/ebanti.com\/tienda\/wp-json\/wp\/v2\/media\/409"}],"wp:attachment":[{"href":"https:\/\/ebanti.com\/tienda\/wp-json\/wp\/v2\/media?parent=387"}],"wp:term":[{"taxonomy":"product_cat","embeddable":true,"href":"https:\/\/ebanti.com\/tienda\/wp-json\/wp\/v2\/product_cat?post=387"},{"taxonomy":"product_tag","embeddable":true,"href":"https:\/\/ebanti.com\/tienda\/wp-json\/wp\/v2\/product_tag?post=387"}],"curies":[{"name":"wp","href":"https:\/\/api.w.org\/{rel}","templated":true}]}}