{"id":386,"date":"2023-09-29T06:21:36","date_gmt":"2023-09-29T06:21:36","guid":{"rendered":"https:\/\/ebanti.com\/tienda\/?post_type=product&#038;p=386"},"modified":"2023-09-29T07:04:52","modified_gmt":"2023-09-29T07:04:52","slug":"new-product-12","status":"publish","type":"product","link":"https:\/\/ebanti.com\/tienda\/producto\/new-product-12\/","title":{"rendered":"Destructora de Reinos"},"content":{"rendered":"<p>UNA EXTRA\u00d1A OSCURIDAD crece en Allward. Incluso Corayne an-Amarat puede sentirlo, confinada en su pueblo al borde del mar. Para confirmarlo, un m\u00edtico inmortal y una implacable asesina aparecen inesperadamente y revelan a Corayne que es la \u00faltima descendiente de un antiguo linaje con el poder de salvar el mundo de la destrucci\u00f3n. Con el coraz\u00f3n envenenado y armado con una espada que no es suya, un hombre de ambici\u00f3n y locura desmedidas est\u00e1 formando un ej\u00e9rcito como nunca antes se hab\u00eda visto. Y destruir\u00e1 el reino con el fin de reclamarlo.<\/p>\n<p>Poseedora de una magia desconocida por ella misma y con el destino del mundo sobre sus hombros, Corayne, junto con un grupo de reticentes aliados, se embarcar\u00e1 en un desesperado viaje para consumar una misi\u00f3n imposible.<\/p>\n","protected":false},"excerpt":{"rendered":"<p>\u00abUna verdadera obra maestra de la literatura de fantas\u00eda\u00bb. Sabaa Tahir, autora de la serie Una llama entre cenizas<\/p>\n","protected":false},"featured_media":407,"comment_status":"open","ping_status":"closed","template":"","meta":{"_uag_custom_page_level_css":"","_joinchat":[]},"product_cat":[25,27],"product_tag":[],"class_list":["post-386","product","type-product","status-publish","has-post-thumbnail","hentry","product_cat-libros","product_cat-literatura-fantastica"],"uagb_featured_image_src":{"full":["https:\/\/ebanti.com\/tienda\/wp-content\/uploads\/2023\/09\/61SWy8nwzFL._SY342_.jpg",218,342,false],"thumbnail":["https:\/\/ebanti.com\/tienda\/wp-content\/uploads\/2023\/09\/61SWy8nwzFL._SY342_-150x150.jpg",150,150,true],"medium":["https:\/\/ebanti.com\/tienda\/wp-content\/uploads\/2023\/09\/61SWy8nwzFL._SY342_-191x300.jpg",191,300,true],"medium_large":["https:\/\/ebanti.com\/tienda\/wp-content\/uploads\/2023\/09\/61SWy8nwzFL._SY342_.jpg",218,342,false],"large":["https:\/\/ebanti.com\/tienda\/wp-content\/uploads\/2023\/09\/61SWy8nwzFL._SY342_.jpg",218,342,false],"1536x1536":["https:\/\/ebanti.com\/tienda\/wp-content\/uploads\/2023\/09\/61SWy8nwzFL._SY342_.jpg",218,342,false],"2048x2048":["https:\/\/ebanti.com\/tienda\/wp-content\/uploads\/2023\/09\/61SWy8nwzFL._SY342_.jpg",218,342,false],"the_grid_size1":["https:\/\/ebanti.com\/tienda\/wp-content\/uploads\/2023\/09\/61SWy8nwzFL._SY342_.jpg",218,342,false],"the_grid_size2":["https:\/\/ebanti.com\/tienda\/wp-content\/uploads\/2023\/09\/61SWy8nwzFL._SY342_.jpg",218,342,false],"the_grid_size3":["https:\/\/ebanti.com\/tienda\/wp-content\/uploads\/2023\/09\/61SWy8nwzFL._SY342_.jpg",218,342,false],"the_grid_size4":["https:\/\/ebanti.com\/tienda\/wp-content\/uploads\/2023\/09\/61SWy8nwzFL._SY342_.jpg",218,342,false],"the_grid_size5":["https:\/\/ebanti.com\/tienda\/wp-content\/uploads\/2023\/09\/61SWy8nwzFL._SY342_.jpg",218,342,false],"woocommerce_thumbnail":["https:\/\/ebanti.com\/tienda\/wp-content\/uploads\/2023\/09\/61SWy8nwzFL._SY342_-218x300.jpg",218,300,true],"woocommerce_single":["https:\/\/ebanti.com\/tienda\/wp-content\/uploads\/2023\/09\/61SWy8nwzFL._SY342_.jpg",218,342,false],"woocommerce_gallery_thumbnail":["https:\/\/ebanti.com\/tienda\/wp-content\/uploads\/2023\/09\/61SWy8nwzFL._SY342_-100x100.jpg",100,100,true],"portfolio_item-thumbnail":["https:\/\/ebanti.com\/tienda\/wp-content\/uploads\/2023\/09\/61SWy8nwzFL._SY342_.jpg",218,342,false],"portfolio_item-thumbnail@2x":["https:\/\/ebanti.com\/tienda\/wp-content\/uploads\/2023\/09\/61SWy8nwzFL._SY342_.jpg",218,342,false],"portfolio_item-masonry":["https:\/\/ebanti.com\/tienda\/wp-content\/uploads\/2023\/09\/61SWy8nwzFL._SY342_.jpg",218,342,false],"portfolio_item-masonry@2x":["https:\/\/ebanti.com\/tienda\/wp-content\/uploads\/2023\/09\/61SWy8nwzFL._SY342_.jpg",218,342,false],"portfolio_item-thumbnail_cinema":["https:\/\/ebanti.com\/tienda\/wp-content\/uploads\/2023\/09\/61SWy8nwzFL._SY342_-218x335.jpg",218,335,true],"portfolio_item-thumbnail_portrait":["https:\/\/ebanti.com\/tienda\/wp-content\/uploads\/2023\/09\/61SWy8nwzFL._SY342_.jpg",218,342,false],"portfolio_item-thumbnail_portrait@2x":["https:\/\/ebanti.com\/tienda\/wp-content\/uploads\/2023\/09\/61SWy8nwzFL._SY342_.jpg",218,342,false],"portfolio_item-thumbnail_square":["https:\/\/ebanti.com\/tienda\/wp-content\/uploads\/2023\/09\/61SWy8nwzFL._SY342_.jpg",218,342,false]},"uagb_author_info":{"display_name":"soporte@ebanti.com","author_link":"https:\/\/ebanti.com\/tienda\/author\/"},"uagb_comment_info":0,"uagb_excerpt":"\u00abUna verdadera obra maestra de la literatura de fantas\u00eda\u00bb. Sabaa Tahir, autora de la serie Una llama entre cenizas","featured_media_urls":{"thumbnail":["https:\/\/ebanti.com\/tienda\/wp-content\/uploads\/2023\/09\/61SWy8nwzFL._SY342_-150x150.jpg",150,150,true],"medium":["https:\/\/ebanti.com\/tienda\/wp-content\/uploads\/2023\/09\/61SWy8nwzFL._SY342_-191x300.jpg",191,300,true],"medium_large":["https:\/\/ebanti.com\/tienda\/wp-content\/uploads\/2023\/09\/61SWy8nwzFL._SY342_.jpg",218,342,false],"large":["https:\/\/ebanti.com\/tienda\/wp-content\/uploads\/2023\/09\/61SWy8nwzFL._SY342_.jpg",218,342,false],"1536x1536":["https:\/\/ebanti.com\/tienda\/wp-content\/uploads\/2023\/09\/61SWy8nwzFL._SY342_.jpg",218,342,false],"2048x2048":["https:\/\/ebanti.com\/tienda\/wp-content\/uploads\/2023\/09\/61SWy8nwzFL._SY342_.jpg",218,342,false],"the_grid_size1":["https:\/\/ebanti.com\/tienda\/wp-content\/uploads\/2023\/09\/61SWy8nwzFL._SY342_.jpg",218,342,false],"the_grid_size2":["https:\/\/ebanti.com\/tienda\/wp-content\/uploads\/2023\/09\/61SWy8nwzFL._SY342_.jpg",218,342,false],"the_grid_size3":["https:\/\/ebanti.com\/tienda\/wp-content\/uploads\/2023\/09\/61SWy8nwzFL._SY342_.jpg",218,342,false],"the_grid_size4":["https:\/\/ebanti.com\/tienda\/wp-content\/uploads\/2023\/09\/61SWy8nwzFL._SY342_.jpg",218,342,false],"the_grid_size5":["https:\/\/ebanti.com\/tienda\/wp-content\/uploads\/2023\/09\/61SWy8nwzFL._SY342_.jpg",218,342,false],"woocommerce_thumbnail":["https:\/\/ebanti.com\/tienda\/wp-content\/uploads\/2023\/09\/61SWy8nwzFL._SY342_-218x300.jpg",218,300,true],"woocommerce_single":["https:\/\/ebanti.com\/tienda\/wp-content\/uploads\/2023\/09\/61SWy8nwzFL._SY342_.jpg",218,342,false],"woocommerce_gallery_thumbnail":["https:\/\/ebanti.com\/tienda\/wp-content\/uploads\/2023\/09\/61SWy8nwzFL._SY342_-100x100.jpg",100,100,true],"portfolio_item-thumbnail":["https:\/\/ebanti.com\/tienda\/wp-content\/uploads\/2023\/09\/61SWy8nwzFL._SY342_.jpg",218,342,false],"portfolio_item-thumbnail@2x":["https:\/\/ebanti.com\/tienda\/wp-content\/uploads\/2023\/09\/61SWy8nwzFL._SY342_.jpg",218,342,false],"portfolio_item-masonry":["https:\/\/ebanti.com\/tienda\/wp-content\/uploads\/2023\/09\/61SWy8nwzFL._SY342_.jpg",218,342,false],"portfolio_item-masonry@2x":["https:\/\/ebanti.com\/tienda\/wp-content\/uploads\/2023\/09\/61SWy8nwzFL._SY342_.jpg",218,342,false],"portfolio_item-thumbnail_cinema":["https:\/\/ebanti.com\/tienda\/wp-content\/uploads\/2023\/09\/61SWy8nwzFL._SY342_-218x335.jpg",218,335,true],"portfolio_item-thumbnail_portrait":["https:\/\/ebanti.com\/tienda\/wp-content\/uploads\/2023\/09\/61SWy8nwzFL._SY342_.jpg",218,342,false],"portfolio_item-thumbnail_portrait@2x":["https:\/\/ebanti.com\/tienda\/wp-content\/uploads\/2023\/09\/61SWy8nwzFL._SY342_.jpg",218,342,false],"portfolio_item-thumbnail_square":["https:\/\/ebanti.com\/tienda\/wp-content\/uploads\/2023\/09\/61SWy8nwzFL._SY342_.jpg",218,342,false]},"_links":{"self":[{"href":"https:\/\/ebanti.com\/tienda\/wp-json\/wp\/v2\/product\/386","targetHints":{"allow":["GET"]}}],"collection":[{"href":"https:\/\/ebanti.com\/tienda\/wp-json\/wp\/v2\/product"}],"about":[{"href":"https:\/\/ebanti.com\/tienda\/wp-json\/wp\/v2\/types\/product"}],"replies":[{"embeddable":true,"href":"https:\/\/ebanti.com\/tienda\/wp-json\/wp\/v2\/comments?post=386"}],"wp:featuredmedia":[{"embeddable":true,"href":"https:\/\/ebanti.com\/tienda\/wp-json\/wp\/v2\/media\/407"}],"wp:attachment":[{"href":"https:\/\/ebanti.com\/tienda\/wp-json\/wp\/v2\/media?parent=386"}],"wp:term":[{"taxonomy":"product_cat","embeddable":true,"href":"https:\/\/ebanti.com\/tienda\/wp-json\/wp\/v2\/product_cat?post=386"},{"taxonomy":"product_tag","embeddable":true,"href":"https:\/\/ebanti.com\/tienda\/wp-json\/wp\/v2\/product_tag?post=386"}],"curies":[{"name":"wp","href":"https:\/\/api.w.org\/{rel}","templated":true}]}}