{"id":383,"date":"2023-09-29T06:21:36","date_gmt":"2023-09-29T06:21:36","guid":{"rendered":"https:\/\/ebanti.com\/tienda\/?post_type=product&#038;p=383"},"modified":"2023-09-29T07:04:52","modified_gmt":"2023-09-29T07:04:52","slug":"new-product-9","status":"publish","type":"product","link":"https:\/\/ebanti.com\/tienda\/producto\/new-product-9\/","title":{"rendered":"\u00a1Un Kronk en El Cole!"},"content":{"rendered":"","protected":false},"excerpt":{"rendered":"<p> \u00a1Es el primer d\u00eda de cole de M\u00eda. Vinilo, Bowie, Rosal\u00eda y Bolita quieren acompa\u00f1arla. La escuela del bosque es un lugar precioso, pero, al cruzar la puerta, M\u00eda y su amiga L\u00eda se dan cuenta de que el coraz\u00f3n de Tom, su compa\u00f1ero de clase, se ha vuelto de piedra. \u00bfC\u00f3mo podr\u00e1n ayudarlo?<\/p>\n","protected":false},"featured_media":403,"comment_status":"open","ping_status":"closed","template":"","meta":{"_uag_custom_page_level_css":"","_joinchat":[]},"product_cat":[25,27],"product_tag":[],"class_list":["post-383","product","type-product","status-publish","has-post-thumbnail","hentry","product_cat-libros","product_cat-literatura-fantastica"],"uagb_featured_image_src":{"full":["https:\/\/ebanti.com\/tienda\/wp-content\/uploads\/2023\/09\/61fj7WwVvdL._SY425_.jpg",301,425,false],"thumbnail":["https:\/\/ebanti.com\/tienda\/wp-content\/uploads\/2023\/09\/61fj7WwVvdL._SY425_-150x150.jpg",150,150,true],"medium":["https:\/\/ebanti.com\/tienda\/wp-content\/uploads\/2023\/09\/61fj7WwVvdL._SY425_-212x300.jpg",212,300,true],"medium_large":["https:\/\/ebanti.com\/tienda\/wp-content\/uploads\/2023\/09\/61fj7WwVvdL._SY425_.jpg",301,425,false],"large":["https:\/\/ebanti.com\/tienda\/wp-content\/uploads\/2023\/09\/61fj7WwVvdL._SY425_.jpg",301,425,false],"1536x1536":["https:\/\/ebanti.com\/tienda\/wp-content\/uploads\/2023\/09\/61fj7WwVvdL._SY425_.jpg",301,425,false],"2048x2048":["https:\/\/ebanti.com\/tienda\/wp-content\/uploads\/2023\/09\/61fj7WwVvdL._SY425_.jpg",301,425,false],"the_grid_size1":["https:\/\/ebanti.com\/tienda\/wp-content\/uploads\/2023\/09\/61fj7WwVvdL._SY425_.jpg",301,425,false],"the_grid_size2":["https:\/\/ebanti.com\/tienda\/wp-content\/uploads\/2023\/09\/61fj7WwVvdL._SY425_.jpg",301,425,false],"the_grid_size3":["https:\/\/ebanti.com\/tienda\/wp-content\/uploads\/2023\/09\/61fj7WwVvdL._SY425_.jpg",301,425,false],"the_grid_size4":["https:\/\/ebanti.com\/tienda\/wp-content\/uploads\/2023\/09\/61fj7WwVvdL._SY425_.jpg",301,425,false],"the_grid_size5":["https:\/\/ebanti.com\/tienda\/wp-content\/uploads\/2023\/09\/61fj7WwVvdL._SY425_.jpg",301,425,false],"woocommerce_thumbnail":["https:\/\/ebanti.com\/tienda\/wp-content\/uploads\/2023\/09\/61fj7WwVvdL._SY425_-300x300.jpg",300,300,true],"woocommerce_single":["https:\/\/ebanti.com\/tienda\/wp-content\/uploads\/2023\/09\/61fj7WwVvdL._SY425_.jpg",301,425,false],"woocommerce_gallery_thumbnail":["https:\/\/ebanti.com\/tienda\/wp-content\/uploads\/2023\/09\/61fj7WwVvdL._SY425_-100x100.jpg",100,100,true],"portfolio_item-thumbnail":["https:\/\/ebanti.com\/tienda\/wp-content\/uploads\/2023\/09\/61fj7WwVvdL._SY425_-301x400.jpg",301,400,true],"portfolio_item-thumbnail@2x":["https:\/\/ebanti.com\/tienda\/wp-content\/uploads\/2023\/09\/61fj7WwVvdL._SY425_.jpg",301,425,false],"portfolio_item-masonry":["https:\/\/ebanti.com\/tienda\/wp-content\/uploads\/2023\/09\/61fj7WwVvdL._SY425_.jpg",301,425,false],"portfolio_item-masonry@2x":["https:\/\/ebanti.com\/tienda\/wp-content\/uploads\/2023\/09\/61fj7WwVvdL._SY425_.jpg",301,425,false],"portfolio_item-thumbnail_cinema":["https:\/\/ebanti.com\/tienda\/wp-content\/uploads\/2023\/09\/61fj7WwVvdL._SY425_-301x335.jpg",301,335,true],"portfolio_item-thumbnail_portrait":["https:\/\/ebanti.com\/tienda\/wp-content\/uploads\/2023\/09\/61fj7WwVvdL._SY425_.jpg",301,425,false],"portfolio_item-thumbnail_portrait@2x":["https:\/\/ebanti.com\/tienda\/wp-content\/uploads\/2023\/09\/61fj7WwVvdL._SY425_.jpg",301,425,false],"portfolio_item-thumbnail_square":["https:\/\/ebanti.com\/tienda\/wp-content\/uploads\/2023\/09\/61fj7WwVvdL._SY425_.jpg",301,425,false]},"uagb_author_info":{"display_name":"soporte@ebanti.com","author_link":"https:\/\/ebanti.com\/tienda\/author\/"},"uagb_comment_info":0,"uagb_excerpt":"\u00a1Es el primer d\u00eda de cole de M\u00eda. Vinilo, Bowie, Rosal\u00eda y Bolita quieren acompa\u00f1arla. La escuela del bosque es un lugar precioso, pero, al cruzar la puerta, M\u00eda y su amiga L\u00eda se dan cuenta de que el coraz\u00f3n de Tom, su compa\u00f1ero de clase, se ha vuelto de piedra. \u00bfC\u00f3mo podr\u00e1n ayudarlo?","featured_media_urls":{"thumbnail":["https:\/\/ebanti.com\/tienda\/wp-content\/uploads\/2023\/09\/61fj7WwVvdL._SY425_-150x150.jpg",150,150,true],"medium":["https:\/\/ebanti.com\/tienda\/wp-content\/uploads\/2023\/09\/61fj7WwVvdL._SY425_-212x300.jpg",212,300,true],"medium_large":["https:\/\/ebanti.com\/tienda\/wp-content\/uploads\/2023\/09\/61fj7WwVvdL._SY425_.jpg",301,425,false],"large":["https:\/\/ebanti.com\/tienda\/wp-content\/uploads\/2023\/09\/61fj7WwVvdL._SY425_.jpg",301,425,false],"1536x1536":["https:\/\/ebanti.com\/tienda\/wp-content\/uploads\/2023\/09\/61fj7WwVvdL._SY425_.jpg",301,425,false],"2048x2048":["https:\/\/ebanti.com\/tienda\/wp-content\/uploads\/2023\/09\/61fj7WwVvdL._SY425_.jpg",301,425,false],"the_grid_size1":["https:\/\/ebanti.com\/tienda\/wp-content\/uploads\/2023\/09\/61fj7WwVvdL._SY425_.jpg",301,425,false],"the_grid_size2":["https:\/\/ebanti.com\/tienda\/wp-content\/uploads\/2023\/09\/61fj7WwVvdL._SY425_.jpg",301,425,false],"the_grid_size3":["https:\/\/ebanti.com\/tienda\/wp-content\/uploads\/2023\/09\/61fj7WwVvdL._SY425_.jpg",301,425,false],"the_grid_size4":["https:\/\/ebanti.com\/tienda\/wp-content\/uploads\/2023\/09\/61fj7WwVvdL._SY425_.jpg",301,425,false],"the_grid_size5":["https:\/\/ebanti.com\/tienda\/wp-content\/uploads\/2023\/09\/61fj7WwVvdL._SY425_.jpg",301,425,false],"woocommerce_thumbnail":["https:\/\/ebanti.com\/tienda\/wp-content\/uploads\/2023\/09\/61fj7WwVvdL._SY425_-300x300.jpg",300,300,true],"woocommerce_single":["https:\/\/ebanti.com\/tienda\/wp-content\/uploads\/2023\/09\/61fj7WwVvdL._SY425_.jpg",301,425,false],"woocommerce_gallery_thumbnail":["https:\/\/ebanti.com\/tienda\/wp-content\/uploads\/2023\/09\/61fj7WwVvdL._SY425_-100x100.jpg",100,100,true],"portfolio_item-thumbnail":["https:\/\/ebanti.com\/tienda\/wp-content\/uploads\/2023\/09\/61fj7WwVvdL._SY425_-301x400.jpg",301,400,true],"portfolio_item-thumbnail@2x":["https:\/\/ebanti.com\/tienda\/wp-content\/uploads\/2023\/09\/61fj7WwVvdL._SY425_.jpg",301,425,false],"portfolio_item-masonry":["https:\/\/ebanti.com\/tienda\/wp-content\/uploads\/2023\/09\/61fj7WwVvdL._SY425_.jpg",301,425,false],"portfolio_item-masonry@2x":["https:\/\/ebanti.com\/tienda\/wp-content\/uploads\/2023\/09\/61fj7WwVvdL._SY425_.jpg",301,425,false],"portfolio_item-thumbnail_cinema":["https:\/\/ebanti.com\/tienda\/wp-content\/uploads\/2023\/09\/61fj7WwVvdL._SY425_-301x335.jpg",301,335,true],"portfolio_item-thumbnail_portrait":["https:\/\/ebanti.com\/tienda\/wp-content\/uploads\/2023\/09\/61fj7WwVvdL._SY425_.jpg",301,425,false],"portfolio_item-thumbnail_portrait@2x":["https:\/\/ebanti.com\/tienda\/wp-content\/uploads\/2023\/09\/61fj7WwVvdL._SY425_.jpg",301,425,false],"portfolio_item-thumbnail_square":["https:\/\/ebanti.com\/tienda\/wp-content\/uploads\/2023\/09\/61fj7WwVvdL._SY425_.jpg",301,425,false]},"_links":{"self":[{"href":"https:\/\/ebanti.com\/tienda\/wp-json\/wp\/v2\/product\/383","targetHints":{"allow":["GET"]}}],"collection":[{"href":"https:\/\/ebanti.com\/tienda\/wp-json\/wp\/v2\/product"}],"about":[{"href":"https:\/\/ebanti.com\/tienda\/wp-json\/wp\/v2\/types\/product"}],"replies":[{"embeddable":true,"href":"https:\/\/ebanti.com\/tienda\/wp-json\/wp\/v2\/comments?post=383"}],"wp:featuredmedia":[{"embeddable":true,"href":"https:\/\/ebanti.com\/tienda\/wp-json\/wp\/v2\/media\/403"}],"wp:attachment":[{"href":"https:\/\/ebanti.com\/tienda\/wp-json\/wp\/v2\/media?parent=383"}],"wp:term":[{"taxonomy":"product_cat","embeddable":true,"href":"https:\/\/ebanti.com\/tienda\/wp-json\/wp\/v2\/product_cat?post=383"},{"taxonomy":"product_tag","embeddable":true,"href":"https:\/\/ebanti.com\/tienda\/wp-json\/wp\/v2\/product_tag?post=383"}],"curies":[{"name":"wp","href":"https:\/\/api.w.org\/{rel}","templated":true}]}}