{"id":380,"date":"2023-09-29T06:21:36","date_gmt":"2023-09-29T06:21:36","guid":{"rendered":"https:\/\/ebanti.com\/tienda\/?post_type=product&#038;p=380"},"modified":"2023-09-29T07:04:52","modified_gmt":"2023-09-29T07:04:52","slug":"new-product-6","status":"publish","type":"product","link":"https:\/\/ebanti.com\/tienda\/producto\/new-product-6\/","title":{"rendered":"La Compa\u00f1\u00eda Negra I. La Primera Cr\u00f3nica: 1"},"content":{"rendered":"<p>Nadie abandona la Compa\u00f1\u00eda, excepto si es con los pies por delante. La Compa\u00f1\u00eda es el hogar. \u00abSomos la \u00faltima de las Doce Aut\u00e9nticas Compa\u00f1\u00edas. Hemos sobrevivido m\u00e1s de un siglo a las dem\u00e1s, pero temo que nos encontremos en nuestro ocaso. Siento que esta puede ser la \u00faltima misi\u00f3n. Una p\u00e1gina de la historia est\u00e1 a punto de pasar, y una vez lo haga, las grandes hermandades guerreras quedar\u00e1n destruidas y olvidadas.\u00bb.<\/p>\n","protected":false},"excerpt":{"rendered":"<p>Nadie abandona la Compa\u00f1\u00eda, excepto si es con los pies por delante. La Compa\u00f1\u00eda es el hogar.<\/p>\n","protected":false},"featured_media":401,"comment_status":"open","ping_status":"closed","template":"","meta":{"_uag_custom_page_level_css":"","_joinchat":[]},"product_cat":[25,27],"product_tag":[],"class_list":["post-380","product","type-product","status-publish","has-post-thumbnail","hentry","product_cat-libros","product_cat-literatura-fantastica"],"uagb_featured_image_src":{"full":["https:\/\/ebanti.com\/tienda\/wp-content\/uploads\/2023\/09\/81QfIPjWP6L._SY342_.jpg",220,342,false],"thumbnail":["https:\/\/ebanti.com\/tienda\/wp-content\/uploads\/2023\/09\/81QfIPjWP6L._SY342_-150x150.jpg",150,150,true],"medium":["https:\/\/ebanti.com\/tienda\/wp-content\/uploads\/2023\/09\/81QfIPjWP6L._SY342_-193x300.jpg",193,300,true],"medium_large":["https:\/\/ebanti.com\/tienda\/wp-content\/uploads\/2023\/09\/81QfIPjWP6L._SY342_.jpg",220,342,false],"large":["https:\/\/ebanti.com\/tienda\/wp-content\/uploads\/2023\/09\/81QfIPjWP6L._SY342_.jpg",220,342,false],"1536x1536":["https:\/\/ebanti.com\/tienda\/wp-content\/uploads\/2023\/09\/81QfIPjWP6L._SY342_.jpg",220,342,false],"2048x2048":["https:\/\/ebanti.com\/tienda\/wp-content\/uploads\/2023\/09\/81QfIPjWP6L._SY342_.jpg",220,342,false],"the_grid_size1":["https:\/\/ebanti.com\/tienda\/wp-content\/uploads\/2023\/09\/81QfIPjWP6L._SY342_.jpg",220,342,false],"the_grid_size2":["https:\/\/ebanti.com\/tienda\/wp-content\/uploads\/2023\/09\/81QfIPjWP6L._SY342_.jpg",220,342,false],"the_grid_size3":["https:\/\/ebanti.com\/tienda\/wp-content\/uploads\/2023\/09\/81QfIPjWP6L._SY342_.jpg",220,342,false],"the_grid_size4":["https:\/\/ebanti.com\/tienda\/wp-content\/uploads\/2023\/09\/81QfIPjWP6L._SY342_.jpg",220,342,false],"the_grid_size5":["https:\/\/ebanti.com\/tienda\/wp-content\/uploads\/2023\/09\/81QfIPjWP6L._SY342_.jpg",220,342,false],"woocommerce_thumbnail":["https:\/\/ebanti.com\/tienda\/wp-content\/uploads\/2023\/09\/81QfIPjWP6L._SY342_-220x300.jpg",220,300,true],"woocommerce_single":["https:\/\/ebanti.com\/tienda\/wp-content\/uploads\/2023\/09\/81QfIPjWP6L._SY342_.jpg",220,342,false],"woocommerce_gallery_thumbnail":["https:\/\/ebanti.com\/tienda\/wp-content\/uploads\/2023\/09\/81QfIPjWP6L._SY342_-100x100.jpg",100,100,true],"portfolio_item-thumbnail":["https:\/\/ebanti.com\/tienda\/wp-content\/uploads\/2023\/09\/81QfIPjWP6L._SY342_.jpg",220,342,false],"portfolio_item-thumbnail@2x":["https:\/\/ebanti.com\/tienda\/wp-content\/uploads\/2023\/09\/81QfIPjWP6L._SY342_.jpg",220,342,false],"portfolio_item-masonry":["https:\/\/ebanti.com\/tienda\/wp-content\/uploads\/2023\/09\/81QfIPjWP6L._SY342_.jpg",220,342,false],"portfolio_item-masonry@2x":["https:\/\/ebanti.com\/tienda\/wp-content\/uploads\/2023\/09\/81QfIPjWP6L._SY342_.jpg",220,342,false],"portfolio_item-thumbnail_cinema":["https:\/\/ebanti.com\/tienda\/wp-content\/uploads\/2023\/09\/81QfIPjWP6L._SY342_-220x335.jpg",220,335,true],"portfolio_item-thumbnail_portrait":["https:\/\/ebanti.com\/tienda\/wp-content\/uploads\/2023\/09\/81QfIPjWP6L._SY342_.jpg",220,342,false],"portfolio_item-thumbnail_portrait@2x":["https:\/\/ebanti.com\/tienda\/wp-content\/uploads\/2023\/09\/81QfIPjWP6L._SY342_.jpg",220,342,false],"portfolio_item-thumbnail_square":["https:\/\/ebanti.com\/tienda\/wp-content\/uploads\/2023\/09\/81QfIPjWP6L._SY342_.jpg",220,342,false]},"uagb_author_info":{"display_name":"soporte@ebanti.com","author_link":"https:\/\/ebanti.com\/tienda\/author\/"},"uagb_comment_info":0,"uagb_excerpt":"Nadie abandona la Compa\u00f1\u00eda, excepto si es con los pies por delante. La Compa\u00f1\u00eda es el hogar.","featured_media_urls":{"thumbnail":["https:\/\/ebanti.com\/tienda\/wp-content\/uploads\/2023\/09\/81QfIPjWP6L._SY342_-150x150.jpg",150,150,true],"medium":["https:\/\/ebanti.com\/tienda\/wp-content\/uploads\/2023\/09\/81QfIPjWP6L._SY342_-193x300.jpg",193,300,true],"medium_large":["https:\/\/ebanti.com\/tienda\/wp-content\/uploads\/2023\/09\/81QfIPjWP6L._SY342_.jpg",220,342,false],"large":["https:\/\/ebanti.com\/tienda\/wp-content\/uploads\/2023\/09\/81QfIPjWP6L._SY342_.jpg",220,342,false],"1536x1536":["https:\/\/ebanti.com\/tienda\/wp-content\/uploads\/2023\/09\/81QfIPjWP6L._SY342_.jpg",220,342,false],"2048x2048":["https:\/\/ebanti.com\/tienda\/wp-content\/uploads\/2023\/09\/81QfIPjWP6L._SY342_.jpg",220,342,false],"the_grid_size1":["https:\/\/ebanti.com\/tienda\/wp-content\/uploads\/2023\/09\/81QfIPjWP6L._SY342_.jpg",220,342,false],"the_grid_size2":["https:\/\/ebanti.com\/tienda\/wp-content\/uploads\/2023\/09\/81QfIPjWP6L._SY342_.jpg",220,342,false],"the_grid_size3":["https:\/\/ebanti.com\/tienda\/wp-content\/uploads\/2023\/09\/81QfIPjWP6L._SY342_.jpg",220,342,false],"the_grid_size4":["https:\/\/ebanti.com\/tienda\/wp-content\/uploads\/2023\/09\/81QfIPjWP6L._SY342_.jpg",220,342,false],"the_grid_size5":["https:\/\/ebanti.com\/tienda\/wp-content\/uploads\/2023\/09\/81QfIPjWP6L._SY342_.jpg",220,342,false],"woocommerce_thumbnail":["https:\/\/ebanti.com\/tienda\/wp-content\/uploads\/2023\/09\/81QfIPjWP6L._SY342_-220x300.jpg",220,300,true],"woocommerce_single":["https:\/\/ebanti.com\/tienda\/wp-content\/uploads\/2023\/09\/81QfIPjWP6L._SY342_.jpg",220,342,false],"woocommerce_gallery_thumbnail":["https:\/\/ebanti.com\/tienda\/wp-content\/uploads\/2023\/09\/81QfIPjWP6L._SY342_-100x100.jpg",100,100,true],"portfolio_item-thumbnail":["https:\/\/ebanti.com\/tienda\/wp-content\/uploads\/2023\/09\/81QfIPjWP6L._SY342_.jpg",220,342,false],"portfolio_item-thumbnail@2x":["https:\/\/ebanti.com\/tienda\/wp-content\/uploads\/2023\/09\/81QfIPjWP6L._SY342_.jpg",220,342,false],"portfolio_item-masonry":["https:\/\/ebanti.com\/tienda\/wp-content\/uploads\/2023\/09\/81QfIPjWP6L._SY342_.jpg",220,342,false],"portfolio_item-masonry@2x":["https:\/\/ebanti.com\/tienda\/wp-content\/uploads\/2023\/09\/81QfIPjWP6L._SY342_.jpg",220,342,false],"portfolio_item-thumbnail_cinema":["https:\/\/ebanti.com\/tienda\/wp-content\/uploads\/2023\/09\/81QfIPjWP6L._SY342_-220x335.jpg",220,335,true],"portfolio_item-thumbnail_portrait":["https:\/\/ebanti.com\/tienda\/wp-content\/uploads\/2023\/09\/81QfIPjWP6L._SY342_.jpg",220,342,false],"portfolio_item-thumbnail_portrait@2x":["https:\/\/ebanti.com\/tienda\/wp-content\/uploads\/2023\/09\/81QfIPjWP6L._SY342_.jpg",220,342,false],"portfolio_item-thumbnail_square":["https:\/\/ebanti.com\/tienda\/wp-content\/uploads\/2023\/09\/81QfIPjWP6L._SY342_.jpg",220,342,false]},"_links":{"self":[{"href":"https:\/\/ebanti.com\/tienda\/wp-json\/wp\/v2\/product\/380","targetHints":{"allow":["GET"]}}],"collection":[{"href":"https:\/\/ebanti.com\/tienda\/wp-json\/wp\/v2\/product"}],"about":[{"href":"https:\/\/ebanti.com\/tienda\/wp-json\/wp\/v2\/types\/product"}],"replies":[{"embeddable":true,"href":"https:\/\/ebanti.com\/tienda\/wp-json\/wp\/v2\/comments?post=380"}],"wp:featuredmedia":[{"embeddable":true,"href":"https:\/\/ebanti.com\/tienda\/wp-json\/wp\/v2\/media\/401"}],"wp:attachment":[{"href":"https:\/\/ebanti.com\/tienda\/wp-json\/wp\/v2\/media?parent=380"}],"wp:term":[{"taxonomy":"product_cat","embeddable":true,"href":"https:\/\/ebanti.com\/tienda\/wp-json\/wp\/v2\/product_cat?post=380"},{"taxonomy":"product_tag","embeddable":true,"href":"https:\/\/ebanti.com\/tienda\/wp-json\/wp\/v2\/product_tag?post=380"}],"curies":[{"name":"wp","href":"https:\/\/api.w.org\/{rel}","templated":true}]}}