{"id":378,"date":"2023-09-29T06:21:35","date_gmt":"2023-09-29T06:21:35","guid":{"rendered":"https:\/\/ebanti.com\/tienda\/?post_type=product&#038;p=378"},"modified":"2023-09-29T07:04:52","modified_gmt":"2023-09-29T07:04:52","slug":"new-product-4","status":"publish","type":"product","link":"https:\/\/ebanti.com\/tienda\/producto\/new-product-4\/","title":{"rendered":"El pr\u00edncipe y la bruja : romance y fantas\u00eda"},"content":{"rendered":"<p>En los cuentos de hadas, las princesas esperan en sus torres a que las rescate el pr\u00edncipe.<br \/>\nEn los cuentos de hadas, los pr\u00edncipes matan a las brujas y nunca se enamoran de quien no deben.<br \/>\nPero esto no es un cuento de hadas.<br \/>\nEs una pesadilla, y las pesadillas son como los espejos rotos: cortan.<br \/>\nNo toques nada. No sumerjas los pies en donde canta el \u00e1rbol. Y, sobre todo, cuida tu coraz\u00f3n&#8230;<\/p>\n<p>Una novela oscura de fantas\u00eda y romance para lectores sin miedo, llena de referencias a los cuentos de hadas, llena de giros y sorpresas.<br \/>\n\u00bfTe atreves a conocer las sombras m\u00e1s hermosas?<\/p>\n","protected":false},"excerpt":{"rendered":"<p>En los cuentos de hadas, las reinas son madres o brujas, y las brujas arrancan corazones.<\/p>\n","protected":false},"featured_media":399,"comment_status":"open","ping_status":"closed","template":"","meta":{"_uag_custom_page_level_css":"","_joinchat":[]},"product_cat":[25,27],"product_tag":[],"class_list":["post-378","product","type-product","status-publish","has-post-thumbnail","hentry","product_cat-libros","product_cat-literatura-fantastica"],"uagb_featured_image_src":{"full":["https:\/\/ebanti.com\/tienda\/wp-content\/uploads\/2023\/09\/81jyS1R8OuL._SY342_.jpg",228,342,false],"thumbnail":["https:\/\/ebanti.com\/tienda\/wp-content\/uploads\/2023\/09\/81jyS1R8OuL._SY342_-150x150.jpg",150,150,true],"medium":["https:\/\/ebanti.com\/tienda\/wp-content\/uploads\/2023\/09\/81jyS1R8OuL._SY342_-200x300.jpg",200,300,true],"medium_large":["https:\/\/ebanti.com\/tienda\/wp-content\/uploads\/2023\/09\/81jyS1R8OuL._SY342_.jpg",228,342,false],"large":["https:\/\/ebanti.com\/tienda\/wp-content\/uploads\/2023\/09\/81jyS1R8OuL._SY342_.jpg",228,342,false],"1536x1536":["https:\/\/ebanti.com\/tienda\/wp-content\/uploads\/2023\/09\/81jyS1R8OuL._SY342_.jpg",228,342,false],"2048x2048":["https:\/\/ebanti.com\/tienda\/wp-content\/uploads\/2023\/09\/81jyS1R8OuL._SY342_.jpg",228,342,false],"the_grid_size1":["https:\/\/ebanti.com\/tienda\/wp-content\/uploads\/2023\/09\/81jyS1R8OuL._SY342_.jpg",228,342,false],"the_grid_size2":["https:\/\/ebanti.com\/tienda\/wp-content\/uploads\/2023\/09\/81jyS1R8OuL._SY342_.jpg",228,342,false],"the_grid_size3":["https:\/\/ebanti.com\/tienda\/wp-content\/uploads\/2023\/09\/81jyS1R8OuL._SY342_.jpg",228,342,false],"the_grid_size4":["https:\/\/ebanti.com\/tienda\/wp-content\/uploads\/2023\/09\/81jyS1R8OuL._SY342_.jpg",228,342,false],"the_grid_size5":["https:\/\/ebanti.com\/tienda\/wp-content\/uploads\/2023\/09\/81jyS1R8OuL._SY342_.jpg",228,342,false],"woocommerce_thumbnail":["https:\/\/ebanti.com\/tienda\/wp-content\/uploads\/2023\/09\/81jyS1R8OuL._SY342_-228x300.jpg",228,300,true],"woocommerce_single":["https:\/\/ebanti.com\/tienda\/wp-content\/uploads\/2023\/09\/81jyS1R8OuL._SY342_.jpg",228,342,false],"woocommerce_gallery_thumbnail":["https:\/\/ebanti.com\/tienda\/wp-content\/uploads\/2023\/09\/81jyS1R8OuL._SY342_-100x100.jpg",100,100,true],"portfolio_item-thumbnail":["https:\/\/ebanti.com\/tienda\/wp-content\/uploads\/2023\/09\/81jyS1R8OuL._SY342_.jpg",228,342,false],"portfolio_item-thumbnail@2x":["https:\/\/ebanti.com\/tienda\/wp-content\/uploads\/2023\/09\/81jyS1R8OuL._SY342_.jpg",228,342,false],"portfolio_item-masonry":["https:\/\/ebanti.com\/tienda\/wp-content\/uploads\/2023\/09\/81jyS1R8OuL._SY342_.jpg",228,342,false],"portfolio_item-masonry@2x":["https:\/\/ebanti.com\/tienda\/wp-content\/uploads\/2023\/09\/81jyS1R8OuL._SY342_.jpg",228,342,false],"portfolio_item-thumbnail_cinema":["https:\/\/ebanti.com\/tienda\/wp-content\/uploads\/2023\/09\/81jyS1R8OuL._SY342_-228x335.jpg",228,335,true],"portfolio_item-thumbnail_portrait":["https:\/\/ebanti.com\/tienda\/wp-content\/uploads\/2023\/09\/81jyS1R8OuL._SY342_.jpg",228,342,false],"portfolio_item-thumbnail_portrait@2x":["https:\/\/ebanti.com\/tienda\/wp-content\/uploads\/2023\/09\/81jyS1R8OuL._SY342_.jpg",228,342,false],"portfolio_item-thumbnail_square":["https:\/\/ebanti.com\/tienda\/wp-content\/uploads\/2023\/09\/81jyS1R8OuL._SY342_.jpg",228,342,false]},"uagb_author_info":{"display_name":"soporte@ebanti.com","author_link":"https:\/\/ebanti.com\/tienda\/author\/"},"uagb_comment_info":0,"uagb_excerpt":"En los cuentos de hadas, las reinas son madres o brujas, y las brujas arrancan corazones.","featured_media_urls":{"thumbnail":["https:\/\/ebanti.com\/tienda\/wp-content\/uploads\/2023\/09\/81jyS1R8OuL._SY342_-150x150.jpg",150,150,true],"medium":["https:\/\/ebanti.com\/tienda\/wp-content\/uploads\/2023\/09\/81jyS1R8OuL._SY342_-200x300.jpg",200,300,true],"medium_large":["https:\/\/ebanti.com\/tienda\/wp-content\/uploads\/2023\/09\/81jyS1R8OuL._SY342_.jpg",228,342,false],"large":["https:\/\/ebanti.com\/tienda\/wp-content\/uploads\/2023\/09\/81jyS1R8OuL._SY342_.jpg",228,342,false],"1536x1536":["https:\/\/ebanti.com\/tienda\/wp-content\/uploads\/2023\/09\/81jyS1R8OuL._SY342_.jpg",228,342,false],"2048x2048":["https:\/\/ebanti.com\/tienda\/wp-content\/uploads\/2023\/09\/81jyS1R8OuL._SY342_.jpg",228,342,false],"the_grid_size1":["https:\/\/ebanti.com\/tienda\/wp-content\/uploads\/2023\/09\/81jyS1R8OuL._SY342_.jpg",228,342,false],"the_grid_size2":["https:\/\/ebanti.com\/tienda\/wp-content\/uploads\/2023\/09\/81jyS1R8OuL._SY342_.jpg",228,342,false],"the_grid_size3":["https:\/\/ebanti.com\/tienda\/wp-content\/uploads\/2023\/09\/81jyS1R8OuL._SY342_.jpg",228,342,false],"the_grid_size4":["https:\/\/ebanti.com\/tienda\/wp-content\/uploads\/2023\/09\/81jyS1R8OuL._SY342_.jpg",228,342,false],"the_grid_size5":["https:\/\/ebanti.com\/tienda\/wp-content\/uploads\/2023\/09\/81jyS1R8OuL._SY342_.jpg",228,342,false],"woocommerce_thumbnail":["https:\/\/ebanti.com\/tienda\/wp-content\/uploads\/2023\/09\/81jyS1R8OuL._SY342_-228x300.jpg",228,300,true],"woocommerce_single":["https:\/\/ebanti.com\/tienda\/wp-content\/uploads\/2023\/09\/81jyS1R8OuL._SY342_.jpg",228,342,false],"woocommerce_gallery_thumbnail":["https:\/\/ebanti.com\/tienda\/wp-content\/uploads\/2023\/09\/81jyS1R8OuL._SY342_-100x100.jpg",100,100,true],"portfolio_item-thumbnail":["https:\/\/ebanti.com\/tienda\/wp-content\/uploads\/2023\/09\/81jyS1R8OuL._SY342_.jpg",228,342,false],"portfolio_item-thumbnail@2x":["https:\/\/ebanti.com\/tienda\/wp-content\/uploads\/2023\/09\/81jyS1R8OuL._SY342_.jpg",228,342,false],"portfolio_item-masonry":["https:\/\/ebanti.com\/tienda\/wp-content\/uploads\/2023\/09\/81jyS1R8OuL._SY342_.jpg",228,342,false],"portfolio_item-masonry@2x":["https:\/\/ebanti.com\/tienda\/wp-content\/uploads\/2023\/09\/81jyS1R8OuL._SY342_.jpg",228,342,false],"portfolio_item-thumbnail_cinema":["https:\/\/ebanti.com\/tienda\/wp-content\/uploads\/2023\/09\/81jyS1R8OuL._SY342_-228x335.jpg",228,335,true],"portfolio_item-thumbnail_portrait":["https:\/\/ebanti.com\/tienda\/wp-content\/uploads\/2023\/09\/81jyS1R8OuL._SY342_.jpg",228,342,false],"portfolio_item-thumbnail_portrait@2x":["https:\/\/ebanti.com\/tienda\/wp-content\/uploads\/2023\/09\/81jyS1R8OuL._SY342_.jpg",228,342,false],"portfolio_item-thumbnail_square":["https:\/\/ebanti.com\/tienda\/wp-content\/uploads\/2023\/09\/81jyS1R8OuL._SY342_.jpg",228,342,false]},"_links":{"self":[{"href":"https:\/\/ebanti.com\/tienda\/wp-json\/wp\/v2\/product\/378","targetHints":{"allow":["GET"]}}],"collection":[{"href":"https:\/\/ebanti.com\/tienda\/wp-json\/wp\/v2\/product"}],"about":[{"href":"https:\/\/ebanti.com\/tienda\/wp-json\/wp\/v2\/types\/product"}],"replies":[{"embeddable":true,"href":"https:\/\/ebanti.com\/tienda\/wp-json\/wp\/v2\/comments?post=378"}],"wp:featuredmedia":[{"embeddable":true,"href":"https:\/\/ebanti.com\/tienda\/wp-json\/wp\/v2\/media\/399"}],"wp:attachment":[{"href":"https:\/\/ebanti.com\/tienda\/wp-json\/wp\/v2\/media?parent=378"}],"wp:term":[{"taxonomy":"product_cat","embeddable":true,"href":"https:\/\/ebanti.com\/tienda\/wp-json\/wp\/v2\/product_cat?post=378"},{"taxonomy":"product_tag","embeddable":true,"href":"https:\/\/ebanti.com\/tienda\/wp-json\/wp\/v2\/product_tag?post=378"}],"curies":[{"name":"wp","href":"https:\/\/api.w.org\/{rel}","templated":true}]}}