{"id":376,"date":"2023-09-29T06:21:35","date_gmt":"2023-09-29T06:21:35","guid":{"rendered":"https:\/\/ebanti.com\/tienda\/?post_type=product&#038;p=376"},"modified":"2023-09-29T07:04:52","modified_gmt":"2023-09-29T07:04:52","slug":"new-product-2","status":"publish","type":"product","link":"https:\/\/ebanti.com\/tienda\/producto\/new-product-2\/","title":{"rendered":"La prisionera de oro."},"content":{"rendered":"<p>Primera entrega de una impresionante serie de fantas\u00eda, perfecta para las lectoras de Sarah J. Maas y Jennifer L. Armentrout.<br \/>\nEl mito del rey Midas reinventado.<br \/>\nEsta fascinante serie de fantas\u00eda es tan adictiva como inesperada.<\/p>\n<p>Con romance, intriga y peligro, el mundo dorado de Orea te atrapar\u00e1 desde la primera p\u00e1gina.<\/p>\n<p>UNA FUGITIVA QUE NO SER\u00c1 SILENCIADA.<\/p>\n<p>Las hadas nos abandonaron este mundo. Y los que tienen el poder gobiernan.<\/p>\n<p>Oro. Suelos de oro, paredes de oro, ropa de oro. En Highbell, en el castillo construido en las monta\u00f1as heladas, todo est\u00e1 hecho de oro.<\/p>\n<p>Incluso yo. El rey Midas me rescat\u00f3. Me sacaron de los barrios bajos y me colocaron en un pedestal. Me llaman su favorita. Soy la mujer a la que toc\u00f3 con oro para mostrarles a todos que le pertenezco. Para mostrar lo poderoso que es. \u00c9l me dio protecci\u00f3n y yo le di mi coraz\u00f3n.<\/p>\n<p>De repente, mi confianza se rompe. Mi amor es desafiado y me doy cuenta de que todo lo que cre\u00eda saber sobre Midas podr\u00eda estar equivocado.<\/p>\n<p>Porque estos barrotes en los que estoy encerrada, por dorados que sean, siguen siendo solo una jaula.<\/p>\n<p>\u00ab\u00a1DIEZ ESTRELLAS DORADAS! Notablemente original y divertido, y la prosa, la gente&#8230; hermosa, hermosa, hermosa.\u00bb Olivia Wildenstein<\/p>\n<p>\u00abPrep\u00e1rate para quedar cautivado desde la primera palabra y rogando por m\u00e1s con la \u00faltima. Raven Kennedy crea un mundo asombroso que est\u00e1 lleno de personajes cautivadores y una historia que no podr\u00e1s dejar de leer.\u00bb Ivy Asher<\/p>\n<p>\u00abDevor\u00e9 este primer libro y termin\u00f3 en un suspenso tan agradable que tengo sed de leer el siguiente.\u00bb Emmie Hamilton<\/p>\n<p>\u00abSexy y conmovedor, todo al mismo tiempo. . . y ese giro de la trama, OMG.\u00bb 5***** Rese\u00f1ade lectora.<\/p>\n<p>\u00abLean esta serie AHORA. Me sent\u00ed como si estuviera dentro de la historia mirando y conteniendo la respiraci\u00f3n todo el tiempo.\u00bb 5 ***** Rese\u00f1a de lectora<\/p>\n","protected":false},"excerpt":{"rendered":"<p>Primera entrega de una impresionante serie de fantas\u00eda, perfecta para las lectoras de Sarah J. Maas y Jennifer L. Armentrout.<br \/>\nEl mito del rey Midas reinventado.<br \/>\nEsta fascinante serie de fantas\u00eda es tan adictiva como inesperada.<\/p>\n","protected":false},"featured_media":397,"comment_status":"open","ping_status":"closed","template":"","meta":{"_uag_custom_page_level_css":"","_joinchat":[]},"product_cat":[25,27],"product_tag":[],"class_list":["post-376","product","type-product","status-publish","has-post-thumbnail","hentry","product_cat-libros","product_cat-literatura-fantastica"],"uagb_featured_image_src":{"full":["https:\/\/ebanti.com\/tienda\/wp-content\/uploads\/2023\/09\/91aagXCy7wL._SY342_.jpg",218,342,false],"thumbnail":["https:\/\/ebanti.com\/tienda\/wp-content\/uploads\/2023\/09\/91aagXCy7wL._SY342_-150x150.jpg",150,150,true],"medium":["https:\/\/ebanti.com\/tienda\/wp-content\/uploads\/2023\/09\/91aagXCy7wL._SY342_-191x300.jpg",191,300,true],"medium_large":["https:\/\/ebanti.com\/tienda\/wp-content\/uploads\/2023\/09\/91aagXCy7wL._SY342_.jpg",218,342,false],"large":["https:\/\/ebanti.com\/tienda\/wp-content\/uploads\/2023\/09\/91aagXCy7wL._SY342_.jpg",218,342,false],"1536x1536":["https:\/\/ebanti.com\/tienda\/wp-content\/uploads\/2023\/09\/91aagXCy7wL._SY342_.jpg",218,342,false],"2048x2048":["https:\/\/ebanti.com\/tienda\/wp-content\/uploads\/2023\/09\/91aagXCy7wL._SY342_.jpg",218,342,false],"the_grid_size1":["https:\/\/ebanti.com\/tienda\/wp-content\/uploads\/2023\/09\/91aagXCy7wL._SY342_.jpg",218,342,false],"the_grid_size2":["https:\/\/ebanti.com\/tienda\/wp-content\/uploads\/2023\/09\/91aagXCy7wL._SY342_.jpg",218,342,false],"the_grid_size3":["https:\/\/ebanti.com\/tienda\/wp-content\/uploads\/2023\/09\/91aagXCy7wL._SY342_.jpg",218,342,false],"the_grid_size4":["https:\/\/ebanti.com\/tienda\/wp-content\/uploads\/2023\/09\/91aagXCy7wL._SY342_.jpg",218,342,false],"the_grid_size5":["https:\/\/ebanti.com\/tienda\/wp-content\/uploads\/2023\/09\/91aagXCy7wL._SY342_.jpg",218,342,false],"woocommerce_thumbnail":["https:\/\/ebanti.com\/tienda\/wp-content\/uploads\/2023\/09\/91aagXCy7wL._SY342_-218x300.jpg",218,300,true],"woocommerce_single":["https:\/\/ebanti.com\/tienda\/wp-content\/uploads\/2023\/09\/91aagXCy7wL._SY342_.jpg",218,342,false],"woocommerce_gallery_thumbnail":["https:\/\/ebanti.com\/tienda\/wp-content\/uploads\/2023\/09\/91aagXCy7wL._SY342_-100x100.jpg",100,100,true],"portfolio_item-thumbnail":["https:\/\/ebanti.com\/tienda\/wp-content\/uploads\/2023\/09\/91aagXCy7wL._SY342_.jpg",218,342,false],"portfolio_item-thumbnail@2x":["https:\/\/ebanti.com\/tienda\/wp-content\/uploads\/2023\/09\/91aagXCy7wL._SY342_.jpg",218,342,false],"portfolio_item-masonry":["https:\/\/ebanti.com\/tienda\/wp-content\/uploads\/2023\/09\/91aagXCy7wL._SY342_.jpg",218,342,false],"portfolio_item-masonry@2x":["https:\/\/ebanti.com\/tienda\/wp-content\/uploads\/2023\/09\/91aagXCy7wL._SY342_.jpg",218,342,false],"portfolio_item-thumbnail_cinema":["https:\/\/ebanti.com\/tienda\/wp-content\/uploads\/2023\/09\/91aagXCy7wL._SY342_-218x335.jpg",218,335,true],"portfolio_item-thumbnail_portrait":["https:\/\/ebanti.com\/tienda\/wp-content\/uploads\/2023\/09\/91aagXCy7wL._SY342_.jpg",218,342,false],"portfolio_item-thumbnail_portrait@2x":["https:\/\/ebanti.com\/tienda\/wp-content\/uploads\/2023\/09\/91aagXCy7wL._SY342_.jpg",218,342,false],"portfolio_item-thumbnail_square":["https:\/\/ebanti.com\/tienda\/wp-content\/uploads\/2023\/09\/91aagXCy7wL._SY342_.jpg",218,342,false]},"uagb_author_info":{"display_name":"soporte@ebanti.com","author_link":"https:\/\/ebanti.com\/tienda\/author\/"},"uagb_comment_info":0,"uagb_excerpt":"Primera entrega de una impresionante serie de fantas\u00eda, perfecta para las lectoras de Sarah J. Maas y Jennifer L. Armentrout. El mito del rey Midas reinventado. Esta fascinante serie de fantas\u00eda es tan adictiva como inesperada.","featured_media_urls":{"thumbnail":["https:\/\/ebanti.com\/tienda\/wp-content\/uploads\/2023\/09\/91aagXCy7wL._SY342_-150x150.jpg",150,150,true],"medium":["https:\/\/ebanti.com\/tienda\/wp-content\/uploads\/2023\/09\/91aagXCy7wL._SY342_-191x300.jpg",191,300,true],"medium_large":["https:\/\/ebanti.com\/tienda\/wp-content\/uploads\/2023\/09\/91aagXCy7wL._SY342_.jpg",218,342,false],"large":["https:\/\/ebanti.com\/tienda\/wp-content\/uploads\/2023\/09\/91aagXCy7wL._SY342_.jpg",218,342,false],"1536x1536":["https:\/\/ebanti.com\/tienda\/wp-content\/uploads\/2023\/09\/91aagXCy7wL._SY342_.jpg",218,342,false],"2048x2048":["https:\/\/ebanti.com\/tienda\/wp-content\/uploads\/2023\/09\/91aagXCy7wL._SY342_.jpg",218,342,false],"the_grid_size1":["https:\/\/ebanti.com\/tienda\/wp-content\/uploads\/2023\/09\/91aagXCy7wL._SY342_.jpg",218,342,false],"the_grid_size2":["https:\/\/ebanti.com\/tienda\/wp-content\/uploads\/2023\/09\/91aagXCy7wL._SY342_.jpg",218,342,false],"the_grid_size3":["https:\/\/ebanti.com\/tienda\/wp-content\/uploads\/2023\/09\/91aagXCy7wL._SY342_.jpg",218,342,false],"the_grid_size4":["https:\/\/ebanti.com\/tienda\/wp-content\/uploads\/2023\/09\/91aagXCy7wL._SY342_.jpg",218,342,false],"the_grid_size5":["https:\/\/ebanti.com\/tienda\/wp-content\/uploads\/2023\/09\/91aagXCy7wL._SY342_.jpg",218,342,false],"woocommerce_thumbnail":["https:\/\/ebanti.com\/tienda\/wp-content\/uploads\/2023\/09\/91aagXCy7wL._SY342_-218x300.jpg",218,300,true],"woocommerce_single":["https:\/\/ebanti.com\/tienda\/wp-content\/uploads\/2023\/09\/91aagXCy7wL._SY342_.jpg",218,342,false],"woocommerce_gallery_thumbnail":["https:\/\/ebanti.com\/tienda\/wp-content\/uploads\/2023\/09\/91aagXCy7wL._SY342_-100x100.jpg",100,100,true],"portfolio_item-thumbnail":["https:\/\/ebanti.com\/tienda\/wp-content\/uploads\/2023\/09\/91aagXCy7wL._SY342_.jpg",218,342,false],"portfolio_item-thumbnail@2x":["https:\/\/ebanti.com\/tienda\/wp-content\/uploads\/2023\/09\/91aagXCy7wL._SY342_.jpg",218,342,false],"portfolio_item-masonry":["https:\/\/ebanti.com\/tienda\/wp-content\/uploads\/2023\/09\/91aagXCy7wL._SY342_.jpg",218,342,false],"portfolio_item-masonry@2x":["https:\/\/ebanti.com\/tienda\/wp-content\/uploads\/2023\/09\/91aagXCy7wL._SY342_.jpg",218,342,false],"portfolio_item-thumbnail_cinema":["https:\/\/ebanti.com\/tienda\/wp-content\/uploads\/2023\/09\/91aagXCy7wL._SY342_-218x335.jpg",218,335,true],"portfolio_item-thumbnail_portrait":["https:\/\/ebanti.com\/tienda\/wp-content\/uploads\/2023\/09\/91aagXCy7wL._SY342_.jpg",218,342,false],"portfolio_item-thumbnail_portrait@2x":["https:\/\/ebanti.com\/tienda\/wp-content\/uploads\/2023\/09\/91aagXCy7wL._SY342_.jpg",218,342,false],"portfolio_item-thumbnail_square":["https:\/\/ebanti.com\/tienda\/wp-content\/uploads\/2023\/09\/91aagXCy7wL._SY342_.jpg",218,342,false]},"_links":{"self":[{"href":"https:\/\/ebanti.com\/tienda\/wp-json\/wp\/v2\/product\/376","targetHints":{"allow":["GET"]}}],"collection":[{"href":"https:\/\/ebanti.com\/tienda\/wp-json\/wp\/v2\/product"}],"about":[{"href":"https:\/\/ebanti.com\/tienda\/wp-json\/wp\/v2\/types\/product"}],"replies":[{"embeddable":true,"href":"https:\/\/ebanti.com\/tienda\/wp-json\/wp\/v2\/comments?post=376"}],"wp:featuredmedia":[{"embeddable":true,"href":"https:\/\/ebanti.com\/tienda\/wp-json\/wp\/v2\/media\/397"}],"wp:attachment":[{"href":"https:\/\/ebanti.com\/tienda\/wp-json\/wp\/v2\/media?parent=376"}],"wp:term":[{"taxonomy":"product_cat","embeddable":true,"href":"https:\/\/ebanti.com\/tienda\/wp-json\/wp\/v2\/product_cat?post=376"},{"taxonomy":"product_tag","embeddable":true,"href":"https:\/\/ebanti.com\/tienda\/wp-json\/wp\/v2\/product_tag?post=376"}],"curies":[{"name":"wp","href":"https:\/\/api.w.org\/{rel}","templated":true}]}}