{"id":375,"date":"2023-09-29T06:21:35","date_gmt":"2023-09-29T06:21:35","guid":{"rendered":"https:\/\/ebanti.com\/tienda\/?post_type=product&#038;p=375"},"modified":"2023-09-29T07:04:51","modified_gmt":"2023-09-29T07:04:51","slug":"new-product","status":"publish","type":"product","link":"https:\/\/ebanti.com\/tienda\/producto\/new-product\/","title":{"rendered":"Hooked: una historia de Nunca Jam\u00e1s."},"content":{"rendered":"<p>Desea venganza, pero a ella la desea todav\u00eda m\u00e1s&#8230; James ha tenido siempre un \u00fanico objetivo: acabar con Peter Michaels, su enemigo. Un d\u00eda, la hija de Peter, Wendy, de solo veinte a\u00f1os, entra en el bar de James y este ve la ocasi\u00f3n: la seducir\u00e1 y la utilizar\u00e1 para vengarse. Parece el plan perfecto&#8230; hasta que todo empieza a desmoronarse. De pronto, James tiene que encontrar al traidor que se esconde entre los suyos, y su plan de venganza se complica cuando Wendy empieza a ser mucho m\u00e1s que un pe\u00f3n en su juego. Wendy siempre ha estado protegida del mundo por su padre, tan fr\u00edo como adinerado. Pero una noche espont\u00e1nea con amigas desemboca en una relaci\u00f3n amorosa intensa y adictiva con el problem\u00e1tico James. Wendy sabe que James es peligroso, pero no puede evitar desearlo y, a medida que la relaci\u00f3n se intensifica y descubre m\u00e1s cosas sobre el turbio mundo en el que se mueve, ya no sabe si se est\u00e1 enamorando del hombre al que conoce como James&#8230; o del monstruo al que llaman Garfio. Advertencia: Hooked es un romance oscuro contempor\u00e1neo. Incluye contenido sexual expl\u00edcito, consumo de drogas y escenas violentas, por lo que no se recomienda a menores de 18 a\u00f1os. Para m\u00e1s informaci\u00f3n, puedes consultar la web de la autora.<\/p>\n","protected":false},"excerpt":{"rendered":"<p>Ad\u00e9ntrate en el retelling m\u00e1s oscuro y delicioso de Peter Pan que ha conquistado TikTok.<\/p>\n","protected":false},"featured_media":396,"comment_status":"open","ping_status":"closed","template":"","meta":{"_uag_custom_page_level_css":"","_joinchat":[]},"product_cat":[25,27],"product_tag":[],"class_list":["post-375","product","type-product","status-publish","has-post-thumbnail","hentry","product_cat-libros","product_cat-literatura-fantastica"],"uagb_featured_image_src":{"full":["https:\/\/ebanti.com\/tienda\/wp-content\/uploads\/2023\/09\/81byWHFMpKL._SY342_.jpg",220,342,false],"thumbnail":["https:\/\/ebanti.com\/tienda\/wp-content\/uploads\/2023\/09\/81byWHFMpKL._SY342_-150x150.jpg",150,150,true],"medium":["https:\/\/ebanti.com\/tienda\/wp-content\/uploads\/2023\/09\/81byWHFMpKL._SY342_-193x300.jpg",193,300,true],"medium_large":["https:\/\/ebanti.com\/tienda\/wp-content\/uploads\/2023\/09\/81byWHFMpKL._SY342_.jpg",220,342,false],"large":["https:\/\/ebanti.com\/tienda\/wp-content\/uploads\/2023\/09\/81byWHFMpKL._SY342_.jpg",220,342,false],"1536x1536":["https:\/\/ebanti.com\/tienda\/wp-content\/uploads\/2023\/09\/81byWHFMpKL._SY342_.jpg",220,342,false],"2048x2048":["https:\/\/ebanti.com\/tienda\/wp-content\/uploads\/2023\/09\/81byWHFMpKL._SY342_.jpg",220,342,false],"the_grid_size1":["https:\/\/ebanti.com\/tienda\/wp-content\/uploads\/2023\/09\/81byWHFMpKL._SY342_.jpg",220,342,false],"the_grid_size2":["https:\/\/ebanti.com\/tienda\/wp-content\/uploads\/2023\/09\/81byWHFMpKL._SY342_.jpg",220,342,false],"the_grid_size3":["https:\/\/ebanti.com\/tienda\/wp-content\/uploads\/2023\/09\/81byWHFMpKL._SY342_.jpg",220,342,false],"the_grid_size4":["https:\/\/ebanti.com\/tienda\/wp-content\/uploads\/2023\/09\/81byWHFMpKL._SY342_.jpg",220,342,false],"the_grid_size5":["https:\/\/ebanti.com\/tienda\/wp-content\/uploads\/2023\/09\/81byWHFMpKL._SY342_.jpg",220,342,false],"woocommerce_thumbnail":["https:\/\/ebanti.com\/tienda\/wp-content\/uploads\/2023\/09\/81byWHFMpKL._SY342_-220x300.jpg",220,300,true],"woocommerce_single":["https:\/\/ebanti.com\/tienda\/wp-content\/uploads\/2023\/09\/81byWHFMpKL._SY342_.jpg",220,342,false],"woocommerce_gallery_thumbnail":["https:\/\/ebanti.com\/tienda\/wp-content\/uploads\/2023\/09\/81byWHFMpKL._SY342_-100x100.jpg",100,100,true],"portfolio_item-thumbnail":["https:\/\/ebanti.com\/tienda\/wp-content\/uploads\/2023\/09\/81byWHFMpKL._SY342_.jpg",220,342,false],"portfolio_item-thumbnail@2x":["https:\/\/ebanti.com\/tienda\/wp-content\/uploads\/2023\/09\/81byWHFMpKL._SY342_.jpg",220,342,false],"portfolio_item-masonry":["https:\/\/ebanti.com\/tienda\/wp-content\/uploads\/2023\/09\/81byWHFMpKL._SY342_.jpg",220,342,false],"portfolio_item-masonry@2x":["https:\/\/ebanti.com\/tienda\/wp-content\/uploads\/2023\/09\/81byWHFMpKL._SY342_.jpg",220,342,false],"portfolio_item-thumbnail_cinema":["https:\/\/ebanti.com\/tienda\/wp-content\/uploads\/2023\/09\/81byWHFMpKL._SY342_-220x335.jpg",220,335,true],"portfolio_item-thumbnail_portrait":["https:\/\/ebanti.com\/tienda\/wp-content\/uploads\/2023\/09\/81byWHFMpKL._SY342_.jpg",220,342,false],"portfolio_item-thumbnail_portrait@2x":["https:\/\/ebanti.com\/tienda\/wp-content\/uploads\/2023\/09\/81byWHFMpKL._SY342_.jpg",220,342,false],"portfolio_item-thumbnail_square":["https:\/\/ebanti.com\/tienda\/wp-content\/uploads\/2023\/09\/81byWHFMpKL._SY342_.jpg",220,342,false]},"uagb_author_info":{"display_name":"soporte@ebanti.com","author_link":"https:\/\/ebanti.com\/tienda\/author\/"},"uagb_comment_info":0,"uagb_excerpt":"Ad\u00e9ntrate en el retelling m\u00e1s oscuro y delicioso de Peter Pan que ha conquistado TikTok.","featured_media_urls":{"thumbnail":["https:\/\/ebanti.com\/tienda\/wp-content\/uploads\/2023\/09\/81byWHFMpKL._SY342_-150x150.jpg",150,150,true],"medium":["https:\/\/ebanti.com\/tienda\/wp-content\/uploads\/2023\/09\/81byWHFMpKL._SY342_-193x300.jpg",193,300,true],"medium_large":["https:\/\/ebanti.com\/tienda\/wp-content\/uploads\/2023\/09\/81byWHFMpKL._SY342_.jpg",220,342,false],"large":["https:\/\/ebanti.com\/tienda\/wp-content\/uploads\/2023\/09\/81byWHFMpKL._SY342_.jpg",220,342,false],"1536x1536":["https:\/\/ebanti.com\/tienda\/wp-content\/uploads\/2023\/09\/81byWHFMpKL._SY342_.jpg",220,342,false],"2048x2048":["https:\/\/ebanti.com\/tienda\/wp-content\/uploads\/2023\/09\/81byWHFMpKL._SY342_.jpg",220,342,false],"the_grid_size1":["https:\/\/ebanti.com\/tienda\/wp-content\/uploads\/2023\/09\/81byWHFMpKL._SY342_.jpg",220,342,false],"the_grid_size2":["https:\/\/ebanti.com\/tienda\/wp-content\/uploads\/2023\/09\/81byWHFMpKL._SY342_.jpg",220,342,false],"the_grid_size3":["https:\/\/ebanti.com\/tienda\/wp-content\/uploads\/2023\/09\/81byWHFMpKL._SY342_.jpg",220,342,false],"the_grid_size4":["https:\/\/ebanti.com\/tienda\/wp-content\/uploads\/2023\/09\/81byWHFMpKL._SY342_.jpg",220,342,false],"the_grid_size5":["https:\/\/ebanti.com\/tienda\/wp-content\/uploads\/2023\/09\/81byWHFMpKL._SY342_.jpg",220,342,false],"woocommerce_thumbnail":["https:\/\/ebanti.com\/tienda\/wp-content\/uploads\/2023\/09\/81byWHFMpKL._SY342_-220x300.jpg",220,300,true],"woocommerce_single":["https:\/\/ebanti.com\/tienda\/wp-content\/uploads\/2023\/09\/81byWHFMpKL._SY342_.jpg",220,342,false],"woocommerce_gallery_thumbnail":["https:\/\/ebanti.com\/tienda\/wp-content\/uploads\/2023\/09\/81byWHFMpKL._SY342_-100x100.jpg",100,100,true],"portfolio_item-thumbnail":["https:\/\/ebanti.com\/tienda\/wp-content\/uploads\/2023\/09\/81byWHFMpKL._SY342_.jpg",220,342,false],"portfolio_item-thumbnail@2x":["https:\/\/ebanti.com\/tienda\/wp-content\/uploads\/2023\/09\/81byWHFMpKL._SY342_.jpg",220,342,false],"portfolio_item-masonry":["https:\/\/ebanti.com\/tienda\/wp-content\/uploads\/2023\/09\/81byWHFMpKL._SY342_.jpg",220,342,false],"portfolio_item-masonry@2x":["https:\/\/ebanti.com\/tienda\/wp-content\/uploads\/2023\/09\/81byWHFMpKL._SY342_.jpg",220,342,false],"portfolio_item-thumbnail_cinema":["https:\/\/ebanti.com\/tienda\/wp-content\/uploads\/2023\/09\/81byWHFMpKL._SY342_-220x335.jpg",220,335,true],"portfolio_item-thumbnail_portrait":["https:\/\/ebanti.com\/tienda\/wp-content\/uploads\/2023\/09\/81byWHFMpKL._SY342_.jpg",220,342,false],"portfolio_item-thumbnail_portrait@2x":["https:\/\/ebanti.com\/tienda\/wp-content\/uploads\/2023\/09\/81byWHFMpKL._SY342_.jpg",220,342,false],"portfolio_item-thumbnail_square":["https:\/\/ebanti.com\/tienda\/wp-content\/uploads\/2023\/09\/81byWHFMpKL._SY342_.jpg",220,342,false]},"_links":{"self":[{"href":"https:\/\/ebanti.com\/tienda\/wp-json\/wp\/v2\/product\/375","targetHints":{"allow":["GET"]}}],"collection":[{"href":"https:\/\/ebanti.com\/tienda\/wp-json\/wp\/v2\/product"}],"about":[{"href":"https:\/\/ebanti.com\/tienda\/wp-json\/wp\/v2\/types\/product"}],"replies":[{"embeddable":true,"href":"https:\/\/ebanti.com\/tienda\/wp-json\/wp\/v2\/comments?post=375"}],"wp:featuredmedia":[{"embeddable":true,"href":"https:\/\/ebanti.com\/tienda\/wp-json\/wp\/v2\/media\/396"}],"wp:attachment":[{"href":"https:\/\/ebanti.com\/tienda\/wp-json\/wp\/v2\/media?parent=375"}],"wp:term":[{"taxonomy":"product_cat","embeddable":true,"href":"https:\/\/ebanti.com\/tienda\/wp-json\/wp\/v2\/product_cat?post=375"},{"taxonomy":"product_tag","embeddable":true,"href":"https:\/\/ebanti.com\/tienda\/wp-json\/wp\/v2\/product_tag?post=375"}],"curies":[{"name":"wp","href":"https:\/\/api.w.org\/{rel}","templated":true}]}}