{"id":171,"date":"2023-09-28T07:13:35","date_gmt":"2023-09-28T07:13:35","guid":{"rendered":"https:\/\/ebanti.com\/tienda\/?post_type=product&#038;p=171"},"modified":"2023-09-28T07:13:56","modified_gmt":"2023-09-28T07:13:56","slug":"mochila-impermeable-de-viaje","status":"publish","type":"product","link":"https:\/\/ebanti.com\/tienda\/producto\/mochila-impermeable-de-viaje\/","title":{"rendered":"Mochila Impermeable de Viaje"},"content":{"rendered":"<p>Revestimiento de Nailon<br \/>\nCierre de C\u00f3digo postal<br \/>\n\u3010Material de alta calidad\u3011Esta Mochila de Viaje hecho de material de alta calidad, superligero, resistente al desgarro e un buen efecto impermeable. Abordar el refuerzo en todos los puntos de estr\u00e9s para una vida m\u00e1s larga. Mayor resistencia y rendimiento duradero con el peso m\u00e1s ligero posible, que no solo puede soportar cargas pesadas durante el viaje, sino que tambi\u00e9n evita que la lluvia afecte sus cosas.<br \/>\n\u3010Gran capacidad y multi compartimento\u3011El Mochila de Viaje de Gran Capacidad con un dise\u00f1o de m\u00faltiples compartimentos que incluye 1 compartimento principal con cremallera, 2 bolsillos frontales, 2 bolsillos laterales para un suficiente espacio de almacenamiento. Es lo suficientemente grande El almacenamiento lo ayuda a organizar f\u00e1cilmente todos sus elementos esenciales. Muy adecuado para acampar, senderismo y otras actividades al aire libre, o viajes cortos.<br \/>\n\u3010Seguridad, Comodidad y Transpirable\u3011Esta mochila de monta\u00f1ismo est\u00e1 especialmente dise\u00f1ada para los entusiastas de los viajes, con correas ergon\u00f3micas acolchadas para los hombros y respaldo para mayor comodidad. Correas de malla transpirables ayudan a aliviar el estr\u00e9s de su hombro. F\u00e1cil de ajustar la longitud y bloquear con firmeza. Tirantes en forma de S ensanchados y engrosados y respaldo altamente el\u00e1stico y transpirable para una ventilaci\u00f3n \u00f3ptima y una carga reducida.<br \/>\n\u3010F\u00e1cil de guardar y usar\u3011Esta mochila de ligera s\u00f3lo 0.2kg, viene con una peque\u00f1a bolsa,se puede plegar f\u00e1cilmente en su propio bolsillo para el almacenamiento, ocupando s\u00f3lo el tama\u00f1o de la palma de la mano y desplegar cuando sea necesario. F\u00e1cil de doblar y ligero para que pueda ignorar y salir con facilidad.<br \/>\n\u3010Amplia uso\u3011Esta mochila de monta\u00f1ismo est\u00e1 especialmente dise\u00f1ada para entusiastas de los viajes. Es muy adecuada para caminar y acampar, viajes de distancia corta, pesca, senderismo, monta\u00f1ismo, etc. Adecuado para mujeres y hombres de la mayor\u00eda de las edades. Tambi\u00e9n es adecuado para la mayor\u00eda de los climas locales.<\/p>\n","protected":false},"excerpt":{"rendered":"<p>Mochila de Viaje de Gran Capacidad,Mochila Impermeable Transpirable y Ligera para Senderismo Viaje Deportes al Aire Libre Ciclismo,Mochila Campismo para Hombre y Mujer<\/p>\n","protected":false},"featured_media":175,"comment_status":"open","ping_status":"closed","template":"","meta":{"_uag_custom_page_level_css":"","_joinchat":[]},"product_cat":[23],"product_tag":[],"class_list":["post-171","product","type-product","status-publish","has-post-thumbnail","hentry","product_cat-mochilas"],"uagb_featured_image_src":{"full":["https:\/\/ebanti.com\/tienda\/wp-content\/uploads\/2023\/09\/71CR84FC4KL._AC_SX679_.jpg",679,664,false],"thumbnail":["https:\/\/ebanti.com\/tienda\/wp-content\/uploads\/2023\/09\/71CR84FC4KL._AC_SX679_-150x150.jpg",150,150,true],"medium":["https:\/\/ebanti.com\/tienda\/wp-content\/uploads\/2023\/09\/71CR84FC4KL._AC_SX679_-300x293.jpg",300,293,true],"medium_large":["https:\/\/ebanti.com\/tienda\/wp-content\/uploads\/2023\/09\/71CR84FC4KL._AC_SX679_.jpg",679,664,false],"large":["https:\/\/ebanti.com\/tienda\/wp-content\/uploads\/2023\/09\/71CR84FC4KL._AC_SX679_.jpg",679,664,false],"1536x1536":["https:\/\/ebanti.com\/tienda\/wp-content\/uploads\/2023\/09\/71CR84FC4KL._AC_SX679_.jpg",679,664,false],"2048x2048":["https:\/\/ebanti.com\/tienda\/wp-content\/uploads\/2023\/09\/71CR84FC4KL._AC_SX679_.jpg",679,664,false],"the_grid_size1":["https:\/\/ebanti.com\/tienda\/wp-content\/uploads\/2023\/09\/71CR84FC4KL._AC_SX679_-500x500.jpg",500,500,true],"the_grid_size2":["https:\/\/ebanti.com\/tienda\/wp-content\/uploads\/2023\/09\/71CR84FC4KL._AC_SX679_-500x664.jpg",500,664,true],"the_grid_size3":["https:\/\/ebanti.com\/tienda\/wp-content\/uploads\/2023\/09\/71CR84FC4KL._AC_SX679_-679x500.jpg",679,500,true],"the_grid_size4":["https:\/\/ebanti.com\/tienda\/wp-content\/uploads\/2023\/09\/71CR84FC4KL._AC_SX679_.jpg",679,664,false],"the_grid_size5":["https:\/\/ebanti.com\/tienda\/wp-content\/uploads\/2023\/09\/71CR84FC4KL._AC_SX679_-500x489.jpg",500,489,true],"woocommerce_thumbnail":["https:\/\/ebanti.com\/tienda\/wp-content\/uploads\/2023\/09\/71CR84FC4KL._AC_SX679_-300x300.jpg",300,300,true],"woocommerce_single":["https:\/\/ebanti.com\/tienda\/wp-content\/uploads\/2023\/09\/71CR84FC4KL._AC_SX679_-600x587.jpg",600,587,true],"woocommerce_gallery_thumbnail":["https:\/\/ebanti.com\/tienda\/wp-content\/uploads\/2023\/09\/71CR84FC4KL._AC_SX679_-100x100.jpg",100,100,true],"portfolio_item-thumbnail":["https:\/\/ebanti.com\/tienda\/wp-content\/uploads\/2023\/09\/71CR84FC4KL._AC_SX679_-600x400.jpg",600,400,true],"portfolio_item-thumbnail@2x":["https:\/\/ebanti.com\/tienda\/wp-content\/uploads\/2023\/09\/71CR84FC4KL._AC_SX679_.jpg",679,664,false],"portfolio_item-masonry":["https:\/\/ebanti.com\/tienda\/wp-content\/uploads\/2023\/09\/71CR84FC4KL._AC_SX679_-600x587.jpg",600,587,true],"portfolio_item-masonry@2x":["https:\/\/ebanti.com\/tienda\/wp-content\/uploads\/2023\/09\/71CR84FC4KL._AC_SX679_.jpg",679,664,false],"portfolio_item-thumbnail_cinema":["https:\/\/ebanti.com\/tienda\/wp-content\/uploads\/2023\/09\/71CR84FC4KL._AC_SX679_-679x335.jpg",679,335,true],"portfolio_item-thumbnail_portrait":["https:\/\/ebanti.com\/tienda\/wp-content\/uploads\/2023\/09\/71CR84FC4KL._AC_SX679_-600x664.jpg",600,664,true],"portfolio_item-thumbnail_portrait@2x":["https:\/\/ebanti.com\/tienda\/wp-content\/uploads\/2023\/09\/71CR84FC4KL._AC_SX679_.jpg",679,664,false],"portfolio_item-thumbnail_square":["https:\/\/ebanti.com\/tienda\/wp-content\/uploads\/2023\/09\/71CR84FC4KL._AC_SX679_.jpg",679,664,false]},"uagb_author_info":{"display_name":"soporte@ebanti.com","author_link":"https:\/\/ebanti.com\/tienda\/author\/"},"uagb_comment_info":0,"uagb_excerpt":"Mochila de Viaje de Gran Capacidad,Mochila Impermeable Transpirable y Ligera para Senderismo Viaje Deportes al Aire Libre Ciclismo,Mochila Campismo para Hombre y Mujer","featured_media_urls":{"thumbnail":["https:\/\/ebanti.com\/tienda\/wp-content\/uploads\/2023\/09\/71CR84FC4KL._AC_SX679_-150x150.jpg",150,150,true],"medium":["https:\/\/ebanti.com\/tienda\/wp-content\/uploads\/2023\/09\/71CR84FC4KL._AC_SX679_-300x293.jpg",300,293,true],"medium_large":["https:\/\/ebanti.com\/tienda\/wp-content\/uploads\/2023\/09\/71CR84FC4KL._AC_SX679_.jpg",679,664,false],"large":["https:\/\/ebanti.com\/tienda\/wp-content\/uploads\/2023\/09\/71CR84FC4KL._AC_SX679_.jpg",679,664,false],"1536x1536":["https:\/\/ebanti.com\/tienda\/wp-content\/uploads\/2023\/09\/71CR84FC4KL._AC_SX679_.jpg",679,664,false],"2048x2048":["https:\/\/ebanti.com\/tienda\/wp-content\/uploads\/2023\/09\/71CR84FC4KL._AC_SX679_.jpg",679,664,false],"the_grid_size1":["https:\/\/ebanti.com\/tienda\/wp-content\/uploads\/2023\/09\/71CR84FC4KL._AC_SX679_-500x500.jpg",500,500,true],"the_grid_size2":["https:\/\/ebanti.com\/tienda\/wp-content\/uploads\/2023\/09\/71CR84FC4KL._AC_SX679_-500x664.jpg",500,664,true],"the_grid_size3":["https:\/\/ebanti.com\/tienda\/wp-content\/uploads\/2023\/09\/71CR84FC4KL._AC_SX679_-679x500.jpg",679,500,true],"the_grid_size4":["https:\/\/ebanti.com\/tienda\/wp-content\/uploads\/2023\/09\/71CR84FC4KL._AC_SX679_.jpg",679,664,false],"the_grid_size5":["https:\/\/ebanti.com\/tienda\/wp-content\/uploads\/2023\/09\/71CR84FC4KL._AC_SX679_-500x489.jpg",500,489,true],"woocommerce_thumbnail":["https:\/\/ebanti.com\/tienda\/wp-content\/uploads\/2023\/09\/71CR84FC4KL._AC_SX679_-300x300.jpg",300,300,true],"woocommerce_single":["https:\/\/ebanti.com\/tienda\/wp-content\/uploads\/2023\/09\/71CR84FC4KL._AC_SX679_-600x587.jpg",600,587,true],"woocommerce_gallery_thumbnail":["https:\/\/ebanti.com\/tienda\/wp-content\/uploads\/2023\/09\/71CR84FC4KL._AC_SX679_-100x100.jpg",100,100,true],"portfolio_item-thumbnail":["https:\/\/ebanti.com\/tienda\/wp-content\/uploads\/2023\/09\/71CR84FC4KL._AC_SX679_-600x400.jpg",600,400,true],"portfolio_item-thumbnail@2x":["https:\/\/ebanti.com\/tienda\/wp-content\/uploads\/2023\/09\/71CR84FC4KL._AC_SX679_.jpg",679,664,false],"portfolio_item-masonry":["https:\/\/ebanti.com\/tienda\/wp-content\/uploads\/2023\/09\/71CR84FC4KL._AC_SX679_-600x587.jpg",600,587,true],"portfolio_item-masonry@2x":["https:\/\/ebanti.com\/tienda\/wp-content\/uploads\/2023\/09\/71CR84FC4KL._AC_SX679_.jpg",679,664,false],"portfolio_item-thumbnail_cinema":["https:\/\/ebanti.com\/tienda\/wp-content\/uploads\/2023\/09\/71CR84FC4KL._AC_SX679_-679x335.jpg",679,335,true],"portfolio_item-thumbnail_portrait":["https:\/\/ebanti.com\/tienda\/wp-content\/uploads\/2023\/09\/71CR84FC4KL._AC_SX679_-600x664.jpg",600,664,true],"portfolio_item-thumbnail_portrait@2x":["https:\/\/ebanti.com\/tienda\/wp-content\/uploads\/2023\/09\/71CR84FC4KL._AC_SX679_.jpg",679,664,false],"portfolio_item-thumbnail_square":["https:\/\/ebanti.com\/tienda\/wp-content\/uploads\/2023\/09\/71CR84FC4KL._AC_SX679_.jpg",679,664,false]},"_links":{"self":[{"href":"https:\/\/ebanti.com\/tienda\/wp-json\/wp\/v2\/product\/171","targetHints":{"allow":["GET"]}}],"collection":[{"href":"https:\/\/ebanti.com\/tienda\/wp-json\/wp\/v2\/product"}],"about":[{"href":"https:\/\/ebanti.com\/tienda\/wp-json\/wp\/v2\/types\/product"}],"replies":[{"embeddable":true,"href":"https:\/\/ebanti.com\/tienda\/wp-json\/wp\/v2\/comments?post=171"}],"wp:featuredmedia":[{"embeddable":true,"href":"https:\/\/ebanti.com\/tienda\/wp-json\/wp\/v2\/media\/175"}],"wp:attachment":[{"href":"https:\/\/ebanti.com\/tienda\/wp-json\/wp\/v2\/media?parent=171"}],"wp:term":[{"taxonomy":"product_cat","embeddable":true,"href":"https:\/\/ebanti.com\/tienda\/wp-json\/wp\/v2\/product_cat?post=171"},{"taxonomy":"product_tag","embeddable":true,"href":"https:\/\/ebanti.com\/tienda\/wp-json\/wp\/v2\/product_tag?post=171"}],"curies":[{"name":"wp","href":"https:\/\/api.w.org\/{rel}","templated":true}]}}