{"id":170,"date":"2023-09-28T07:13:35","date_gmt":"2023-09-28T07:13:35","guid":{"rendered":"https:\/\/ebanti.com\/tienda\/?post_type=product&#038;p=170"},"modified":"2023-09-28T07:13:56","modified_gmt":"2023-09-28T07:13:56","slug":"xj-home-mochila-de-viaje-mujer-hombre","status":"publish","type":"product","link":"https:\/\/ebanti.com\/tienda\/producto\/xj-home-mochila-de-viaje-mujer-hombre\/","title":{"rendered":"XJ-HOME Mochila de Viaje Mujer Hombre"},"content":{"rendered":"<p>Poli\u00e9ster<br \/>\nRevestimiento de Poli\u00e9ster<br \/>\nCierre de Cremallera<br \/>\nLavado a m\u00e1quina<br \/>\n&#x1f6e9;\u3010Capacidad ampliable y vuelo aprobado\u3011La dimensi\u00f3n de la mochila de viaje es de 48 x 33 x 27.5 cm y puede extenderse hasta 45 l, puede contener f\u00e1cilmente de 5 a 7 d\u00edas de art\u00edculos esenciales de viaje y cabe en una computadora port\u00e1til de 17,3&#8243;. Est\u00e1 dise\u00f1ada para satisfacer del tama\u00f1o de la mayor\u00eda de los vuelos y se adapta por encima y por debajo de los asientos.Esta mochila se puede abrir libremente a 180 grados y las correas el\u00e1sticas de compresi\u00f3n internas en el compartimento principal pueden asegurar bien los art\u00edculos, lo que le permite pasar r\u00e1pidamente por la seguridad del aeropuerto y mantener las cosas ordenadas.<br \/>\n&#x1f6e9;\u3010Multifuncional y multibolsillo\u3011Un compartimento principal expandible tiene suficiente espacio de almacenamiento para sus necesidades diarias. Hay varios bolsillos en el compartimento principal que ayudan a organizar sus art\u00edculos para una selecci\u00f3n r\u00e1pida. Un bolsillo h\u00famedo separado puede colocar sus toallas u otros art\u00edculos de tocador. Un compartimento para computadora port\u00e1til cerca de su espalda podr\u00eda contener una computadora port\u00e1til de 17.3&#8243; y un iPad. Un dise\u00f1o de bolsillo lateral es agradable para su botella de agua. El bolsillo trasero con cremallera antirrobo mantiene seguros sus objetos de valor, como el tel\u00e9fono o las tarjetas.<br \/>\n&#x1f6e9;\u3010Puerto de carga USB conveniente\u3011Mochila de mano XJ-HOME con un puerto de carga USB incorporado en el exterior y un cable de carga incorporado en el interior, que le ofrece una forma m\u00e1s conveniente de cargar su tel\u00e9fono o computadora port\u00e1til mientras viaja. Tenga en cuenta que el puerto de carga USB solo ofrece un f\u00e1cil acceso a la carga. La mochila no se alimenta sola y el paquete no incluye un banco de energ\u00eda. Esta mochila de viaje tiene un compartimento grande para computadora port\u00e1til con un buen coj\u00edn grueso, que puede proteger bien su computadora port\u00e1til.<br \/>\n&#x1f6e9;\u3010Material mejorado y duradero\u3011la mochila est\u00e1 hecha de material de poli\u00e9ster mejorado que hace que la mochila sea resistente a los ara\u00f1azos y dure m\u00e1s. El material resistente al agua puede brindar protecci\u00f3n en los d\u00edas de llovizna. Cremalleras resistentes y puntadas reforzadas aseguran su longevidad. La maleta tipo mochila est\u00e1 dise\u00f1ada con resistentes cremalleras dobles de metal, puedes guardar tu mochila con tu propio candado. Toda la mochila est\u00e1 acolchada con espuma para proteger tus art\u00edculos. (Consejo de limpieza: frote con un pa\u00f1o si es necesario)<br \/>\n&#x1f6e9;\u3010Dise\u00f1o c\u00f3modo y funcional\u3011El panel trasero y las correas de los hombros son de malla de aire acolchada con espuma para ayudar a minimizar el sudor. Una correa de hombro ajustable y transpirable, una hebilla de pecho ajustable y una almohadilla de esponja gruesa para la espalda ayudan a aliviar la presi\u00f3n en el hombro y la espalda. El dise\u00f1o de la manga trasera del carrito puede fijar la mochila en el maletero, lo cual es conveniente para el transporte y transporte con manos libres. Adem\u00e1s de dos asas acolchadas para cambiar f\u00e1cilmente entre los modos de mochila y maleta.<br \/>\n&#x1f6e9;\u3010Mochila para art\u00edculos personales ampliamente utilizada\u3011Esta mochila para hombres y mujeres se puede usar como mochila para computadora port\u00e1til, mochila de negocios, mochila para la universidad, bolsa de viaje para art\u00edculos personales, mochila informal o bolsa para caminatas. El compartimento principal tiene suficiente espacio de almacenamiento para guardar las necesidades diarias o para un viaje nocturno. El compartimento organizador tiene muchos bolsillos para mantener tus art\u00edculos organizados. La mochila de viaje es un regalo incre\u00edble para un fin de semana al que le encanta viajar y la mejor opci\u00f3n para cualquier regalo de vacaciones.<\/p>\n","protected":false},"excerpt":{"rendered":"<p>Mochila para Port\u00e1til con USB Puerto, Mochilas para Viaje Mujers Grande Avion.<\/p>\n","protected":false},"featured_media":178,"comment_status":"open","ping_status":"closed","template":"","meta":{"_uag_custom_page_level_css":"","_joinchat":[]},"product_cat":[23],"product_tag":[],"class_list":["post-170","product","type-product","status-publish","has-post-thumbnail","hentry","product_cat-mochilas"],"uagb_featured_image_src":{"full":["https:\/\/ebanti.com\/tienda\/wp-content\/uploads\/2023\/09\/81O6dcv05L._AC_SX679_.jpg",679,669,false],"thumbnail":["https:\/\/ebanti.com\/tienda\/wp-content\/uploads\/2023\/09\/81O6dcv05L._AC_SX679_-150x150.jpg",150,150,true],"medium":["https:\/\/ebanti.com\/tienda\/wp-content\/uploads\/2023\/09\/81O6dcv05L._AC_SX679_-300x296.jpg",300,296,true],"medium_large":["https:\/\/ebanti.com\/tienda\/wp-content\/uploads\/2023\/09\/81O6dcv05L._AC_SX679_.jpg",679,669,false],"large":["https:\/\/ebanti.com\/tienda\/wp-content\/uploads\/2023\/09\/81O6dcv05L._AC_SX679_.jpg",679,669,false],"1536x1536":["https:\/\/ebanti.com\/tienda\/wp-content\/uploads\/2023\/09\/81O6dcv05L._AC_SX679_.jpg",679,669,false],"2048x2048":["https:\/\/ebanti.com\/tienda\/wp-content\/uploads\/2023\/09\/81O6dcv05L._AC_SX679_.jpg",679,669,false],"the_grid_size1":["https:\/\/ebanti.com\/tienda\/wp-content\/uploads\/2023\/09\/81O6dcv05L._AC_SX679_-500x500.jpg",500,500,true],"the_grid_size2":["https:\/\/ebanti.com\/tienda\/wp-content\/uploads\/2023\/09\/81O6dcv05L._AC_SX679_-500x669.jpg",500,669,true],"the_grid_size3":["https:\/\/ebanti.com\/tienda\/wp-content\/uploads\/2023\/09\/81O6dcv05L._AC_SX679_-679x500.jpg",679,500,true],"the_grid_size4":["https:\/\/ebanti.com\/tienda\/wp-content\/uploads\/2023\/09\/81O6dcv05L._AC_SX679_.jpg",679,669,false],"the_grid_size5":["https:\/\/ebanti.com\/tienda\/wp-content\/uploads\/2023\/09\/81O6dcv05L._AC_SX679_-500x493.jpg",500,493,true],"woocommerce_thumbnail":["https:\/\/ebanti.com\/tienda\/wp-content\/uploads\/2023\/09\/81O6dcv05L._AC_SX679_-300x300.jpg",300,300,true],"woocommerce_single":["https:\/\/ebanti.com\/tienda\/wp-content\/uploads\/2023\/09\/81O6dcv05L._AC_SX679_-600x591.jpg",600,591,true],"woocommerce_gallery_thumbnail":["https:\/\/ebanti.com\/tienda\/wp-content\/uploads\/2023\/09\/81O6dcv05L._AC_SX679_-100x100.jpg",100,100,true],"portfolio_item-thumbnail":["https:\/\/ebanti.com\/tienda\/wp-content\/uploads\/2023\/09\/81O6dcv05L._AC_SX679_-600x400.jpg",600,400,true],"portfolio_item-thumbnail@2x":["https:\/\/ebanti.com\/tienda\/wp-content\/uploads\/2023\/09\/81O6dcv05L._AC_SX679_.jpg",679,669,false],"portfolio_item-masonry":["https:\/\/ebanti.com\/tienda\/wp-content\/uploads\/2023\/09\/81O6dcv05L._AC_SX679_-600x591.jpg",600,591,true],"portfolio_item-masonry@2x":["https:\/\/ebanti.com\/tienda\/wp-content\/uploads\/2023\/09\/81O6dcv05L._AC_SX679_.jpg",679,669,false],"portfolio_item-thumbnail_cinema":["https:\/\/ebanti.com\/tienda\/wp-content\/uploads\/2023\/09\/81O6dcv05L._AC_SX679_-679x335.jpg",679,335,true],"portfolio_item-thumbnail_portrait":["https:\/\/ebanti.com\/tienda\/wp-content\/uploads\/2023\/09\/81O6dcv05L._AC_SX679_-600x669.jpg",600,669,true],"portfolio_item-thumbnail_portrait@2x":["https:\/\/ebanti.com\/tienda\/wp-content\/uploads\/2023\/09\/81O6dcv05L._AC_SX679_.jpg",679,669,false],"portfolio_item-thumbnail_square":["https:\/\/ebanti.com\/tienda\/wp-content\/uploads\/2023\/09\/81O6dcv05L._AC_SX679_.jpg",679,669,false]},"uagb_author_info":{"display_name":"soporte@ebanti.com","author_link":"https:\/\/ebanti.com\/tienda\/author\/"},"uagb_comment_info":0,"uagb_excerpt":"Mochila para Port\u00e1til con USB Puerto, Mochilas para Viaje Mujers Grande Avion.","featured_media_urls":{"thumbnail":["https:\/\/ebanti.com\/tienda\/wp-content\/uploads\/2023\/09\/81O6dcv05L._AC_SX679_-150x150.jpg",150,150,true],"medium":["https:\/\/ebanti.com\/tienda\/wp-content\/uploads\/2023\/09\/81O6dcv05L._AC_SX679_-300x296.jpg",300,296,true],"medium_large":["https:\/\/ebanti.com\/tienda\/wp-content\/uploads\/2023\/09\/81O6dcv05L._AC_SX679_.jpg",679,669,false],"large":["https:\/\/ebanti.com\/tienda\/wp-content\/uploads\/2023\/09\/81O6dcv05L._AC_SX679_.jpg",679,669,false],"1536x1536":["https:\/\/ebanti.com\/tienda\/wp-content\/uploads\/2023\/09\/81O6dcv05L._AC_SX679_.jpg",679,669,false],"2048x2048":["https:\/\/ebanti.com\/tienda\/wp-content\/uploads\/2023\/09\/81O6dcv05L._AC_SX679_.jpg",679,669,false],"the_grid_size1":["https:\/\/ebanti.com\/tienda\/wp-content\/uploads\/2023\/09\/81O6dcv05L._AC_SX679_-500x500.jpg",500,500,true],"the_grid_size2":["https:\/\/ebanti.com\/tienda\/wp-content\/uploads\/2023\/09\/81O6dcv05L._AC_SX679_-500x669.jpg",500,669,true],"the_grid_size3":["https:\/\/ebanti.com\/tienda\/wp-content\/uploads\/2023\/09\/81O6dcv05L._AC_SX679_-679x500.jpg",679,500,true],"the_grid_size4":["https:\/\/ebanti.com\/tienda\/wp-content\/uploads\/2023\/09\/81O6dcv05L._AC_SX679_.jpg",679,669,false],"the_grid_size5":["https:\/\/ebanti.com\/tienda\/wp-content\/uploads\/2023\/09\/81O6dcv05L._AC_SX679_-500x493.jpg",500,493,true],"woocommerce_thumbnail":["https:\/\/ebanti.com\/tienda\/wp-content\/uploads\/2023\/09\/81O6dcv05L._AC_SX679_-300x300.jpg",300,300,true],"woocommerce_single":["https:\/\/ebanti.com\/tienda\/wp-content\/uploads\/2023\/09\/81O6dcv05L._AC_SX679_-600x591.jpg",600,591,true],"woocommerce_gallery_thumbnail":["https:\/\/ebanti.com\/tienda\/wp-content\/uploads\/2023\/09\/81O6dcv05L._AC_SX679_-100x100.jpg",100,100,true],"portfolio_item-thumbnail":["https:\/\/ebanti.com\/tienda\/wp-content\/uploads\/2023\/09\/81O6dcv05L._AC_SX679_-600x400.jpg",600,400,true],"portfolio_item-thumbnail@2x":["https:\/\/ebanti.com\/tienda\/wp-content\/uploads\/2023\/09\/81O6dcv05L._AC_SX679_.jpg",679,669,false],"portfolio_item-masonry":["https:\/\/ebanti.com\/tienda\/wp-content\/uploads\/2023\/09\/81O6dcv05L._AC_SX679_-600x591.jpg",600,591,true],"portfolio_item-masonry@2x":["https:\/\/ebanti.com\/tienda\/wp-content\/uploads\/2023\/09\/81O6dcv05L._AC_SX679_.jpg",679,669,false],"portfolio_item-thumbnail_cinema":["https:\/\/ebanti.com\/tienda\/wp-content\/uploads\/2023\/09\/81O6dcv05L._AC_SX679_-679x335.jpg",679,335,true],"portfolio_item-thumbnail_portrait":["https:\/\/ebanti.com\/tienda\/wp-content\/uploads\/2023\/09\/81O6dcv05L._AC_SX679_-600x669.jpg",600,669,true],"portfolio_item-thumbnail_portrait@2x":["https:\/\/ebanti.com\/tienda\/wp-content\/uploads\/2023\/09\/81O6dcv05L._AC_SX679_.jpg",679,669,false],"portfolio_item-thumbnail_square":["https:\/\/ebanti.com\/tienda\/wp-content\/uploads\/2023\/09\/81O6dcv05L._AC_SX679_.jpg",679,669,false]},"_links":{"self":[{"href":"https:\/\/ebanti.com\/tienda\/wp-json\/wp\/v2\/product\/170","targetHints":{"allow":["GET"]}}],"collection":[{"href":"https:\/\/ebanti.com\/tienda\/wp-json\/wp\/v2\/product"}],"about":[{"href":"https:\/\/ebanti.com\/tienda\/wp-json\/wp\/v2\/types\/product"}],"replies":[{"embeddable":true,"href":"https:\/\/ebanti.com\/tienda\/wp-json\/wp\/v2\/comments?post=170"}],"wp:featuredmedia":[{"embeddable":true,"href":"https:\/\/ebanti.com\/tienda\/wp-json\/wp\/v2\/media\/178"}],"wp:attachment":[{"href":"https:\/\/ebanti.com\/tienda\/wp-json\/wp\/v2\/media?parent=170"}],"wp:term":[{"taxonomy":"product_cat","embeddable":true,"href":"https:\/\/ebanti.com\/tienda\/wp-json\/wp\/v2\/product_cat?post=170"},{"taxonomy":"product_tag","embeddable":true,"href":"https:\/\/ebanti.com\/tienda\/wp-json\/wp\/v2\/product_tag?post=170"}],"curies":[{"name":"wp","href":"https:\/\/api.w.org\/{rel}","templated":true}]}}