{"id":169,"date":"2023-09-28T07:13:35","date_gmt":"2023-09-28T07:13:35","guid":{"rendered":"https:\/\/ebanti.com\/tienda\/?post_type=product&#038;p=169"},"modified":"2023-09-28T07:13:56","modified_gmt":"2023-09-28T07:13:56","slug":"dqst-mochila-impermeable-de-viaje-60l","status":"publish","type":"product","link":"https:\/\/ebanti.com\/tienda\/producto\/dqst-mochila-impermeable-de-viaje-60l\/","title":{"rendered":"DQST Mochila Impermeable de Viaje 60L"},"content":{"rendered":"<p>Revestimiento de Poli\u00e9ster<br \/>\n\u3010CAPACIDAD GRANDE\u3011Esta mochila tiene una capacidad de 60L para guardar suficientes cosas en diferentes bolsillos o sujetar en las correas adjuntadas en el viaje sin necesidad de traer varias bolsas y libera las manos<br \/>\n\u3010ESTRUCTURA COMPACTA\u3011La mochila camping tiene compartimento para computadora o tableta, bolsillos para cositas chicas como llaves, plumas, bolsillos laterales para paraguas, botellas de agua etc, espacio aislado para zapatos para tener todos bien organizados<br \/>\n[Resistente y duradera] La mochila est\u00e1 hecha de material de poli\u00e9ster, que se puede usar en ambientes h\u00famedos como monta\u00f1as y bosques. Proteja la mochila de ser cortada por piedras o ramas. Muy \u00fatil en exteriores, clasificaci\u00f3n de impermeabilidad IP62 (nota: no es 100% impermeable)<br \/>\n\u3010DISE\u00d1O ERGONOMICO\u3011Las dos correas de espalda y la parte posterior tiene una estructura ergon\u00f3mica y transpirable para aliviar el cargo del cuerpo por usarse durante mucho tiempo, ayuda minimizar presi\u00f3n en el viaje<br \/>\n\u3010APLICACION AMPLIA\u3011Esta mochila cuenta con una capacidad suficiente para guardar cosas para viajes y tiene las funciones para usarselo al aire libre como senderismo, escalado, camping, exploraci\u00f3n en el bosque, ciclismo<\/p>\n","protected":false},"excerpt":{"rendered":"<p>Mochila Resistente con Multiples Compartimentos,Mochila Campismo Compacta, Transpirable y Ligera para Escalada y Actividades al Aire Libre, Alta calidad<\/p>\n","protected":false},"featured_media":181,"comment_status":"open","ping_status":"closed","template":"","meta":{"_uag_custom_page_level_css":"","_joinchat":[]},"product_cat":[23],"product_tag":[],"class_list":["post-169","product","type-product","status-publish","has-post-thumbnail","hentry","product_cat-mochilas"],"uagb_featured_image_src":{"full":["https:\/\/ebanti.com\/tienda\/wp-content\/uploads\/2023\/09\/61vo-Z639VL._AC_SX679_.jpg",607,842,false],"thumbnail":["https:\/\/ebanti.com\/tienda\/wp-content\/uploads\/2023\/09\/61vo-Z639VL._AC_SX679_-150x150.jpg",150,150,true],"medium":["https:\/\/ebanti.com\/tienda\/wp-content\/uploads\/2023\/09\/61vo-Z639VL._AC_SX679_-216x300.jpg",216,300,true],"medium_large":["https:\/\/ebanti.com\/tienda\/wp-content\/uploads\/2023\/09\/61vo-Z639VL._AC_SX679_.jpg",607,842,false],"large":["https:\/\/ebanti.com\/tienda\/wp-content\/uploads\/2023\/09\/61vo-Z639VL._AC_SX679_.jpg",607,842,false],"1536x1536":["https:\/\/ebanti.com\/tienda\/wp-content\/uploads\/2023\/09\/61vo-Z639VL._AC_SX679_.jpg",607,842,false],"2048x2048":["https:\/\/ebanti.com\/tienda\/wp-content\/uploads\/2023\/09\/61vo-Z639VL._AC_SX679_.jpg",607,842,false],"the_grid_size1":["https:\/\/ebanti.com\/tienda\/wp-content\/uploads\/2023\/09\/61vo-Z639VL._AC_SX679_-500x500.jpg",500,500,true],"the_grid_size2":["https:\/\/ebanti.com\/tienda\/wp-content\/uploads\/2023\/09\/61vo-Z639VL._AC_SX679_-500x842.jpg",500,842,true],"the_grid_size3":["https:\/\/ebanti.com\/tienda\/wp-content\/uploads\/2023\/09\/61vo-Z639VL._AC_SX679_-607x500.jpg",607,500,true],"the_grid_size4":["https:\/\/ebanti.com\/tienda\/wp-content\/uploads\/2023\/09\/61vo-Z639VL._AC_SX679_.jpg",607,842,false],"the_grid_size5":["https:\/\/ebanti.com\/tienda\/wp-content\/uploads\/2023\/09\/61vo-Z639VL._AC_SX679_-500x694.jpg",500,694,true],"woocommerce_thumbnail":["https:\/\/ebanti.com\/tienda\/wp-content\/uploads\/2023\/09\/61vo-Z639VL._AC_SX679_-300x300.jpg",300,300,true],"woocommerce_single":["https:\/\/ebanti.com\/tienda\/wp-content\/uploads\/2023\/09\/61vo-Z639VL._AC_SX679_-600x832.jpg",600,832,true],"woocommerce_gallery_thumbnail":["https:\/\/ebanti.com\/tienda\/wp-content\/uploads\/2023\/09\/61vo-Z639VL._AC_SX679_-100x100.jpg",100,100,true],"portfolio_item-thumbnail":["https:\/\/ebanti.com\/tienda\/wp-content\/uploads\/2023\/09\/61vo-Z639VL._AC_SX679_-600x400.jpg",600,400,true],"portfolio_item-thumbnail@2x":["https:\/\/ebanti.com\/tienda\/wp-content\/uploads\/2023\/09\/61vo-Z639VL._AC_SX679_-607x800.jpg",607,800,true],"portfolio_item-masonry":["https:\/\/ebanti.com\/tienda\/wp-content\/uploads\/2023\/09\/61vo-Z639VL._AC_SX679_-600x832.jpg",600,832,true],"portfolio_item-masonry@2x":["https:\/\/ebanti.com\/tienda\/wp-content\/uploads\/2023\/09\/61vo-Z639VL._AC_SX679_.jpg",607,842,false],"portfolio_item-thumbnail_cinema":["https:\/\/ebanti.com\/tienda\/wp-content\/uploads\/2023\/09\/61vo-Z639VL._AC_SX679_-607x335.jpg",607,335,true],"portfolio_item-thumbnail_portrait":["https:\/\/ebanti.com\/tienda\/wp-content\/uploads\/2023\/09\/61vo-Z639VL._AC_SX679_-600x842.jpg",600,842,true],"portfolio_item-thumbnail_portrait@2x":["https:\/\/ebanti.com\/tienda\/wp-content\/uploads\/2023\/09\/61vo-Z639VL._AC_SX679_.jpg",607,842,false],"portfolio_item-thumbnail_square":["https:\/\/ebanti.com\/tienda\/wp-content\/uploads\/2023\/09\/61vo-Z639VL._AC_SX679_-607x800.jpg",607,800,true]},"uagb_author_info":{"display_name":"soporte@ebanti.com","author_link":"https:\/\/ebanti.com\/tienda\/author\/"},"uagb_comment_info":0,"uagb_excerpt":"Mochila Resistente con Multiples Compartimentos,Mochila Campismo Compacta, Transpirable y Ligera para Escalada y Actividades al Aire Libre, Alta calidad","featured_media_urls":{"thumbnail":["https:\/\/ebanti.com\/tienda\/wp-content\/uploads\/2023\/09\/61vo-Z639VL._AC_SX679_-150x150.jpg",150,150,true],"medium":["https:\/\/ebanti.com\/tienda\/wp-content\/uploads\/2023\/09\/61vo-Z639VL._AC_SX679_-216x300.jpg",216,300,true],"medium_large":["https:\/\/ebanti.com\/tienda\/wp-content\/uploads\/2023\/09\/61vo-Z639VL._AC_SX679_.jpg",607,842,false],"large":["https:\/\/ebanti.com\/tienda\/wp-content\/uploads\/2023\/09\/61vo-Z639VL._AC_SX679_.jpg",607,842,false],"1536x1536":["https:\/\/ebanti.com\/tienda\/wp-content\/uploads\/2023\/09\/61vo-Z639VL._AC_SX679_.jpg",607,842,false],"2048x2048":["https:\/\/ebanti.com\/tienda\/wp-content\/uploads\/2023\/09\/61vo-Z639VL._AC_SX679_.jpg",607,842,false],"the_grid_size1":["https:\/\/ebanti.com\/tienda\/wp-content\/uploads\/2023\/09\/61vo-Z639VL._AC_SX679_-500x500.jpg",500,500,true],"the_grid_size2":["https:\/\/ebanti.com\/tienda\/wp-content\/uploads\/2023\/09\/61vo-Z639VL._AC_SX679_-500x842.jpg",500,842,true],"the_grid_size3":["https:\/\/ebanti.com\/tienda\/wp-content\/uploads\/2023\/09\/61vo-Z639VL._AC_SX679_-607x500.jpg",607,500,true],"the_grid_size4":["https:\/\/ebanti.com\/tienda\/wp-content\/uploads\/2023\/09\/61vo-Z639VL._AC_SX679_.jpg",607,842,false],"the_grid_size5":["https:\/\/ebanti.com\/tienda\/wp-content\/uploads\/2023\/09\/61vo-Z639VL._AC_SX679_-500x694.jpg",500,694,true],"woocommerce_thumbnail":["https:\/\/ebanti.com\/tienda\/wp-content\/uploads\/2023\/09\/61vo-Z639VL._AC_SX679_-300x300.jpg",300,300,true],"woocommerce_single":["https:\/\/ebanti.com\/tienda\/wp-content\/uploads\/2023\/09\/61vo-Z639VL._AC_SX679_-600x832.jpg",600,832,true],"woocommerce_gallery_thumbnail":["https:\/\/ebanti.com\/tienda\/wp-content\/uploads\/2023\/09\/61vo-Z639VL._AC_SX679_-100x100.jpg",100,100,true],"portfolio_item-thumbnail":["https:\/\/ebanti.com\/tienda\/wp-content\/uploads\/2023\/09\/61vo-Z639VL._AC_SX679_-600x400.jpg",600,400,true],"portfolio_item-thumbnail@2x":["https:\/\/ebanti.com\/tienda\/wp-content\/uploads\/2023\/09\/61vo-Z639VL._AC_SX679_-607x800.jpg",607,800,true],"portfolio_item-masonry":["https:\/\/ebanti.com\/tienda\/wp-content\/uploads\/2023\/09\/61vo-Z639VL._AC_SX679_-600x832.jpg",600,832,true],"portfolio_item-masonry@2x":["https:\/\/ebanti.com\/tienda\/wp-content\/uploads\/2023\/09\/61vo-Z639VL._AC_SX679_.jpg",607,842,false],"portfolio_item-thumbnail_cinema":["https:\/\/ebanti.com\/tienda\/wp-content\/uploads\/2023\/09\/61vo-Z639VL._AC_SX679_-607x335.jpg",607,335,true],"portfolio_item-thumbnail_portrait":["https:\/\/ebanti.com\/tienda\/wp-content\/uploads\/2023\/09\/61vo-Z639VL._AC_SX679_-600x842.jpg",600,842,true],"portfolio_item-thumbnail_portrait@2x":["https:\/\/ebanti.com\/tienda\/wp-content\/uploads\/2023\/09\/61vo-Z639VL._AC_SX679_.jpg",607,842,false],"portfolio_item-thumbnail_square":["https:\/\/ebanti.com\/tienda\/wp-content\/uploads\/2023\/09\/61vo-Z639VL._AC_SX679_-607x800.jpg",607,800,true]},"_links":{"self":[{"href":"https:\/\/ebanti.com\/tienda\/wp-json\/wp\/v2\/product\/169","targetHints":{"allow":["GET"]}}],"collection":[{"href":"https:\/\/ebanti.com\/tienda\/wp-json\/wp\/v2\/product"}],"about":[{"href":"https:\/\/ebanti.com\/tienda\/wp-json\/wp\/v2\/types\/product"}],"replies":[{"embeddable":true,"href":"https:\/\/ebanti.com\/tienda\/wp-json\/wp\/v2\/comments?post=169"}],"wp:featuredmedia":[{"embeddable":true,"href":"https:\/\/ebanti.com\/tienda\/wp-json\/wp\/v2\/media\/181"}],"wp:attachment":[{"href":"https:\/\/ebanti.com\/tienda\/wp-json\/wp\/v2\/media?parent=169"}],"wp:term":[{"taxonomy":"product_cat","embeddable":true,"href":"https:\/\/ebanti.com\/tienda\/wp-json\/wp\/v2\/product_cat?post=169"},{"taxonomy":"product_tag","embeddable":true,"href":"https:\/\/ebanti.com\/tienda\/wp-json\/wp\/v2\/product_tag?post=169"}],"curies":[{"name":"wp","href":"https:\/\/api.w.org\/{rel}","templated":true}]}}