{"id":168,"date":"2023-09-28T07:13:35","date_gmt":"2023-09-28T07:13:35","guid":{"rendered":"https:\/\/ebanti.com\/tienda\/?post_type=product&#038;p=168"},"modified":"2023-09-28T07:13:56","modified_gmt":"2023-09-28T07:13:56","slug":"nanwei-mochila-impermeable-65l-5510","status":"publish","type":"product","link":"https:\/\/ebanti.com\/tienda\/producto\/nanwei-mochila-impermeable-65l-5510\/","title":{"rendered":"NANWEI Mochila Impermeable 65L (55+10)"},"content":{"rendered":"<p>Revestimiento de Poli\u00e9ster<br \/>\nCierre de Cremallera<br \/>\nLavado a m\u00e1quina<br \/>\nResistente al agua y duradero de alta calidad: hecho de material de alta calidad, superligero, resistente al desgarro e impermeable. Abordar el refuerzo en todos los puntos de estr\u00e9s para una vida m\u00e1s larga, sistema de suspensi\u00f3n de servicio pesado para transportar m\u00e1s art\u00edculos, mayor resistencia y rendimiento duradero con el peso m\u00e1s ligero posible, y una cubierta impermeable dedicada en la parte inferior<br \/>\nGran capacidad: mochila de camping de 65 litros (55+10) para hombre y mujer, esta mochila est\u00e1 dise\u00f1ada con m\u00faltiples compartimentos y compartimentos, con un bolsillo interior para una bolsa de agua, la parte superior se puede ampliar y elevar seg\u00fan la cantidad de elementos que se lleven , es lo suficientemente grande El almacenamiento lo ayuda a organizar f\u00e1cilmente todos sus elementos esenciales.<br \/>\nComodidad y alivio transpirable: esta mochila de monta\u00f1ismo est\u00e1 especialmente dise\u00f1ada para los entusiastas de los viajes, con correas ergon\u00f3micas acolchadas para los hombros y respaldo para mayor comodidad. Las correas de malla transpirable y el abundante acolchado de espuma ayudan a aliviar la presi\u00f3n de los hombros. Tirantes en forma de S ensanchados y engrosados y respaldo altamente el\u00e1stico y transpirable para una ventilaci\u00f3n \u00f3ptima y una carga reducida<br \/>\nSistema de suspensi\u00f3n externo: gracias al sistema de extensi\u00f3n externo y las correas de conexi\u00f3n, se puede usar para sujetar mochilas o colgar sacos de dormir, colchonetas, hamacas, tr\u00edpodes y otros equipos, conveniente para los amantes del senderismo, el monta\u00f1ismo y los campamentos.<br \/>\nAl aire libre profesional: esta mochila de monta\u00f1ismo est\u00e1 especialmente dise\u00f1ada para entusiastas de los viajes, ideal para caminatas y campamentos, viajes ocasionales, uso diario, bolsa de accesorios de playa, estuche de viaje de repuesto, cabina de c\u00e1mara, campamento, etc. Adecuado para mujeres y hombres de la mayor\u00eda de las edades .<\/p>\n","protected":false},"excerpt":{"rendered":"<p>Transpirable y Ligera para Senderismo Monta\u00f1ismo Escalada, Viaje, Campismo Deportes al Aire Libre, Ciclismo, Gran Capacidad.<\/p>\n","protected":false},"featured_media":185,"comment_status":"open","ping_status":"closed","template":"","meta":{"_uag_custom_page_level_css":"","_joinchat":[]},"product_cat":[23],"product_tag":[],"class_list":["post-168","product","type-product","status-publish","has-post-thumbnail","hentry","product_cat-mochilas"],"uagb_featured_image_src":{"full":["https:\/\/ebanti.com\/tienda\/wp-content\/uploads\/2023\/09\/51dLvbmBXVL._AC_SX679_.jpg",679,808,false],"thumbnail":["https:\/\/ebanti.com\/tienda\/wp-content\/uploads\/2023\/09\/51dLvbmBXVL._AC_SX679_-150x150.jpg",150,150,true],"medium":["https:\/\/ebanti.com\/tienda\/wp-content\/uploads\/2023\/09\/51dLvbmBXVL._AC_SX679_-252x300.jpg",252,300,true],"medium_large":["https:\/\/ebanti.com\/tienda\/wp-content\/uploads\/2023\/09\/51dLvbmBXVL._AC_SX679_.jpg",679,808,false],"large":["https:\/\/ebanti.com\/tienda\/wp-content\/uploads\/2023\/09\/51dLvbmBXVL._AC_SX679_.jpg",679,808,false],"1536x1536":["https:\/\/ebanti.com\/tienda\/wp-content\/uploads\/2023\/09\/51dLvbmBXVL._AC_SX679_.jpg",679,808,false],"2048x2048":["https:\/\/ebanti.com\/tienda\/wp-content\/uploads\/2023\/09\/51dLvbmBXVL._AC_SX679_.jpg",679,808,false],"the_grid_size1":["https:\/\/ebanti.com\/tienda\/wp-content\/uploads\/2023\/09\/51dLvbmBXVL._AC_SX679_-500x500.jpg",500,500,true],"the_grid_size2":["https:\/\/ebanti.com\/tienda\/wp-content\/uploads\/2023\/09\/51dLvbmBXVL._AC_SX679_-500x808.jpg",500,808,true],"the_grid_size3":["https:\/\/ebanti.com\/tienda\/wp-content\/uploads\/2023\/09\/51dLvbmBXVL._AC_SX679_-679x500.jpg",679,500,true],"the_grid_size4":["https:\/\/ebanti.com\/tienda\/wp-content\/uploads\/2023\/09\/51dLvbmBXVL._AC_SX679_.jpg",679,808,false],"the_grid_size5":["https:\/\/ebanti.com\/tienda\/wp-content\/uploads\/2023\/09\/51dLvbmBXVL._AC_SX679_-500x595.jpg",500,595,true],"woocommerce_thumbnail":["https:\/\/ebanti.com\/tienda\/wp-content\/uploads\/2023\/09\/51dLvbmBXVL._AC_SX679_-300x300.jpg",300,300,true],"woocommerce_single":["https:\/\/ebanti.com\/tienda\/wp-content\/uploads\/2023\/09\/51dLvbmBXVL._AC_SX679_-600x714.jpg",600,714,true],"woocommerce_gallery_thumbnail":["https:\/\/ebanti.com\/tienda\/wp-content\/uploads\/2023\/09\/51dLvbmBXVL._AC_SX679_-100x100.jpg",100,100,true],"portfolio_item-thumbnail":["https:\/\/ebanti.com\/tienda\/wp-content\/uploads\/2023\/09\/51dLvbmBXVL._AC_SX679_-600x400.jpg",600,400,true],"portfolio_item-thumbnail@2x":["https:\/\/ebanti.com\/tienda\/wp-content\/uploads\/2023\/09\/51dLvbmBXVL._AC_SX679_-679x800.jpg",679,800,true],"portfolio_item-masonry":["https:\/\/ebanti.com\/tienda\/wp-content\/uploads\/2023\/09\/51dLvbmBXVL._AC_SX679_-600x714.jpg",600,714,true],"portfolio_item-masonry@2x":["https:\/\/ebanti.com\/tienda\/wp-content\/uploads\/2023\/09\/51dLvbmBXVL._AC_SX679_.jpg",679,808,false],"portfolio_item-thumbnail_cinema":["https:\/\/ebanti.com\/tienda\/wp-content\/uploads\/2023\/09\/51dLvbmBXVL._AC_SX679_-679x335.jpg",679,335,true],"portfolio_item-thumbnail_portrait":["https:\/\/ebanti.com\/tienda\/wp-content\/uploads\/2023\/09\/51dLvbmBXVL._AC_SX679_-600x808.jpg",600,808,true],"portfolio_item-thumbnail_portrait@2x":["https:\/\/ebanti.com\/tienda\/wp-content\/uploads\/2023\/09\/51dLvbmBXVL._AC_SX679_.jpg",679,808,false],"portfolio_item-thumbnail_square":["https:\/\/ebanti.com\/tienda\/wp-content\/uploads\/2023\/09\/51dLvbmBXVL._AC_SX679_-679x800.jpg",679,800,true]},"uagb_author_info":{"display_name":"soporte@ebanti.com","author_link":"https:\/\/ebanti.com\/tienda\/author\/"},"uagb_comment_info":0,"uagb_excerpt":"Transpirable y Ligera para Senderismo Monta\u00f1ismo Escalada, Viaje, Campismo Deportes al Aire Libre, Ciclismo, Gran Capacidad.","featured_media_urls":{"thumbnail":["https:\/\/ebanti.com\/tienda\/wp-content\/uploads\/2023\/09\/51dLvbmBXVL._AC_SX679_-150x150.jpg",150,150,true],"medium":["https:\/\/ebanti.com\/tienda\/wp-content\/uploads\/2023\/09\/51dLvbmBXVL._AC_SX679_-252x300.jpg",252,300,true],"medium_large":["https:\/\/ebanti.com\/tienda\/wp-content\/uploads\/2023\/09\/51dLvbmBXVL._AC_SX679_.jpg",679,808,false],"large":["https:\/\/ebanti.com\/tienda\/wp-content\/uploads\/2023\/09\/51dLvbmBXVL._AC_SX679_.jpg",679,808,false],"1536x1536":["https:\/\/ebanti.com\/tienda\/wp-content\/uploads\/2023\/09\/51dLvbmBXVL._AC_SX679_.jpg",679,808,false],"2048x2048":["https:\/\/ebanti.com\/tienda\/wp-content\/uploads\/2023\/09\/51dLvbmBXVL._AC_SX679_.jpg",679,808,false],"the_grid_size1":["https:\/\/ebanti.com\/tienda\/wp-content\/uploads\/2023\/09\/51dLvbmBXVL._AC_SX679_-500x500.jpg",500,500,true],"the_grid_size2":["https:\/\/ebanti.com\/tienda\/wp-content\/uploads\/2023\/09\/51dLvbmBXVL._AC_SX679_-500x808.jpg",500,808,true],"the_grid_size3":["https:\/\/ebanti.com\/tienda\/wp-content\/uploads\/2023\/09\/51dLvbmBXVL._AC_SX679_-679x500.jpg",679,500,true],"the_grid_size4":["https:\/\/ebanti.com\/tienda\/wp-content\/uploads\/2023\/09\/51dLvbmBXVL._AC_SX679_.jpg",679,808,false],"the_grid_size5":["https:\/\/ebanti.com\/tienda\/wp-content\/uploads\/2023\/09\/51dLvbmBXVL._AC_SX679_-500x595.jpg",500,595,true],"woocommerce_thumbnail":["https:\/\/ebanti.com\/tienda\/wp-content\/uploads\/2023\/09\/51dLvbmBXVL._AC_SX679_-300x300.jpg",300,300,true],"woocommerce_single":["https:\/\/ebanti.com\/tienda\/wp-content\/uploads\/2023\/09\/51dLvbmBXVL._AC_SX679_-600x714.jpg",600,714,true],"woocommerce_gallery_thumbnail":["https:\/\/ebanti.com\/tienda\/wp-content\/uploads\/2023\/09\/51dLvbmBXVL._AC_SX679_-100x100.jpg",100,100,true],"portfolio_item-thumbnail":["https:\/\/ebanti.com\/tienda\/wp-content\/uploads\/2023\/09\/51dLvbmBXVL._AC_SX679_-600x400.jpg",600,400,true],"portfolio_item-thumbnail@2x":["https:\/\/ebanti.com\/tienda\/wp-content\/uploads\/2023\/09\/51dLvbmBXVL._AC_SX679_-679x800.jpg",679,800,true],"portfolio_item-masonry":["https:\/\/ebanti.com\/tienda\/wp-content\/uploads\/2023\/09\/51dLvbmBXVL._AC_SX679_-600x714.jpg",600,714,true],"portfolio_item-masonry@2x":["https:\/\/ebanti.com\/tienda\/wp-content\/uploads\/2023\/09\/51dLvbmBXVL._AC_SX679_.jpg",679,808,false],"portfolio_item-thumbnail_cinema":["https:\/\/ebanti.com\/tienda\/wp-content\/uploads\/2023\/09\/51dLvbmBXVL._AC_SX679_-679x335.jpg",679,335,true],"portfolio_item-thumbnail_portrait":["https:\/\/ebanti.com\/tienda\/wp-content\/uploads\/2023\/09\/51dLvbmBXVL._AC_SX679_-600x808.jpg",600,808,true],"portfolio_item-thumbnail_portrait@2x":["https:\/\/ebanti.com\/tienda\/wp-content\/uploads\/2023\/09\/51dLvbmBXVL._AC_SX679_.jpg",679,808,false],"portfolio_item-thumbnail_square":["https:\/\/ebanti.com\/tienda\/wp-content\/uploads\/2023\/09\/51dLvbmBXVL._AC_SX679_-679x800.jpg",679,800,true]},"_links":{"self":[{"href":"https:\/\/ebanti.com\/tienda\/wp-json\/wp\/v2\/product\/168","targetHints":{"allow":["GET"]}}],"collection":[{"href":"https:\/\/ebanti.com\/tienda\/wp-json\/wp\/v2\/product"}],"about":[{"href":"https:\/\/ebanti.com\/tienda\/wp-json\/wp\/v2\/types\/product"}],"replies":[{"embeddable":true,"href":"https:\/\/ebanti.com\/tienda\/wp-json\/wp\/v2\/comments?post=168"}],"wp:featuredmedia":[{"embeddable":true,"href":"https:\/\/ebanti.com\/tienda\/wp-json\/wp\/v2\/media\/185"}],"wp:attachment":[{"href":"https:\/\/ebanti.com\/tienda\/wp-json\/wp\/v2\/media?parent=168"}],"wp:term":[{"taxonomy":"product_cat","embeddable":true,"href":"https:\/\/ebanti.com\/tienda\/wp-json\/wp\/v2\/product_cat?post=168"},{"taxonomy":"product_tag","embeddable":true,"href":"https:\/\/ebanti.com\/tienda\/wp-json\/wp\/v2\/product_tag?post=168"}],"curies":[{"name":"wp","href":"https:\/\/api.w.org\/{rel}","templated":true}]}}