{"id":158,"date":"2023-09-28T06:56:06","date_gmt":"2023-09-28T06:56:06","guid":{"rendered":"https:\/\/ebanti.com\/tienda\/?post_type=product&#038;p=158"},"modified":"2023-09-28T13:21:31","modified_gmt":"2023-09-28T13:21:31","slug":"los-complices-del-presidente-pasta-blanda","status":"publish","type":"product","link":"https:\/\/ebanti.com\/tienda\/producto\/los-complices-del-presidente-pasta-blanda\/","title":{"rendered":"Los complices del presidente Pasta blanda"},"content":{"rendered":"<p>LOS COMPLICES DEL PRESIDENTE Anabel Hern\u00e1ndez tiene 15 a\u00f1os de trayectoria como periodista de investigaci\u00f3n y ha publicado dos libros muy importantes sobre los excesos e ilegalidades durante el sexenio de Vicente Fox: La familia presidencial y Fin de fiesta en Los Pinos. En esta direcci\u00f3n ha escrito Los c\u00f3mplices del presidente, publicado originalmente a fines de 2008 y con 40 000 ejemplares vendidos desde entonces. Se trata del libro que contiene la denuncia m\u00e1s consistente y documentada que se ha hecho hasta ahora sobre corrupci\u00f3n e impunidad durante el presente sexenio. En la nota a esta nueva edici\u00f3n en Debolsillo, la autora escribe: #Han pasado un a\u00f1o y tres meses desde la aparici\u00f3n de Los c\u00f3mplices del presidente. En este corto periodo el libro ha adquirido gran importancia y demanda una nueva lectura, incluso para m\u00ed como autora. Hoy m\u00e1s que nunca sus l\u00edneas se vuelven vigentes para comprender la convulsa \u00e9poca que vivimos. En septiembre de 2008, cuando le puse punto final a esta obra, tuve la certeza de que ninguno de los tres protagonistas #Felipe Calder\u00f3n, Juan Camilo Mouri\u00f1o y Genaro Garc\u00eda Luna# terminar\u00eda bien el sexenio. El tiempo me ha dado la raz\u00f3n. La muerte de Juan Camilo Mouri\u00f1o lo convirti\u00f3 en m\u00e1rtir y no en el pol\u00edtico que deb\u00eda rendir cuentas por sus abusos y excesos (aqu\u00ed documentados). <\/p>\n","protected":false},"excerpt":{"rendered":"<p>LOS COMPLICES DEL PRESIDENTE Anabel Hern\u00e1ndez tiene 15 a\u00f1os de trayectoria como periodista de investigaci\u00f3n y ha publicado dos libros muy importantes sobre los excesos e ilegalidades durante el sexenio de Vicente Fox: La familia presidencial y Fin de fiesta en Los Pinos.<\/p>\n","protected":false},"featured_media":166,"comment_status":"open","ping_status":"closed","template":"","meta":{"_uag_custom_page_level_css":"","_joinchat":[]},"product_cat":[28,25],"product_tag":[],"class_list":["post-158","product","type-product","status-publish","has-post-thumbnail","hentry","product_cat-biografia","product_cat-libros"],"uagb_featured_image_src":{"full":["https:\/\/ebanti.com\/tienda\/wp-content\/uploads\/2023\/09\/41DWYudH3VL.jpg",300,456,false],"thumbnail":["https:\/\/ebanti.com\/tienda\/wp-content\/uploads\/2023\/09\/41DWYudH3VL-150x150.jpg",150,150,true],"medium":["https:\/\/ebanti.com\/tienda\/wp-content\/uploads\/2023\/09\/41DWYudH3VL-197x300.jpg",197,300,true],"medium_large":["https:\/\/ebanti.com\/tienda\/wp-content\/uploads\/2023\/09\/41DWYudH3VL.jpg",300,456,false],"large":["https:\/\/ebanti.com\/tienda\/wp-content\/uploads\/2023\/09\/41DWYudH3VL.jpg",300,456,false],"1536x1536":["https:\/\/ebanti.com\/tienda\/wp-content\/uploads\/2023\/09\/41DWYudH3VL.jpg",300,456,false],"2048x2048":["https:\/\/ebanti.com\/tienda\/wp-content\/uploads\/2023\/09\/41DWYudH3VL.jpg",300,456,false],"the_grid_size1":["https:\/\/ebanti.com\/tienda\/wp-content\/uploads\/2023\/09\/41DWYudH3VL.jpg",300,456,false],"the_grid_size2":["https:\/\/ebanti.com\/tienda\/wp-content\/uploads\/2023\/09\/41DWYudH3VL.jpg",300,456,false],"the_grid_size3":["https:\/\/ebanti.com\/tienda\/wp-content\/uploads\/2023\/09\/41DWYudH3VL.jpg",300,456,false],"the_grid_size4":["https:\/\/ebanti.com\/tienda\/wp-content\/uploads\/2023\/09\/41DWYudH3VL.jpg",300,456,false],"the_grid_size5":["https:\/\/ebanti.com\/tienda\/wp-content\/uploads\/2023\/09\/41DWYudH3VL.jpg",300,456,false],"woocommerce_thumbnail":["https:\/\/ebanti.com\/tienda\/wp-content\/uploads\/2023\/09\/41DWYudH3VL-300x300.jpg",300,300,true],"woocommerce_single":["https:\/\/ebanti.com\/tienda\/wp-content\/uploads\/2023\/09\/41DWYudH3VL.jpg",300,456,false],"woocommerce_gallery_thumbnail":["https:\/\/ebanti.com\/tienda\/wp-content\/uploads\/2023\/09\/41DWYudH3VL-100x100.jpg",100,100,true],"portfolio_item-thumbnail":["https:\/\/ebanti.com\/tienda\/wp-content\/uploads\/2023\/09\/41DWYudH3VL-300x400.jpg",300,400,true],"portfolio_item-thumbnail@2x":["https:\/\/ebanti.com\/tienda\/wp-content\/uploads\/2023\/09\/41DWYudH3VL.jpg",300,456,false],"portfolio_item-masonry":["https:\/\/ebanti.com\/tienda\/wp-content\/uploads\/2023\/09\/41DWYudH3VL.jpg",300,456,false],"portfolio_item-masonry@2x":["https:\/\/ebanti.com\/tienda\/wp-content\/uploads\/2023\/09\/41DWYudH3VL.jpg",300,456,false],"portfolio_item-thumbnail_cinema":["https:\/\/ebanti.com\/tienda\/wp-content\/uploads\/2023\/09\/41DWYudH3VL-300x335.jpg",300,335,true],"portfolio_item-thumbnail_portrait":["https:\/\/ebanti.com\/tienda\/wp-content\/uploads\/2023\/09\/41DWYudH3VL.jpg",300,456,false],"portfolio_item-thumbnail_portrait@2x":["https:\/\/ebanti.com\/tienda\/wp-content\/uploads\/2023\/09\/41DWYudH3VL.jpg",300,456,false],"portfolio_item-thumbnail_square":["https:\/\/ebanti.com\/tienda\/wp-content\/uploads\/2023\/09\/41DWYudH3VL.jpg",300,456,false]},"uagb_author_info":{"display_name":"soporte@ebanti.com","author_link":"https:\/\/ebanti.com\/tienda\/author\/"},"uagb_comment_info":0,"uagb_excerpt":"LOS COMPLICES DEL PRESIDENTE Anabel Hern\u00e1ndez tiene 15 a\u00f1os de trayectoria como periodista de investigaci\u00f3n y ha publicado dos libros muy importantes sobre los excesos e ilegalidades durante el sexenio de Vicente Fox: La familia presidencial y Fin de fiesta en Los Pinos.","featured_media_urls":{"thumbnail":["https:\/\/ebanti.com\/tienda\/wp-content\/uploads\/2023\/09\/41DWYudH3VL-150x150.jpg",150,150,true],"medium":["https:\/\/ebanti.com\/tienda\/wp-content\/uploads\/2023\/09\/41DWYudH3VL-197x300.jpg",197,300,true],"medium_large":["https:\/\/ebanti.com\/tienda\/wp-content\/uploads\/2023\/09\/41DWYudH3VL.jpg",300,456,false],"large":["https:\/\/ebanti.com\/tienda\/wp-content\/uploads\/2023\/09\/41DWYudH3VL.jpg",300,456,false],"1536x1536":["https:\/\/ebanti.com\/tienda\/wp-content\/uploads\/2023\/09\/41DWYudH3VL.jpg",300,456,false],"2048x2048":["https:\/\/ebanti.com\/tienda\/wp-content\/uploads\/2023\/09\/41DWYudH3VL.jpg",300,456,false],"the_grid_size1":["https:\/\/ebanti.com\/tienda\/wp-content\/uploads\/2023\/09\/41DWYudH3VL.jpg",300,456,false],"the_grid_size2":["https:\/\/ebanti.com\/tienda\/wp-content\/uploads\/2023\/09\/41DWYudH3VL.jpg",300,456,false],"the_grid_size3":["https:\/\/ebanti.com\/tienda\/wp-content\/uploads\/2023\/09\/41DWYudH3VL.jpg",300,456,false],"the_grid_size4":["https:\/\/ebanti.com\/tienda\/wp-content\/uploads\/2023\/09\/41DWYudH3VL.jpg",300,456,false],"the_grid_size5":["https:\/\/ebanti.com\/tienda\/wp-content\/uploads\/2023\/09\/41DWYudH3VL.jpg",300,456,false],"woocommerce_thumbnail":["https:\/\/ebanti.com\/tienda\/wp-content\/uploads\/2023\/09\/41DWYudH3VL-300x300.jpg",300,300,true],"woocommerce_single":["https:\/\/ebanti.com\/tienda\/wp-content\/uploads\/2023\/09\/41DWYudH3VL.jpg",300,456,false],"woocommerce_gallery_thumbnail":["https:\/\/ebanti.com\/tienda\/wp-content\/uploads\/2023\/09\/41DWYudH3VL-100x100.jpg",100,100,true],"portfolio_item-thumbnail":["https:\/\/ebanti.com\/tienda\/wp-content\/uploads\/2023\/09\/41DWYudH3VL-300x400.jpg",300,400,true],"portfolio_item-thumbnail@2x":["https:\/\/ebanti.com\/tienda\/wp-content\/uploads\/2023\/09\/41DWYudH3VL.jpg",300,456,false],"portfolio_item-masonry":["https:\/\/ebanti.com\/tienda\/wp-content\/uploads\/2023\/09\/41DWYudH3VL.jpg",300,456,false],"portfolio_item-masonry@2x":["https:\/\/ebanti.com\/tienda\/wp-content\/uploads\/2023\/09\/41DWYudH3VL.jpg",300,456,false],"portfolio_item-thumbnail_cinema":["https:\/\/ebanti.com\/tienda\/wp-content\/uploads\/2023\/09\/41DWYudH3VL-300x335.jpg",300,335,true],"portfolio_item-thumbnail_portrait":["https:\/\/ebanti.com\/tienda\/wp-content\/uploads\/2023\/09\/41DWYudH3VL.jpg",300,456,false],"portfolio_item-thumbnail_portrait@2x":["https:\/\/ebanti.com\/tienda\/wp-content\/uploads\/2023\/09\/41DWYudH3VL.jpg",300,456,false],"portfolio_item-thumbnail_square":["https:\/\/ebanti.com\/tienda\/wp-content\/uploads\/2023\/09\/41DWYudH3VL.jpg",300,456,false]},"_links":{"self":[{"href":"https:\/\/ebanti.com\/tienda\/wp-json\/wp\/v2\/product\/158","targetHints":{"allow":["GET"]}}],"collection":[{"href":"https:\/\/ebanti.com\/tienda\/wp-json\/wp\/v2\/product"}],"about":[{"href":"https:\/\/ebanti.com\/tienda\/wp-json\/wp\/v2\/types\/product"}],"replies":[{"embeddable":true,"href":"https:\/\/ebanti.com\/tienda\/wp-json\/wp\/v2\/comments?post=158"}],"wp:featuredmedia":[{"embeddable":true,"href":"https:\/\/ebanti.com\/tienda\/wp-json\/wp\/v2\/media\/166"}],"wp:attachment":[{"href":"https:\/\/ebanti.com\/tienda\/wp-json\/wp\/v2\/media?parent=158"}],"wp:term":[{"taxonomy":"product_cat","embeddable":true,"href":"https:\/\/ebanti.com\/tienda\/wp-json\/wp\/v2\/product_cat?post=158"},{"taxonomy":"product_tag","embeddable":true,"href":"https:\/\/ebanti.com\/tienda\/wp-json\/wp\/v2\/product_tag?post=158"}],"curies":[{"name":"wp","href":"https:\/\/api.w.org\/{rel}","templated":true}]}}