{"id":157,"date":"2023-09-28T06:56:05","date_gmt":"2023-09-28T06:56:05","guid":{"rendered":"https:\/\/ebanti.com\/tienda\/?post_type=product&#038;p=157"},"modified":"2023-09-28T13:21:31","modified_gmt":"2023-09-28T13:21:31","slug":"los-senores-del-narco","status":"publish","type":"product","link":"https:\/\/ebanti.com\/tienda\/producto\/los-senores-del-narco\/","title":{"rendered":"Los se\u00f1ores del narco"},"content":{"rendered":"<p>Los se\u00f1ores del narco es una descarnada cr\u00f3nica sobre las alarmantes complicidades de los altos c\u00edrculos pol\u00edticos, policiacos, militares y empresariales con el crimen organizado.Premio Freedom of Speech 2019 por Deutsche Welleta segunda edici\u00f3n de Los se\u00f1ores del narco, revisada y actualizada, incluye la entrevista in\u00e9dita del Chapo con la DEA. Anabel Hern\u00e1ndez tuvo acceso no s\u00f3lo a una vasta documentaci\u00f3n, in\u00e9dita hasta hoy, sino a testimonios directos de autoridades y expertos en el tema, as\u00ed como de personas involucradas con los principales c\u00e1rteles mexicanos de la droga. Esto le ha permitido examinar rigurosamente el origen de la sangrienta lucha por el poder entre los grupos criminales, y cuestionar la &#8220;guerra&#8221; del gobierno federal contra la delincuencia organizada. Al investigar las intrincadas redes de contubernios, la autora tuvo que remontarse a la d\u00e9cada de 1970, cuando se controlaba el tr\u00e1fico de enervantes haciendo que los narcos pr\u00e1cticamente pagaran impuestos al gobierno. En su inquietante recorrido avanza hacia los a\u00f1os ochenta, cuando los jefes de la organizaci\u00f3n criminal del Pac\u00edfico, auspiciados por la CIA, incursionaron en el jugoso negocio de la coca\u00edna, y nos conduce hasta el surgimiento de poderosos capos como los hermanos Beltr\u00e1n Leyva, Ismael el Mayo Zambada o Joaqu\u00edn Guzm\u00e1n Loera, quienes lograron penetrar las estructuras del Estado y ponerlas a su servicio. Tras echar abajo el mito de la fuga de el Chapo de la prisi\u00f3n de Puente Grande en un carrito de lavander\u00eda, este libro narra su ascenso en la jerarqu\u00eda del crimen y c\u00f3mo ha llevado hasta sus \u00faltimas y terribles consecuencias un &#8220;pacto de impunidad&#8221; con n\u00famerosos funcionarios p\u00fablicos y hombres de negocios. Este libro, en suma, se presenta como un impactante viaje al interior del mundo del narcotr\u00e1fico para buscar los poderosos resortes que lo mueven, y los ha descubierto con nombre y apellido.<\/p>\n","protected":false},"excerpt":{"rendered":"<p>Los se\u00f1ores del narco es una descarnada cr\u00f3nica sobre las alarmantes complicidades de los altos c\u00edrculos pol\u00edticos, policiacos, militares y empresariales con el crimen organizado.<\/p>\n","protected":false},"featured_media":165,"comment_status":"open","ping_status":"closed","template":"","meta":{"_uag_custom_page_level_css":"","_joinchat":[]},"product_cat":[32,25],"product_tag":[],"class_list":["post-157","product","type-product","status-publish","has-post-thumbnail","hentry","product_cat-crimenes-reales","product_cat-libros"],"uagb_featured_image_src":{"full":["https:\/\/ebanti.com\/tienda\/wp-content\/uploads\/2023\/09\/51LFIWyZNuL._SY445_SX342_.jpg",292,445,false],"thumbnail":["https:\/\/ebanti.com\/tienda\/wp-content\/uploads\/2023\/09\/51LFIWyZNuL._SY445_SX342_-150x150.jpg",150,150,true],"medium":["https:\/\/ebanti.com\/tienda\/wp-content\/uploads\/2023\/09\/51LFIWyZNuL._SY445_SX342_-197x300.jpg",197,300,true],"medium_large":["https:\/\/ebanti.com\/tienda\/wp-content\/uploads\/2023\/09\/51LFIWyZNuL._SY445_SX342_.jpg",292,445,false],"large":["https:\/\/ebanti.com\/tienda\/wp-content\/uploads\/2023\/09\/51LFIWyZNuL._SY445_SX342_.jpg",292,445,false],"1536x1536":["https:\/\/ebanti.com\/tienda\/wp-content\/uploads\/2023\/09\/51LFIWyZNuL._SY445_SX342_.jpg",292,445,false],"2048x2048":["https:\/\/ebanti.com\/tienda\/wp-content\/uploads\/2023\/09\/51LFIWyZNuL._SY445_SX342_.jpg",292,445,false],"the_grid_size1":["https:\/\/ebanti.com\/tienda\/wp-content\/uploads\/2023\/09\/51LFIWyZNuL._SY445_SX342_.jpg",292,445,false],"the_grid_size2":["https:\/\/ebanti.com\/tienda\/wp-content\/uploads\/2023\/09\/51LFIWyZNuL._SY445_SX342_.jpg",292,445,false],"the_grid_size3":["https:\/\/ebanti.com\/tienda\/wp-content\/uploads\/2023\/09\/51LFIWyZNuL._SY445_SX342_.jpg",292,445,false],"the_grid_size4":["https:\/\/ebanti.com\/tienda\/wp-content\/uploads\/2023\/09\/51LFIWyZNuL._SY445_SX342_.jpg",292,445,false],"the_grid_size5":["https:\/\/ebanti.com\/tienda\/wp-content\/uploads\/2023\/09\/51LFIWyZNuL._SY445_SX342_.jpg",292,445,false],"woocommerce_thumbnail":["https:\/\/ebanti.com\/tienda\/wp-content\/uploads\/2023\/09\/51LFIWyZNuL._SY445_SX342_-292x300.jpg",292,300,true],"woocommerce_single":["https:\/\/ebanti.com\/tienda\/wp-content\/uploads\/2023\/09\/51LFIWyZNuL._SY445_SX342_.jpg",292,445,false],"woocommerce_gallery_thumbnail":["https:\/\/ebanti.com\/tienda\/wp-content\/uploads\/2023\/09\/51LFIWyZNuL._SY445_SX342_-100x100.jpg",100,100,true],"portfolio_item-thumbnail":["https:\/\/ebanti.com\/tienda\/wp-content\/uploads\/2023\/09\/51LFIWyZNuL._SY445_SX342_-292x400.jpg",292,400,true],"portfolio_item-thumbnail@2x":["https:\/\/ebanti.com\/tienda\/wp-content\/uploads\/2023\/09\/51LFIWyZNuL._SY445_SX342_.jpg",292,445,false],"portfolio_item-masonry":["https:\/\/ebanti.com\/tienda\/wp-content\/uploads\/2023\/09\/51LFIWyZNuL._SY445_SX342_.jpg",292,445,false],"portfolio_item-masonry@2x":["https:\/\/ebanti.com\/tienda\/wp-content\/uploads\/2023\/09\/51LFIWyZNuL._SY445_SX342_.jpg",292,445,false],"portfolio_item-thumbnail_cinema":["https:\/\/ebanti.com\/tienda\/wp-content\/uploads\/2023\/09\/51LFIWyZNuL._SY445_SX342_-292x335.jpg",292,335,true],"portfolio_item-thumbnail_portrait":["https:\/\/ebanti.com\/tienda\/wp-content\/uploads\/2023\/09\/51LFIWyZNuL._SY445_SX342_.jpg",292,445,false],"portfolio_item-thumbnail_portrait@2x":["https:\/\/ebanti.com\/tienda\/wp-content\/uploads\/2023\/09\/51LFIWyZNuL._SY445_SX342_.jpg",292,445,false],"portfolio_item-thumbnail_square":["https:\/\/ebanti.com\/tienda\/wp-content\/uploads\/2023\/09\/51LFIWyZNuL._SY445_SX342_.jpg",292,445,false]},"uagb_author_info":{"display_name":"soporte@ebanti.com","author_link":"https:\/\/ebanti.com\/tienda\/author\/"},"uagb_comment_info":0,"uagb_excerpt":"Los se\u00f1ores del narco es una descarnada cr\u00f3nica sobre las alarmantes complicidades de los altos c\u00edrculos pol\u00edticos, policiacos, militares y empresariales con el crimen organizado.","featured_media_urls":{"thumbnail":["https:\/\/ebanti.com\/tienda\/wp-content\/uploads\/2023\/09\/51LFIWyZNuL._SY445_SX342_-150x150.jpg",150,150,true],"medium":["https:\/\/ebanti.com\/tienda\/wp-content\/uploads\/2023\/09\/51LFIWyZNuL._SY445_SX342_-197x300.jpg",197,300,true],"medium_large":["https:\/\/ebanti.com\/tienda\/wp-content\/uploads\/2023\/09\/51LFIWyZNuL._SY445_SX342_.jpg",292,445,false],"large":["https:\/\/ebanti.com\/tienda\/wp-content\/uploads\/2023\/09\/51LFIWyZNuL._SY445_SX342_.jpg",292,445,false],"1536x1536":["https:\/\/ebanti.com\/tienda\/wp-content\/uploads\/2023\/09\/51LFIWyZNuL._SY445_SX342_.jpg",292,445,false],"2048x2048":["https:\/\/ebanti.com\/tienda\/wp-content\/uploads\/2023\/09\/51LFIWyZNuL._SY445_SX342_.jpg",292,445,false],"the_grid_size1":["https:\/\/ebanti.com\/tienda\/wp-content\/uploads\/2023\/09\/51LFIWyZNuL._SY445_SX342_.jpg",292,445,false],"the_grid_size2":["https:\/\/ebanti.com\/tienda\/wp-content\/uploads\/2023\/09\/51LFIWyZNuL._SY445_SX342_.jpg",292,445,false],"the_grid_size3":["https:\/\/ebanti.com\/tienda\/wp-content\/uploads\/2023\/09\/51LFIWyZNuL._SY445_SX342_.jpg",292,445,false],"the_grid_size4":["https:\/\/ebanti.com\/tienda\/wp-content\/uploads\/2023\/09\/51LFIWyZNuL._SY445_SX342_.jpg",292,445,false],"the_grid_size5":["https:\/\/ebanti.com\/tienda\/wp-content\/uploads\/2023\/09\/51LFIWyZNuL._SY445_SX342_.jpg",292,445,false],"woocommerce_thumbnail":["https:\/\/ebanti.com\/tienda\/wp-content\/uploads\/2023\/09\/51LFIWyZNuL._SY445_SX342_-292x300.jpg",292,300,true],"woocommerce_single":["https:\/\/ebanti.com\/tienda\/wp-content\/uploads\/2023\/09\/51LFIWyZNuL._SY445_SX342_.jpg",292,445,false],"woocommerce_gallery_thumbnail":["https:\/\/ebanti.com\/tienda\/wp-content\/uploads\/2023\/09\/51LFIWyZNuL._SY445_SX342_-100x100.jpg",100,100,true],"portfolio_item-thumbnail":["https:\/\/ebanti.com\/tienda\/wp-content\/uploads\/2023\/09\/51LFIWyZNuL._SY445_SX342_-292x400.jpg",292,400,true],"portfolio_item-thumbnail@2x":["https:\/\/ebanti.com\/tienda\/wp-content\/uploads\/2023\/09\/51LFIWyZNuL._SY445_SX342_.jpg",292,445,false],"portfolio_item-masonry":["https:\/\/ebanti.com\/tienda\/wp-content\/uploads\/2023\/09\/51LFIWyZNuL._SY445_SX342_.jpg",292,445,false],"portfolio_item-masonry@2x":["https:\/\/ebanti.com\/tienda\/wp-content\/uploads\/2023\/09\/51LFIWyZNuL._SY445_SX342_.jpg",292,445,false],"portfolio_item-thumbnail_cinema":["https:\/\/ebanti.com\/tienda\/wp-content\/uploads\/2023\/09\/51LFIWyZNuL._SY445_SX342_-292x335.jpg",292,335,true],"portfolio_item-thumbnail_portrait":["https:\/\/ebanti.com\/tienda\/wp-content\/uploads\/2023\/09\/51LFIWyZNuL._SY445_SX342_.jpg",292,445,false],"portfolio_item-thumbnail_portrait@2x":["https:\/\/ebanti.com\/tienda\/wp-content\/uploads\/2023\/09\/51LFIWyZNuL._SY445_SX342_.jpg",292,445,false],"portfolio_item-thumbnail_square":["https:\/\/ebanti.com\/tienda\/wp-content\/uploads\/2023\/09\/51LFIWyZNuL._SY445_SX342_.jpg",292,445,false]},"_links":{"self":[{"href":"https:\/\/ebanti.com\/tienda\/wp-json\/wp\/v2\/product\/157","targetHints":{"allow":["GET"]}}],"collection":[{"href":"https:\/\/ebanti.com\/tienda\/wp-json\/wp\/v2\/product"}],"about":[{"href":"https:\/\/ebanti.com\/tienda\/wp-json\/wp\/v2\/types\/product"}],"replies":[{"embeddable":true,"href":"https:\/\/ebanti.com\/tienda\/wp-json\/wp\/v2\/comments?post=157"}],"wp:featuredmedia":[{"embeddable":true,"href":"https:\/\/ebanti.com\/tienda\/wp-json\/wp\/v2\/media\/165"}],"wp:attachment":[{"href":"https:\/\/ebanti.com\/tienda\/wp-json\/wp\/v2\/media?parent=157"}],"wp:term":[{"taxonomy":"product_cat","embeddable":true,"href":"https:\/\/ebanti.com\/tienda\/wp-json\/wp\/v2\/product_cat?post=157"},{"taxonomy":"product_tag","embeddable":true,"href":"https:\/\/ebanti.com\/tienda\/wp-json\/wp\/v2\/product_tag?post=157"}],"curies":[{"name":"wp","href":"https:\/\/api.w.org\/{rel}","templated":true}]}}