{"id":156,"date":"2023-09-28T06:56:05","date_gmt":"2023-09-28T06:56:05","guid":{"rendered":"https:\/\/ebanti.com\/tienda\/?post_type=product&#038;p=156"},"modified":"2023-09-28T13:21:31","modified_gmt":"2023-09-28T13:21:31","slug":"el-principe-del-sol-pasta-blanda","status":"publish","type":"product","link":"https:\/\/ebanti.com\/tienda\/producto\/el-principe-del-sol-pasta-blanda\/","title":{"rendered":"El pr\u00edncipe del Sol Pasta blanda"},"content":{"rendered":"<p>La naci\u00f3n del sol y el reino de la luna han logrado mantener la paz durante un milenio, pero hoy todo parece estar perdido: la reina Virian ha desaparecido y los vientos de guerra amenazan ambos territorios.<\/p>\n<p>Emil es el pr\u00edncipe heredero a la corona del sol y en ausencia de su madre deber\u00e1 asumir el trono a pesar de su juventud; de lo contrario su naci\u00f3n tendr\u00e1 que enfrentar de nuevo una terrible era de oscuridad.<\/p>\n<p>Para evitarlo, Elyon, su mejor amiga \u2013una solaris de esp\u00edritu libre y so\u00f1ador\u2013, lo convence de emprender un arriesgado viaje por Fenrai para dar con el paradero de la reina, antes de que los rumores sobre los siniestros planes del reino de la luna se vuelvan realidad. Pero la traves\u00eda se torna cada vez m\u00e1s peligrosa y desconcertante cuando descubren la verdad detr\u00e1s de algunos secretos que era mejor no revelar. \u00bfValdr\u00e1 la pena poner en riesgo su vida para salvar el lugar que los ha visto crecer?<\/p>\n","protected":false},"excerpt":{"rendered":"<p>\u00a1Una m\u00e1gica aventura que los obligar\u00e1 a ser m\u00e1s fuertes y valientes!<\/p>\n<p>La naci\u00f3n del sol y el reino de la luna han logrado mantener la paz durante un milenio, pero hoy todo parece estar perdido: la reina Virian ha desaparecido y los vientos de guerra amenazan ambos territorios.<\/p>\n","protected":false},"featured_media":162,"comment_status":"open","ping_status":"closed","template":"","meta":{"_uag_custom_page_level_css":"","_joinchat":[]},"product_cat":[25,27],"product_tag":[],"class_list":["post-156","product","type-product","status-publish","has-post-thumbnail","hentry","product_cat-libros","product_cat-literatura-fantastica"],"uagb_featured_image_src":{"full":["https:\/\/ebanti.com\/tienda\/wp-content\/uploads\/2023\/09\/81A6LYL4AL._SY425_.jpg",280,425,false],"thumbnail":["https:\/\/ebanti.com\/tienda\/wp-content\/uploads\/2023\/09\/81A6LYL4AL._SY425_-150x150.jpg",150,150,true],"medium":["https:\/\/ebanti.com\/tienda\/wp-content\/uploads\/2023\/09\/81A6LYL4AL._SY425_-198x300.jpg",198,300,true],"medium_large":["https:\/\/ebanti.com\/tienda\/wp-content\/uploads\/2023\/09\/81A6LYL4AL._SY425_.jpg",280,425,false],"large":["https:\/\/ebanti.com\/tienda\/wp-content\/uploads\/2023\/09\/81A6LYL4AL._SY425_.jpg",280,425,false],"1536x1536":["https:\/\/ebanti.com\/tienda\/wp-content\/uploads\/2023\/09\/81A6LYL4AL._SY425_.jpg",280,425,false],"2048x2048":["https:\/\/ebanti.com\/tienda\/wp-content\/uploads\/2023\/09\/81A6LYL4AL._SY425_.jpg",280,425,false],"the_grid_size1":["https:\/\/ebanti.com\/tienda\/wp-content\/uploads\/2023\/09\/81A6LYL4AL._SY425_.jpg",280,425,false],"the_grid_size2":["https:\/\/ebanti.com\/tienda\/wp-content\/uploads\/2023\/09\/81A6LYL4AL._SY425_.jpg",280,425,false],"the_grid_size3":["https:\/\/ebanti.com\/tienda\/wp-content\/uploads\/2023\/09\/81A6LYL4AL._SY425_.jpg",280,425,false],"the_grid_size4":["https:\/\/ebanti.com\/tienda\/wp-content\/uploads\/2023\/09\/81A6LYL4AL._SY425_.jpg",280,425,false],"the_grid_size5":["https:\/\/ebanti.com\/tienda\/wp-content\/uploads\/2023\/09\/81A6LYL4AL._SY425_.jpg",280,425,false],"woocommerce_thumbnail":["https:\/\/ebanti.com\/tienda\/wp-content\/uploads\/2023\/09\/81A6LYL4AL._SY425_-280x300.jpg",280,300,true],"woocommerce_single":["https:\/\/ebanti.com\/tienda\/wp-content\/uploads\/2023\/09\/81A6LYL4AL._SY425_.jpg",280,425,false],"woocommerce_gallery_thumbnail":["https:\/\/ebanti.com\/tienda\/wp-content\/uploads\/2023\/09\/81A6LYL4AL._SY425_-100x100.jpg",100,100,true],"portfolio_item-thumbnail":["https:\/\/ebanti.com\/tienda\/wp-content\/uploads\/2023\/09\/81A6LYL4AL._SY425_-280x400.jpg",280,400,true],"portfolio_item-thumbnail@2x":["https:\/\/ebanti.com\/tienda\/wp-content\/uploads\/2023\/09\/81A6LYL4AL._SY425_.jpg",280,425,false],"portfolio_item-masonry":["https:\/\/ebanti.com\/tienda\/wp-content\/uploads\/2023\/09\/81A6LYL4AL._SY425_.jpg",280,425,false],"portfolio_item-masonry@2x":["https:\/\/ebanti.com\/tienda\/wp-content\/uploads\/2023\/09\/81A6LYL4AL._SY425_.jpg",280,425,false],"portfolio_item-thumbnail_cinema":["https:\/\/ebanti.com\/tienda\/wp-content\/uploads\/2023\/09\/81A6LYL4AL._SY425_-280x335.jpg",280,335,true],"portfolio_item-thumbnail_portrait":["https:\/\/ebanti.com\/tienda\/wp-content\/uploads\/2023\/09\/81A6LYL4AL._SY425_.jpg",280,425,false],"portfolio_item-thumbnail_portrait@2x":["https:\/\/ebanti.com\/tienda\/wp-content\/uploads\/2023\/09\/81A6LYL4AL._SY425_.jpg",280,425,false],"portfolio_item-thumbnail_square":["https:\/\/ebanti.com\/tienda\/wp-content\/uploads\/2023\/09\/81A6LYL4AL._SY425_.jpg",280,425,false]},"uagb_author_info":{"display_name":"soporte@ebanti.com","author_link":"https:\/\/ebanti.com\/tienda\/author\/"},"uagb_comment_info":0,"uagb_excerpt":"\u00a1Una m\u00e1gica aventura que los obligar\u00e1 a ser m\u00e1s fuertes y valientes! La naci\u00f3n del sol y el reino de la luna han logrado mantener la paz durante un milenio, pero hoy todo parece estar perdido: la reina Virian ha desaparecido y los vientos de guerra amenazan ambos territorios.","featured_media_urls":{"thumbnail":["https:\/\/ebanti.com\/tienda\/wp-content\/uploads\/2023\/09\/81A6LYL4AL._SY425_-150x150.jpg",150,150,true],"medium":["https:\/\/ebanti.com\/tienda\/wp-content\/uploads\/2023\/09\/81A6LYL4AL._SY425_-198x300.jpg",198,300,true],"medium_large":["https:\/\/ebanti.com\/tienda\/wp-content\/uploads\/2023\/09\/81A6LYL4AL._SY425_.jpg",280,425,false],"large":["https:\/\/ebanti.com\/tienda\/wp-content\/uploads\/2023\/09\/81A6LYL4AL._SY425_.jpg",280,425,false],"1536x1536":["https:\/\/ebanti.com\/tienda\/wp-content\/uploads\/2023\/09\/81A6LYL4AL._SY425_.jpg",280,425,false],"2048x2048":["https:\/\/ebanti.com\/tienda\/wp-content\/uploads\/2023\/09\/81A6LYL4AL._SY425_.jpg",280,425,false],"the_grid_size1":["https:\/\/ebanti.com\/tienda\/wp-content\/uploads\/2023\/09\/81A6LYL4AL._SY425_.jpg",280,425,false],"the_grid_size2":["https:\/\/ebanti.com\/tienda\/wp-content\/uploads\/2023\/09\/81A6LYL4AL._SY425_.jpg",280,425,false],"the_grid_size3":["https:\/\/ebanti.com\/tienda\/wp-content\/uploads\/2023\/09\/81A6LYL4AL._SY425_.jpg",280,425,false],"the_grid_size4":["https:\/\/ebanti.com\/tienda\/wp-content\/uploads\/2023\/09\/81A6LYL4AL._SY425_.jpg",280,425,false],"the_grid_size5":["https:\/\/ebanti.com\/tienda\/wp-content\/uploads\/2023\/09\/81A6LYL4AL._SY425_.jpg",280,425,false],"woocommerce_thumbnail":["https:\/\/ebanti.com\/tienda\/wp-content\/uploads\/2023\/09\/81A6LYL4AL._SY425_-280x300.jpg",280,300,true],"woocommerce_single":["https:\/\/ebanti.com\/tienda\/wp-content\/uploads\/2023\/09\/81A6LYL4AL._SY425_.jpg",280,425,false],"woocommerce_gallery_thumbnail":["https:\/\/ebanti.com\/tienda\/wp-content\/uploads\/2023\/09\/81A6LYL4AL._SY425_-100x100.jpg",100,100,true],"portfolio_item-thumbnail":["https:\/\/ebanti.com\/tienda\/wp-content\/uploads\/2023\/09\/81A6LYL4AL._SY425_-280x400.jpg",280,400,true],"portfolio_item-thumbnail@2x":["https:\/\/ebanti.com\/tienda\/wp-content\/uploads\/2023\/09\/81A6LYL4AL._SY425_.jpg",280,425,false],"portfolio_item-masonry":["https:\/\/ebanti.com\/tienda\/wp-content\/uploads\/2023\/09\/81A6LYL4AL._SY425_.jpg",280,425,false],"portfolio_item-masonry@2x":["https:\/\/ebanti.com\/tienda\/wp-content\/uploads\/2023\/09\/81A6LYL4AL._SY425_.jpg",280,425,false],"portfolio_item-thumbnail_cinema":["https:\/\/ebanti.com\/tienda\/wp-content\/uploads\/2023\/09\/81A6LYL4AL._SY425_-280x335.jpg",280,335,true],"portfolio_item-thumbnail_portrait":["https:\/\/ebanti.com\/tienda\/wp-content\/uploads\/2023\/09\/81A6LYL4AL._SY425_.jpg",280,425,false],"portfolio_item-thumbnail_portrait@2x":["https:\/\/ebanti.com\/tienda\/wp-content\/uploads\/2023\/09\/81A6LYL4AL._SY425_.jpg",280,425,false],"portfolio_item-thumbnail_square":["https:\/\/ebanti.com\/tienda\/wp-content\/uploads\/2023\/09\/81A6LYL4AL._SY425_.jpg",280,425,false]},"_links":{"self":[{"href":"https:\/\/ebanti.com\/tienda\/wp-json\/wp\/v2\/product\/156","targetHints":{"allow":["GET"]}}],"collection":[{"href":"https:\/\/ebanti.com\/tienda\/wp-json\/wp\/v2\/product"}],"about":[{"href":"https:\/\/ebanti.com\/tienda\/wp-json\/wp\/v2\/types\/product"}],"replies":[{"embeddable":true,"href":"https:\/\/ebanti.com\/tienda\/wp-json\/wp\/v2\/comments?post=156"}],"wp:featuredmedia":[{"embeddable":true,"href":"https:\/\/ebanti.com\/tienda\/wp-json\/wp\/v2\/media\/162"}],"wp:attachment":[{"href":"https:\/\/ebanti.com\/tienda\/wp-json\/wp\/v2\/media?parent=156"}],"wp:term":[{"taxonomy":"product_cat","embeddable":true,"href":"https:\/\/ebanti.com\/tienda\/wp-json\/wp\/v2\/product_cat?post=156"},{"taxonomy":"product_tag","embeddable":true,"href":"https:\/\/ebanti.com\/tienda\/wp-json\/wp\/v2\/product_tag?post=156"}],"curies":[{"name":"wp","href":"https:\/\/api.w.org\/{rel}","templated":true}]}}