{"id":155,"date":"2023-09-28T06:56:05","date_gmt":"2023-09-28T06:56:05","guid":{"rendered":"https:\/\/ebanti.com\/tienda\/?post_type=product&#038;p=155"},"modified":"2023-09-28T13:21:31","modified_gmt":"2023-09-28T13:21:31","slug":"juego-de-tronos-cancion-de-hielo-y-fuego-1","status":"publish","type":"product","link":"https:\/\/ebanti.com\/tienda\/producto\/juego-de-tronos-cancion-de-hielo-y-fuego-1\/","title":{"rendered":"Juego de tronos (Canci\u00f3n de Hielo y Fuego 1)"},"content":{"rendered":"<p>En el legendario mundo de los Siete Reinos, lord Stark y su familia se encuentran en el centro de un conflicto que desatar\u00e1 todas las pasiones y la m\u00e1s mortal de las batallas.De la saga que inspir\u00f3 la filmaci\u00f3n de la aclamada serie televisiva de HBO: Game of Thrones. Juego de tronos es el primer volumen de Canci\u00f3n de hielo y fuego, la monumental saga de fantas\u00eda \u00e9pica del escritor George R. R. Martin que ha vendido m\u00e1s de 20 millones de ejemplares en todo el mundo. En el legendario mundo de los Siete Reinos, donde el verano puede durar d\u00e9cadas y el invierno toda una vida, y donde rastros de una magia inmemorial surgen en los rincones m\u00e1s sombr\u00edos, la tierra del norte, Invernalia, est\u00e1 resguardada por un colosal muro de hielo que detiene a fuerzas oscuras y sobrenaturales. En este majestuoso escenario, lord Stark y su familia se encuentran en el centro de un conflicto que desatar\u00e1 todas las pasiones: la traici\u00f3n y la lealtad, la compasi\u00f3n y la sed de venganza, el amor y el poder, la lujuria y el incesto, todo ello para ganarla m\u00e1s mortal de las batallas: el trono de hierro, una poderosa trampa que atrapar\u00e1 a los personajes.y al lector.<\/p>\n","protected":false},"excerpt":{"rendered":"<p>En el legendario mundo de los Siete Reinos, lord Stark y su familia se encuentran en el centro de un conflicto que desatar\u00e1 todas las pasiones y la m\u00e1s mortal de las batallas.<\/p>\n","protected":false},"featured_media":160,"comment_status":"open","ping_status":"closed","template":"","meta":{"_uag_custom_page_level_css":"","_joinchat":[]},"product_cat":[25,27],"product_tag":[],"class_list":["post-155","product","type-product","status-publish","has-post-thumbnail","hentry","product_cat-libros","product_cat-literatura-fantastica"],"uagb_featured_image_src":{"full":["https:\/\/ebanti.com\/tienda\/wp-content\/uploads\/2023\/09\/61royjw7ITL._SY425_.jpg",273,425,false],"thumbnail":["https:\/\/ebanti.com\/tienda\/wp-content\/uploads\/2023\/09\/61royjw7ITL._SY425_-150x150.jpg",150,150,true],"medium":["https:\/\/ebanti.com\/tienda\/wp-content\/uploads\/2023\/09\/61royjw7ITL._SY425_-193x300.jpg",193,300,true],"medium_large":["https:\/\/ebanti.com\/tienda\/wp-content\/uploads\/2023\/09\/61royjw7ITL._SY425_.jpg",273,425,false],"large":["https:\/\/ebanti.com\/tienda\/wp-content\/uploads\/2023\/09\/61royjw7ITL._SY425_.jpg",273,425,false],"1536x1536":["https:\/\/ebanti.com\/tienda\/wp-content\/uploads\/2023\/09\/61royjw7ITL._SY425_.jpg",273,425,false],"2048x2048":["https:\/\/ebanti.com\/tienda\/wp-content\/uploads\/2023\/09\/61royjw7ITL._SY425_.jpg",273,425,false],"the_grid_size1":["https:\/\/ebanti.com\/tienda\/wp-content\/uploads\/2023\/09\/61royjw7ITL._SY425_.jpg",273,425,false],"the_grid_size2":["https:\/\/ebanti.com\/tienda\/wp-content\/uploads\/2023\/09\/61royjw7ITL._SY425_.jpg",273,425,false],"the_grid_size3":["https:\/\/ebanti.com\/tienda\/wp-content\/uploads\/2023\/09\/61royjw7ITL._SY425_.jpg",273,425,false],"the_grid_size4":["https:\/\/ebanti.com\/tienda\/wp-content\/uploads\/2023\/09\/61royjw7ITL._SY425_.jpg",273,425,false],"the_grid_size5":["https:\/\/ebanti.com\/tienda\/wp-content\/uploads\/2023\/09\/61royjw7ITL._SY425_.jpg",273,425,false],"woocommerce_thumbnail":["https:\/\/ebanti.com\/tienda\/wp-content\/uploads\/2023\/09\/61royjw7ITL._SY425_-273x300.jpg",273,300,true],"woocommerce_single":["https:\/\/ebanti.com\/tienda\/wp-content\/uploads\/2023\/09\/61royjw7ITL._SY425_.jpg",273,425,false],"woocommerce_gallery_thumbnail":["https:\/\/ebanti.com\/tienda\/wp-content\/uploads\/2023\/09\/61royjw7ITL._SY425_-100x100.jpg",100,100,true],"portfolio_item-thumbnail":["https:\/\/ebanti.com\/tienda\/wp-content\/uploads\/2023\/09\/61royjw7ITL._SY425_-273x400.jpg",273,400,true],"portfolio_item-thumbnail@2x":["https:\/\/ebanti.com\/tienda\/wp-content\/uploads\/2023\/09\/61royjw7ITL._SY425_.jpg",273,425,false],"portfolio_item-masonry":["https:\/\/ebanti.com\/tienda\/wp-content\/uploads\/2023\/09\/61royjw7ITL._SY425_.jpg",273,425,false],"portfolio_item-masonry@2x":["https:\/\/ebanti.com\/tienda\/wp-content\/uploads\/2023\/09\/61royjw7ITL._SY425_.jpg",273,425,false],"portfolio_item-thumbnail_cinema":["https:\/\/ebanti.com\/tienda\/wp-content\/uploads\/2023\/09\/61royjw7ITL._SY425_-273x335.jpg",273,335,true],"portfolio_item-thumbnail_portrait":["https:\/\/ebanti.com\/tienda\/wp-content\/uploads\/2023\/09\/61royjw7ITL._SY425_.jpg",273,425,false],"portfolio_item-thumbnail_portrait@2x":["https:\/\/ebanti.com\/tienda\/wp-content\/uploads\/2023\/09\/61royjw7ITL._SY425_.jpg",273,425,false],"portfolio_item-thumbnail_square":["https:\/\/ebanti.com\/tienda\/wp-content\/uploads\/2023\/09\/61royjw7ITL._SY425_.jpg",273,425,false]},"uagb_author_info":{"display_name":"soporte@ebanti.com","author_link":"https:\/\/ebanti.com\/tienda\/author\/"},"uagb_comment_info":0,"uagb_excerpt":"En el legendario mundo de los Siete Reinos, lord Stark y su familia se encuentran en el centro de un conflicto que desatar\u00e1 todas las pasiones y la m\u00e1s mortal de las batallas.","featured_media_urls":{"thumbnail":["https:\/\/ebanti.com\/tienda\/wp-content\/uploads\/2023\/09\/61royjw7ITL._SY425_-150x150.jpg",150,150,true],"medium":["https:\/\/ebanti.com\/tienda\/wp-content\/uploads\/2023\/09\/61royjw7ITL._SY425_-193x300.jpg",193,300,true],"medium_large":["https:\/\/ebanti.com\/tienda\/wp-content\/uploads\/2023\/09\/61royjw7ITL._SY425_.jpg",273,425,false],"large":["https:\/\/ebanti.com\/tienda\/wp-content\/uploads\/2023\/09\/61royjw7ITL._SY425_.jpg",273,425,false],"1536x1536":["https:\/\/ebanti.com\/tienda\/wp-content\/uploads\/2023\/09\/61royjw7ITL._SY425_.jpg",273,425,false],"2048x2048":["https:\/\/ebanti.com\/tienda\/wp-content\/uploads\/2023\/09\/61royjw7ITL._SY425_.jpg",273,425,false],"the_grid_size1":["https:\/\/ebanti.com\/tienda\/wp-content\/uploads\/2023\/09\/61royjw7ITL._SY425_.jpg",273,425,false],"the_grid_size2":["https:\/\/ebanti.com\/tienda\/wp-content\/uploads\/2023\/09\/61royjw7ITL._SY425_.jpg",273,425,false],"the_grid_size3":["https:\/\/ebanti.com\/tienda\/wp-content\/uploads\/2023\/09\/61royjw7ITL._SY425_.jpg",273,425,false],"the_grid_size4":["https:\/\/ebanti.com\/tienda\/wp-content\/uploads\/2023\/09\/61royjw7ITL._SY425_.jpg",273,425,false],"the_grid_size5":["https:\/\/ebanti.com\/tienda\/wp-content\/uploads\/2023\/09\/61royjw7ITL._SY425_.jpg",273,425,false],"woocommerce_thumbnail":["https:\/\/ebanti.com\/tienda\/wp-content\/uploads\/2023\/09\/61royjw7ITL._SY425_-273x300.jpg",273,300,true],"woocommerce_single":["https:\/\/ebanti.com\/tienda\/wp-content\/uploads\/2023\/09\/61royjw7ITL._SY425_.jpg",273,425,false],"woocommerce_gallery_thumbnail":["https:\/\/ebanti.com\/tienda\/wp-content\/uploads\/2023\/09\/61royjw7ITL._SY425_-100x100.jpg",100,100,true],"portfolio_item-thumbnail":["https:\/\/ebanti.com\/tienda\/wp-content\/uploads\/2023\/09\/61royjw7ITL._SY425_-273x400.jpg",273,400,true],"portfolio_item-thumbnail@2x":["https:\/\/ebanti.com\/tienda\/wp-content\/uploads\/2023\/09\/61royjw7ITL._SY425_.jpg",273,425,false],"portfolio_item-masonry":["https:\/\/ebanti.com\/tienda\/wp-content\/uploads\/2023\/09\/61royjw7ITL._SY425_.jpg",273,425,false],"portfolio_item-masonry@2x":["https:\/\/ebanti.com\/tienda\/wp-content\/uploads\/2023\/09\/61royjw7ITL._SY425_.jpg",273,425,false],"portfolio_item-thumbnail_cinema":["https:\/\/ebanti.com\/tienda\/wp-content\/uploads\/2023\/09\/61royjw7ITL._SY425_-273x335.jpg",273,335,true],"portfolio_item-thumbnail_portrait":["https:\/\/ebanti.com\/tienda\/wp-content\/uploads\/2023\/09\/61royjw7ITL._SY425_.jpg",273,425,false],"portfolio_item-thumbnail_portrait@2x":["https:\/\/ebanti.com\/tienda\/wp-content\/uploads\/2023\/09\/61royjw7ITL._SY425_.jpg",273,425,false],"portfolio_item-thumbnail_square":["https:\/\/ebanti.com\/tienda\/wp-content\/uploads\/2023\/09\/61royjw7ITL._SY425_.jpg",273,425,false]},"_links":{"self":[{"href":"https:\/\/ebanti.com\/tienda\/wp-json\/wp\/v2\/product\/155","targetHints":{"allow":["GET"]}}],"collection":[{"href":"https:\/\/ebanti.com\/tienda\/wp-json\/wp\/v2\/product"}],"about":[{"href":"https:\/\/ebanti.com\/tienda\/wp-json\/wp\/v2\/types\/product"}],"replies":[{"embeddable":true,"href":"https:\/\/ebanti.com\/tienda\/wp-json\/wp\/v2\/comments?post=155"}],"wp:featuredmedia":[{"embeddable":true,"href":"https:\/\/ebanti.com\/tienda\/wp-json\/wp\/v2\/media\/160"}],"wp:attachment":[{"href":"https:\/\/ebanti.com\/tienda\/wp-json\/wp\/v2\/media?parent=155"}],"wp:term":[{"taxonomy":"product_cat","embeddable":true,"href":"https:\/\/ebanti.com\/tienda\/wp-json\/wp\/v2\/product_cat?post=155"},{"taxonomy":"product_tag","embeddable":true,"href":"https:\/\/ebanti.com\/tienda\/wp-json\/wp\/v2\/product_tag?post=155"}],"curies":[{"name":"wp","href":"https:\/\/api.w.org\/{rel}","templated":true}]}}