{"id":140,"date":"2023-09-28T06:36:58","date_gmt":"2023-09-28T06:36:58","guid":{"rendered":"https:\/\/ebanti.com\/tienda\/?post_type=product&#038;p=140"},"modified":"2023-09-28T13:21:31","modified_gmt":"2023-09-28T13:21:31","slug":"tus-zonas-erroneas-pasta-blanda","status":"publish","type":"product","link":"https:\/\/ebanti.com\/tienda\/producto\/tus-zonas-erroneas-pasta-blanda\/","title":{"rendered":"Tus zonas err\u00f3neas Pasta blanda"},"content":{"rendered":"<p>Est\u00e1s delante del libro de autoayuda m\u00e1s le\u00eddo del mundo. Millones de personas y d\u00e9cadas de vigencia corroboran su eficacia. Sabor\u00e9alo y conc\u00e9dete la posibilidad de conocerte mejor y ser m\u00e1s feliz. El estado de salud es un estado natural, y los medios para lograrlo est\u00e1n dentro de las posibilidades de cada uno. \u00bfTienes la sensaci\u00f3n de estar desbordado por la existencia? \u00bfParalizado por compromisos -afectivos, laborales.- que ya no te satisfacen? \u00bfDominado por complejos de culpa o inseguridad? No proyectes tu insatisfacci\u00f3n en otros: la causa est\u00e1 en ti, en las \u00abzonas err\u00f3neas\u00bb de tu personalidad que te bloquean e impiden que te realices. En esta obra, el Dr. Wayne W. Dyer muestra d\u00f3nde se encuentran, qu\u00e9 significan, ad\u00f3nde conducen y c\u00f3mo podemos superarlas. Esboza un camino para alcanzar la felicidad, un procedimiento que se basa en ser responsable y comprometerse con uno mismo. Y todo contado con la amenidad y sencillez de quien sabe que puede cooperar en la mejora de la vida de los dem\u00e1s.<\/p>\n","protected":false},"excerpt":{"rendered":"<p>Est\u00e1s delante del libro de autoayuda m\u00e1s le\u00eddo del mundo. Millones de personas y d\u00e9cadas de vigencia corroboran su eficacia. Sabor\u00e9alo y conc\u00e9dete la posibilidad de conocerte mejor y ser m\u00e1s feliz.<\/p>\n","protected":false},"featured_media":152,"comment_status":"open","ping_status":"closed","template":"","meta":{"_uag_custom_page_level_css":"","_joinchat":[]},"product_cat":[29,30,25],"product_tag":[],"class_list":["post-140","product","type-product","status-publish","has-post-thumbnail","hentry","product_cat-autoayuda","product_cat-desarrollo-personal","product_cat-libros"],"uagb_featured_image_src":{"full":["https:\/\/ebanti.com\/tienda\/wp-content\/uploads\/2023\/09\/81LeYr8QDJL._SY425_-1.jpg",281,425,false],"thumbnail":["https:\/\/ebanti.com\/tienda\/wp-content\/uploads\/2023\/09\/81LeYr8QDJL._SY425_-1-150x150.jpg",150,150,true],"medium":["https:\/\/ebanti.com\/tienda\/wp-content\/uploads\/2023\/09\/81LeYr8QDJL._SY425_-1-198x300.jpg",198,300,true],"medium_large":["https:\/\/ebanti.com\/tienda\/wp-content\/uploads\/2023\/09\/81LeYr8QDJL._SY425_-1.jpg",281,425,false],"large":["https:\/\/ebanti.com\/tienda\/wp-content\/uploads\/2023\/09\/81LeYr8QDJL._SY425_-1.jpg",281,425,false],"1536x1536":["https:\/\/ebanti.com\/tienda\/wp-content\/uploads\/2023\/09\/81LeYr8QDJL._SY425_-1.jpg",281,425,false],"2048x2048":["https:\/\/ebanti.com\/tienda\/wp-content\/uploads\/2023\/09\/81LeYr8QDJL._SY425_-1.jpg",281,425,false],"the_grid_size1":["https:\/\/ebanti.com\/tienda\/wp-content\/uploads\/2023\/09\/81LeYr8QDJL._SY425_-1.jpg",281,425,false],"the_grid_size2":["https:\/\/ebanti.com\/tienda\/wp-content\/uploads\/2023\/09\/81LeYr8QDJL._SY425_-1.jpg",281,425,false],"the_grid_size3":["https:\/\/ebanti.com\/tienda\/wp-content\/uploads\/2023\/09\/81LeYr8QDJL._SY425_-1.jpg",281,425,false],"the_grid_size4":["https:\/\/ebanti.com\/tienda\/wp-content\/uploads\/2023\/09\/81LeYr8QDJL._SY425_-1.jpg",281,425,false],"the_grid_size5":["https:\/\/ebanti.com\/tienda\/wp-content\/uploads\/2023\/09\/81LeYr8QDJL._SY425_-1.jpg",281,425,false],"woocommerce_thumbnail":["https:\/\/ebanti.com\/tienda\/wp-content\/uploads\/2023\/09\/81LeYr8QDJL._SY425_-1-281x300.jpg",281,300,true],"woocommerce_single":["https:\/\/ebanti.com\/tienda\/wp-content\/uploads\/2023\/09\/81LeYr8QDJL._SY425_-1.jpg",281,425,false],"woocommerce_gallery_thumbnail":["https:\/\/ebanti.com\/tienda\/wp-content\/uploads\/2023\/09\/81LeYr8QDJL._SY425_-1-100x100.jpg",100,100,true],"portfolio_item-thumbnail":["https:\/\/ebanti.com\/tienda\/wp-content\/uploads\/2023\/09\/81LeYr8QDJL._SY425_-1-281x400.jpg",281,400,true],"portfolio_item-thumbnail@2x":["https:\/\/ebanti.com\/tienda\/wp-content\/uploads\/2023\/09\/81LeYr8QDJL._SY425_-1.jpg",281,425,false],"portfolio_item-masonry":["https:\/\/ebanti.com\/tienda\/wp-content\/uploads\/2023\/09\/81LeYr8QDJL._SY425_-1.jpg",281,425,false],"portfolio_item-masonry@2x":["https:\/\/ebanti.com\/tienda\/wp-content\/uploads\/2023\/09\/81LeYr8QDJL._SY425_-1.jpg",281,425,false],"portfolio_item-thumbnail_cinema":["https:\/\/ebanti.com\/tienda\/wp-content\/uploads\/2023\/09\/81LeYr8QDJL._SY425_-1-281x335.jpg",281,335,true],"portfolio_item-thumbnail_portrait":["https:\/\/ebanti.com\/tienda\/wp-content\/uploads\/2023\/09\/81LeYr8QDJL._SY425_-1.jpg",281,425,false],"portfolio_item-thumbnail_portrait@2x":["https:\/\/ebanti.com\/tienda\/wp-content\/uploads\/2023\/09\/81LeYr8QDJL._SY425_-1.jpg",281,425,false],"portfolio_item-thumbnail_square":["https:\/\/ebanti.com\/tienda\/wp-content\/uploads\/2023\/09\/81LeYr8QDJL._SY425_-1.jpg",281,425,false]},"uagb_author_info":{"display_name":"soporte@ebanti.com","author_link":"https:\/\/ebanti.com\/tienda\/author\/"},"uagb_comment_info":0,"uagb_excerpt":"Est\u00e1s delante del libro de autoayuda m\u00e1s le\u00eddo del mundo. Millones de personas y d\u00e9cadas de vigencia corroboran su eficacia. Sabor\u00e9alo y conc\u00e9dete la posibilidad de conocerte mejor y ser m\u00e1s feliz.","featured_media_urls":{"thumbnail":["https:\/\/ebanti.com\/tienda\/wp-content\/uploads\/2023\/09\/81LeYr8QDJL._SY425_-1-150x150.jpg",150,150,true],"medium":["https:\/\/ebanti.com\/tienda\/wp-content\/uploads\/2023\/09\/81LeYr8QDJL._SY425_-1-198x300.jpg",198,300,true],"medium_large":["https:\/\/ebanti.com\/tienda\/wp-content\/uploads\/2023\/09\/81LeYr8QDJL._SY425_-1.jpg",281,425,false],"large":["https:\/\/ebanti.com\/tienda\/wp-content\/uploads\/2023\/09\/81LeYr8QDJL._SY425_-1.jpg",281,425,false],"1536x1536":["https:\/\/ebanti.com\/tienda\/wp-content\/uploads\/2023\/09\/81LeYr8QDJL._SY425_-1.jpg",281,425,false],"2048x2048":["https:\/\/ebanti.com\/tienda\/wp-content\/uploads\/2023\/09\/81LeYr8QDJL._SY425_-1.jpg",281,425,false],"the_grid_size1":["https:\/\/ebanti.com\/tienda\/wp-content\/uploads\/2023\/09\/81LeYr8QDJL._SY425_-1.jpg",281,425,false],"the_grid_size2":["https:\/\/ebanti.com\/tienda\/wp-content\/uploads\/2023\/09\/81LeYr8QDJL._SY425_-1.jpg",281,425,false],"the_grid_size3":["https:\/\/ebanti.com\/tienda\/wp-content\/uploads\/2023\/09\/81LeYr8QDJL._SY425_-1.jpg",281,425,false],"the_grid_size4":["https:\/\/ebanti.com\/tienda\/wp-content\/uploads\/2023\/09\/81LeYr8QDJL._SY425_-1.jpg",281,425,false],"the_grid_size5":["https:\/\/ebanti.com\/tienda\/wp-content\/uploads\/2023\/09\/81LeYr8QDJL._SY425_-1.jpg",281,425,false],"woocommerce_thumbnail":["https:\/\/ebanti.com\/tienda\/wp-content\/uploads\/2023\/09\/81LeYr8QDJL._SY425_-1-281x300.jpg",281,300,true],"woocommerce_single":["https:\/\/ebanti.com\/tienda\/wp-content\/uploads\/2023\/09\/81LeYr8QDJL._SY425_-1.jpg",281,425,false],"woocommerce_gallery_thumbnail":["https:\/\/ebanti.com\/tienda\/wp-content\/uploads\/2023\/09\/81LeYr8QDJL._SY425_-1-100x100.jpg",100,100,true],"portfolio_item-thumbnail":["https:\/\/ebanti.com\/tienda\/wp-content\/uploads\/2023\/09\/81LeYr8QDJL._SY425_-1-281x400.jpg",281,400,true],"portfolio_item-thumbnail@2x":["https:\/\/ebanti.com\/tienda\/wp-content\/uploads\/2023\/09\/81LeYr8QDJL._SY425_-1.jpg",281,425,false],"portfolio_item-masonry":["https:\/\/ebanti.com\/tienda\/wp-content\/uploads\/2023\/09\/81LeYr8QDJL._SY425_-1.jpg",281,425,false],"portfolio_item-masonry@2x":["https:\/\/ebanti.com\/tienda\/wp-content\/uploads\/2023\/09\/81LeYr8QDJL._SY425_-1.jpg",281,425,false],"portfolio_item-thumbnail_cinema":["https:\/\/ebanti.com\/tienda\/wp-content\/uploads\/2023\/09\/81LeYr8QDJL._SY425_-1-281x335.jpg",281,335,true],"portfolio_item-thumbnail_portrait":["https:\/\/ebanti.com\/tienda\/wp-content\/uploads\/2023\/09\/81LeYr8QDJL._SY425_-1.jpg",281,425,false],"portfolio_item-thumbnail_portrait@2x":["https:\/\/ebanti.com\/tienda\/wp-content\/uploads\/2023\/09\/81LeYr8QDJL._SY425_-1.jpg",281,425,false],"portfolio_item-thumbnail_square":["https:\/\/ebanti.com\/tienda\/wp-content\/uploads\/2023\/09\/81LeYr8QDJL._SY425_-1.jpg",281,425,false]},"_links":{"self":[{"href":"https:\/\/ebanti.com\/tienda\/wp-json\/wp\/v2\/product\/140","targetHints":{"allow":["GET"]}}],"collection":[{"href":"https:\/\/ebanti.com\/tienda\/wp-json\/wp\/v2\/product"}],"about":[{"href":"https:\/\/ebanti.com\/tienda\/wp-json\/wp\/v2\/types\/product"}],"replies":[{"embeddable":true,"href":"https:\/\/ebanti.com\/tienda\/wp-json\/wp\/v2\/comments?post=140"}],"wp:featuredmedia":[{"embeddable":true,"href":"https:\/\/ebanti.com\/tienda\/wp-json\/wp\/v2\/media\/152"}],"wp:attachment":[{"href":"https:\/\/ebanti.com\/tienda\/wp-json\/wp\/v2\/media?parent=140"}],"wp:term":[{"taxonomy":"product_cat","embeddable":true,"href":"https:\/\/ebanti.com\/tienda\/wp-json\/wp\/v2\/product_cat?post=140"},{"taxonomy":"product_tag","embeddable":true,"href":"https:\/\/ebanti.com\/tienda\/wp-json\/wp\/v2\/product_tag?post=140"}],"curies":[{"name":"wp","href":"https:\/\/api.w.org\/{rel}","templated":true}]}}