{"id":137,"date":"2023-09-28T06:36:58","date_gmt":"2023-09-28T06:36:58","guid":{"rendered":"https:\/\/ebanti.com\/tienda\/?post_type=product&#038;p=137"},"modified":"2023-09-29T07:18:58","modified_gmt":"2023-09-29T07:18:58","slug":"deja-de-ser-tu-la-mente-crea-la-realidad-pasta-blanda","status":"publish","type":"product","link":"https:\/\/ebanti.com\/tienda\/producto\/deja-de-ser-tu-la-mente-crea-la-realidad-pasta-blanda\/","title":{"rendered":"Deja De Ser T\u00fa: La mente crea la realidad Pasta blanda"},"content":{"rendered":"<p>Joe Dispenza salt\u00f3 a la fama en nuestro pa\u00eds tras participar en la pel\u00edcula \u00bfY t\u00fa qu\u00e9 sabes?, un documental sobre la sobrecogedora capacidad de la mente para transformar la realidad que corri\u00f3 de mano en mano sin ninguna publicidad, gracias al boca oreja.<\/p>\n<p>Ahora, el popular\u00edsimo cient\u00edfico y autor de Desarrolla tu cerebro profundiza en todos aquellos temas que tanto nos cautivaron -f\u00edsica cu\u00e1ntica, neurociencia, biolog\u00eda y gen\u00e9tica- para ense\u00f1arnos a reprogramar el cerebro y ampliar nuestro marco de realidad.<\/p>\n<p>El resultado es un m\u00e9todo pr\u00e1ctico de trasformaci\u00f3n para crear prosperidad y riqueza, pero tambi\u00e9n un viaje prodigioso a un nuevo estado de conciencia.<\/p>\n","protected":false},"excerpt":{"rendered":"<p>Joe Dispenza salt\u00f3 a la fama en nuestro pa\u00eds tras participar en la pel\u00edcula \u00bfY t\u00fa qu\u00e9 sabes?, un documental sobre la sobrecogedora capacidad de la mente para transformar la realidad que corri\u00f3 de mano en mano sin ninguna publicidad, gracias al boca oreja.<\/p>\n","protected":false},"featured_media":141,"comment_status":"open","ping_status":"closed","template":"","meta":{"_uag_custom_page_level_css":"","_joinchat":[]},"product_cat":[29,30,31,25],"product_tag":[],"class_list":["post-137","product","type-product","status-publish","has-post-thumbnail","hentry","product_cat-autoayuda","product_cat-desarrollo-personal","product_cat-espiritualidad","product_cat-libros"],"uagb_featured_image_src":{"full":["https:\/\/ebanti.com\/tienda\/wp-content\/uploads\/2023\/09\/81E356BDaL._SY425_.jpg",281,425,false],"thumbnail":["https:\/\/ebanti.com\/tienda\/wp-content\/uploads\/2023\/09\/81E356BDaL._SY425_-150x150.jpg",150,150,true],"medium":["https:\/\/ebanti.com\/tienda\/wp-content\/uploads\/2023\/09\/81E356BDaL._SY425_-198x300.jpg",198,300,true],"medium_large":["https:\/\/ebanti.com\/tienda\/wp-content\/uploads\/2023\/09\/81E356BDaL._SY425_.jpg",281,425,false],"large":["https:\/\/ebanti.com\/tienda\/wp-content\/uploads\/2023\/09\/81E356BDaL._SY425_.jpg",281,425,false],"1536x1536":["https:\/\/ebanti.com\/tienda\/wp-content\/uploads\/2023\/09\/81E356BDaL._SY425_.jpg",281,425,false],"2048x2048":["https:\/\/ebanti.com\/tienda\/wp-content\/uploads\/2023\/09\/81E356BDaL._SY425_.jpg",281,425,false],"the_grid_size1":["https:\/\/ebanti.com\/tienda\/wp-content\/uploads\/2023\/09\/81E356BDaL._SY425_.jpg",281,425,false],"the_grid_size2":["https:\/\/ebanti.com\/tienda\/wp-content\/uploads\/2023\/09\/81E356BDaL._SY425_.jpg",281,425,false],"the_grid_size3":["https:\/\/ebanti.com\/tienda\/wp-content\/uploads\/2023\/09\/81E356BDaL._SY425_.jpg",281,425,false],"the_grid_size4":["https:\/\/ebanti.com\/tienda\/wp-content\/uploads\/2023\/09\/81E356BDaL._SY425_.jpg",281,425,false],"the_grid_size5":["https:\/\/ebanti.com\/tienda\/wp-content\/uploads\/2023\/09\/81E356BDaL._SY425_.jpg",281,425,false],"woocommerce_thumbnail":["https:\/\/ebanti.com\/tienda\/wp-content\/uploads\/2023\/09\/81E356BDaL._SY425_-281x300.jpg",281,300,true],"woocommerce_single":["https:\/\/ebanti.com\/tienda\/wp-content\/uploads\/2023\/09\/81E356BDaL._SY425_.jpg",281,425,false],"woocommerce_gallery_thumbnail":["https:\/\/ebanti.com\/tienda\/wp-content\/uploads\/2023\/09\/81E356BDaL._SY425_-100x100.jpg",100,100,true],"portfolio_item-thumbnail":["https:\/\/ebanti.com\/tienda\/wp-content\/uploads\/2023\/09\/81E356BDaL._SY425_-281x400.jpg",281,400,true],"portfolio_item-thumbnail@2x":["https:\/\/ebanti.com\/tienda\/wp-content\/uploads\/2023\/09\/81E356BDaL._SY425_.jpg",281,425,false],"portfolio_item-masonry":["https:\/\/ebanti.com\/tienda\/wp-content\/uploads\/2023\/09\/81E356BDaL._SY425_.jpg",281,425,false],"portfolio_item-masonry@2x":["https:\/\/ebanti.com\/tienda\/wp-content\/uploads\/2023\/09\/81E356BDaL._SY425_.jpg",281,425,false],"portfolio_item-thumbnail_cinema":["https:\/\/ebanti.com\/tienda\/wp-content\/uploads\/2023\/09\/81E356BDaL._SY425_-281x335.jpg",281,335,true],"portfolio_item-thumbnail_portrait":["https:\/\/ebanti.com\/tienda\/wp-content\/uploads\/2023\/09\/81E356BDaL._SY425_.jpg",281,425,false],"portfolio_item-thumbnail_portrait@2x":["https:\/\/ebanti.com\/tienda\/wp-content\/uploads\/2023\/09\/81E356BDaL._SY425_.jpg",281,425,false],"portfolio_item-thumbnail_square":["https:\/\/ebanti.com\/tienda\/wp-content\/uploads\/2023\/09\/81E356BDaL._SY425_.jpg",281,425,false]},"uagb_author_info":{"display_name":"soporte@ebanti.com","author_link":"https:\/\/ebanti.com\/tienda\/author\/"},"uagb_comment_info":0,"uagb_excerpt":"Joe Dispenza salt\u00f3 a la fama en nuestro pa\u00eds tras participar en la pel\u00edcula \u00bfY t\u00fa qu\u00e9 sabes?, un documental sobre la sobrecogedora capacidad de la mente para transformar la realidad que corri\u00f3 de mano en mano sin ninguna publicidad, gracias al boca oreja.","featured_media_urls":{"thumbnail":["https:\/\/ebanti.com\/tienda\/wp-content\/uploads\/2023\/09\/81E356BDaL._SY425_-150x150.jpg",150,150,true],"medium":["https:\/\/ebanti.com\/tienda\/wp-content\/uploads\/2023\/09\/81E356BDaL._SY425_-198x300.jpg",198,300,true],"medium_large":["https:\/\/ebanti.com\/tienda\/wp-content\/uploads\/2023\/09\/81E356BDaL._SY425_.jpg",281,425,false],"large":["https:\/\/ebanti.com\/tienda\/wp-content\/uploads\/2023\/09\/81E356BDaL._SY425_.jpg",281,425,false],"1536x1536":["https:\/\/ebanti.com\/tienda\/wp-content\/uploads\/2023\/09\/81E356BDaL._SY425_.jpg",281,425,false],"2048x2048":["https:\/\/ebanti.com\/tienda\/wp-content\/uploads\/2023\/09\/81E356BDaL._SY425_.jpg",281,425,false],"the_grid_size1":["https:\/\/ebanti.com\/tienda\/wp-content\/uploads\/2023\/09\/81E356BDaL._SY425_.jpg",281,425,false],"the_grid_size2":["https:\/\/ebanti.com\/tienda\/wp-content\/uploads\/2023\/09\/81E356BDaL._SY425_.jpg",281,425,false],"the_grid_size3":["https:\/\/ebanti.com\/tienda\/wp-content\/uploads\/2023\/09\/81E356BDaL._SY425_.jpg",281,425,false],"the_grid_size4":["https:\/\/ebanti.com\/tienda\/wp-content\/uploads\/2023\/09\/81E356BDaL._SY425_.jpg",281,425,false],"the_grid_size5":["https:\/\/ebanti.com\/tienda\/wp-content\/uploads\/2023\/09\/81E356BDaL._SY425_.jpg",281,425,false],"woocommerce_thumbnail":["https:\/\/ebanti.com\/tienda\/wp-content\/uploads\/2023\/09\/81E356BDaL._SY425_-281x300.jpg",281,300,true],"woocommerce_single":["https:\/\/ebanti.com\/tienda\/wp-content\/uploads\/2023\/09\/81E356BDaL._SY425_.jpg",281,425,false],"woocommerce_gallery_thumbnail":["https:\/\/ebanti.com\/tienda\/wp-content\/uploads\/2023\/09\/81E356BDaL._SY425_-100x100.jpg",100,100,true],"portfolio_item-thumbnail":["https:\/\/ebanti.com\/tienda\/wp-content\/uploads\/2023\/09\/81E356BDaL._SY425_-281x400.jpg",281,400,true],"portfolio_item-thumbnail@2x":["https:\/\/ebanti.com\/tienda\/wp-content\/uploads\/2023\/09\/81E356BDaL._SY425_.jpg",281,425,false],"portfolio_item-masonry":["https:\/\/ebanti.com\/tienda\/wp-content\/uploads\/2023\/09\/81E356BDaL._SY425_.jpg",281,425,false],"portfolio_item-masonry@2x":["https:\/\/ebanti.com\/tienda\/wp-content\/uploads\/2023\/09\/81E356BDaL._SY425_.jpg",281,425,false],"portfolio_item-thumbnail_cinema":["https:\/\/ebanti.com\/tienda\/wp-content\/uploads\/2023\/09\/81E356BDaL._SY425_-281x335.jpg",281,335,true],"portfolio_item-thumbnail_portrait":["https:\/\/ebanti.com\/tienda\/wp-content\/uploads\/2023\/09\/81E356BDaL._SY425_.jpg",281,425,false],"portfolio_item-thumbnail_portrait@2x":["https:\/\/ebanti.com\/tienda\/wp-content\/uploads\/2023\/09\/81E356BDaL._SY425_.jpg",281,425,false],"portfolio_item-thumbnail_square":["https:\/\/ebanti.com\/tienda\/wp-content\/uploads\/2023\/09\/81E356BDaL._SY425_.jpg",281,425,false]},"_links":{"self":[{"href":"https:\/\/ebanti.com\/tienda\/wp-json\/wp\/v2\/product\/137","targetHints":{"allow":["GET"]}}],"collection":[{"href":"https:\/\/ebanti.com\/tienda\/wp-json\/wp\/v2\/product"}],"about":[{"href":"https:\/\/ebanti.com\/tienda\/wp-json\/wp\/v2\/types\/product"}],"replies":[{"embeddable":true,"href":"https:\/\/ebanti.com\/tienda\/wp-json\/wp\/v2\/comments?post=137"}],"wp:featuredmedia":[{"embeddable":true,"href":"https:\/\/ebanti.com\/tienda\/wp-json\/wp\/v2\/media\/141"}],"wp:attachment":[{"href":"https:\/\/ebanti.com\/tienda\/wp-json\/wp\/v2\/media?parent=137"}],"wp:term":[{"taxonomy":"product_cat","embeddable":true,"href":"https:\/\/ebanti.com\/tienda\/wp-json\/wp\/v2\/product_cat?post=137"},{"taxonomy":"product_tag","embeddable":true,"href":"https:\/\/ebanti.com\/tienda\/wp-json\/wp\/v2\/product_tag?post=137"}],"curies":[{"name":"wp","href":"https:\/\/api.w.org\/{rel}","templated":true}]}}