{"id":130,"date":"2023-09-27T14:27:17","date_gmt":"2023-09-27T14:27:17","guid":{"rendered":"https:\/\/ebanti.com\/tienda\/?post_type=product&#038;p=130"},"modified":"2023-09-27T14:27:17","modified_gmt":"2023-09-27T14:27:17","slug":"amlebe-estudiante-mochila","status":"publish","type":"product","link":"https:\/\/ebanti.com\/tienda\/producto\/amlebe-estudiante-mochila\/","title":{"rendered":"AMLEBE Estudiante Mochila"},"content":{"rendered":"<ul class=\"a-unordered-list a-vertical a-spacing-mini\">\n<li class=\"a-spacing-mini\"><span class=\"a-list-item\">Revestimiento de Poli\u00e9ster<\/span><\/li>\n<li class=\"a-spacing-mini\"><span class=\"a-list-item\">Cierre de Cremallera<\/span><\/li>\n<li class=\"a-spacing-mini\"><span class=\"a-list-item\">MATERIAL LIGERO E IMPERMEABLE: Por favor, compre en la tienda &#8220;DomeDeco&#8221;. Si usted compra desde otra tienda en este enlace, no nos hacemos responsables de cualquier problema con el producto. la mochila escolar grande est\u00e1 hecha de tela de nailon de alta densidad con forro de poli\u00e9ster. El material exterior de la mochila tiene un buen rendimiento a prueba de agua, no tiene que preocuparse de que los libros o las computadoras port\u00e1tiles se mojen con agua. Nuestra mochila pesa solo 300 g, es liviana y f\u00e1cil de transportar.<\/span><\/li>\n<li class=\"a-spacing-mini\"><span class=\"a-list-item\">MOCHILA DE GRAN CAPACIDAD &#8211; Dimensiones: 31*15*47cm\/12.2*6*18.5in(L*W*H). El compartimento acolchado separado para computadora port\u00e1til puede contener una computadora port\u00e1til de 15,6 pulgadas, el compartimento principal tiene capacidad para libros, carpetas y lonchera. Tambi\u00e9n hay peque\u00f1os bolsillos con cremallera, bolsillos ocultos, bolsillos laterales que pueden organizar art\u00edculos peque\u00f1os, como bol\u00edgrafos, paraguas y botellas de agua, etc.<\/span><\/li>\n<li class=\"a-spacing-mini\"><span class=\"a-list-item\">AMPLIAMENTE UTILIZADO: esta mochila para ni\u00f1as tiene una amplia gama de usos, no solo es adecuada para la escuela, sino tambi\u00e9n ideal para viajar, acampar, hacer caminatas y m\u00e1s. Se puede usar como mochila de escuela secundaria, mochila de escuela secundaria y mochila universitaria, bolsa de viaje, mochila diaria, mochila informal.<\/span><\/li>\n<li class=\"a-spacing-mini\"><span class=\"a-list-item\">DISE\u00d1OS PR\u00c1CTICOS: esta mochila escolar\/para computadora port\u00e1til est\u00e1 dise\u00f1ada con correas para los hombros ensanchadas y engrosadas para brindar apoyo y comodidad. Todas las mochilas est\u00e1n cosidas con hilo grueso, que es resistente y duradero y no es f\u00e1cil de romper. Tanto las correas para los hombros como las correas para las manos tienen revestimientos de espuma para mayor comodidad. La cremallera de hardware con cord\u00f3n que es m\u00e1s suave y no es f\u00e1cil de romper.<\/span><\/li>\n<li class=\"a-spacing-mini\"><span class=\"a-list-item\">REGALO IDEAL PARA NI\u00d1OS NI\u00d1AS: esta pr\u00e1ctica y linda mochila escolar es un regalo ideal para ni\u00f1os y ni\u00f1as. Compartimentos multifuncionales para que ni\u00f1os y ni\u00f1as empaquen sus art\u00edculos peque\u00f1os favoritos. Esta mochila es un regalo ideal para que los mayores se los den a los ni\u00f1os. Estoy seguro de que a tus hijos les encantar\u00e1 esta mochila. regalo ideal para cumplea\u00f1os, d\u00eda del ni\u00f1o, d\u00eda de San Valent\u00edn, Navidad, A\u00f1o Nuevo, Halloween, etc.<\/span><\/li>\n<\/ul>\n","protected":false},"excerpt":{"rendered":"<p>AMLEBE Estudiante Mochila 15,6&#8243; Port\u00e1til Universitaria Mochila, Mochila Escolar de Gran Capacidad para Adolescentes, Informales Mochila de Viaje Mochila para Ni\u00f1os, Ni\u00f1as, Estudiantes de Secundaria<\/p>\n","protected":false},"featured_media":133,"comment_status":"open","ping_status":"closed","template":"","meta":{"_uag_custom_page_level_css":"","_joinchat":[]},"product_cat":[23],"product_tag":[],"class_list":["post-130","product","type-product","status-publish","has-post-thumbnail","hentry","product_cat-mochilas"],"uagb_featured_image_src":{"full":["https:\/\/ebanti.com\/tienda\/wp-content\/uploads\/2023\/09\/51cZMDcIX2L._AC_SX679_.jpg",679,768,false],"thumbnail":["https:\/\/ebanti.com\/tienda\/wp-content\/uploads\/2023\/09\/51cZMDcIX2L._AC_SX679_-150x150.jpg",150,150,true],"medium":["https:\/\/ebanti.com\/tienda\/wp-content\/uploads\/2023\/09\/51cZMDcIX2L._AC_SX679_-265x300.jpg",265,300,true],"medium_large":["https:\/\/ebanti.com\/tienda\/wp-content\/uploads\/2023\/09\/51cZMDcIX2L._AC_SX679_.jpg",679,768,false],"large":["https:\/\/ebanti.com\/tienda\/wp-content\/uploads\/2023\/09\/51cZMDcIX2L._AC_SX679_.jpg",679,768,false],"1536x1536":["https:\/\/ebanti.com\/tienda\/wp-content\/uploads\/2023\/09\/51cZMDcIX2L._AC_SX679_.jpg",679,768,false],"2048x2048":["https:\/\/ebanti.com\/tienda\/wp-content\/uploads\/2023\/09\/51cZMDcIX2L._AC_SX679_.jpg",679,768,false],"the_grid_size1":["https:\/\/ebanti.com\/tienda\/wp-content\/uploads\/2023\/09\/51cZMDcIX2L._AC_SX679_-500x500.jpg",500,500,true],"the_grid_size2":["https:\/\/ebanti.com\/tienda\/wp-content\/uploads\/2023\/09\/51cZMDcIX2L._AC_SX679_-500x768.jpg",500,768,true],"the_grid_size3":["https:\/\/ebanti.com\/tienda\/wp-content\/uploads\/2023\/09\/51cZMDcIX2L._AC_SX679_-679x500.jpg",679,500,true],"the_grid_size4":["https:\/\/ebanti.com\/tienda\/wp-content\/uploads\/2023\/09\/51cZMDcIX2L._AC_SX679_.jpg",679,768,false],"the_grid_size5":["https:\/\/ebanti.com\/tienda\/wp-content\/uploads\/2023\/09\/51cZMDcIX2L._AC_SX679_-500x566.jpg",500,566,true],"woocommerce_thumbnail":["https:\/\/ebanti.com\/tienda\/wp-content\/uploads\/2023\/09\/51cZMDcIX2L._AC_SX679_-300x300.jpg",300,300,true],"woocommerce_single":["https:\/\/ebanti.com\/tienda\/wp-content\/uploads\/2023\/09\/51cZMDcIX2L._AC_SX679_-600x679.jpg",600,679,true],"woocommerce_gallery_thumbnail":["https:\/\/ebanti.com\/tienda\/wp-content\/uploads\/2023\/09\/51cZMDcIX2L._AC_SX679_-100x100.jpg",100,100,true],"portfolio_item-thumbnail":["https:\/\/ebanti.com\/tienda\/wp-content\/uploads\/2023\/09\/51cZMDcIX2L._AC_SX679_-600x400.jpg",600,400,true],"portfolio_item-thumbnail@2x":["https:\/\/ebanti.com\/tienda\/wp-content\/uploads\/2023\/09\/51cZMDcIX2L._AC_SX679_.jpg",679,768,false],"portfolio_item-masonry":["https:\/\/ebanti.com\/tienda\/wp-content\/uploads\/2023\/09\/51cZMDcIX2L._AC_SX679_-600x679.jpg",600,679,true],"portfolio_item-masonry@2x":["https:\/\/ebanti.com\/tienda\/wp-content\/uploads\/2023\/09\/51cZMDcIX2L._AC_SX679_.jpg",679,768,false],"portfolio_item-thumbnail_cinema":["https:\/\/ebanti.com\/tienda\/wp-content\/uploads\/2023\/09\/51cZMDcIX2L._AC_SX679_-679x335.jpg",679,335,true],"portfolio_item-thumbnail_portrait":["https:\/\/ebanti.com\/tienda\/wp-content\/uploads\/2023\/09\/51cZMDcIX2L._AC_SX679_-600x768.jpg",600,768,true],"portfolio_item-thumbnail_portrait@2x":["https:\/\/ebanti.com\/tienda\/wp-content\/uploads\/2023\/09\/51cZMDcIX2L._AC_SX679_.jpg",679,768,false],"portfolio_item-thumbnail_square":["https:\/\/ebanti.com\/tienda\/wp-content\/uploads\/2023\/09\/51cZMDcIX2L._AC_SX679_.jpg",679,768,false]},"uagb_author_info":{"display_name":"soporte@ebanti.com","author_link":"https:\/\/ebanti.com\/tienda\/author\/"},"uagb_comment_info":0,"uagb_excerpt":"AMLEBE Estudiante Mochila 15,6\" Port\u00e1til Universitaria Mochila, Mochila Escolar de Gran Capacidad para Adolescentes, Informales Mochila de Viaje Mochila para Ni\u00f1os, Ni\u00f1as, Estudiantes de Secundaria","featured_media_urls":{"thumbnail":["https:\/\/ebanti.com\/tienda\/wp-content\/uploads\/2023\/09\/51cZMDcIX2L._AC_SX679_-150x150.jpg",150,150,true],"medium":["https:\/\/ebanti.com\/tienda\/wp-content\/uploads\/2023\/09\/51cZMDcIX2L._AC_SX679_-265x300.jpg",265,300,true],"medium_large":["https:\/\/ebanti.com\/tienda\/wp-content\/uploads\/2023\/09\/51cZMDcIX2L._AC_SX679_.jpg",679,768,false],"large":["https:\/\/ebanti.com\/tienda\/wp-content\/uploads\/2023\/09\/51cZMDcIX2L._AC_SX679_.jpg",679,768,false],"1536x1536":["https:\/\/ebanti.com\/tienda\/wp-content\/uploads\/2023\/09\/51cZMDcIX2L._AC_SX679_.jpg",679,768,false],"2048x2048":["https:\/\/ebanti.com\/tienda\/wp-content\/uploads\/2023\/09\/51cZMDcIX2L._AC_SX679_.jpg",679,768,false],"the_grid_size1":["https:\/\/ebanti.com\/tienda\/wp-content\/uploads\/2023\/09\/51cZMDcIX2L._AC_SX679_-500x500.jpg",500,500,true],"the_grid_size2":["https:\/\/ebanti.com\/tienda\/wp-content\/uploads\/2023\/09\/51cZMDcIX2L._AC_SX679_-500x768.jpg",500,768,true],"the_grid_size3":["https:\/\/ebanti.com\/tienda\/wp-content\/uploads\/2023\/09\/51cZMDcIX2L._AC_SX679_-679x500.jpg",679,500,true],"the_grid_size4":["https:\/\/ebanti.com\/tienda\/wp-content\/uploads\/2023\/09\/51cZMDcIX2L._AC_SX679_.jpg",679,768,false],"the_grid_size5":["https:\/\/ebanti.com\/tienda\/wp-content\/uploads\/2023\/09\/51cZMDcIX2L._AC_SX679_-500x566.jpg",500,566,true],"woocommerce_thumbnail":["https:\/\/ebanti.com\/tienda\/wp-content\/uploads\/2023\/09\/51cZMDcIX2L._AC_SX679_-300x300.jpg",300,300,true],"woocommerce_single":["https:\/\/ebanti.com\/tienda\/wp-content\/uploads\/2023\/09\/51cZMDcIX2L._AC_SX679_-600x679.jpg",600,679,true],"woocommerce_gallery_thumbnail":["https:\/\/ebanti.com\/tienda\/wp-content\/uploads\/2023\/09\/51cZMDcIX2L._AC_SX679_-100x100.jpg",100,100,true],"portfolio_item-thumbnail":["https:\/\/ebanti.com\/tienda\/wp-content\/uploads\/2023\/09\/51cZMDcIX2L._AC_SX679_-600x400.jpg",600,400,true],"portfolio_item-thumbnail@2x":["https:\/\/ebanti.com\/tienda\/wp-content\/uploads\/2023\/09\/51cZMDcIX2L._AC_SX679_.jpg",679,768,false],"portfolio_item-masonry":["https:\/\/ebanti.com\/tienda\/wp-content\/uploads\/2023\/09\/51cZMDcIX2L._AC_SX679_-600x679.jpg",600,679,true],"portfolio_item-masonry@2x":["https:\/\/ebanti.com\/tienda\/wp-content\/uploads\/2023\/09\/51cZMDcIX2L._AC_SX679_.jpg",679,768,false],"portfolio_item-thumbnail_cinema":["https:\/\/ebanti.com\/tienda\/wp-content\/uploads\/2023\/09\/51cZMDcIX2L._AC_SX679_-679x335.jpg",679,335,true],"portfolio_item-thumbnail_portrait":["https:\/\/ebanti.com\/tienda\/wp-content\/uploads\/2023\/09\/51cZMDcIX2L._AC_SX679_-600x768.jpg",600,768,true],"portfolio_item-thumbnail_portrait@2x":["https:\/\/ebanti.com\/tienda\/wp-content\/uploads\/2023\/09\/51cZMDcIX2L._AC_SX679_.jpg",679,768,false],"portfolio_item-thumbnail_square":["https:\/\/ebanti.com\/tienda\/wp-content\/uploads\/2023\/09\/51cZMDcIX2L._AC_SX679_.jpg",679,768,false]},"_links":{"self":[{"href":"https:\/\/ebanti.com\/tienda\/wp-json\/wp\/v2\/product\/130","targetHints":{"allow":["GET"]}}],"collection":[{"href":"https:\/\/ebanti.com\/tienda\/wp-json\/wp\/v2\/product"}],"about":[{"href":"https:\/\/ebanti.com\/tienda\/wp-json\/wp\/v2\/types\/product"}],"replies":[{"embeddable":true,"href":"https:\/\/ebanti.com\/tienda\/wp-json\/wp\/v2\/comments?post=130"}],"wp:featuredmedia":[{"embeddable":true,"href":"https:\/\/ebanti.com\/tienda\/wp-json\/wp\/v2\/media\/133"}],"wp:attachment":[{"href":"https:\/\/ebanti.com\/tienda\/wp-json\/wp\/v2\/media?parent=130"}],"wp:term":[{"taxonomy":"product_cat","embeddable":true,"href":"https:\/\/ebanti.com\/tienda\/wp-json\/wp\/v2\/product_cat?post=130"},{"taxonomy":"product_tag","embeddable":true,"href":"https:\/\/ebanti.com\/tienda\/wp-json\/wp\/v2\/product_tag?post=130"}],"curies":[{"name":"wp","href":"https:\/\/api.w.org\/{rel}","templated":true}]}}