{"id":631,"date":"2023-10-04T05:47:25","date_gmt":"2023-10-04T05:47:25","guid":{"rendered":"https:\/\/ebanti.com\/tienda\/?page_id=631"},"modified":"2023-10-04T05:47:28","modified_gmt":"2023-10-04T05:47:28","slug":"alimentos-y-bebidas","status":"publish","type":"page","link":"https:\/\/ebanti.com\/tienda\/alimentos-y-bebidas\/","title":{"rendered":"Alimentos y Bebidas"},"content":{"rendered":"<!-- The Grid Plugin Version 2.7.9.5 --><!-- The Grid Wrapper Start --><div class=\"tg-grid-wrapper malabo-grid tg-grid-loading tg-nav-bg-round\" id=\"grid-629\" data-version=\"2.7.9.5\"><!-- The Grid Styles --><style class=\"tg-grid-styles\" type=\"text\/css\">#grid-629{margin-bottom:20px;margin-left:50px;margin-right:50px}#grid-629 .tg-nav-color:not(.dots):hover,#grid-629 .tg-nav-color:hover .tg-nav-color,#grid-629 .tg-filter-active span,#grid-629 .tg-page-number.tg-page-current{color:#2fbfc1}#grid-629 .tg-filter:not(.tg-dropdown-item),#grid-629 .tg-search-holder,#grid-629 .tg-dropdown-holder,#grid-629 .tg-sorter-order,#grid-629 .tg-left-arrow,#grid-629 .tg-right-arrow,#grid-629 .tg-search-holder,#grid-629 .tg-page-number:not(.dots),#grid-629 .tg-pagination-prev,#grid-629 .tg-pagination-next,#grid-629 .tg-ajax-button{background:rgba(24,165,90,0.82);border-radius:3px}#grid-629 .tg-filter:not(.tg-dropdown-item):hover,#grid-629 .tg-filter.tg-filter-active,#grid-629 .tg-sorter-order:hover,#grid-629 .tg-left-arrow:not(.tg-disabled):hover,#grid-629 .tg-right-arrow:not(.tg-disabled):hover,#grid-629 .tg-page-number.tg-page-current,#grid-629 .tg-page-number:not(.dots):hover,#grid-629 .tg-pagination-prev:hover,#grid-629 .tg-pagination-next:hover,#grid-629 .tg-ajax-button:hover{background:#2fbfc1}.tg-nav-bg-round input[type=text].tg-search{height:34px}.tg-nav-bg-round .tg-nav-font,.tg-nav-bg-round input[type=text].tg-search{font-size:13px;line-height:34px}.tg-nav-bg-round .tg-search::-webkit-input-placeholder{font-size:13px;line-height:34px}.tg-nav-bg-round .tg-search::-moz-placeholder{font-size:13px;line-height:34px}.tg-nav-bg-round .tg-search:-ms-input-placeholder{font-size:13px;line-height:34px}.tg-nav-bg-round .tg-page-number.dots,.tg-nav-bg-round .tg-slider-bullets{height:34px}.tg-nav-bg-round .tg-search-icon,.tg-nav-bg-round .tg-search-clear,.tg-nav-bg-round .tg-sorter-order,.tg-nav-bg-round .tg-page-number,.tg-nav-bg-round .tg-left-arrow i,.tg-nav-bg-round .tg-right-arrow i{min-width:34px}.tg-nav-bg-round .tg-dropdown-item{font-weight:normal}.tg-nav-bg-round .tg-dropdown-item{text-transform:none}#grid-629 .tg-nav-color,#grid-629 .tg-search-icon:hover:before,#grid-629 .tg-search-icon:hover input,#grid-629 .tg-disabled:hover .tg-icon-left-arrow,#grid-629 .tg-disabled:hover .tg-icon-right-arrow,#grid-629 .tg-dropdown-title.tg-nav-color:hover{color:#ffffff}#grid-629 input.tg-search:hover{color:#ffffff !important}#grid-629 input.tg-search::-webkit-input-placeholder{color:#ffffff}#grid-629 input.tg-search::-moz-placeholder{color:#ffffff;opacity:1}#grid-629 input.tg-search:-ms-input-placeholder{color:#ffffff}.grid-629 .tg-dropdown-item{color:#ffffff;background:#1aadb2}.grid-629 .tg-filter-active,.grid-629 .tg-dropdown-item:hover{color:#ffffff;background:#2cbab5}#grid-629 .tg-slider-bullets li.tg-active-item span{background:#59585b}#grid-629 .tg-slider-bullets li span{background:#DDDDDD}#grid-629 .tg-grid-area-bottom1{text-align:center;margin-top:60px}.sanaa a,.sanaa a:active,.sanaa a:focus,.sanaa .tg-item-overlay,.sanaa .tg-item-cart-button a,.sanaa .tg-share-icons i{text-decoration:none;border:none;-webkit-box-shadow:none;box-shadow:none;-webkit-transition:opacity 0.25s ease,color 0.25s ease;-moz-transition:opacity 0.25s ease,color 0.25s ease;-ms-transition:opacity 0.25s ease,color 0.25s ease;-o-transition:opacity 0.25s ease,color 0.25s ease;transition:opacity 0.25s ease,color 0.25s ease}.sanaa .tg-item-content-holder{position:relative;display:block;padding:14px;text-align:left}.sanaa .tg-item-title,.sanaa .tg-item-title a{font-size:16px;line-height:20px;font-weight:600;margin:0 0 2px 0!important;padding:0 !important}.sanaa .tg-item-title a{margin:0 !important}.sanaa .tg-alternative-product-image,.sanaa .tg-woo-link{position:absolute;display:block;top:0;left:0;width:100%;height:100%;opacity:0}.sanaa .tg-item-media-holder{overflow:hidden}.sanaa .tg-item-media-holder:hover .tg-alternative-product-image{opacity:1}.sanaa .tg-item-rating{position:absolute}.sanaa .tg-item-rating .star-rating{position:absolute;overflow:hidden;display:block;height:15px;width:75px;bottom:14px;left:14px;line-height:15px;letter-spacing:1.5px;font-family:\"fontawesome\"}.sanaa.tg-item:hover .tg-item-rating{opacity:0;-webkit-transform:translate3d(0,25px,0);-moz-transform:translate3d(0,25px,0);-0-transform:translate3d(0,25x,0);transform:translate3d(0,25px,0)}.sanaa .tg-item-rating .star-rating:before{content:\"\\e636\\e636\\e636\\e636\\e636\";float:left;top:0;left:0;position:absolute;color:#cccccc}.sanaa .tg-item-rating .star-rating span{position:absolute;display:block;overflow:hidden;top:0;left:0;height:15px;width:100%}.sanaa .tg-item-rating .star-rating span:before{content:\"\\e636\\e636\\e636\\e636\\e636\";top:0;position:absolute;left:0;color:#FFD700}.sanaa .tg-item-rating .star-rating{line-height:15px;font-size:15px;font-family:'the_grid';speak:none;font-style:normal;font-weight:normal;font-variant:normal;text-transform:none;letter-spacing:0}.sanaa .tg-item-on-sale{position:absolute;top:14px;left:14px;width:auto}.sanaa .tg-item-on-sale span{margin:0;padding:4px 10px;color:#ffffff !important;background:#FF4F57;font-size:12px;text-transform:uppercase}.sanaa .tg-item-overlay{position:absolute;top:0;left:0;width:100%;height:100%}.sanaa .tg-item-price span{font-size:16px;font-style:italic}.sanaa .tg-item-price del span{font-size:14px;color:inherit !important}.sanaa .tg-item-price ins{text-decoration:none}.sanaa .tg-item-cart-holder{position:absolute;bottom:0;right:0;width:45px;height:45px;padding:0;opacity:0;text-align:left;-webkit-transform:translate3d(0,45px,0);-moz-transform:translate3d(0,45px,0);-0-transform:translate3d(0,45x,0);transform:translate3d(0,45px,0)}.sanaa .tg-item-cart-holder:hover .tg-item-overlay{opacity:0.75}.sanaa:hover .tg-item-cart-holder{opacity:1;-webkit-transform:translate3d(0,0,0);-moz-transform:translate3d(0,0,0);-0-transform:translate3d(0,0,0);transform:translate3d(0,0,0)}.sanaa .tg-item-cart-button a{position:absolute;display:block;overflow:hidden;padding:0 !important;margin:0 !important;height:45px;width:45px;border:none !important;outline:none !important;text-transform:uppercase;font-weight:600;background:none !important;box-shadow:none;text-indent:-9999px}.sanaa .tg-item-cart-button a:before,.sanaa .tg-item-cart-button a:after{position:absolute;display:block;width:45px;height:45px;line-height:45px;text-indent:0;font-size:14px;font-size:50px;text-align:center;font-family:'the_grid';speak:none;font-style:normal;font-weight:normal;font-variant:normal;text-transform:none}.sanaa .tg-item-cart-button a.button.added,.sanaa .tg-item-cart-button .added_to_cart:after{display:none}.sanaa .tg-item-cart-button .add_to_cart_button.loading{-webkit-animation:none;-moz-animation:none;-o-animation:none;animation:none}.sanaa .tg-item-cart-button .product_type_simple:before,.sanaa .tg-item-cart-button .add_to_cart_button:before{line-height:45px;content:\"\\e631\";font-size:22px}.sanaa .tg-item-cart-button .loading.add_to_cart_button:before{display:none}.sanaa .tg-item-cart-button .added_to_cart:before{content:\"\\e612\";font-size:20px;line-height:45px}.sanaa .tg-item-cart-button .product_type_variable:before{content:\"\\e606\";font-size:18px;line-height:45px}.sanaa .yith-wcwl-add-to-wishlist{position:absolute;top:14px;right:14px;height:16px;width:16px;margin:0;padding:0}.sanaa .yith-wcwl-add-button img{display:none !important}.sanaa .yith-wcwl-wishlistaddedbrowse:before,.sanaa .yith-wcwl-wishlistexistsbrowse:before{content:\"\\f004\";font-family:FontAwesome;font-size:16px;font-style:normal;font-weight:normal;text-align:center;height:29px;line-height:29px}.sanaa .add_to_wishlist:before{content:\"\\f08a\";font-family:FontAwesome;font-size:16px;font-style:normal;font-weight:normal;text-align:center;height:29px;line-height:29px}.sanaa .yith-wcwl-wishlistaddedbrowse,.sanaa .yith-wcwl-wishlistexistsbrowse{color:#ff6863 !important}.sanaa .yith-wcwl-add-to-wishlist > *{display:none;font-size:0}.sanaa .yith-wcwl-add-to-wishlist a,.sanaa .yith-wcwl-add-to-wishlist .yith-wcwl-add-button,.sanaa .yith-wcwl-add-to-wishlist .yith-wcwl-wishlistaddedbrowse,.sanaa .yith-wcwl-add-to-wishlist .yith-wcwl-wishlistexistsbrowse,.sanaa .yith-wcwl-add-to-wishlist *:before{position:absolute;overflow:hidden;display:block;z-index:0;width:17px;height:17px;top:0;left:0;font-size:0;line-height:0;padding:0;text-align:center;line-height:17px}.sanaa .yith-wcwl-add-to-wishlist *:before{font-size:15px}.sanaa .tg-woo-loading{position:absolute;display:none;margin:12px;width:21px;height:21px}.sanaa .tg-woo-loading{position:absolute;display:none;top:0;left:0;margin:12px;width:21px;height:21px}.sanaa .add_to_cart_button.loading + .tg-woo-loading{display:block}.sanaa .dot1,.sanaa .dot2{position:absolute;width:8px;height:8px;top:0;left:0;background:#ffffff;border-radius:50%;-webkit-animation:woomove 1.8s infinite ease-in-out;animation:woomove 1.8s infinite ease-in-out}.sanaa .dot2{-webkit-animation-delay:-0.9s;animation-delay:-0.9s}@keyframes woomove{25%{-webkit-transform:translateX(15px) rotate(-90deg) scale(0.5);transform:translateX(15px) rotate(-90deg) scale(0.5)}50%{-webkit-transform:translateX(15px) translateY(15px);transform:translateX(15px) translateY(15px)}50.1%{-webkit-transform:translateX(15px) translateY(15px);transform:translateX(15px) translateY(15px)}75%{-webkit-transform:translateX(0) translateY(15px) rotate(-270deg) scale(0.5);transform:translateX(0) translateY(15px) rotate(-270deg) scale(0.5)}}.tg-item .tg-dark div,.tg-item .tg-dark h1,.tg-item .tg-dark h1 a,.tg-item .tg-dark h2,.tg-item .tg-dark h2 a,.tg-item .tg-dark h3,.tg-item .tg-dark h3 a,.tg-item .tg-dark h4,.tg-item .tg-dark h4 a,.tg-item .tg-dark h5,.tg-item .tg-dark h5 a,.tg-item .tg-dark h6,.tg-item .tg-dark h6 a,.tg-item .tg-dark a,.tg-item .tg-dark a.tg-link-url,.tg-item .tg-dark i,.tg-item .tg-dark .tg-media-button,.tg-item .tg-dark .tg-item-price span{color:#444444;fill:#444444;stroke:#444444;border-color:#444444}.tg-item .tg-dark p,.tg-item .tg-dark ol,.tg-item .tg-dark ul,.tg-item .tg-dark li{color:#777777;fill:#777777;stroke:#777777;border-color:#777777}.tg-item .tg-dark span,.tg-item .tg-dark .no-liked .to-heart-icon path,.tg-item .tg-dark .empty-heart .to-heart-icon path,.tg-item .tg-dark .tg-item-comment i,.tg-item .tg-dark .tg-item-price del span{color:#999999;fill:#999999;stroke:#999999;border-color:#999999}.tg-item .tg-light div,.tg-item .tg-light h1,.tg-item .tg-light h1 a,.tg-item .tg-light h2,.tg-item .tg-light h2 a,.tg-item .tg-light h3,.tg-item .tg-light h3 a,.tg-item .tg-light h4,.tg-item .tg-light h4 a,.tg-item .tg-light h5,.tg-item .tg-light h5 a,.tg-item .tg-light h6,.tg-item .tg-light h6 a,.tg-item .tg-light a,.tg-item .tg-light a.tg-link-url,.tg-item .tg-light i,.tg-item .tg-light .tg-media-button,.tg-item .tg-light .tg-item-price span{color:#ffffff;fill:#ffffff;stroke:#ffffff;border-color:#ffffff}.tg-item .tg-light p,.tg-item .tg-light ol,.tg-item .tg-light ul,.tg-item .tg-light li{color:#f6f6f6;fill:#f6f6f6;stroke:#f6f6f6;border-color:#f6f6f6}.tg-item .tg-light span,.tg-item .tg-light .no-liked .to-heart-icon path,.tg-item .tg-light .empty-heart .to-heart-icon path,.tg-item .tg-light .tg-item-comment i,.tg-item .tg-light .tg-item-price del span{color:#f5f5f5;fill:#f5f5f5;stroke:#f5f5f5;border-color:#f5f5f5}#grid-629 .tg-item-content-holder{background-color:#ffffff}#grid-629 .tg-item-overlay{background-color:rgba(22,22,22,0.85)}<\/style><!-- The Grid Item Sizer --><div class=\"tg-grid-sizer\"><\/div><!-- The Grid Gutter Sizer --><div class=\"tg-gutter-sizer\"><\/div><!-- The Grid Items Holder --><div class=\"tg-grid-holder tg-layout-masonry\"  data-name=\"Alimentos y Bebidas\"  data-style=\"masonry\" data-row=\"1\" data-layout=\"vertical\" data-rtl=\"\" data-fitrows=\"\" data-filtercomb=\"\" data-filterlogic=\"AND\" data-filterload =\"\" data-sortbyload =\"woo_regular_price\" data-orderload =\"false\" data-fullwidth=\"\" data-fullheight=\"null\" data-gutters=\"[[320,5],[480,5],[690,5],[1000,5],[1300,5],[9999,5]]\" data-slider='{\"itemNav\":\"null\",\"swingSpeed\":0.1,\"cycleBy\":\"null\",\"cycle\":5000,\"startAt\":1}' data-ratio=\"1.33\" data-cols=\"[[320,1],[480,1],[690,2],[1000,3],[1300,5],[9999,5]]\" data-rows=\"[[320,200],[480,200],[690,220],[1000,220],[1300,240],[9999,240]]\" data-animation='{&quot;name&quot;:&quot;Fade in&quot;,&quot;visible&quot;:&quot;&quot;,&quot;hidden&quot;:&quot;&quot;}' data-transition=\"700ms\" data-ajaxmethod=\"\" data-ajaxdelay=\"100\" data-preloader=\"1\" data-itemdelay=\"100\" data-gallery=\"\" data-ajax=\"\"><!-- The Grid item #1 --><article class=\"tg-item tg-post-608 sanaa f34 tg-item-reveal\" data-regular-price=\"290\" data-row=\"1\" data-col=\"1\"><div class=\"tg-item-inner\"><div class=\"tg-item-media-holder tg-light\"><div class=\"tg-item-media-inner\"><img decoding=\"async\" class=\"tg-item-image\" alt=\"\" width=\"522\" height=\"791\" src=\"https:\/\/ebanti.com\/tienda\/wp-content\/uploads\/2023\/10\/61d0ogxePOL._AC_SX522_.jpg\"><div class=\"tg-item-image tg-alternative-product-image\" style=\"background-image: url(https:\/\/ebanti.com\/tienda\/wp-content\/uploads\/2023\/10\/71VmPEFiJqL._AC_SX522_.jpg)\"><\/div><\/div><a class=\"tg-woo-link\" href=\"https:\/\/ebanti.com\/tienda\/producto\/espirulina-organica-en-polvo-100-gramos\/\" target=\"_self\"><\/a><div class=\"tg-item-on-sale\"><span class=\"onsale\">Sale!<\/span><\/div><div class=\"tg-item-cart-holder\"><div class=\"tg-item-overlay\"><\/div><div class=\"tg-item-cart-button\"><a href=\"?add-to-cart=608\" rel=\"nofollow\" data-product_id=\"608\" data-product_sku=\"\" data-quantity=\"1\" class=\"button add_to_cart_button ajax_add_to_cart product_type_simple\" style=\"color:#ffffff\">Add to cart<\/a><div class=\"tg-woo-loading\"><span class=\"dot1\" style=\"background:#ffffff\"><\/span><span class=\"dot2\" style=\"background:#ffffff\"><\/span><\/div><\/div><\/div><\/div><div class=\"tg-item-content-holder tg-dark image-format\"><h2 class=\"tg-item-title\"><a href=\"https:\/\/ebanti.com\/tienda\/producto\/espirulina-organica-en-polvo-100-gramos\/\" target=\"_self\">Espirulina Org\u00e1nica: Tu Fuente Poderosa de Energ\u00eda y Nutrici\u00f3n<\/a><\/h2><div class=\"tg-item-price\"><del aria-hidden=\"true\"><span class=\"woocommerce-Price-amount amount\"><bdi><span class=\"woocommerce-Price-currencySymbol\">&#36;<\/span>290.00<\/bdi><\/span><\/del> <ins><span class=\"woocommerce-Price-amount amount\"><bdi><span class=\"woocommerce-Price-currencySymbol\">&#36;<\/span>249.50<\/bdi><\/span><\/ins><\/div><\/div><\/div><\/article><!-- The Grid item #2 --><article class=\"tg-item tg-post-607 sanaa f34 tg-item-reveal\" data-regular-price=\"490\" data-row=\"1\" data-col=\"1\"><div class=\"tg-item-inner\"><div class=\"tg-item-media-holder tg-light\"><div class=\"tg-item-media-inner\"><img decoding=\"async\" class=\"tg-item-image\" alt=\"\" width=\"311\" height=\"500\" src=\"https:\/\/ebanti.com\/tienda\/wp-content\/uploads\/2023\/10\/71XeHtQy3bL._AC_SY500_.jpg\"><div class=\"tg-item-image tg-alternative-product-image\" style=\"background-image: url(https:\/\/ebanti.com\/tienda\/wp-content\/uploads\/2023\/10\/71W2Q6GeUBL._AC_SY500_.jpg)\"><\/div><\/div><a class=\"tg-woo-link\" href=\"https:\/\/ebanti.com\/tienda\/producto\/alga-espirulina-organica-1kg\/\" target=\"_self\"><\/a><div class=\"tg-item-cart-holder\"><div class=\"tg-item-overlay\"><\/div><div class=\"tg-item-cart-button\"><a href=\"?add-to-cart=607\" rel=\"nofollow\" data-product_id=\"607\" data-product_sku=\"\" data-quantity=\"1\" class=\"button add_to_cart_button ajax_add_to_cart product_type_simple\" style=\"color:#ffffff\">Add to cart<\/a><div class=\"tg-woo-loading\"><span class=\"dot1\" style=\"background:#ffffff\"><\/span><span class=\"dot2\" style=\"background:#ffffff\"><\/span><\/div><\/div><\/div><\/div><div class=\"tg-item-content-holder tg-dark image-format\"><h2 class=\"tg-item-title\"><a href=\"https:\/\/ebanti.com\/tienda\/producto\/alga-espirulina-organica-1kg\/\" target=\"_self\">Alga Espirulina Org\u00e1nica 1kg para una Vida Saludable<\/a><\/h2><div class=\"tg-item-price\"><span class=\"woocommerce-Price-amount amount\"><bdi><span class=\"woocommerce-Price-currencySymbol\">&#36;<\/span>490.00<\/bdi><\/span><\/div><\/div><\/div><\/article><!-- The Grid item #3 --><article class=\"tg-item tg-post-606 sanaa f34 tg-item-reveal\" data-regular-price=\"380\" data-row=\"1\" data-col=\"1\"><div class=\"tg-item-inner\"><div class=\"tg-item-media-holder tg-light\"><div class=\"tg-item-media-inner\"><img decoding=\"async\" class=\"tg-item-image\" alt=\"\" width=\"241\" height=\"550\" src=\"https:\/\/ebanti.com\/tienda\/wp-content\/uploads\/2023\/10\/71plzGuNsnL._AC_SY550_.jpg\"><div class=\"tg-item-image tg-alternative-product-image\" style=\"background-image: url(https:\/\/ebanti.com\/tienda\/wp-content\/uploads\/2023\/10\/71zYEj79mOL._AC_SX569_.jpg)\"><\/div><\/div><a class=\"tg-woo-link\" href=\"https:\/\/ebanti.com\/tienda\/producto\/simply-organic-hoja-de-laurel-4gr\/\" target=\"_self\"><\/a><div class=\"tg-item-on-sale\"><span class=\"onsale\">Sale!<\/span><\/div><div class=\"tg-item-cart-holder\"><div class=\"tg-item-overlay\"><\/div><div class=\"tg-item-cart-button\"><a href=\"?add-to-cart=606\" rel=\"nofollow\" data-product_id=\"606\" data-product_sku=\"\" data-quantity=\"1\" class=\"button add_to_cart_button ajax_add_to_cart product_type_simple\" style=\"color:#ffffff\">Add to cart<\/a><div class=\"tg-woo-loading\"><span class=\"dot1\" style=\"background:#ffffff\"><\/span><span class=\"dot2\" style=\"background:#ffffff\"><\/span><\/div><\/div><\/div><\/div><div class=\"tg-item-content-holder tg-dark image-format\"><h2 class=\"tg-item-title\"><a href=\"https:\/\/ebanti.com\/tienda\/producto\/simply-organic-hoja-de-laurel-4gr\/\" target=\"_self\">Hojas de Laurel Org\u00e1nico Simply Organic<\/a><\/h2><div class=\"tg-item-price\"><del aria-hidden=\"true\"><span class=\"woocommerce-Price-amount amount\"><bdi><span class=\"woocommerce-Price-currencySymbol\">&#36;<\/span>380.00<\/bdi><\/span><\/del> <ins><span class=\"woocommerce-Price-amount amount\"><bdi><span class=\"woocommerce-Price-currencySymbol\">&#36;<\/span>339.00<\/bdi><\/span><\/ins><\/div><\/div><\/div><\/article><!-- The Grid item #4 --><article class=\"tg-item tg-post-605 sanaa f34 tg-item-reveal\" data-regular-price=\"410\" data-row=\"1\" data-col=\"1\"><div class=\"tg-item-inner\"><div class=\"tg-item-media-holder tg-light\"><div class=\"tg-item-media-inner\"><img decoding=\"async\" class=\"tg-item-image\" alt=\"\" width=\"466\" height=\"615\" src=\"https:\/\/ebanti.com\/tienda\/wp-content\/uploads\/2023\/10\/61i7Luu8ktL._AC_SX466_.jpg\"><div class=\"tg-item-image tg-alternative-product-image\" style=\"background-image: url(https:\/\/ebanti.com\/tienda\/wp-content\/uploads\/2023\/10\/61mxchTQOL._AC_SX466_.jpg)\"><\/div><\/div><a class=\"tg-woo-link\" href=\"https:\/\/ebanti.com\/tienda\/producto\/stevia-organica-liquida-120-ml-duopack-rinde-1400-tazas-mayan-sweet\/\" target=\"_self\"><\/a><div class=\"tg-item-on-sale\"><span class=\"onsale\">Sale!<\/span><\/div><div class=\"tg-item-cart-holder\"><div class=\"tg-item-overlay\"><\/div><div class=\"tg-item-cart-button\"><a href=\"?add-to-cart=605\" rel=\"nofollow\" data-product_id=\"605\" data-product_sku=\"\" data-quantity=\"1\" class=\"button add_to_cart_button ajax_add_to_cart product_type_simple\" style=\"color:#ffffff\">Add to cart<\/a><div class=\"tg-woo-loading\"><span class=\"dot1\" style=\"background:#ffffff\"><\/span><span class=\"dot2\" style=\"background:#ffffff\"><\/span><\/div><\/div><\/div><\/div><div class=\"tg-item-content-holder tg-dark image-format\"><h2 class=\"tg-item-title\"><a href=\"https:\/\/ebanti.com\/tienda\/producto\/stevia-organica-liquida-120-ml-duopack-rinde-1400-tazas-mayan-sweet\/\" target=\"_self\">Stevia Org\u00e1nica L\u00edquida S\u00faper Concentrada<\/a><\/h2><div class=\"tg-item-price\"><del aria-hidden=\"true\"><span class=\"woocommerce-Price-amount amount\"><bdi><span class=\"woocommerce-Price-currencySymbol\">&#36;<\/span>410.00<\/bdi><\/span><\/del> <ins><span class=\"woocommerce-Price-amount amount\"><bdi><span class=\"woocommerce-Price-currencySymbol\">&#36;<\/span>389.00<\/bdi><\/span><\/ins><\/div><\/div><\/div><\/article><!-- The Grid item #5 --><article class=\"tg-item tg-post-604 sanaa f34 tg-item-reveal\" data-regular-price=\"380\" data-row=\"1\" data-col=\"1\"><div class=\"tg-item-inner\"><div class=\"tg-item-media-holder tg-light\"><div class=\"tg-item-media-inner\"><img decoding=\"async\" class=\"tg-item-image\" alt=\"\" width=\"569\" height=\"773\" src=\"https:\/\/ebanti.com\/tienda\/wp-content\/uploads\/2023\/10\/71n6RsE-nL._AC_SX569_.jpg\"><div class=\"tg-item-image tg-alternative-product-image\" style=\"background-image: url(https:\/\/ebanti.com\/tienda\/wp-content\/uploads\/2023\/10\/81fjkXzNPL._AC_SX569_.jpg)\"><\/div><\/div><a class=\"tg-woo-link\" href=\"https:\/\/ebanti.com\/tienda\/producto\/stevia-en-polvo-400g-stevia-pura-sin-edulcorantes-ni-rellenos-100-natural\/\" target=\"_self\"><\/a><div class=\"tg-item-on-sale\"><span class=\"onsale\">Sale!<\/span><\/div><div class=\"tg-item-cart-holder\"><div class=\"tg-item-overlay\"><\/div><div class=\"tg-item-cart-button\"><a href=\"?add-to-cart=604\" rel=\"nofollow\" data-product_id=\"604\" data-product_sku=\"\" data-quantity=\"1\" class=\"button add_to_cart_button ajax_add_to_cart product_type_simple\" style=\"color:#ffffff\">Add to cart<\/a><div class=\"tg-woo-loading\"><span class=\"dot1\" style=\"background:#ffffff\"><\/span><span class=\"dot2\" style=\"background:#ffffff\"><\/span><\/div><\/div><\/div><\/div><div class=\"tg-item-content-holder tg-dark image-format\"><h2 class=\"tg-item-title\"><a href=\"https:\/\/ebanti.com\/tienda\/producto\/stevia-en-polvo-400g-stevia-pura-sin-edulcorantes-ni-rellenos-100-natural\/\" target=\"_self\">Stevia en Polvo de Bulk Superfoods &#8211; 400g<\/a><\/h2><div class=\"tg-item-price\"><del aria-hidden=\"true\"><span class=\"woocommerce-Price-amount amount\"><bdi><span class=\"woocommerce-Price-currencySymbol\">&#36;<\/span>380.00<\/bdi><\/span><\/del> <ins><span class=\"woocommerce-Price-amount amount\"><bdi><span class=\"woocommerce-Price-currencySymbol\">&#36;<\/span>329.00<\/bdi><\/span><\/ins><\/div><\/div><\/div><\/article><\/div><div class=\"tg-grid-preloader\"><style class=\"tg-grid-preloader-styles\" type=\"text\/css\">@-webkit-keyframes line-scale{0%{-webkit-transform:scaley(1);transform:scaley(1)}50%{-webkit-transform:scaley(.4);transform:scaley(.4)}100%{-webkit-transform:scaley(1);transform:scaley(1)}}@keyframes line-scale{0%{-webkit-transform:scaley(1);transform:scaley(1)}50%{-webkit-transform:scaley(.4);transform:scaley(.4)}100%{-webkit-transform:scaley(1);transform:scaley(1)}}.line-scale>div:nth-child(1){-webkit-animation:line-scale 1s -.4s infinite cubic-bezier(.2,.68,.18,1.08);animation:line-scale 1s -.4s infinite cubic-bezier(.2,.68,.18,1.08)}.line-scale>div:nth-child(2){-webkit-animation:line-scale 1s -.3s infinite cubic-bezier(.2,.68,.18,1.08);animation:line-scale 1s -.3s infinite cubic-bezier(.2,.68,.18,1.08)}.line-scale>div:nth-child(3){-webkit-animation:line-scale 1s -.2s infinite cubic-bezier(.2,.68,.18,1.08);animation:line-scale 1s -.2s infinite cubic-bezier(.2,.68,.18,1.08)}.line-scale>div:nth-child(4){-webkit-animation:line-scale 1s -.1s infinite cubic-bezier(.2,.68,.18,1.08);animation:line-scale 1s -.1s infinite cubic-bezier(.2,.68,.18,1.08)}.line-scale>div:nth-child(5){-webkit-animation:line-scale 1s 0s infinite cubic-bezier(.2,.68,.18,1.08);animation:line-scale 1s 0s infinite cubic-bezier(.2,.68,.18,1.08)}.line-scale>div{background-color:#fff;width:4px;height:35px;border-radius:2px;margin:2px;-webkit-animation-fill-mode:both;animation-fill-mode:both;display:inline-block}#grid-629 .tg-grid-preloader-inner>div{background:#2fbfc1}#grid-629 .tg-grid-preloader-scale{transform:scale(1)}<\/style><div class=\"tg-grid-preloader-holder\"><div class=\"tg-grid-preloader-scale\"><div class=\"tg-grid-preloader-inner line-scale\"><div><\/div><div><\/div><div><\/div><div><\/div><div><\/div><\/div><\/div><\/div><\/div><\/div><!-- The Grid Wrapper End -->\n","protected":false},"excerpt":{"rendered":"","protected":false},"author":1,"featured_media":0,"parent":0,"menu_order":0,"comment_status":"closed","ping_status":"closed","template":"no-title","meta":{"_uag_custom_page_level_css":"","_joinchat":[],"footnotes":""},"class_list":["post-631","page","type-page","status-publish","hentry"],"uagb_featured_image_src":{"full":false,"thumbnail":false,"medium":false,"medium_large":false,"large":false,"1536x1536":false,"2048x2048":false,"the_grid_size1":false,"the_grid_size2":false,"the_grid_size3":false,"the_grid_size4":false,"the_grid_size5":false,"woocommerce_thumbnail":false,"woocommerce_single":false,"woocommerce_gallery_thumbnail":false,"portfolio_item-thumbnail":false,"portfolio_item-thumbnail@2x":false,"portfolio_item-masonry":false,"portfolio_item-masonry@2x":false,"portfolio_item-thumbnail_cinema":false,"portfolio_item-thumbnail_portrait":false,"portfolio_item-thumbnail_portrait@2x":false,"portfolio_item-thumbnail_square":false},"uagb_author_info":{"display_name":"soporte@ebanti.com","author_link":"https:\/\/ebanti.com\/tienda\/author\/soporteebanti-com\/"},"uagb_comment_info":0,"uagb_excerpt":null,"featured_media_urls":[],"_links":{"self":[{"href":"https:\/\/ebanti.com\/tienda\/wp-json\/wp\/v2\/pages\/631","targetHints":{"allow":["GET"]}}],"collection":[{"href":"https:\/\/ebanti.com\/tienda\/wp-json\/wp\/v2\/pages"}],"about":[{"href":"https:\/\/ebanti.com\/tienda\/wp-json\/wp\/v2\/types\/page"}],"author":[{"embeddable":true,"href":"https:\/\/ebanti.com\/tienda\/wp-json\/wp\/v2\/users\/1"}],"replies":[{"embeddable":true,"href":"https:\/\/ebanti.com\/tienda\/wp-json\/wp\/v2\/comments?post=631"}],"version-history":[{"count":1,"href":"https:\/\/ebanti.com\/tienda\/wp-json\/wp\/v2\/pages\/631\/revisions"}],"predecessor-version":[{"id":632,"href":"https:\/\/ebanti.com\/tienda\/wp-json\/wp\/v2\/pages\/631\/revisions\/632"}],"wp:attachment":[{"href":"https:\/\/ebanti.com\/tienda\/wp-json\/wp\/v2\/media?parent=631"}],"curies":[{"name":"wp","href":"https:\/\/api.w.org\/{rel}","templated":true}]}}