{"id":83,"date":"2024-05-25T02:18:31","date_gmt":"2024-05-25T00:18:31","guid":{"rendered":"https:\/\/ebanti.com\/sites\/tatikwari\/?page_id=83"},"modified":"2024-06-05T02:26:48","modified_gmt":"2024-06-05T00:26:48","slug":"ceremonias","status":"publish","type":"page","link":"https:\/\/ebanti.com\/sites\/tatikwari\/ceremonias\/","title":{"rendered":"CEREMONIAS"},"content":{"rendered":"\n<div id=\"b3\" class=\"wp-block-group is-nowrap is-layout-flex wp-container-core-group-is-layout-8491dff0 wp-block-group-is-layout-flex\" style=\"margin-top:0;margin-bottom:0;padding-top:0;padding-bottom:0\">\n<div class=\"wp-block-themepunch-revslider revslider\" data-modal=\"false\" data-slidertitle=\"Ceremonias de Temazcal 4\" style=\"\">\n\t\t\t\t<p class=\"rs-p-wp-fix\"><\/p>\n\t\t\t\t<sr7-module data-alias=\"ceremonias-4prueba-1\" data-id=\"11\" id=\"SR7_11_1\" class=\"rs-respect-topbar rs-ov-hidden\" data-version=\"6.7.13\">\n\t\t\t\t\t<sr7-adjuster><\/sr7-adjuster>\n\t\t\t\t\t<sr7-content>\n\t\t\t\t\t\t<sr7-slide id=\"SR7_11_1-65\" data-key=\"65\">\n\t\t\t\t\t\t\t<sr7-txt id=\"SR7_11_1-65-11\" class=\"sr7-layer\">Descubre la esencia ancestral del temazcal en nuestras ceremonias. <\/sr7-txt>\n\t\t\t\t\t\t\t<sr7-txt id=\"SR7_11_1-65-12\" class=\"sr7-layer\">Temazcal de Luna llena<\/sr7-txt>\n\t\t\t\t\t\t\t<sr7-txt id=\"SR7_11_1-65-17\" class=\"sr7-layer\">Temazcal con <br \/>\nlos 4 elementos<\/sr7-txt>\n\t\t\t\t\t\t\t<sr7-txt id=\"SR7_11_1-65-24\" class=\"sr7-layer\">Temazcal privado<\/sr7-txt>\n\t\t\t\t\t\t\t<sr7-txt id=\"SR7_11_1-65-31\" class=\"sr7-layer\">Temazcal en parejas<\/sr7-txt>\n\t\t\t\t\t\t\t<sr7-txt id=\"SR7_11_1-65-60\" class=\"sr7-layer\">Ceremonias<br \/>\nde Temazcal<\/sr7-txt>\n\t\t\t\t\t\t<\/sr7-slide>\n\t\t\t\t\t\t<sr7-slide id=\"SR7_11_1-67\" data-key=\"67\">\n\t\t\t\t\t\t\t<sr7-txt id=\"SR7_11_1-67-5\" class=\"sr7-layer\"><i class=\"material-icons\">close<\/i><\/sr7-txt>\n\t\t\t\t\t\t\t<sr7-txt id=\"SR7_11_1-67-8\" class=\"sr7-layer\">El enfoque de las 4 puertas del temazcal es en torno a las se\u00f1ales espirituales del Sol en la Luna que nos abre la posibilidad de balancear nuestros elementos en lo f\u00edsico, emocional y mental para renacer en una mejor versi\u00f3n de nosotros mismos.<\/sr7-txt>\n\t\t\t\t\t\t\t<sr7-txt id=\"SR7_11_1-67-9\" class=\"sr7-layer\">Temazcal de luna llena<\/sr7-txt>\n\t\t\t\t\t\t\t<a id=\"SR7_11_1-67-21\" class=\"sr7-layer\" href=\"https:\/\/ebanti.com\/sites\/tatikwari\/info\/#\" target=\"_self\">PARTICIPAR<\/a>\n\t\t\t\t\t\t\t<sr7-txt id=\"SR7_11_1-67-33\" class=\"sr7-layer\"><i class=\"fa fa-reply-all\" aria-hidden=\"true\"><\/i> VOLVER<\/sr7-txt>\n\t\t\t\t\t\t<\/sr7-slide>\n\t\t\t\t\t\t<sr7-slide id=\"SR7_11_1-70\" data-key=\"70\">\n\t\t\t\t\t\t\t<sr7-txt id=\"SR7_11_1-70-5\" class=\"sr7-layer\"><i class=\"material-icons\">close<\/i><\/sr7-txt>\n\t\t\t\t\t\t\t<sr7-txt id=\"SR7_11_1-70-8\" class=\"sr7-layer\">Brindamos la atenci\u00f3n en los aspectos a mejorar de cada participante a trav\u00e9s de la medicina del temazcal y la energ\u00eda grupal de quienes entramos a morir de nuestra versi\u00f3n de vivir obsoleta para renacer en una versi\u00f3n mejorada a valorar nuestro tiempo en la Tierra.<\/sr7-txt>\n\t\t\t\t\t\t\t<sr7-txt id=\"SR7_11_1-70-9\" class=\"sr7-layer\">Temazcal privado<\/sr7-txt>\n\t\t\t\t\t\t\t<a id=\"SR7_11_1-70-21\" class=\"sr7-layer\" href=\"https:\/\/ebanti.com\/sites\/tatikwari\/info\/#\" target=\"_self\">PARTICIPAR<\/a>\n\t\t\t\t\t\t\t<sr7-txt id=\"SR7_11_1-70-33\" class=\"sr7-layer\"><i class=\"fa fa-reply-all\" aria-hidden=\"true\"><\/i> VOLVER<\/sr7-txt>\n\t\t\t\t\t\t<\/sr7-slide>\n\t\t\t\t\t\t<sr7-slide id=\"SR7_11_1-71\" data-key=\"71\">\n\t\t\t\t\t\t\t<sr7-txt id=\"SR7_11_1-71-5\" class=\"sr7-layer\"><i class=\"material-icons\">close<\/i><\/sr7-txt>\n\t\t\t\t\t\t\t<sr7-txt id=\"SR7_11_1-71-8\" class=\"sr7-layer\">Abrimos la rueda medicina con los 4 elementos y preguntamos al Fuego el prop\u00f3sito del temazcal y disfrutamos de 4 puertas en la experiencia de tener una oportunidad de renacer en una nueva versi\u00f3n desde el sagrado temazcal.<\/sr7-txt>\n\t\t\t\t\t\t\t<sr7-txt id=\"SR7_11_1-71-9\" class=\"sr7-layer\">Temazcal con los 4 elementos<\/sr7-txt>\n\t\t\t\t\t\t\t<a id=\"SR7_11_1-71-21\" class=\"sr7-layer\" href=\"https:\/\/ebanti.com\/sites\/tatikwari\/info\/#\" target=\"_self\">PARTICIPAR<\/a>\n\t\t\t\t\t\t\t<sr7-txt id=\"SR7_11_1-71-33\" class=\"sr7-layer\"><i class=\"fa fa-reply-all\" aria-hidden=\"true\"><\/i> VOLVER<\/sr7-txt>\n\t\t\t\t\t\t<\/sr7-slide>\n\t\t\t\t\t\t<sr7-slide id=\"SR7_11_1-72\" data-key=\"72\">\n\t\t\t\t\t\t\t<sr7-txt id=\"SR7_11_1-72-5\" class=\"sr7-layer\"><i class=\"material-icons\">close<\/i><\/sr7-txt>\n\t\t\t\t\t\t\t<sr7-txt id=\"SR7_11_1-72-8\" class=\"sr7-layer\">Trabajamos la dualidad energ\u00e9tica a cuatro puertas para renovar las relaciones de pareja y superar expectativas mediante la integraci\u00f3n de que somos partes de un s\u00f3lo cuerpo universal y que nada es nuestro, pues somos parte de un todo con la medicina del temazcal.<\/sr7-txt>\n\t\t\t\t\t\t\t<sr7-txt id=\"SR7_11_1-72-9\" class=\"sr7-layer\">Temazcal <br \/>\nen parejas<\/sr7-txt>\n\t\t\t\t\t\t\t<a id=\"SR7_11_1-72-21\" class=\"sr7-layer\" href=\"https:\/\/ebanti.com\/sites\/tatikwari\/info\/#\" target=\"_self\">PARTICIPAR<\/a>\n\t\t\t\t\t\t\t<sr7-txt id=\"SR7_11_1-72-33\" class=\"sr7-layer\"><i class=\"fa fa-reply-all\" aria-hidden=\"true\"><\/i> VOLVER<\/sr7-txt>\n\t\t\t\t\t\t<\/sr7-slide>\n\t\t\t\t\t\t<sr7-slide id=\"SR7_11_1-69\" data-key=\"69\">\n\t\t\t\t\t\t<\/sr7-slide>\n\t\t\t\t\t<\/sr7-content>\n\t\t\t\t\t<image_lists style=\"display:none\">\n\t\t\t\t\t\t<img data-src=\"\/\/ebanti.com\/sites\/tatikwari\/wp-content\/uploads\/sites\/2\/2024\/05\/ISOTIPO-BLANCO.png\" data-libid=\"40\" data-lib=\"medialibrary\" title=\"ISOTIPO BLANCO\" width=\"0\" height=\"0\" data-dbsrc=\"Ly9lYmFudGkuY29tL3NpdGVzL3RhdGlrd2FyaS93cC1jb250ZW50L3VwbG9hZHMvc2l0ZXMvMi8yMDI0LzA1L0lTT1RJUE8tQkxBTkNPLnBuZw==\"\/>\n\t\t\t\t\t\t<img data-src=\"\/\/ebanti.com\/sites\/tatikwari\/wp-content\/uploads\/sites\/2\/2024\/05\/ceremonia-elementos-rotated.jpg\" data-libid=\"97\" title=\"ceremonia-elementos\" width=\"0\" height=\"0\" data-dbsrc=\"Ly9lYmFudGkuY29tL3NpdGVzL3RhdGlrd2FyaS93cC1jb250ZW50L3VwbG9hZHMvc2l0ZXMvMi8yMDI0LzA1L2NlcmVtb25pYS1lbGVtZW50b3Mtcm90YXRlZC5qcGc=\"\/>\n\t\t\t\t\t\t<img data-src=\"\/\/ebanti.com\/sites\/tatikwari\/wp-content\/uploads\/sites\/2\/2024\/05\/ceremonia-temazcal-privado.jpg\" data-libid=\"102\" title=\"ceremonia-temazcal-privado\" width=\"0\" height=\"0\" data-dbsrc=\"Ly9lYmFudGkuY29tL3NpdGVzL3RhdGlrd2FyaS93cC1jb250ZW50L3VwbG9hZHMvc2l0ZXMvMi8yMDI0LzA1L2NlcmVtb25pYS10ZW1hemNhbC1wcml2YWRvLmpwZw==\"\/>\n\t\t\t\t\t\t<img data-src=\"\/\/ebanti.com\/sites\/tatikwari\/wp-content\/uploads\/sites\/2\/2024\/05\/ceremonia-temazcal-parejas.jpg\" data-libid=\"101\" title=\"ceremonia-temazcal-parejas\" width=\"0\" height=\"0\" data-dbsrc=\"Ly9lYmFudGkuY29tL3NpdGVzL3RhdGlrd2FyaS93cC1jb250ZW50L3VwbG9hZHMvc2l0ZXMvMi8yMDI0LzA1L2NlcmVtb25pYS10ZW1hemNhbC1wYXJlamFzLmpwZw==\"\/>\n\t\t\t\t\t\t<img data-src=\"\/\/ebanti.com\/sites\/tatikwari\/wp-content\/uploads\/sites\/2\/2024\/05\/OPCIONAL-NEGRO.png\" data-libid=\"52\" data-lib=\"medialibrary\" title=\"OPCIONAL NEGRO\" width=\"0\" height=\"0\" data-dbsrc=\"Ly9lYmFudGkuY29tL3NpdGVzL3RhdGlrd2FyaS93cC1jb250ZW50L3VwbG9hZHMvc2l0ZXMvMi8yMDI0LzA1L09QQ0lPTkFMLU5FR1JPLnBuZw==\"\/>\n\t\t\t\t\t\t<img data-src=\"\/\/ebanti.com\/sites\/tatikwari\/wp-content\/uploads\/sites\/2\/revslider\/video-media\/v2_6.jpeg\" data-libid=\"66\" title=\"v2_6.jpeg\" width=\"0\" height=\"0\" data-dbsrc=\"Ly9lYmFudGkuY29tL3NpdGVzL3RhdGlrd2FyaS93cC1jb250ZW50L3VwbG9hZHMvc2l0ZXMvMi9yZXZzbGlkZXIvdmlkZW8tbWVkaWEvdjJfNi5qcGVn\"\/>\n\t\t\t\t\t\t<img data-src=\"\/\/ebanti.com\/sites\/tatikwari\/wp-content\/uploads\/sites\/2\/2024\/05\/OPCIONAL.png\" data-libid=\"54\" data-lib=\"medialibrary\" title=\"OPCIONAL\" width=\"0\" height=\"0\" data-dbsrc=\"Ly9lYmFudGkuY29tL3NpdGVzL3RhdGlrd2FyaS93cC1jb250ZW50L3VwbG9hZHMvc2l0ZXMvMi8yMDI0LzA1L09QQ0lPTkFMLnBuZw==\"\/>\n\t\t\t\t\t<\/image_lists>\n\t\t\t\t<\/sr7-module>\n\t\t\t\t<script>\n\t\t\t\t\tSR7.PMH ??={}; SR7.PMH[\"SR7_11_1\"] = {cn:0,state:false,fn: function() { if (_tpt!==undefined && _tpt.prepareModuleHeight !== undefined) {  _tpt.prepareModuleHeight({id:\"SR7_11_1\",el:[800,800,800,800,1609],type:'standard',shdw:'0',gh:[800,800,800,800,900],gw:[1700,1700,1700,1700,480],vpt:['100px&#039;,&#039;100px&#039;,&#039;100px&#039;,&#039;100px&#039;,&#039;100px'],size:{fullWidth:true, fullHeight:false},mh:'0',onh:0,onw:0,bg:{color:'{\"type\":\"solid\",\"orig\":\"#d4d9db\",\"string\":\"rgba(212, 217, 219, 1)\"}'}});   SR7.PMH[\"SR7_11_1\"].state=true;} else if((SR7.PMH[\"SR7_11_1\"].cn++)<100)\tsetTimeout( SR7.PMH[\"SR7_11_1\"].fn,19);}};SR7.PMH[\"SR7_11_1\" ].fn();\n\t\t\t\t<\/script>\n<\/div>\n<\/div>\n\n\n\n<div id=\"b1\" class=\"wp-block-group is-nowrap is-layout-flex wp-container-core-group-is-layout-8491dff0 wp-block-group-is-layout-flex\" style=\"margin-top:0;margin-bottom:0;padding-top:0;padding-bottom:0\">\n<div class=\"wp-block-themepunch-revslider revslider\" data-modal=\"false\" data-slidertitle=\"Ceremonias de Luna\" style=\"\">\n\t\t\t\t<p class=\"rs-p-wp-fix\"><\/p>\n\t\t\t\t<sr7-module data-alias=\"ceremonias-de-luna\" data-id=\"4\" id=\"SR7_4_2\" class=\"rs-respect-topbar rs-ov-hidden\" data-version=\"6.7.13\">\n\t\t\t\t\t<sr7-adjuster><\/sr7-adjuster>\n\t\t\t\t\t<sr7-content>\n\t\t\t\t\t\t<sr7-slide id=\"SR7_4_2-22\" data-key=\"22\">\n\t\t\t\t\t\t\t<sr7-txt id=\"SR7_4_2-22-9\" class=\"sr7-layer\">Ceremonias  TatiKwari<\/sr7-txt>\n\t\t\t\t\t\t\t<sr7-txt id=\"SR7_4_2-22-10\" class=\"sr7-layer\">Ceremonia <\/sr7-txt>\n\t\t\t\t\t\t\t<sr7-txt id=\"SR7_4_2-22-15\" class=\"sr7-layer\">Ceremonia<\/sr7-txt>\n\t\t\t\t\t\t\t<sr7-txt id=\"SR7_4_2-22-19\" class=\"sr7-layer\">DE FUEGO<\/sr7-txt>\n\t\t\t\t\t\t\t<sr7-txt id=\"SR7_4_2-22-23\" class=\"sr7-layer\"><i class=\"material-icons\">touch_app<\/i><\/sr7-txt>\n\t\t\t\t\t\t\t<sr7-txt id=\"SR7_4_2-22-26\" class=\"sr7-layer\">DE CACAO<\/sr7-txt>\n\t\t\t\t\t\t\t<sr7-txt id=\"SR7_4_2-22-31\" class=\"sr7-layer\">Explora un mundo de espiritualidad, sanaci\u00f3n y conexi\u00f3n a trav\u00e9s de nuestras ceremonias dise\u00f1adas con atenci\u00f3n y prop\u00f3sito.<\/sr7-txt>\n\t\t\t\t\t\t\t<sr7-txt id=\"SR7_4_2-22-35\" class=\"sr7-layer\">Ceremonia<\/sr7-txt>\n\t\t\t\t\t\t\t<sr7-txt id=\"SR7_4_2-22-36\" class=\"sr7-layer\">DE AGUA<\/sr7-txt>\n\t\t\t\t\t\t\t<sr7-txt id=\"SR7_4_2-22-37\" class=\"sr7-layer\"><i class=\"material-icons\">touch_app<\/i><\/sr7-txt>\n\t\t\t\t\t\t\t<sr7-txt id=\"SR7_4_2-22-42\" class=\"sr7-layer\"><i class=\"material-icons\">touch_app<\/i><\/sr7-txt>\n\t\t\t\t\t\t<\/sr7-slide>\n\t\t\t\t\t\t<sr7-slide id=\"SR7_4_2-52\" data-key=\"52\">\n\t\t\t\t\t\t\t<sr7-txt id=\"SR7_4_2-52-5\" class=\"sr7-layer\"><i class=\"material-icons\">close<\/i><\/sr7-txt>\n\t\t\t\t\t\t\t<sr7-txt id=\"SR7_4_2-52-8\" class=\"sr7-layer\">Experimentamos las esencias de los mitos en que el alimento de los dioses nos es otorgado a la humanidad para abrir los corazones a recibir la fiesta de vivir en la Tierra.<\/sr7-txt>\n\t\t\t\t\t\t\t<sr7-txt id=\"SR7_4_2-52-9\" class=\"sr7-layer\">Ceremonia de Cacao<\/sr7-txt>\n\t\t\t\t\t\t\t<a id=\"SR7_4_2-52-21\" class=\"sr7-layer\" href=\"https:\/\/ebanti.com\/sites\/tatikwari\/info\/#\" target=\"_self\">PARTICIPAR<\/a>\n\t\t\t\t\t\t\t<sr7-txt id=\"SR7_4_2-52-33\" class=\"sr7-layer\"><i class=\"fa fa-reply-all\" aria-hidden=\"true\"><\/i> VOLVER<\/sr7-txt>\n\t\t\t\t\t\t<\/sr7-slide>\n\t\t\t\t\t\t<sr7-slide id=\"SR7_4_2-53\" data-key=\"53\">\n\t\t\t\t\t\t\t<sr7-txt id=\"SR7_4_2-53-5\" class=\"sr7-layer\"><i class=\"material-icons\">close<\/i><\/sr7-txt>\n\t\t\t\t\t\t\t<sr7-txt id=\"SR7_4_2-53-8\" class=\"sr7-layer\">Reconocemos que el Fuego tiene coraz\u00f3n, energ\u00eda propia y \u00e9l o ella nos dir\u00e1 si veremos el futuro, presente o pasado. Todo con el proceso de ofrenda, portal para el Sol, la Luna y las estrellas.<\/sr7-txt>\n\t\t\t\t\t\t\t<sr7-txt id=\"SR7_4_2-53-9\" class=\"sr7-layer\">Ceremonia de  fuego<\/sr7-txt>\n\t\t\t\t\t\t\t<a id=\"SR7_4_2-53-21\" class=\"sr7-layer\" href=\"https:\/\/ebanti.com\/sites\/tatikwari\/info\/#\" target=\"_self\">PARTICIPAR<\/a>\n\t\t\t\t\t\t\t<sr7-txt id=\"SR7_4_2-53-33\" class=\"sr7-layer\"><i class=\"fa fa-reply-all\" aria-hidden=\"true\"><\/i> VOLVER<\/sr7-txt>\n\t\t\t\t\t\t<\/sr7-slide>\n\t\t\t\t\t\t<sr7-slide id=\"SR7_4_2-54\" data-key=\"54\">\n\t\t\t\t\t\t\t<sr7-txt id=\"SR7_4_2-54-5\" class=\"sr7-layer\"><i class=\"material-icons\">close<\/i><\/sr7-txt>\n\t\t\t\t\t\t\t<sr7-txt id=\"SR7_4_2-54-8\" class=\"sr7-layer\">Agua nos dice c\u00f3mo trabajar y nuestra forma de recibir las ense\u00f1anzas son fluidas. Reconocemos que Agua tiene memoria propia y se comunica con la reconfiguraci\u00f3n para hacer los caminos de nuestra vida para el bien com\u00fan.<\/sr7-txt>\n\t\t\t\t\t\t\t<sr7-txt id=\"SR7_4_2-54-9\" class=\"sr7-layer\">Ceremonia de Agua<\/sr7-txt>\n\t\t\t\t\t\t\t<a id=\"SR7_4_2-54-21\" class=\"sr7-layer\" href=\"https:\/\/ebanti.com\/sites\/tatikwari\/info\/#\" target=\"_self\">PARTICIPAR<\/a>\n\t\t\t\t\t\t\t<sr7-txt id=\"SR7_4_2-54-33\" class=\"sr7-layer\"><i class=\"fa fa-reply-all\" aria-hidden=\"true\"><\/i> VOLVER<\/sr7-txt>\n\t\t\t\t\t\t<\/sr7-slide>\n\t\t\t\t\t\t<sr7-slide id=\"SR7_4_2-28\" data-key=\"28\">\n\t\t\t\t\t\t<\/sr7-slide>\n\t\t\t\t\t<\/sr7-content>\n\t\t\t\t\t<image_lists style=\"display:none\">\n\t\t\t\t\t\t<img data-src=\"\/\/ebanti.com\/sites\/tatikwari\/wp-content\/uploads\/sites\/2\/2024\/05\/ISOTIPO-BLANCO.png\" data-libid=\"40\" data-lib=\"medialibrary\" title=\"ISOTIPO BLANCO\" width=\"0\" height=\"0\" data-dbsrc=\"Ly9lYmFudGkuY29tL3NpdGVzL3RhdGlrd2FyaS93cC1jb250ZW50L3VwbG9hZHMvc2l0ZXMvMi8yMDI0LzA1L0lTT1RJUE8tQkxBTkNPLnBuZw==\"\/>\n\t\t\t\t\t\t<img data-src=\"\/\/ebanti.com\/sites\/tatikwari\/wp-content\/uploads\/sites\/2\/2024\/05\/ISOTIPO.png\" data-libid=\"43\" data-lib=\"medialibrary\" title=\"ISOTIPO\" width=\"0\" height=\"0\" data-dbsrc=\"Ly9lYmFudGkuY29tL3NpdGVzL3RhdGlrd2FyaS93cC1jb250ZW50L3VwbG9hZHMvc2l0ZXMvMi8yMDI0LzA1L0lTT1RJUE8ucG5n\"\/>\n\t\t\t\t\t\t<img data-src=\"\/\/ebanti.com\/sites\/tatikwari\/wp-content\/uploads\/sites\/2\/2024\/05\/ISOTIPO2.png\" data-libid=\"42\" data-lib=\"medialibrary\" title=\"ISOTIPO(2)\" width=\"0\" height=\"0\" data-dbsrc=\"Ly9lYmFudGkuY29tL3NpdGVzL3RhdGlrd2FyaS93cC1jb250ZW50L3VwbG9hZHMvc2l0ZXMvMi8yMDI0LzA1L0lTT1RJUE8yLnBuZw==\"\/>\n\t\t\t\t\t\t<img data-src=\"\/\/ebanti.com\/sites\/tatikwari\/wp-content\/uploads\/sites\/2\/2024\/05\/ceremonia-fuego-scaled.jpg\" data-libid=\"98\" title=\"ceremonia-fuego\" width=\"0\" height=\"0\" data-dbsrc=\"Ly9lYmFudGkuY29tL3NpdGVzL3RhdGlrd2FyaS93cC1jb250ZW50L3VwbG9hZHMvc2l0ZXMvMi8yMDI0LzA1L2NlcmVtb25pYS1mdWVnby1zY2FsZWQuanBn\"\/>\n\t\t\t\t\t\t<img data-src=\"\/\/ebanti.com\/sites\/tatikwari\/wp-content\/uploads\/sites\/2\/2024\/05\/ceremonia-cacao.jpg\" data-libid=\"96\" title=\"ceremonia-cacao\" width=\"0\" height=\"0\" data-dbsrc=\"Ly9lYmFudGkuY29tL3NpdGVzL3RhdGlrd2FyaS93cC1jb250ZW50L3VwbG9hZHMvc2l0ZXMvMi8yMDI0LzA1L2NlcmVtb25pYS1jYWNhby5qcGc=\"\/>\n\t\t\t\t\t\t<img data-src=\"\/\/ebanti.com\/sites\/tatikwari\/wp-content\/uploads\/sites\/2\/2024\/05\/ceremonia-agua.jpg\" data-libid=\"95\" title=\"ceremonia-agua\" width=\"0\" height=\"0\" data-dbsrc=\"Ly9lYmFudGkuY29tL3NpdGVzL3RhdGlrd2FyaS93cC1jb250ZW50L3VwbG9hZHMvc2l0ZXMvMi8yMDI0LzA1L2NlcmVtb25pYS1hZ3VhLmpwZw==\"\/>\n\t\t\t\t\t\t<img data-src=\"\/\/ebanti.com\/sites\/tatikwari\/wp-content\/uploads\/sites\/2\/2024\/05\/OPCIONAL.png\" data-libid=\"54\" data-lib=\"medialibrary\" title=\"OPCIONAL\" width=\"0\" height=\"0\" data-dbsrc=\"Ly9lYmFudGkuY29tL3NpdGVzL3RhdGlrd2FyaS93cC1jb250ZW50L3VwbG9hZHMvc2l0ZXMvMi8yMDI0LzA1L09QQ0lPTkFMLnBuZw==\"\/>\n\t\t\t\t\t<\/image_lists>\n\t\t\t\t<\/sr7-module>\n\t\t\t\t<script>\n\t\t\t\t\tSR7.PMH ??={}; SR7.PMH[\"SR7_4_2\"] = {cn:0,state:false,fn: function() { if (_tpt!==undefined && _tpt.prepareModuleHeight !== undefined) {  _tpt.prepareModuleHeight({id:\"SR7_4_2\",el:[700,700,700,700,1285.99],type:'standard',shdw:'0',gh:[700,700,700,700,800],gw:[1700,1700,1700,1700,480],vpt:['100px&#039;,&#039;100px&#039;,&#039;100px&#039;,&#039;100px&#039;,&#039;100px'],size:{fullWidth:true, fullHeight:false},mh:'0',onh:0,onw:0,bg:{color:'{\"type\":\"solid\",\"orig\":\"#d4d9db\",\"string\":\"rgba(212, 217, 219, 1)\"}'}});   SR7.PMH[\"SR7_4_2\"].state=true;} else if((SR7.PMH[\"SR7_4_2\"].cn++)<100)\tsetTimeout( SR7.PMH[\"SR7_4_2\"].fn,19);}};SR7.PMH[\"SR7_4_2\" ].fn();\n\t\t\t\t<\/script>\n<\/div>\n<\/div>\n\n\n\n<div id=\"b2\" class=\"wp-block-group is-nowrap is-layout-flex wp-container-core-group-is-layout-8491dff0 wp-block-group-is-layout-flex\" style=\"margin-top:0;margin-bottom:0;padding-top:0;padding-bottom:0\">\n<div class=\"wp-block-themepunch-revslider revslider\" data-modal=\"false\" data-slidertitle=\"Ceremonias 4 bloques\" style=\"\">\n\t\t\t\t<p class=\"rs-p-wp-fix\"><\/p>\n\t\t\t\t<sr7-module data-alias=\"ceremoniass-de-casa-tatikawari-1\" data-id=\"9\" id=\"SR7_9_3\" class=\"rs-respect-topbar rs-ov-hidden\" data-version=\"6.7.13\">\n\t\t\t\t\t<sr7-adjuster><\/sr7-adjuster>\n\t\t\t\t\t<sr7-content>\n\t\t\t\t\t\t<sr7-slide id=\"SR7_9_3-55\" data-key=\"55\">\n\t\t\t\t\t\t\t<sr7-txt id=\"SR7_9_3-55-15\" class=\"sr7-layer\">Ceremonia de<\/sr7-txt>\n\t\t\t\t\t\t\t<sr7-txt id=\"SR7_9_3-55-19\" class=\"sr7-layer\">LUNA NUEVA<\/sr7-txt>\n\t\t\t\t\t\t\t<sr7-txt id=\"SR7_9_3-55-23\" class=\"sr7-layer\"><i class=\"material-icons\">touch_app<\/i><\/sr7-txt>\n\t\t\t\t\t\t\t<sr7-txt id=\"SR7_9_3-55-31\" class=\"sr7-layer\">Ceremonia de<\/sr7-txt>\n\t\t\t\t\t\t\t<sr7-txt id=\"SR7_9_3-55-35\" class=\"sr7-layer\">Ceremonia de<\/sr7-txt>\n\t\t\t\t\t\t\t<sr7-txt id=\"SR7_9_3-55-36\" class=\"sr7-layer\">LUNA LLENA<\/sr7-txt>\n\t\t\t\t\t\t\t<sr7-txt id=\"SR7_9_3-55-39\" class=\"sr7-layer\">UNI\u00d3N<\/sr7-txt>\n\t\t\t\t\t\t\t<sr7-txt id=\"SR7_9_3-55-42\" class=\"sr7-layer\"><i class=\"material-icons\">touch_app<\/i><\/sr7-txt>\n\t\t\t\t\t\t\t<sr7-txt id=\"SR7_9_3-55-45\" class=\"sr7-layer\"><i class=\"material-icons\">touch_app<\/i><\/sr7-txt>\n\t\t\t\t\t\t\t<sr7-txt id=\"SR7_9_3-55-48\" class=\"sr7-layer\">Ceremonia de<\/sr7-txt>\n\t\t\t\t\t\t\t<sr7-txt id=\"SR7_9_3-55-49\" class=\"sr7-layer\">CUMPLEA\u00d1OS<\/sr7-txt>\n\t\t\t\t\t\t\t<sr7-txt id=\"SR7_9_3-55-52\" class=\"sr7-layer\"><i class=\"material-icons\">touch_app<\/i><\/sr7-txt>\n\t\t\t\t\t\t<\/sr7-slide>\n\t\t\t\t\t\t<sr7-slide id=\"SR7_9_3-58\" data-key=\"58\">\n\t\t\t\t\t\t\t<sr7-txt id=\"SR7_9_3-58-5\" class=\"sr7-layer\"><i class=\"material-icons\">close<\/i><\/sr7-txt>\n\t\t\t\t\t\t\t<sr7-txt id=\"SR7_9_3-58-8\" class=\"sr7-layer\">Quienes se han iniciado en el retiro Cero Maya o con Daniel Stone, pueden seguir integrando sus experiencias mediante el acceso a la inteligencia cristalina que guarda todo en la nada con esta ceremonia que requiere posteriormente dormir en Casa TatiKwari para so\u00f1ar y compartir.<\/sr7-txt>\n\t\t\t\t\t\t\t<sr7-txt id=\"SR7_9_3-58-9\" class=\"sr7-layer\">Ceremonia de Luna Nueva<\/sr7-txt>\n\t\t\t\t\t\t\t<a id=\"SR7_9_3-58-21\" class=\"sr7-layer\" href=\"https:\/\/ebanti.com\/sites\/tatikwari\/info\/#\" target=\"_self\">PARTICIPAR<\/a>\n\t\t\t\t\t\t\t<sr7-txt id=\"SR7_9_3-58-33\" class=\"sr7-layer\"><i class=\"fa fa-reply-all\" aria-hidden=\"true\"><\/i> VOLVER<\/sr7-txt>\n\t\t\t\t\t\t<\/sr7-slide>\n\t\t\t\t\t\t<sr7-slide id=\"SR7_9_3-73\" data-key=\"73\">\n\t\t\t\t\t\t\t<sr7-txt id=\"SR7_9_3-73-5\" class=\"sr7-layer\"><i class=\"material-icons\">close<\/i><\/sr7-txt>\n\t\t\t\t\t\t\t<sr7-txt id=\"SR7_9_3-73-8\" class=\"sr7-layer\">Exclusivo para energ\u00edas femeninas que sientan el llamado de liberar las ataduras de linajes mediante las ceremonias y rituales que conllevan las se\u00f1ales del \u201ccamino a casa\u201d y la pacificaci\u00f3n de energ\u00edas expresadas en la creaci\u00f3n de escobas como herramientas de sanaci\u00f3n energ\u00e9tica.<\/sr7-txt>\n\t\t\t\t\t\t\t<sr7-txt id=\"SR7_9_3-73-9\" class=\"sr7-layer\">Ceremonia de Luna Llena<\/sr7-txt>\n\t\t\t\t\t\t\t<a id=\"SR7_9_3-73-21\" class=\"sr7-layer\" href=\"https:\/\/ebanti.com\/sites\/tatikwari\/info\/#\" target=\"_self\">PARTICIPAR<\/a>\n\t\t\t\t\t\t\t<sr7-txt id=\"SR7_9_3-73-33\" class=\"sr7-layer\"><i class=\"fa fa-reply-all\" aria-hidden=\"true\"><\/i> VOLVER<\/sr7-txt>\n\t\t\t\t\t\t<\/sr7-slide>\n\t\t\t\t\t\t<sr7-slide id=\"SR7_9_3-74\" data-key=\"74\">\n\t\t\t\t\t\t\t<sr7-txt id=\"SR7_9_3-74-5\" class=\"sr7-layer\"><i class=\"material-icons\">close<\/i><\/sr7-txt>\n\t\t\t\t\t\t\t<sr7-txt id=\"SR7_9_3-74-8\" class=\"sr7-layer\">Es la formalizaci\u00f3n de una relaci\u00f3n ante el universo en amor. Llamando a las energ\u00edas para equilibrar los espacios de transformaci\u00f3n necesarias en una pareja <B>(Boda Cham\u00e1nica)<\/B>.<\/sr7-txt>\n\t\t\t\t\t\t\t<sr7-txt id=\"SR7_9_3-74-9\" class=\"sr7-layer\">Ceremonia <br \/>\nde UNI\u00d3N<\/sr7-txt>\n\t\t\t\t\t\t\t<a id=\"SR7_9_3-74-21\" class=\"sr7-layer\" href=\"https:\/\/ebanti.com\/sites\/tatikwari\/info\/#\" target=\"_self\">PARTICIPAR<\/a>\n\t\t\t\t\t\t\t<sr7-txt id=\"SR7_9_3-74-33\" class=\"sr7-layer\"><i class=\"fa fa-reply-all\" aria-hidden=\"true\"><\/i> VOLVER<\/sr7-txt>\n\t\t\t\t\t\t<\/sr7-slide>\n\t\t\t\t\t\t<sr7-slide id=\"SR7_9_3-75\" data-key=\"75\">\n\t\t\t\t\t\t\t<sr7-txt id=\"SR7_9_3-75-5\" class=\"sr7-layer\"><i class=\"material-icons\">close<\/i><\/sr7-txt>\n\t\t\t\t\t\t\t<sr7-txt id=\"SR7_9_3-75-8\" class=\"sr7-layer\">Generamos espacios de armon\u00eda y amor para que la celebraci\u00f3n sea eterna y sin resacas de ning\u00fan tipo. Tenemos mucho que ofrecer para elegir como temazcales, ceremonias, buffets, terapias, m\u00fasica medicina y lo que sue\u00f1es para elevar tu vibraci\u00f3n.<\/sr7-txt>\n\t\t\t\t\t\t\t<sr7-txt id=\"SR7_9_3-75-9\" class=\"sr7-layer\">Ceremonia de<br \/>\ncumplea\u00f1os<\/sr7-txt>\n\t\t\t\t\t\t\t<a id=\"SR7_9_3-75-21\" class=\"sr7-layer\" href=\"https:\/\/ebanti.com\/sites\/tatikwari\/info\/#\" target=\"_self\">PARTICIPAR<\/a>\n\t\t\t\t\t\t\t<sr7-txt id=\"SR7_9_3-75-33\" class=\"sr7-layer\"><i class=\"fa fa-reply-all\" aria-hidden=\"true\"><\/i> VOLVER<\/sr7-txt>\n\t\t\t\t\t\t<\/sr7-slide>\n\t\t\t\t\t\t<sr7-slide id=\"SR7_9_3-59\" data-key=\"59\">\n\t\t\t\t\t\t<\/sr7-slide>\n\t\t\t\t\t<\/sr7-content>\n\t\t\t\t\t<image_lists style=\"display:none\">\n\t\t\t\t\t\t<img data-src=\"\/\/ebanti.com\/sites\/tatikwari\/wp-content\/uploads\/sites\/2\/2024\/05\/ISOTIPO2.png\" data-libid=\"42\" data-lib=\"medialibrary\" title=\"ISOTIPO(2)\" width=\"0\" height=\"0\" data-dbsrc=\"Ly9lYmFudGkuY29tL3NpdGVzL3RhdGlrd2FyaS93cC1jb250ZW50L3VwbG9hZHMvc2l0ZXMvMi8yMDI0LzA1L0lTT1RJUE8yLnBuZw==\"\/>\n\t\t\t\t\t\t<img data-src=\"\/\/ebanti.com\/sites\/tatikwari\/wp-content\/uploads\/sites\/2\/2024\/05\/luna-nueva.jpg\" data-libid=\"129\" title=\"luna nueva\" width=\"0\" height=\"0\" data-dbsrc=\"Ly9lYmFudGkuY29tL3NpdGVzL3RhdGlrd2FyaS93cC1jb250ZW50L3VwbG9hZHMvc2l0ZXMvMi8yMDI0LzA1L2x1bmEtbnVldmEuanBn\"\/>\n\t\t\t\t\t\t<img data-src=\"\/\/ebanti.com\/sites\/tatikwari\/wp-content\/uploads\/sites\/2\/2024\/05\/ISOTIPO-BLANCO.png\" data-libid=\"40\" data-lib=\"medialibrary\" title=\"ISOTIPO BLANCO\" width=\"0\" height=\"0\" data-dbsrc=\"Ly9lYmFudGkuY29tL3NpdGVzL3RhdGlrd2FyaS93cC1jb250ZW50L3VwbG9hZHMvc2l0ZXMvMi8yMDI0LzA1L0lTT1RJUE8tQkxBTkNPLnBuZw==\"\/>\n\t\t\t\t\t\t<img data-src=\"\/\/ebanti.com\/sites\/tatikwari\/wp-content\/uploads\/sites\/2\/2024\/05\/ceremonia-luna-llena.jpg\" data-libid=\"99\" title=\"ceremonia-luna-llena\" width=\"0\" height=\"0\" data-dbsrc=\"Ly9lYmFudGkuY29tL3NpdGVzL3RhdGlrd2FyaS93cC1jb250ZW50L3VwbG9hZHMvc2l0ZXMvMi8yMDI0LzA1L2NlcmVtb25pYS1sdW5hLWxsZW5hLmpwZw==\"\/>\n\t\t\t\t\t\t<img data-src=\"\/\/ebanti.com\/sites\/tatikwari\/wp-content\/uploads\/sites\/2\/2024\/05\/ceremonia-union.jpg\" data-libid=\"103\" title=\"ceremonia-union\" width=\"0\" height=\"0\" data-dbsrc=\"Ly9lYmFudGkuY29tL3NpdGVzL3RhdGlrd2FyaS93cC1jb250ZW50L3VwbG9hZHMvc2l0ZXMvMi8yMDI0LzA1L2NlcmVtb25pYS11bmlvbi5qcGc=\"\/>\n\t\t\t\t\t\t<img data-src=\"\/\/ebanti.com\/sites\/tatikwari\/wp-content\/uploads\/sites\/2\/2024\/05\/ceremonia-cumpleanos.jpg\" data-libid=\"107\" title=\"ceremonia-cumplea\u00f1os\" width=\"0\" height=\"0\" data-dbsrc=\"Ly9lYmFudGkuY29tL3NpdGVzL3RhdGlrd2FyaS93cC1jb250ZW50L3VwbG9hZHMvc2l0ZXMvMi8yMDI0LzA1L2NlcmVtb25pYS1jdW1wbGVhbm9zLmpwZw==\"\/>\n\t\t\t\t\t\t<img data-src=\"\/\/ebanti.com\/sites\/tatikwari\/wp-content\/uploads\/sites\/2\/2024\/05\/OPCIONAL.png\" data-libid=\"54\" data-lib=\"medialibrary\" title=\"OPCIONAL\" width=\"0\" height=\"0\" data-dbsrc=\"Ly9lYmFudGkuY29tL3NpdGVzL3RhdGlrd2FyaS93cC1jb250ZW50L3VwbG9hZHMvc2l0ZXMvMi8yMDI0LzA1L09QQ0lPTkFMLnBuZw==\"\/>\n\t\t\t\t\t<\/image_lists>\n\t\t\t\t<\/sr7-module>\n\t\t\t\t<script>\n\t\t\t\t\tSR7.PMH ??={}; SR7.PMH[\"SR7_9_3\"] = {cn:0,state:false,fn: function() { if (_tpt!==undefined && _tpt.prepareModuleHeight !== undefined) {  _tpt.prepareModuleHeight({id:\"SR7_9_3\",el:[700,700,700,700,1315.99],type:'standard',shdw:'0',gh:[700,700,700,700,800],gw:[1700,1700,1700,1700,480],vpt:['100px&#039;,&#039;100px&#039;,&#039;100px&#039;,&#039;100px&#039;,&#039;100px'],size:{fullWidth:true, fullHeight:false},mh:'0',onh:0,onw:0,bg:{color:'{\"type\":\"solid\",\"orig\":\"#d4d9db\",\"string\":\"rgba(212, 217, 219, 1)\"}'}});   SR7.PMH[\"SR7_9_3\"].state=true;} else if((SR7.PMH[\"SR7_9_3\"].cn++)<100)\tsetTimeout( SR7.PMH[\"SR7_9_3\"].fn,19);}};SR7.PMH[\"SR7_9_3\" ].fn();\n\t\t\t\t<\/script>\n<\/div>\n<\/div>\n","protected":false},"excerpt":{"rendered":"","protected":false},"author":1,"featured_media":0,"parent":0,"menu_order":0,"comment_status":"closed","ping_status":"closed","template":"page-without-title","meta":{"inline_featured_image":false,"footnotes":""},"class_list":["post-83","page","type-page","status-publish","hentry"],"_links":{"self":[{"href":"https:\/\/ebanti.com\/sites\/tatikwari\/wp-json\/wp\/v2\/pages\/83","targetHints":{"allow":["GET"]}}],"collection":[{"href":"https:\/\/ebanti.com\/sites\/tatikwari\/wp-json\/wp\/v2\/pages"}],"about":[{"href":"https:\/\/ebanti.com\/sites\/tatikwari\/wp-json\/wp\/v2\/types\/page"}],"author":[{"embeddable":true,"href":"https:\/\/ebanti.com\/sites\/tatikwari\/wp-json\/wp\/v2\/users\/1"}],"replies":[{"embeddable":true,"href":"https:\/\/ebanti.com\/sites\/tatikwari\/wp-json\/wp\/v2\/comments?post=83"}],"version-history":[{"count":20,"href":"https:\/\/ebanti.com\/sites\/tatikwari\/wp-json\/wp\/v2\/pages\/83\/revisions"}],"predecessor-version":[{"id":688,"href":"https:\/\/ebanti.com\/sites\/tatikwari\/wp-json\/wp\/v2\/pages\/83\/revisions\/688"}],"wp:attachment":[{"href":"https:\/\/ebanti.com\/sites\/tatikwari\/wp-json\/wp\/v2\/media?parent=83"}],"curies":[{"name":"wp","href":"https:\/\/api.w.org\/{rel}","templated":true}]}}