{"id":426,"date":"2024-05-30T05:13:53","date_gmt":"2024-05-30T03:13:53","guid":{"rendered":"https:\/\/ebanti.com\/sites\/tatikwari\/?page_id=426"},"modified":"2026-02-11T02:31:25","modified_gmt":"2026-02-11T01:31:25","slug":"agenda","status":"publish","type":"page","link":"https:\/\/ebanti.com\/sites\/tatikwari\/agenda\/","title":{"rendered":"Agenda &#8211; Actividades"},"content":{"rendered":"\n<div class=\"wp-block-group alignwide has-midground-alt-2-background-color has-background is-layout-flow wp-block-group-is-layout-flow\" style=\"border-radius:10px;padding-top:var(--wp--preset--spacing--30);padding-right:var(--wp--preset--spacing--20);padding-bottom:var(--wp--preset--spacing--30);padding-left:var(--wp--preset--spacing--20)\">\n<div class=\"wp-block-columns is-layout-flex wp-container-core-columns-is-layout-671d0057 wp-block-columns-is-layout-flex\">\n<div class=\"wp-block-column is-layout-flow wp-block-column-is-layout-flow\" style=\"flex-basis:15%\"><\/div>\n\n\n\n<div class=\"wp-block-column is-vertically-aligned-center is-layout-flow wp-block-column-is-layout-flow\" style=\"flex-basis:12%\">\n<figure class=\"wp-block-image size-full has-custom-border lemmony-animation\" style=\"--lemmony-animation-name:lemmonyFadeIn\"><img loading=\"lazy\" decoding=\"async\" width=\"1062\" height=\"581\" src=\"https:\/\/ebanti.com\/sites\/tatikwari\/wp-content\/uploads\/sites\/2\/2024\/06\/Presentacion.jpg\" alt=\"\" class=\"wp-image-708\" style=\"border-radius:24px\" srcset=\"https:\/\/ebanti.com\/sites\/tatikwari\/wp-content\/uploads\/sites\/2\/2024\/06\/Presentacion.jpg 1062w, https:\/\/ebanti.com\/sites\/tatikwari\/wp-content\/uploads\/sites\/2\/2024\/06\/Presentacion-300x164.jpg 300w, https:\/\/ebanti.com\/sites\/tatikwari\/wp-content\/uploads\/sites\/2\/2024\/06\/Presentacion-1024x560.jpg 1024w, https:\/\/ebanti.com\/sites\/tatikwari\/wp-content\/uploads\/sites\/2\/2024\/06\/Presentacion-768x420.jpg 768w\" sizes=\"auto, (max-width: 1062px) 100vw, 1062px\" \/><\/figure>\n<\/div>\n\n\n\n<div class=\"wp-block-column is-layout-flow wp-container-core-column-is-layout-e3d1c41b wp-block-column-is-layout-flow\">\n<div class=\"wp-block-columns are-vertically-aligned-center is-layout-flex wp-container-core-columns-is-layout-87beb0d0 wp-block-columns-is-layout-flex\">\n<div class=\"wp-block-column is-vertically-aligned-center is-layout-flow wp-container-core-column-is-layout-4d123836 wp-block-column-is-layout-flow\" style=\"padding-right:var(--wp--preset--spacing--20);padding-left:var(--wp--preset--spacing--20);flex-basis:100%\">\n<h2 class=\"wp-block-heading has-medium-plus-font-size\" style=\"line-height:0.9\">Ceremonia de Temazcal &#8211; TODOS los Domingos 11:00 hrs.<\/h2>\n\n\n\n<div class=\"wp-block-group has-global-padding is-layout-constrained wp-container-core-group-is-layout-86fab45e wp-block-group-is-layout-constrained\" style=\"padding-right:0px;padding-left:0px\">\n<p>Conecta profundamente con los 4 elementos en esta ceremonia de temazcal. Trae tus ofrendas y frutas para compartir, y forma parte de este momento sagrado.<br><strong>Duraci\u00f3n:<\/strong> de 2 a 4 horas.<br>M\u00e1ximo 12 personas.<\/p>\n<\/div>\n<\/div>\n<\/div>\n<\/div>\n\n\n\n<div class=\"wp-block-column is-layout-flow wp-block-column-is-layout-flow\" style=\"flex-basis:15%\"><\/div>\n<\/div>\n<\/div>\n\n\n\n<div class=\"wp-block-group alignwide has-midground-alt-2-background-color has-background is-layout-flow wp-block-group-is-layout-flow\" style=\"border-radius:10px;padding-top:var(--wp--preset--spacing--30);padding-right:var(--wp--preset--spacing--20);padding-bottom:var(--wp--preset--spacing--30);padding-left:var(--wp--preset--spacing--20)\">\n<div class=\"wp-block-columns is-layout-flex wp-container-core-columns-is-layout-671d0057 wp-block-columns-is-layout-flex\">\n<div class=\"wp-block-column is-layout-flow wp-block-column-is-layout-flow\" style=\"flex-basis:15%\"><\/div>\n\n\n\n<div class=\"wp-block-column is-vertically-aligned-center is-layout-flow wp-block-column-is-layout-flow\" style=\"flex-basis:12%\">\n<figure class=\"wp-block-image size-full\"><img loading=\"lazy\" decoding=\"async\" width=\"540\" height=\"675\" src=\"https:\/\/ebanti.com\/sites\/tatikwari\/wp-content\/uploads\/sites\/2\/2024\/09\/356cae00-3eab-4d1a-aed6-28495b2314a9.jpeg\" alt=\"\" class=\"wp-image-796\" srcset=\"https:\/\/ebanti.com\/sites\/tatikwari\/wp-content\/uploads\/sites\/2\/2024\/09\/356cae00-3eab-4d1a-aed6-28495b2314a9.jpeg 540w, https:\/\/ebanti.com\/sites\/tatikwari\/wp-content\/uploads\/sites\/2\/2024\/09\/356cae00-3eab-4d1a-aed6-28495b2314a9-240x300.jpeg 240w\" sizes=\"auto, (max-width: 540px) 100vw, 540px\" \/><\/figure>\n\n\n\n<figure class=\"wp-block-image size-full\"><img loading=\"lazy\" decoding=\"async\" width=\"540\" height=\"675\" src=\"https:\/\/ebanti.com\/sites\/tatikwari\/wp-content\/uploads\/sites\/2\/2024\/09\/2b664fc6-0678-4a62-a48b-f29e30926975.jpeg\" alt=\"\" class=\"wp-image-795\" srcset=\"https:\/\/ebanti.com\/sites\/tatikwari\/wp-content\/uploads\/sites\/2\/2024\/09\/2b664fc6-0678-4a62-a48b-f29e30926975.jpeg 540w, https:\/\/ebanti.com\/sites\/tatikwari\/wp-content\/uploads\/sites\/2\/2024\/09\/2b664fc6-0678-4a62-a48b-f29e30926975-240x300.jpeg 240w\" sizes=\"auto, (max-width: 540px) 100vw, 540px\" \/><\/figure>\n<\/div>\n\n\n\n<div class=\"wp-block-column is-layout-flow wp-container-core-column-is-layout-e3d1c41b wp-block-column-is-layout-flow\">\n<div class=\"wp-block-columns are-vertically-aligned-center is-layout-flex wp-container-core-columns-is-layout-87beb0d0 wp-block-columns-is-layout-flex\">\n<div class=\"wp-block-column is-vertically-aligned-center is-layout-flow wp-container-core-column-is-layout-4d123836 wp-block-column-is-layout-flow\" style=\"padding-right:var(--wp--preset--spacing--20);padding-left:var(--wp--preset--spacing--20);flex-basis:100%\">\n<h2 class=\"wp-block-heading has-medium-plus-font-size\" style=\"line-height:0.9\">Retiros<\/h2>\n\n\n\n<h2 class=\"wp-block-heading has-medium-plus-font-size\" style=\"line-height:0.9\">Iniciaci\u00f3n cham\u00e1nica intuitiva.<\/h2>\n\n\n\n<div class=\"wp-block-group has-global-padding is-layout-constrained wp-container-core-group-is-layout-86fab45e wp-block-group-is-layout-constrained\" style=\"padding-right:0px;padding-left:0px\">\n<p>Retiro Iniciaci\u00f3n cham\u00e1nica intuitiva<\/p>\n\n\n\n<p>En este retiro podr\u00e1s extender tu cuerpo f\u00edsico para comunicarte con otras energ\u00edas, extendiendo a otros tiempos y espacios; clarificando tus ideas, tus decisiones, aumentando tu creatividad, tu intuici\u00f3n, creando una sabidur\u00eda interna profunda.<\/p>\n\n\n\n<p>Cuando abrimos este nivel de conciencia podemos despertar de este sue\u00f1o haciendo co creadores de nuestro propio sue\u00f1o.<\/p>\n\n\n\n<p>En este retiro aprender\u00e1s diferentes t\u00e9cnicas, meditaciones, rituales y ceremonias, de una manera clara y segura para abrirte poco a poco a la inteligencia cristalina. La sabidur\u00eda interna cristalina ADN.<\/p>\n\n\n\n<p><strong>Duraci\u00f3n<\/strong>: 4 d\u00edas de Retiro; con las condiciones para no tener distracciones de tel\u00e9fono e internet\u2026<br>Incluye hospedaje, alimentaci\u00f3n y todos los materiales para las actividades.<\/p>\n\n\n\n<hr class=\"wp-block-separator has-alpha-channel-opacity\" \/>\n\n\n\n<p><\/p>\n\n\n\n<p><\/p>\n\n\n\n<h1 class=\"wp-block-heading\">Intuitive Shamanic Initiation<\/h1>\n\n\n\n<p>In this retreat you will be able to extend your physical body to communicate with other energies, extending to other times and spaces; clarifying your ideas, your decisions, increasing your creativity, your intuition, creating a deep internal wisdom. <br>When we open this level of consciousness we can awaken from this dream by becoming co-creators of our own dream.<\/p>\n\n\n\n<p>In this retreat you will learn different techniques, meditations, rituals and ceremonies, in a clear and safe way to open yourself little by little to crystalline intelligence. The crystalline internal wisdom DNA.<\/p>\n\n\n\n<p>with the conditions to have no distractions from telephone and internet\u2026<br>Includes lodging, food and all materials for the activities.<br><strong>Duraci\u00f3n:<\/strong> 4 days of Retreat.<\/p>\n<\/div>\n<\/div>\n<\/div>\n<\/div>\n\n\n\n<div class=\"wp-block-column is-layout-flow wp-block-column-is-layout-flow\" style=\"flex-basis:15%\"><\/div>\n<\/div>\n<\/div>\n\n\n\n<div class=\"wp-block-group alignwide has-midground-alt-2-background-color has-background is-layout-flow wp-block-group-is-layout-flow\" style=\"border-radius:10px;padding-top:var(--wp--preset--spacing--30);padding-right:var(--wp--preset--spacing--20);padding-bottom:var(--wp--preset--spacing--30);padding-left:var(--wp--preset--spacing--20)\">\n<div class=\"wp-block-columns is-layout-flex wp-container-core-columns-is-layout-671d0057 wp-block-columns-is-layout-flex\">\n<div class=\"wp-block-column is-layout-flow wp-block-column-is-layout-flow\" style=\"flex-basis:15%\"><\/div>\n\n\n\n<div class=\"wp-block-column is-vertically-aligned-center is-layout-flow wp-block-column-is-layout-flow\" style=\"flex-basis:12%\">\n<figure class=\"wp-block-image size-full has-custom-border lemmony-animation\" style=\"--lemmony-animation-name:lemmonyFadeIn\"><img loading=\"lazy\" decoding=\"async\" width=\"480\" height=\"640\" src=\"https:\/\/ebanti.com\/sites\/tatikwari\/wp-content\/uploads\/sites\/2\/2024\/05\/terapia-womb-blessing.jpg\" alt=\"\" class=\"wp-image-166\" style=\"border-radius:24px\" srcset=\"https:\/\/ebanti.com\/sites\/tatikwari\/wp-content\/uploads\/sites\/2\/2024\/05\/terapia-womb-blessing.jpg 480w, https:\/\/ebanti.com\/sites\/tatikwari\/wp-content\/uploads\/sites\/2\/2024\/05\/terapia-womb-blessing-225x300.jpg 225w\" sizes=\"auto, (max-width: 480px) 100vw, 480px\" \/><\/figure>\n<\/div>\n\n\n\n<div class=\"wp-block-column is-layout-flow wp-container-core-column-is-layout-e3d1c41b wp-block-column-is-layout-flow\">\n<div class=\"wp-block-columns are-vertically-aligned-center is-layout-flex wp-container-core-columns-is-layout-87beb0d0 wp-block-columns-is-layout-flex\">\n<div class=\"wp-block-column is-vertically-aligned-center is-layout-flow wp-container-core-column-is-layout-4d123836 wp-block-column-is-layout-flow\" style=\"padding-right:var(--wp--preset--spacing--20);padding-left:var(--wp--preset--spacing--20);flex-basis:100%\">\n<h2 class=\"wp-block-heading has-medium-plus-font-size\" style=\"line-height:0.9\">Bendiciones y Sanaci\u00f3n de \u00fatero Todos los d\u00edas.<\/h2>\n\n\n\n<div class=\"wp-block-group has-global-padding is-layout-constrained wp-container-core-group-is-layout-86fab45e wp-block-group-is-layout-constrained\" style=\"padding-right:0px;padding-left:0px\">\n<p>Kali. Karla Castellanos, Moon Mother Nivel 2, te otorgar\u00e1 terapias con mucho amor en la Bendici\u00f3n y Sanaci\u00f3n del \u00datero, en sinton\u00eda de la energ\u00eda de la Luna Llena y la gu\u00eda de Miranda Grey. Todas las mujeres son bienvenidas.<\/p>\n\n\n\n<p>Bendici\u00f3n de \u00fatero<\/p>\n\n\n\n<p>Sanaci\u00f3n de \u00fatero<\/p>\n\n\n\n<p>Agenda tu cita.<\/p>\n<\/div>\n<\/div>\n<\/div>\n<\/div>\n\n\n\n<div class=\"wp-block-column is-layout-flow wp-block-column-is-layout-flow\" style=\"flex-basis:15%\"><\/div>\n<\/div>\n<\/div>\n\n\n\n<div class=\"wp-block-group alignwide has-midground-alt-2-background-color has-background is-layout-flow wp-block-group-is-layout-flow\" style=\"border-radius:10px;padding-top:var(--wp--preset--spacing--30);padding-right:var(--wp--preset--spacing--20);padding-bottom:var(--wp--preset--spacing--30);padding-left:var(--wp--preset--spacing--20)\">\n<div class=\"wp-block-columns is-layout-flex wp-container-core-columns-is-layout-671d0057 wp-block-columns-is-layout-flex\">\n<div class=\"wp-block-column is-layout-flow wp-block-column-is-layout-flow\" style=\"flex-basis:15%\"><\/div>\n\n\n\n<div class=\"wp-block-column is-vertically-aligned-center is-layout-flow wp-block-column-is-layout-flow\" style=\"flex-basis:12%\">\n<figure class=\"wp-block-image size-full has-custom-border lemmony-animation\" style=\"--lemmony-animation-name:lemmonyFadeIn\"><img loading=\"lazy\" decoding=\"async\" width=\"540\" height=\"675\" src=\"https:\/\/ebanti.com\/sites\/tatikwari\/wp-content\/uploads\/sites\/2\/2024\/07\/RETIROS-VERANOokk.png\" alt=\"\" class=\"wp-image-787\" style=\"border-radius:24px\" srcset=\"https:\/\/ebanti.com\/sites\/tatikwari\/wp-content\/uploads\/sites\/2\/2024\/07\/RETIROS-VERANOokk.png 540w, https:\/\/ebanti.com\/sites\/tatikwari\/wp-content\/uploads\/sites\/2\/2024\/07\/RETIROS-VERANOokk-240x300.png 240w\" sizes=\"auto, (max-width: 540px) 100vw, 540px\" \/><\/figure>\n<\/div>\n\n\n\n<div class=\"wp-block-column is-layout-flow wp-container-core-column-is-layout-e3d1c41b wp-block-column-is-layout-flow\">\n<div class=\"wp-block-columns are-vertically-aligned-center is-layout-flex wp-container-core-columns-is-layout-87beb0d0 wp-block-columns-is-layout-flex\">\n<div class=\"wp-block-column is-vertically-aligned-center is-layout-flow wp-container-core-column-is-layout-4d123836 wp-block-column-is-layout-flow\" style=\"padding-right:var(--wp--preset--spacing--20);padding-left:var(--wp--preset--spacing--20);flex-basis:100%\">\n<h2 class=\"wp-block-heading has-medium-plus-font-size\" style=\"line-height:0.9\">Retiros de Verano<\/h2>\n\n\n\n<div class=\"wp-block-group has-global-padding is-layout-constrained wp-container-core-group-is-layout-86fab45e wp-block-group-is-layout-constrained\" style=\"padding-right:0px;padding-left:0px\">\n<p>Retiros personalizados de acuerdo al proceso en el cual te encuentres, para aplicarlo a tu vida diaria. Incluyen sesiones, terapias, rituales, ceremonias; alimentaci\u00f3n y hospedaje.<\/p>\n\n\n\n<ul class=\"wp-block-list\">\n<li>Semana 1 <strong>iniciaci\u00f3n<\/strong>.<\/li>\n\n\n\n<li>Semana 2 <strong>desintoxicaci\u00f3n<\/strong><\/li>\n\n\n\n<li>Semana 3 <strong>integraci\u00f3n<\/strong>.<\/li>\n\n\n\n<li>Semana 4 <strong>manifestaci\u00f3n<\/strong>.<br><\/li>\n<\/ul>\n\n\n\n<p><\/p>\n\n\n\n<p>10 % descuento si participas dos semanas<\/p>\n\n\n\n<p>15 % descuento si participas tres semanas<\/p>\n\n\n\n<p>20 % descuento si participas cuatro semanas<\/p>\n\n\n\n<p><\/p>\n<\/div>\n<\/div>\n<\/div>\n<\/div>\n\n\n\n<div class=\"wp-block-column is-layout-flow wp-block-column-is-layout-flow\" style=\"flex-basis:15%\"><\/div>\n<\/div>\n<\/div>\n","protected":false},"excerpt":{"rendered":"<p>Ceremonia de Temazcal &#8211; TODOS los Domingos 11:00 hrs. Conecta profundamente con los 4 elementos en esta ceremonia de temazcal. Trae tus ofrendas y frutas para compartir, y forma parte de este momento sagrado.Duraci\u00f3n: de 2 a 4 horas.M\u00e1ximo 12 personas. Retiros Iniciaci\u00f3n cham\u00e1nica intuitiva. Retiro Iniciaci\u00f3n cham\u00e1nica intuitiva En este retiro podr\u00e1s extender tu [&hellip;]<\/p>\n","protected":false},"author":1,"featured_media":0,"parent":0,"menu_order":0,"comment_status":"closed","ping_status":"closed","template":"page-without-title","meta":{"inline_featured_image":false,"footnotes":""},"class_list":["post-426","page","type-page","status-publish","hentry"],"_links":{"self":[{"href":"https:\/\/ebanti.com\/sites\/tatikwari\/wp-json\/wp\/v2\/pages\/426","targetHints":{"allow":["GET"]}}],"collection":[{"href":"https:\/\/ebanti.com\/sites\/tatikwari\/wp-json\/wp\/v2\/pages"}],"about":[{"href":"https:\/\/ebanti.com\/sites\/tatikwari\/wp-json\/wp\/v2\/types\/page"}],"author":[{"embeddable":true,"href":"https:\/\/ebanti.com\/sites\/tatikwari\/wp-json\/wp\/v2\/users\/1"}],"replies":[{"embeddable":true,"href":"https:\/\/ebanti.com\/sites\/tatikwari\/wp-json\/wp\/v2\/comments?post=426"}],"version-history":[{"count":54,"href":"https:\/\/ebanti.com\/sites\/tatikwari\/wp-json\/wp\/v2\/pages\/426\/revisions"}],"predecessor-version":[{"id":815,"href":"https:\/\/ebanti.com\/sites\/tatikwari\/wp-json\/wp\/v2\/pages\/426\/revisions\/815"}],"wp:attachment":[{"href":"https:\/\/ebanti.com\/sites\/tatikwari\/wp-json\/wp\/v2\/media?parent=426"}],"curies":[{"name":"wp","href":"https:\/\/api.w.org\/{rel}","templated":true}]}}