{"id":200,"date":"2024-05-28T07:20:39","date_gmt":"2024-05-28T05:20:39","guid":{"rendered":"https:\/\/ebanti.com\/sites\/tatikwari\/?page_id=200"},"modified":"2024-06-06T09:46:30","modified_gmt":"2024-06-06T07:46:30","slug":"servicios","status":"publish","type":"page","link":"https:\/\/ebanti.com\/sites\/tatikwari\/servicios\/","title":{"rendered":"Servicios"},"content":{"rendered":"\n<div id=\"b3\" class=\"wp-block-group has-global-padding is-layout-constrained wp-block-group-is-layout-constrained\" style=\"margin-top:0;margin-bottom:0\">\n<div class=\"wp-block-themepunch-revslider revslider\" data-modal=\"false\" data-slidertitle=\"Renta de espacios\" style=\"\">\n\t\t\t\t<p class=\"rs-p-wp-fix\"><\/p>\n\t\t\t\t<sr7-module data-alias=\"Renta-de-espacios\" data-id=\"21\" id=\"SR7_21_1\" class=\"rs-respect-topbar rs-ov-hidden\" data-version=\"6.7.13\">\n\t\t\t\t\t<sr7-adjuster><\/sr7-adjuster>\n\t\t\t\t\t<sr7-content>\n\t\t\t\t\t\t<sr7-slide id=\"SR7_21_1-121\" data-key=\"121\">\n\t\t\t\t\t\t\t<sr7-txt id=\"SR7_21_1-121-3\" class=\"sr7-layer\">CONTACTAR<\/sr7-txt>\n\t\t\t\t\t\t\t<sr7-txt id=\"SR7_21_1-121-10\" class=\"sr7-layer\">HOSPEDAJE<br \/>\nEN DOMOS<\/sr7-txt>\n\t\t\t\t\t\t\t<sr7-txt id=\"SR7_21_1-121-11\" class=\"sr7-layer\">\u00bfFacilitas retiros o ceremonias? Si buscas un espacio adecuado para dirigir tu evento, estos servicios pueden interesarte. <\/sr7-txt>\n\t\t\t\t\t\t\t<sr7-txt id=\"SR7_21_1-121-12\" class=\"sr7-layer\">HABITACI\u00d3N  COMPARTIDA<\/sr7-txt>\n\t\t\t\t\t\t\t<sr7-txt id=\"SR7_21_1-121-17\" class=\"sr7-layer\">ESPACIO EN<br \/>\nEXTERIOR<\/sr7-txt>\n\t\t\t\t\t\t\t<sr7-txt id=\"SR7_21_1-121-37\" class=\"sr7-layer\">Espacio en <br \/>\nInterior<\/sr7-txt>\n\t\t\t\t\t\t\t<sr7-txt id=\"SR7_21_1-121-60\" class=\"sr7-layer\">Servicios y Espacios <br \/>\npara tus Retiros<\/sr7-txt>\n\t\t\t\t\t\t<\/sr7-slide>\n\t\t\t\t\t\t<sr7-slide id=\"SR7_21_1-126\" data-key=\"126\">\n\t\t\t\t\t\t<\/sr7-slide>\n\t\t\t\t\t<\/sr7-content>\n\t\t\t\t\t<image_lists style=\"display:none\">\n\t\t\t\t\t\t<img data-src=\"\/\/ebanti.com\/sites\/tatikwari\/wp-content\/uploads\/sites\/2\/2024\/05\/fa-Mediano.jpg\" data-libid=\"192\" title=\"fa (Mediano)\" width=\"0\" height=\"0\" data-dbsrc=\"Ly9lYmFudGkuY29tL3NpdGVzL3RhdGlrd2FyaS93cC1jb250ZW50L3VwbG9hZHMvc2l0ZXMvMi8yMDI0LzA1L2ZhLU1lZGlhbm8uanBn\"\/>\n\t\t\t\t\t\t<img data-src=\"\/\/ebanti.com\/sites\/tatikwari\/wp-content\/uploads\/sites\/2\/2024\/05\/espacio-exterior-Mediano.jpg\" data-libid=\"196\" title=\"espacio-exterior (Mediano)\" width=\"0\" height=\"0\" data-dbsrc=\"Ly9lYmFudGkuY29tL3NpdGVzL3RhdGlrd2FyaS93cC1jb250ZW50L3VwbG9hZHMvc2l0ZXMvMi8yMDI0LzA1L2VzcGFjaW8tZXh0ZXJpb3ItTWVkaWFuby5qcGc=\"\/>\n\t\t\t\t\t\t<img data-src=\"\/\/ebanti.com\/sites\/tatikwari\/wp-content\/uploads\/sites\/2\/2024\/05\/f2-Mediano.jpg\" data-libid=\"197\" title=\"f2 (Mediano)\" width=\"0\" height=\"0\" data-dbsrc=\"Ly9lYmFudGkuY29tL3NpdGVzL3RhdGlrd2FyaS93cC1jb250ZW50L3VwbG9hZHMvc2l0ZXMvMi8yMDI0LzA1L2YyLU1lZGlhbm8uanBn\"\/>\n\t\t\t\t\t\t<img data-src=\"\/\/ebanti.com\/sites\/tatikwari\/wp-content\/uploads\/sites\/2\/2024\/05\/ISOTIPO2.png\" data-libid=\"42\" data-lib=\"medialibrary\" title=\"ISOTIPO(2)\" width=\"0\" height=\"0\" data-dbsrc=\"Ly9lYmFudGkuY29tL3NpdGVzL3RhdGlrd2FyaS93cC1jb250ZW50L3VwbG9hZHMvc2l0ZXMvMi8yMDI0LzA1L0lTT1RJUE8yLnBuZw==\"\/>\n\t\t\t\t\t\t<img data-src=\"\/\/ebanti.com\/sites\/tatikwari\/wp-content\/uploads\/sites\/2\/2024\/05\/f1-Mediano.jpg\" data-libid=\"194\" title=\"f1 (Mediano)\" width=\"0\" height=\"0\" data-dbsrc=\"Ly9lYmFudGkuY29tL3NpdGVzL3RhdGlrd2FyaS93cC1jb250ZW50L3VwbG9hZHMvc2l0ZXMvMi8yMDI0LzA1L2YxLU1lZGlhbm8uanBn\"\/>\n\t\t\t\t\t<\/image_lists>\n\t\t\t\t<\/sr7-module>\n\t\t\t\t<script>\n\t\t\t\t\tSR7.PMH ??={}; SR7.PMH[\"SR7_21_1\"] = {cn:0,state:false,fn: function() { if (_tpt!==undefined && _tpt.prepareModuleHeight !== undefined) {  _tpt.prepareModuleHeight({id:\"SR7_21_1\",el:[702,702,908,908,1793],type:'hero',shdw:'0',gh:[700,700,800,800,700],gw:[1700,1700,1024,1024,480],vpt:['100px&#039;,&#039;100px&#039;,&#039;100px&#039;,&#039;100px&#039;,&#039;100px'],size:{fullWidth:true, fullHeight:false},mh:'0',onh:0,onw:0,bg:{color:'{\"type\":\"solid\",\"orig\":\"#d4d9db\",\"string\":\"rgba(212, 217, 219, 1)\"}'}});   SR7.PMH[\"SR7_21_1\"].state=true;} else if((SR7.PMH[\"SR7_21_1\"].cn++)<100)\tsetTimeout( SR7.PMH[\"SR7_21_1\"].fn,19);}};SR7.PMH[\"SR7_21_1\" ].fn();\n\t\t\t\t<\/script>\n<\/div>\n<\/div>\n\n\n\n<div id=\"b1\" class=\"wp-block-group has-global-padding is-layout-constrained wp-block-group-is-layout-constrained\" style=\"margin-top:0;margin-bottom:0\">\n<div class=\"wp-block-themepunch-revslider revslider\" data-modal=\"false\" data-slidertitle=\"Alimentos para retiros y ceremonia\" style=\"\">\n\t\t\t\t<p class=\"rs-p-wp-fix\"><\/p>\n\t\t\t\t<sr7-module data-alias=\"Alimentos-para-retiros-y-ceremonia\" data-id=\"22\" id=\"SR7_22_2\" class=\"rs-respect-topbar rs-ov-hidden\" data-version=\"6.7.13\">\n\t\t\t\t\t<sr7-adjuster><\/sr7-adjuster>\n\t\t\t\t\t<sr7-content>\n\t\t\t\t\t\t<sr7-slide id=\"SR7_22_2-128\" data-key=\"128\">\n\t\t\t\t\t\t\t<sr7-txt id=\"SR7_22_2-128-8\" class=\"sr7-layer\">\u00bfFacilitas retiros o ceremonias? Te ofrecemos un servicio de alimentaci\u00f3n dise\u00f1ado para tu evento. Tres comidas al d\u00eda y snacks intermedios, adaptados a las dietas de tus participantes para una experiencia integral.<\/sr7-txt>\n\t\t\t\t\t\t\t<sr7-txt id=\"SR7_22_2-128-9\" class=\"sr7-layer\">Alimentos para retiros y ceremonias<\/sr7-txt>\n\t\t\t\t\t\t\t<sr7-txt id=\"SR7_22_2-128-21\" class=\"sr7-layer\">CONTACTAR<\/sr7-txt>\n\t\t\t\t\t\t<\/sr7-slide>\n\t\t\t\t\t\t<sr7-slide id=\"SR7_22_2-130\" data-key=\"130\">\n\t\t\t\t\t\t<\/sr7-slide>\n\t\t\t\t\t<\/sr7-content>\n\t\t\t\t\t<image_lists style=\"display:none\">\n\t\t\t\t\t\t<img data-src=\"\/\/ebanti.com\/sites\/tatikwari\/wp-content\/uploads\/sites\/2\/2024\/05\/ISOTIPO-BLANCO.png\" data-libid=\"40\" data-lib=\"medialibrary\" title=\"ISOTIPO BLANCO\" width=\"0\" height=\"0\" data-dbsrc=\"Ly9lYmFudGkuY29tL3NpdGVzL3RhdGlrd2FyaS93cC1jb250ZW50L3VwbG9hZHMvc2l0ZXMvMi8yMDI0LzA1L0lTT1RJUE8tQkxBTkNPLnBuZw==\"\/>\n\t\t\t\t\t\t<img data-src=\"\/\/ebanti.com\/sites\/tatikwari\/wp-content\/uploads\/sites\/2\/2024\/05\/ISOTIPO.png\" data-libid=\"43\" data-lib=\"medialibrary\" title=\"ISOTIPO\" width=\"0\" height=\"0\" data-dbsrc=\"Ly9lYmFudGkuY29tL3NpdGVzL3RhdGlrd2FyaS93cC1jb250ZW50L3VwbG9hZHMvc2l0ZXMvMi8yMDI0LzA1L0lTT1RJUE8ucG5n\"\/>\n\t\t\t\t\t\t<img data-src=\"\/\/ebanti.com\/sites\/tatikwari\/wp-content\/uploads\/sites\/2\/2024\/05\/ISOTIPO2.png\" data-libid=\"42\" data-lib=\"medialibrary\" title=\"ISOTIPO(2)\" width=\"0\" height=\"0\" data-dbsrc=\"Ly9lYmFudGkuY29tL3NpdGVzL3RhdGlrd2FyaS93cC1jb250ZW50L3VwbG9hZHMvc2l0ZXMvMi8yMDI0LzA1L0lTT1RJUE8yLnBuZw==\"\/>\n\t\t\t\t\t\t<img data-src=\"\/\/ebanti.com\/sites\/tatikwari\/wp-content\/uploads\/sites\/2\/2024\/05\/f5-Mediano.jpg\" data-libid=\"198\" title=\"f5 (Mediano)\" width=\"0\" height=\"0\" data-dbsrc=\"Ly9lYmFudGkuY29tL3NpdGVzL3RhdGlrd2FyaS93cC1jb250ZW50L3VwbG9hZHMvc2l0ZXMvMi8yMDI0LzA1L2Y1LU1lZGlhbm8uanBn\"\/>\n\t\t\t\t\t\t<img data-src=\"\/\/ebanti.com\/sites\/tatikwari\/wp-content\/uploads\/sites\/2\/2024\/05\/f33-Mediano.jpg\" data-libid=\"195\" title=\"f33 (Mediano)\" width=\"0\" height=\"0\" data-dbsrc=\"Ly9lYmFudGkuY29tL3NpdGVzL3RhdGlrd2FyaS93cC1jb250ZW50L3VwbG9hZHMvc2l0ZXMvMi8yMDI0LzA1L2YzMy1NZWRpYW5vLmpwZw==\"\/>\n\t\t\t\t\t\t<img data-src=\"\/\/ebanti.com\/sites\/tatikwari\/wp-content\/uploads\/sites\/2\/2024\/05\/OPCIONAL.png\" data-libid=\"54\" data-lib=\"medialibrary\" title=\"OPCIONAL\" width=\"0\" height=\"0\" data-dbsrc=\"Ly9lYmFudGkuY29tL3NpdGVzL3RhdGlrd2FyaS93cC1jb250ZW50L3VwbG9hZHMvc2l0ZXMvMi8yMDI0LzA1L09QQ0lPTkFMLnBuZw==\"\/>\n\t\t\t\t\t<\/image_lists>\n\t\t\t\t<\/sr7-module>\n\t\t\t\t<script>\n\t\t\t\t\tSR7.PMH ??={}; SR7.PMH[\"SR7_22_2\"] = {cn:0,state:false,fn: function() { if (_tpt!==undefined && _tpt.prepareModuleHeight !== undefined) {  _tpt.prepareModuleHeight({id:\"SR7_22_2\",el:[700,700,700,700,800],type:'standard',shdw:'0',gh:[700,700,700,700,800],gw:[1700,1700,1700,1700,480],vpt:['100px&#039;,&#039;100px&#039;,&#039;100px&#039;,&#039;100px&#039;,&#039;100px'],size:{fullWidth:true, fullHeight:false},mh:'0',onh:0,onw:0,bg:{color:'{\"type\":\"solid\",\"orig\":\"#d4d9db\",\"string\":\"rgba(212, 217, 219, 1)\"}'}});   SR7.PMH[\"SR7_22_2\"].state=true;} else if((SR7.PMH[\"SR7_22_2\"].cn++)<100)\tsetTimeout( SR7.PMH[\"SR7_22_2\"].fn,19);}};SR7.PMH[\"SR7_22_2\" ].fn();\n\t\t\t\t<\/script>\n<\/div>\n<\/div>\n\n\n\n<div id=\"b3\" class=\"wp-block-group has-global-padding is-layout-constrained wp-block-group-is-layout-constrained\" style=\"margin-top:0;margin-bottom:0\">\n<div class=\"wp-block-themepunch-revslider revslider\" data-modal=\"false\" data-slidertitle=\"Renta de Temazcal\" style=\"\">\n\t\t\t\t<p class=\"rs-p-wp-fix\"><\/p>\n\t\t\t\t<sr7-module data-alias=\"Renta-de-Temazcal\" data-id=\"103\" id=\"SR7_103_3\" class=\"rs-respect-topbar rs-ov-hidden\" data-version=\"6.7.13\">\n\t\t\t\t\t<sr7-adjuster><\/sr7-adjuster>\n\t\t\t\t\t<sr7-content>\n\t\t\t\t\t\t<sr7-slide id=\"SR7_103_3-624\" data-key=\"624\">\n\t\t\t\t\t\t\t<sr7-txt id=\"SR7_103_3-624-8\" class=\"sr7-layer\">Facilitamos a corredores de temazcales el espacio para realizar la ceremonia de acuerdo a su tradici\u00f3n.<\/sr7-txt>\n\t\t\t\t\t\t\t<sr7-txt id=\"SR7_103_3-624-9\" class=\"sr7-layer\">RENTA DE TEMAZCAL<\/sr7-txt>\n\t\t\t\t\t\t\t<sr7-txt id=\"SR7_103_3-624-21\" class=\"sr7-layer\">CONTACTAR<\/sr7-txt>\n\t\t\t\t\t\t<\/sr7-slide>\n\t\t\t\t\t\t<sr7-slide id=\"SR7_103_3-625\" data-key=\"625\">\n\t\t\t\t\t\t<\/sr7-slide>\n\t\t\t\t\t<\/sr7-content>\n\t\t\t\t\t<image_lists style=\"display:none\">\n\t\t\t\t\t\t<img data-src=\"\/\/ebanti.com\/sites\/tatikwari\/wp-content\/uploads\/sites\/2\/2024\/05\/ISOTIPO-BLANCO.png\" data-libid=\"40\" data-lib=\"medialibrary\" title=\"ISOTIPO BLANCO\" width=\"0\" height=\"0\" data-dbsrc=\"Ly9lYmFudGkuY29tL3NpdGVzL3RhdGlrd2FyaS93cC1jb250ZW50L3VwbG9hZHMvc2l0ZXMvMi8yMDI0LzA1L0lTT1RJUE8tQkxBTkNPLnBuZw==\"\/>\n\t\t\t\t\t\t<img data-src=\"\/\/ebanti.com\/sites\/tatikwari\/wp-content\/uploads\/sites\/2\/2024\/05\/ISOTIPO.png\" data-libid=\"43\" data-lib=\"medialibrary\" title=\"ISOTIPO\" width=\"0\" height=\"0\" data-dbsrc=\"Ly9lYmFudGkuY29tL3NpdGVzL3RhdGlrd2FyaS93cC1jb250ZW50L3VwbG9hZHMvc2l0ZXMvMi8yMDI0LzA1L0lTT1RJUE8ucG5n\"\/>\n\t\t\t\t\t\t<img data-src=\"\/\/ebanti.com\/sites\/tatikwari\/wp-content\/uploads\/sites\/2\/2024\/05\/ISOTIPO2.png\" data-libid=\"42\" data-lib=\"medialibrary\" title=\"ISOTIPO(2)\" width=\"0\" height=\"0\" data-dbsrc=\"Ly9lYmFudGkuY29tL3NpdGVzL3RhdGlrd2FyaS93cC1jb250ZW50L3VwbG9hZHMvc2l0ZXMvMi8yMDI0LzA1L0lTT1RJUE8yLnBuZw==\"\/>\n\t\t\t\t\t\t<img data-src=\"\/\/ebanti.com\/sites\/tatikwari\/wp-content\/uploads\/sites\/2\/2024\/05\/f5-Mediano.jpg\" data-libid=\"198\" title=\"f5 (Mediano)\" width=\"0\" height=\"0\" data-dbsrc=\"Ly9lYmFudGkuY29tL3NpdGVzL3RhdGlrd2FyaS93cC1jb250ZW50L3VwbG9hZHMvc2l0ZXMvMi8yMDI0LzA1L2Y1LU1lZGlhbm8uanBn\"\/>\n\t\t\t\t\t\t<img data-src=\"\/\/ebanti.com\/sites\/tatikwari\/wp-content\/uploads\/sites\/2\/2024\/05\/f33-Mediano.jpg\" data-libid=\"195\" title=\"f33 (Mediano)\" width=\"0\" height=\"0\" data-dbsrc=\"Ly9lYmFudGkuY29tL3NpdGVzL3RhdGlrd2FyaS93cC1jb250ZW50L3VwbG9hZHMvc2l0ZXMvMi8yMDI0LzA1L2YzMy1NZWRpYW5vLmpwZw==\"\/>\n\t\t\t\t\t\t<img data-src=\"\/\/ebanti.com\/sites\/tatikwari\/wp-content\/uploads\/sites\/2\/2024\/05\/OPCIONAL.png\" data-libid=\"54\" data-lib=\"medialibrary\" title=\"OPCIONAL\" width=\"0\" height=\"0\" data-dbsrc=\"Ly9lYmFudGkuY29tL3NpdGVzL3RhdGlrd2FyaS93cC1jb250ZW50L3VwbG9hZHMvc2l0ZXMvMi8yMDI0LzA1L09QQ0lPTkFMLnBuZw==\"\/>\n\t\t\t\t\t<\/image_lists>\n\t\t\t\t<\/sr7-module>\n\t\t\t\t<script>\n\t\t\t\t\tSR7.PMH ??={}; SR7.PMH[\"SR7_103_3\"] = {cn:0,state:false,fn: function() { if (_tpt!==undefined && _tpt.prepareModuleHeight !== undefined) {  _tpt.prepareModuleHeight({id:\"SR7_103_3\",el:[700,700,700,700,800],type:'standard',shdw:'0',gh:[700,700,700,700,800],gw:[1700,1700,1700,1700,480],vpt:['100px&#039;,&#039;100px&#039;,&#039;100px&#039;,&#039;100px&#039;,&#039;100px'],size:{fullWidth:true, fullHeight:false},mh:'0',onh:0,onw:0,bg:{color:'{\"type\":\"solid\",\"orig\":\"#d4d9db\",\"string\":\"rgba(212, 217, 219, 1)\"}'}});   SR7.PMH[\"SR7_103_3\"].state=true;} else if((SR7.PMH[\"SR7_103_3\"].cn++)<100)\tsetTimeout( SR7.PMH[\"SR7_103_3\"].fn,19);}};SR7.PMH[\"SR7_103_3\" ].fn();\n\t\t\t\t<\/script>\n<\/div>\n<\/div>\n","protected":false},"excerpt":{"rendered":"","protected":false},"author":1,"featured_media":0,"parent":0,"menu_order":0,"comment_status":"closed","ping_status":"closed","template":"page-without-title","meta":{"inline_featured_image":false,"footnotes":""},"class_list":["post-200","page","type-page","status-publish","hentry"],"_links":{"self":[{"href":"https:\/\/ebanti.com\/sites\/tatikwari\/wp-json\/wp\/v2\/pages\/200","targetHints":{"allow":["GET"]}}],"collection":[{"href":"https:\/\/ebanti.com\/sites\/tatikwari\/wp-json\/wp\/v2\/pages"}],"about":[{"href":"https:\/\/ebanti.com\/sites\/tatikwari\/wp-json\/wp\/v2\/types\/page"}],"author":[{"embeddable":true,"href":"https:\/\/ebanti.com\/sites\/tatikwari\/wp-json\/wp\/v2\/users\/1"}],"replies":[{"embeddable":true,"href":"https:\/\/ebanti.com\/sites\/tatikwari\/wp-json\/wp\/v2\/comments?post=200"}],"version-history":[{"count":17,"href":"https:\/\/ebanti.com\/sites\/tatikwari\/wp-json\/wp\/v2\/pages\/200\/revisions"}],"predecessor-version":[{"id":724,"href":"https:\/\/ebanti.com\/sites\/tatikwari\/wp-json\/wp\/v2\/pages\/200\/revisions\/724"}],"wp:attachment":[{"href":"https:\/\/ebanti.com\/sites\/tatikwari\/wp-json\/wp\/v2\/media?parent=200"}],"curies":[{"name":"wp","href":"https:\/\/api.w.org\/{rel}","templated":true}]}}