{"id":116,"date":"2022-03-26T13:18:06","date_gmt":"2022-03-26T13:18:06","guid":{"rendered":"https:\/\/www.3forty.media\/mura\/demo\/?page_id=116"},"modified":"2024-09-08T04:32:39","modified_gmt":"2024-09-08T04:32:39","slug":"subscribe","status":"publish","type":"page","link":"https:\/\/ebanti.com\/LosSimpsonBlog\/es\/subscribe\/","title":{"rendered":"Suscr\u00edbete"},"content":{"rendered":"<div class=\"wp-block-cover is-light\"><span aria-hidden=\"true\" class=\"wp-block-cover__background has-background-dim-100 has-background-dim\" style=\"background-color:#f7f8fa\"><\/span><div class=\"wp-block-cover__inner-container is-layout-flow wp-block-cover-is-layout-flow\">\n<h3 class=\"wp-block-heading has-very-dark-grey-color has-text-color\">No te pierdas los nuevos episodios online.<\/h3>\n\n\n<script>(function() {\n\twindow.mc4wp = window.mc4wp || {\n\t\tlisteners: [],\n\t\tforms: {\n\t\t\ton: function(evt, cb) {\n\t\t\t\twindow.mc4wp.listeners.push(\n\t\t\t\t\t{\n\t\t\t\t\t\tevent   : evt,\n\t\t\t\t\t\tcallback: cb\n\t\t\t\t\t}\n\t\t\t\t);\n\t\t\t}\n\t\t}\n\t}\n})();\n<\/script><!-- Mailchimp for WordPress v4.9.14 - https:\/\/wordpress.org\/plugins\/mailchimp-for-wp\/ --><form id=\"mc4wp-form-1\" class=\"mc4wp-form mc4wp-form-733\" method=\"post\" data-id=\"733\" data-name=\"Subscribe\" action=\"\" ><div class=\"mc4wp-form-fields\"><label>Suscr\u00edbete a mi bolet\u00edn para recibir todas las actualizaciones m\u00e1s recientes. <\/label>\r\n\r\n<input type=\"text\" name=\"NAME\" placeholder=\"Nombre\" \/>\r\n\r\n\t\t<input type=\"email\" name=\"EMAIL\" placeholder=\"Email\" required \/>\r\n\r\n\r\n\r\n<input type=\"submit\" value=\"Suscribirme\">\r\n\r\n\r\n    <label class=\"tfm-agree\">\r\n        <input name=\"AGREE_TO_TERMS\" type=\"checkbox\" value=\"1\" required=\"\">He le\u00eddo y acepto los t\u00e9rminos y condiciones.<\/label>\r\n<\/div><label style=\"display: none !important;\">Leave this field empty if you&#8217;re human: <input type=\"text\" name=\"_mc4wp_honeypot\" value=\"\" tabindex=\"-1\" autocomplete=\"off\" \/><\/label><input type=\"hidden\" name=\"_mc4wp_timestamp\" value=\"1777302485\" \/><input type=\"hidden\" name=\"_mc4wp_form_id\" value=\"733\" \/><input type=\"hidden\" name=\"_mc4wp_form_element_id\" value=\"mc4wp-form-1\" \/><div class=\"mc4wp-response\"><\/div><input type=\"hidden\" name=\"trp-form-language\" value=\"es\"\/><\/form><!-- \/ Mailchimp for WordPress Plugin --><\/div><\/div>","protected":false},"excerpt":{"rendered":"","protected":false},"author":2,"featured_media":13,"parent":0,"menu_order":0,"comment_status":"closed","ping_status":"closed","template":"","meta":{"footnotes":""},"class_list":["post-116","page","type-page","status-publish","has-post-thumbnail","hentry","article","has-background","has-avatar","has-author","has-date","has-comment-count","has-category-meta","has-read-more","has-post-media","thumbnail-"],"_links":{"self":[{"href":"https:\/\/ebanti.com\/LosSimpsonBlog\/es\/wp-json\/wp\/v2\/pages\/116","targetHints":{"allow":["GET"]}}],"collection":[{"href":"https:\/\/ebanti.com\/LosSimpsonBlog\/es\/wp-json\/wp\/v2\/pages"}],"about":[{"href":"https:\/\/ebanti.com\/LosSimpsonBlog\/es\/wp-json\/wp\/v2\/types\/page"}],"author":[{"embeddable":true,"href":"https:\/\/ebanti.com\/LosSimpsonBlog\/es\/wp-json\/wp\/v2\/users\/2"}],"replies":[{"embeddable":true,"href":"https:\/\/ebanti.com\/LosSimpsonBlog\/es\/wp-json\/wp\/v2\/comments?post=116"}],"version-history":[{"count":2,"href":"https:\/\/ebanti.com\/LosSimpsonBlog\/es\/wp-json\/wp\/v2\/pages\/116\/revisions"}],"predecessor-version":[{"id":1150,"href":"https:\/\/ebanti.com\/LosSimpsonBlog\/es\/wp-json\/wp\/v2\/pages\/116\/revisions\/1150"}],"wp:featuredmedia":[{"embeddable":true,"href":"https:\/\/ebanti.com\/LosSimpsonBlog\/es\/wp-json\/wp\/v2\/media\/13"}],"wp:attachment":[{"href":"https:\/\/ebanti.com\/LosSimpsonBlog\/es\/wp-json\/wp\/v2\/media?parent=116"}],"curies":[{"name":"wp","href":"https:\/\/api.w.org\/{rel}","templated":true}]}}